{"id":3354,"date":"2018-12-17T12:04:02","date_gmt":"2018-12-17T08:34:02","guid":{"rendered":"https:\/\/ctech-llc.com\/tr\/?post_type=product&#038;p=3354"},"modified":"2020-12-06T10:10:11","modified_gmt":"2020-12-06T06:40:11","slug":"kompozit-koruyucu-kaplamalar","status":"publish","type":"product","link":"https:\/\/ctech-llc.com\/tr\/products\/resins-and-coatings\/composite-protective-coatings\/","title":{"rendered":"Kompozit Koruyucu Kaplamalar"},"content":{"rendered":"<ul>\n<li>\u00a0\u00a0\u00a0\u00a0 M\u00fch\u00fcrl\u00fc y\u00fczey sert, dayan\u0131kl\u0131, kimyasal dayan\u0131kl\u0131 \u00fcretir<\/li>\n<li>\u00a0\u00a0\u00a0\u00a0 Uyumlu termal genle\u015fme katsay\u0131s\u0131na ba\u011fl\u0131 olarak uzun s\u00fcreli dayan\u0131\u015fma direnci<\/li>\n<li>\u00a0\u00a0\u00a0\u00a0 Mekanik darbeye dayan\u0131kl\u0131<\/li>\n<li>\u00a0\u00a0\u00a0\u00a0 Donma \/ \u00e7\u00f6z\u00fclme dayan\u0131kl\u0131<\/li>\n<li>\u00a0\u00a0\u00a0\u00a0 G\u00fc\u00e7l\u00fc asitlere \/ bazlara dayan\u0131kl\u0131<\/li>\n<li>\u00a0\u00a0\u00a0\u00a0 Neme kar\u015f\u0131 duyars\u0131z<\/li>\n<li>\u00a0\u00a0\u00a0\u00a0 Nemli betona m\u00fckemmel yap\u0131\u015fma sa\u011flar.<\/li>\n<li>\u00a0\u00a0\u00a0\u00a0 Beton kaplamalar i\u00e7in e\u015fsiz bir \u00f6zellik sa\u011flamak<\/li>\n<li>\u00a0\u00a0\u00a0\u00a0 Y\u00fcksek ve d\u00fc\u015f\u00fck s\u0131cakl\u0131k ko\u015fullar\u0131nda tatmin edici performans<\/li>\n<li>\u00a0\u00a0\u00a0\u00a0 Ortam tedavi<\/li>\n<li>\u00a0\u00a0\u00a0\u00a0 % 100 solvent i\u00e7ermez<\/li>\n<li>\u00a0\u00a0\u00a0\u00a0 Dikey ve havai onar\u0131mlar i\u00e7in ideal<\/li>\n<\/ul>\n<h2>AVANTAJLARI<\/h2>\n<ul>\n<li>\u0130nce dokulu, m\u00fch\u00fcrl\u00fc y\u00fczey serttir, dayan\u0131kl\u0131, kimyasal dayan\u0131kl\u0131, d\u00fc\u015f\u00fck bak\u0131m kaplama alt\u0131.<\/li>\n<li>Uyumlu termal genle\u015fme katsay\u0131s\u0131 sa\u011flar uzun s\u00fcreli dayan\u0131\u015fma direnci.<\/li>\n<li>Mekanik darbeye dayan\u0131kl\u0131d\u0131r.<\/li>\n<li>Donma \/ \u00e7\u00f6z\u00fclme direnci<\/li>\n<li>Kuvvetli asitlere \/ bazlara dayan\u0131kl\u0131<\/li>\n<li>Neme kar\u015f\u0131 duyars\u0131z<\/li>\n<li>Nemli betona m\u00fckemmel yap\u0131\u015fma sa\u011flar, Beton kaplamalar i\u00e7in e\u015fsiz bir \u00f6zellik.<\/li>\n<li>\u0130yi y\u00fcksek ve d\u00fc\u015f\u00fck s\u0131cakl\u0131k \u00f6zellikleri<\/li>\n<li>Ortam k\u00fcr\u00fc<\/li>\n<li>% 100 solvent i\u00e7ermez<\/li>\n<li>Dikey ve havai onar\u0131mlar i\u00e7in idealdir<\/li>\n<\/ul>\n<h2>KULLANIMLARI<\/h2>\n<p>Kompozit koruyucu kaplamalar kullan\u0131m i\u00e7in \u00f6nerilmektedir <a href=\"https:\/\/ctech-llc.com\/tr\/products\/composite-systems\/\">Kompozit sistemlerin<\/a> korunmas\u0131nda uygulama Kimyasallara kar\u015f\u0131 gerekli. Bu malzemeler CTech-LLC<sup>\u00ae<\/sup> alt\u0131nda bir astar katman\u0131 i\u00e7in de kullan\u0131labilir sistemleri ve \u201cyerinde kalma\u201d gibi form\u00fcle edilmi\u015ftir dikey duvarlarda veya tepe kiri\u015flerde gerekli olabilir. Bu malzemeler ayr\u0131ca i\u00e7erideki bo\u015fluklar\u0131 doldurmak i\u00e7in de uygundur. Yar\u0131m in\u00e7 derinli\u011fe kadar beton, aside kar\u015f\u0131 dayan\u0131kl\u0131d\u0131r ve Alkali D\u00f6k\u00fclme Alanlar\u0131 ve yap\u0131sal Desteklerde Kullan\u0131m Kolonlar, pompa Tabanlar\u0131 ve enjeksiyon.<\/p>\n<h2>RAF \u00d6MR\u00dc<\/h2>\n<p>CPC\u2122 60 kompozit koruyucu kaplamalar i\u00e7in saklanabilir Orijinal, a\u00e7\u0131lmam\u0131\u015f konteyner 24 ay i\u00e7inde uygun ko\u015fullar.<\/p>\n<h2>DEPOLAMA KO\u015eULLARI<\/h2>\n<p>TBM\u212260 kuru ve serin bir yerde saklanmal\u0131d\u0131r. S\u0131cakl\u0131k 4 \u00b0 ila 32 \u00b0 C aras\u0131nda olmal\u0131d\u0131r. \u00dcr\u00fcn\u00fc dondurmak ve do\u011frudan uzak tutmak g\u00fcne\u015f \u0131\u015f\u0131\u011f\u0131, alev veya di\u011fer tehlikeler.<\/p>\n<h2>EPOKS\u0130 MALZEME \u00d6ZELL\u0130KLER\u0130<\/h2>\n<table style=\"height: 778px;\" width=\"664\">\n<tbody>\n<tr>\n<td width=\"208\">M\u00dcLK\u0130YET<\/p>\n<p>&nbsp;<\/td>\n<td width=\"208\">ASTM Y\u00d6NTEM<\/p>\n<p>&nbsp;<\/td>\n<td width=\"208\">T\u0130P\u0130K TEST<\/p>\n<p>DE\u011eER *<\/p>\n<p>&nbsp;<\/td>\n<\/tr>\n<tr>\n<td width=\"208\">T g Sonras\u0131 Tedavi (24<\/p>\n<p>saatler)<\/p>\n<p>Gerilme direnci<\/p>\n<p>&nbsp;<\/td>\n<td width=\"208\">&#8211;<\/p>\n<p>&nbsp;<\/td>\n<td width=\"208\">60 \u00b0 C<\/p>\n<p>82 \u00b0 C<\/p>\n<p>43,7 MPa<\/p>\n<p>D638 Tip 1<\/td>\n<\/tr>\n<tr>\n<td width=\"208\">Gerilim mod\u00fclleri<\/td>\n<td width=\"208\">&#8211;<\/p>\n<p>&nbsp;<\/td>\n<td width=\"208\">2.14 GPa<\/p>\n<p>&nbsp;<\/td>\n<\/tr>\n<tr>\n<td width=\"208\">Uzama y\u00fczde<\/p>\n<p>&nbsp;<\/td>\n<td width=\"208\">D638Type1<\/p>\n<p>&nbsp;<\/td>\n<td width=\"208\">% 3.1<\/p>\n<p>&nbsp;<\/td>\n<\/tr>\n<tr>\n<td width=\"208\">B\u00fck\u00fclme mukavemeti<\/p>\n<p>&nbsp;<\/td>\n<td width=\"208\">D790<\/p>\n<p>&nbsp;<\/td>\n<td width=\"208\">82.4 MPa<\/p>\n<p>&nbsp;<\/td>\n<\/tr>\n<tr>\n<td width=\"208\">E\u011filme Mod\u00fcl\u00fc<\/p>\n<p>&nbsp;<\/td>\n<td width=\"208\">D790<\/p>\n<p>&nbsp;<\/td>\n<td width=\"208\">2.08 GPa<\/p>\n<p>&nbsp;<\/td>\n<\/tr>\n<tr>\n<td width=\"208\"><\/td>\n<td width=\"208\"><\/td>\n<td width=\"208\"><\/td>\n<\/tr>\n<\/tbody>\n<\/table>\n<p>* K\u00fcrlenme Program\u0131, 60 o C&#8217;de k\u00fcrlenme sonras\u0131 72 saat<\/p>\n<h2>KARI\u015eTIRMA<\/h2>\n<p>Epoksi bile\u015fikleri genellikle iki farkl\u0131 \u015fekilde tedarik edilir. konteynerler. B bile\u015feninin i\u00e7eri\u011fini d\u00f6kmeden \u00f6nce A bile\u015feninin i\u00e7eri\u011fi, her par\u00e7a kar\u0131\u015ft\u0131r\u0131lmal\u0131d\u0131r konteynerde depozito \u00f6nlemek i\u00e7in ayr\u0131 ayr\u0131. Sonra bir birim \u201cB\u201d, bir \u201cA\u201d malzeme birimi ile kullan\u0131lmal\u0131d\u0131r. S\u00fcreci Kar\u0131\u015ft\u0131rma, d\u00fc\u015f\u00fck h\u0131zl\u0131 bir kar\u0131\u015ft\u0131r\u0131c\u0131 ile 3-5 dakika s\u00fcrmelidir. Re\u00e7ine ve sertle\u015ftiriciyi kar\u0131\u015ft\u0131rd\u0131ktan sonra yakla\u015f\u0131k 25-30 Malzemeyi uygulamak i\u00e7in dakika zaman\u0131. Kar\u0131\u015ft\u0131rma ara\u00e7lar\u0131 ile temizleyin Onlar\u0131 yeniden kullanmak i\u00e7in uygun havlu.<\/p>\n<h2>NASIL KULLANILIR<\/h2>\n<h3>Y\u00dcZEY HAZIRLI\u011eI<\/h3>\n<p>G\u00fc\u00e7lendirme uygulamalar\u0131 i\u00e7in, alt tabaka haz\u0131rlama CFRP performans\u0131n\u0131n kalitesi \u00fczerinde y\u00fcksek etki ve GFRP kompozit sistemler.<\/p>\n<ul>\n<li>T\u00fcm y\u00fczeyler kirden ve kirden ar\u0131nd\u0131r\u0131lmal\u0131d\u0131r. toz, k\u00fcr bile\u015fikleri, ya\u011flar, gres, mumlar.<\/li>\n<li>En az 28 i\u00e7in yeni betonun k\u00fcrlenmesi gerekir g\u00fcnler<\/li>\n<li>A\u015f\u0131nm\u0131\u015f t\u00fcm par\u00e7alar\u0131 tamir etmek i\u00e7in tamir harc\u0131 kullan\u0131lmal\u0131d\u0131r. veya hasarl\u0131 beton y\u00fczeyler.<\/li>\n<li>End\u00fcstriyel elektrikli s\u00fcp\u00fcrge kullan\u0131lmal\u0131d\u0131r. tozu ve kiri temizleyin.<\/li>\n<li>T\u00fcm y\u00fczeylerin ta\u015flanmas\u0131, kumlanmas\u0131, vurulmas\u0131 gerekir patlatma, bas\u0131n\u00e7l\u0131 y\u0131kama veya di\u011fer yayg\u0131n mekanik e\u015fit bir beton alt tabakaya ula\u015fmak i\u00e7in y\u00f6ntemler.<\/li>\n<li>Keskin kenarlar d\u00fcz ve yuvarlak olmal\u0131d\u0131r.<\/li>\n<li>Minimum 30 mm yar\u0131\u00e7ap.<\/li>\n<li>Beton y\u00fczeylerin tamamen kurutulmas\u0131 gerekti\u011fini veya sertle\u015ftirilen bu \u015fekilde yap\u0131\u015ft\u0131r\u0131c\u0131 d\u00fczg\u00fcn bir \u015fekilde kuruyabilir.<\/li>\n<\/ul>\n<h2>EPOKS\u0130 B\u0130LE\u015eEN \u00d6ZELL\u0130KLER\u0130<\/h2>\n<table>\n<tbody>\n<tr>\n<td width=\"312\">Renk<\/p>\n<p>&nbsp;<\/td>\n<td width=\"312\">Bile\u015fen A beyazd\u0131r<\/p>\n<p>Bile\u015fen B temiz<\/p>\n<p>&nbsp;<\/td>\n<\/tr>\n<tr>\n<td width=\"312\">viskozite<\/p>\n<p>&nbsp;<\/td>\n<td width=\"312\">25 o C&#8217;de A bile\u015feni 7.000-10.000<\/p>\n<p>cps Bile\u015fen B 25 o C&#8217;de 11 cps&#8217;dir<\/p>\n<p>&nbsp;<\/td>\n<\/tr>\n<tr>\n<td width=\"312\">Kap \u00f6mr\u00fc<\/p>\n<p>&nbsp;<\/td>\n<td width=\"312\">20 o C&#8217;de 3 ila 6 saat<\/p>\n<p>&nbsp;<\/td>\n<\/tr>\n<tr>\n<td width=\"312\">Kar\u0131\u015f\u0131k Viskozitesi<\/p>\n<p>\u00dcr\u00fcn<\/p>\n<p>&nbsp;<\/td>\n<td width=\"312\">Kal\u0131n hamur k\u0131vam\u0131<\/p>\n<p>&nbsp;<\/td>\n<\/tr>\n<\/tbody>\n<\/table>\n<h2>UYGULAMA<\/h2>\n<p>CTech-LLC<sup>\u00ae<\/sup> sistemleri bir f\u0131r\u00e7a, rulo ile uygulanabilir veya mala. T\u00fcm kontamine elemanlar\u0131n y\u00fczeyi iyice temizlenmelidir. D\u00fcz bir kat uygulamak i\u00e7in dikkatli olun t\u00fcm y\u00fczey \u00fczerinde. T\u00fcm dikey \u00e7atlaklar Bas\u0131n\u00e7 uygun bir enjeksiyon sistemi ile enjekte edilir. TBM\u2122 Kaplamalar her t\u00fcrl\u00fc CTech-LLC<sup>\u00ae<\/sup> ile uyumludur kuma\u015flar, astarlar ve har\u00e7lar. A ve B par\u00e7alar\u0131n\u0131 birlikte kar\u0131\u015ft\u0131r\u0131n D\u00fc\u015f\u00fck h\u0131zl\u0131 kar\u0131\u015ft\u0131r\u0131c\u0131 ile. Kuma\u015flar\u0131 emdirmek i\u00e7in doyurucular\u0131 kullanabilir veya uygulayabilirsiniz Baz\u0131 k\u00fc\u00e7\u00fck projeler i\u00e7in el y\u00f6ntemleri. Kullanma rulo re\u00e7ine i\u00e7indeki hava kabarc\u0131klar\u0131n\u0131 gidermek i\u00e7in yard\u0131mc\u0131 olabilir ve Substrat, ayr\u0131ca iyi bir ba\u011f oldu\u011funu garanti edebilir onlar\u0131n aras\u0131nda.<\/p>\n<h2>SINIRLAMA<\/h2>\n<p>Kaplamalar i\u00e7in uygun s\u0131cakl\u0131k 10 \u00b0 C aras\u0131ndad\u0131r. 40 \u00b0 C&#8217;ye kadar inceltmeyin, \u00e7\u00f6z\u00fcc\u00fcler uygun k\u00fcrlenmeyi \u00f6nler. \u0130\u00e7in bunlar\u0131 uygulamak yeterli havaland\u0131rma kullanmal\u0131d\u0131r. Yapmal\u0131lar so\u011fuk ve nemli havalarda kullan\u0131lmamal\u0131d\u0131r.<\/p>\n<h2>D\u0130KKAT!<\/h2>\n<p>FRP kompozit sistemlerin t\u00fcm bile\u015fenleri neden olabilir cilt tahri\u015fi ve duyarl\u0131la\u015fmas\u0131. Kimyasal dayan\u0131kl\u0131 kullan\u0131m\u0131 eldiven \u00f6nerilir. Buharlar\u0131 ve tozu solumaktan ka\u00e7\u0131n\u0131n. T\u0131bbi yard\u0131m al Zorlukla nefes al\u0131yorsun. Re\u00e7ine \u00fcr\u00fcnleri g\u00fc\u00e7l\u00fc g\u00f6z tahri\u015fine neden olabilir. Ka\u00e7\u0131nma G\u00f6z temas\u0131 ve koruyucu g\u00f6zl\u00fck kullan\u0131lmas\u0131 zorunludur.<\/p>\n<h2>G\u00dcVENL\u0130K \u00d6NLEMLER\u0130<\/h2>\n<ul>\n<li>G\u00f6zle temastan ka\u00e7\u0131n\u0131n.<\/li>\n<li>Deriyle re\u00e7ine temas\u0131na izin vermeyin.<\/li>\n<li>Koruyucu eldiven ve g\u00f6zl\u00fck kullan\u0131n.<\/li>\n<li>Lastik \u00e7izmeler ve koruyucu elbiseler giyin.<\/li>\n<li>\u00dcr\u00fcnleri kullan\u0131rken yemeyiniz, i\u00e7meyiniz veya sigara kullanmay\u0131n\u0131z.<\/li>\n<li>E\u011fer herhangi bir semptom meydana gelirse, a\u00e7\u0131k havaya \u00e7\u0131k\u0131n ve t\u0131bbi yard\u0131m.<\/li>\n<\/ul>\n<p><span style=\"font-size: 24px; font-weight: bold;\">\u0130LK YARDIM<\/span><\/p>\n<p>G\u00f6z temas\u0131 olu\u015ftu\u011funda, g\u00f6zleri b\u00fcy\u00fck miktarlarda y\u0131kay\u0131n. su ve t\u0131bbi yard\u0131m al\u0131n. Cilt durumunda temas, cildinizi sabun ve su ile y\u0131kay\u0131n Tahri\u015f devam ederse t\u0131bbi yard\u0131m. \u00d6ks\u00fcr\u00fck varsa veya nefes alman\u0131n zorlu\u011fu, a\u00e7\u0131k havaya git ve t\u0131bbi al e\u011fer devam ederse dikkat edin.<\/p>\n<div style=\"display: none;\"\n    class=\"kk-star-ratings kksr-valign-bottom kksr-align-right kksr-disabled\"\n    data-id=\"3354\"\n    data-slug=\"\">\n    <div class=\"kksr-stars\">\n    <div class=\"kksr-stars-inactive\">\n            <div class=\"kksr-star\" data-star=\"1\">\n            <div class=\"kksr-icon\" style=\"width: px; height: px;\"><\/div>\n        <\/div>\n            <div class=\"kksr-star\" data-star=\"2\">\n            <div class=\"kksr-icon\" style=\"width: px; height: px;\"><\/div>\n        <\/div>\n            <div class=\"kksr-star\" data-star=\"3\">\n            <div class=\"kksr-icon\" style=\"width: px; height: px;\"><\/div>\n        <\/div>\n            <div class=\"kksr-star\" data-star=\"4\">\n            <div class=\"kksr-icon\" style=\"width: px; height: px;\"><\/div>\n        <\/div>\n            <div class=\"kksr-star\" data-star=\"5\">\n            <div class=\"kksr-icon\" style=\"width: px; height: px;\"><\/div>\n        <\/div>\n    <\/div>\n    <div class=\"kksr-stars-active\" style=\"width: 0px;\">\n            <div class=\"kksr-star\">\n            <div class=\"kksr-icon\" style=\"width: px; height: px;\"><\/div>\n        <\/div>\n            <div class=\"kksr-star\">\n            <div class=\"kksr-icon\" style=\"width: px; height: px;\"><\/div>\n        <\/div>\n            <div class=\"kksr-star\">\n            <div class=\"kksr-icon\" style=\"width: px; height: px;\"><\/div>\n        <\/div>\n            <div class=\"kksr-star\">\n            <div class=\"kksr-icon\" style=\"width: px; height: px;\"><\/div>\n        <\/div>\n            <div class=\"kksr-star\">\n            <div class=\"kksr-icon\" style=\"width: px; height: px;\"><\/div>\n        <\/div>\n    <\/div>\n<\/div>\n    <div class=\"kksr-legend\">\n            <strong class=\"kksr-score\">5<\/strong>\n        <span class=\"kksr-muted\">\/<\/span>\n        <strong>5<\/strong>\n        <span class=\"kksr-muted\">(<\/span>\n        <strong class=\"kksr-count\">2<\/strong>\n        <span class=\"kksr-muted\">\n            votes        <\/span>\n        <span class=\"kksr-muted\">)<\/span>\n    <\/div>\n<\/div>\n","protected":false},"excerpt":{"rendered":"<p>CTech-LLC<sup>\u00ae<\/sup> Kompozit Koruyucu Kaplama (CPC\u2122) y\u00fcksek kaliteli kimyasal diren\u00e7li bir kaplamad\u0131r. CPC\u2122, di\u011fer tipteki <a href=\"https:\/\/ctech-llc.com\/tr\/products\/resins-coatings\/\">epoksi re\u00e7inelerden<\/a> daha \u00fcst\u00fcn olan y\u00fcksek s\u0131cakl\u0131k ve a\u015f\u0131nma ko\u015fullar\u0131nda uygulanabilir. Ayr\u0131ca, CPC\u2122 nem ve nem varl\u0131\u011f\u0131nda m\u00fckemmel mekanik \u00f6zellikler ile sertle\u015fir. Solvent i\u00e7ermez (% 100 kat\u0131, s\u0131f\u0131r VOC) ve uygulama kolayl\u0131\u011f\u0131 sa\u011flayan minimal koku ve toksisiteye sahiptir. Y\u00fcksek viskozite, dikey uygulamalar i\u00e7in \u00e7ok uygundur. Ba\u011flama uygulamalar\u0131 i\u00e7in geli\u015ftirilen CPC\u2122 form\u00fclasyonu. CPC\u2122, CTech-LLC<sup>\u00ae<\/sup> sistemlerinin uygulanabilece\u011fi son koruyucu bir kaplama olarak veya dolgu ve seviye bir kaplama olarak kullan\u0131labilir. Bu materyal ya bir y\u00fczey kaplama ya da bir astar malzemesi olarak kullan\u0131labilir. CPC\u2122&#8217;yi kullanman\u0131n baz\u0131 faydalar\u0131 a\u015fa\u011f\u0131da belirtilmi\u015ftir:<\/p>\n","protected":false},"featured_media":0,"comment_status":"open","ping_status":"closed","template":"","meta":[],"_links":{"self":[{"href":"https:\/\/ctech-llc.com\/tr\/wp-json\/wp\/v2\/product\/3354"}],"collection":[{"href":"https:\/\/ctech-llc.com\/tr\/wp-json\/wp\/v2\/product"}],"about":[{"href":"https:\/\/ctech-llc.com\/tr\/wp-json\/wp\/v2\/types\/product"}],"replies":[{"embeddable":true,"href":"https:\/\/ctech-llc.com\/tr\/wp-json\/wp\/v2\/comments?post=3354"}],"wp:attachment":[{"href":"https:\/\/ctech-llc.com\/tr\/wp-json\/wp\/v2\/media?parent=3354"}],"curies":[{"name":"wp","href":"https:\/\/api.w.org\/{rel}","templated":true}]}}