{"id":3353,"date":"2018-12-17T11:53:08","date_gmt":"2018-12-17T08:23:08","guid":{"rendered":"https:\/\/ctech-llc.com\/tr\/?post_type=product&#038;p=3353"},"modified":"2020-12-06T10:10:11","modified_gmt":"2020-12-06T06:40:11","slug":"vakum-epoksi-sistem","status":"publish","type":"product","link":"https:\/\/ctech-llc.com\/tr\/products\/resins-and-coatings\/vacuum-epoxy-sleeve\/","title":{"rendered":"Vakum Epoksi sistem"},"content":{"rendered":"<ul>\n<li>Vakum negatif bas\u0131n\u00e7-daha kararl\u0131 montaj performans\u0131 ile yap\u0131\u015ft\u0131r\u0131c\u0131 perf\u00fczyon<\/li>\n<li>S\u0131cakl\u0131\u011fa ve neme \u00e7ok dayan\u0131kl\u0131<\/li>\n<li>y\u00fcksek yorulma mukavemeti<\/li>\n<li>%50&#8217;ye varan stres payla\u015f\u0131m\u0131,% 85&#8217;e varan moment payla\u015f\u0131m\u0131<\/li>\n<li>Daha g\u00fcvenilir onar\u0131m<\/li>\n<li>\u00c7al\u0131\u015fma bas\u0131nc\u0131 2 MPA&#8217;ya ula\u015ft\u0131\u011f\u0131nda boru hatt\u0131 stresinin %50&#8217;sini payla\u015fmaya ba\u015flay\u0131n, mevcut kusurlar\u0131n ar\u0131zas\u0131n\u0131 veya uzamas\u0131n\u0131 \u00f6nleyin<\/li>\n<li>Y\u00fcksek mekanik ve kimyasal diren\u00e7<\/li>\n<li>Kullan\u0131m\u0131 kolay<\/li>\n<li>\u00c7evre dostu bir \u00fcr\u00fcn<\/li>\n<li>Daha kararl\u0131 kurulum performans\u0131<\/li>\n<li>\u00c7ok uygun maliyetli y\u00f6ntem<\/li>\n<\/ul>\n<h2>Avantajlar\u0131<\/h2>\n<ul>\n<li>Vakum negatif bas\u0131n\u00e7 ile yap\u0131\u015ft\u0131r\u0131c\u0131 perf\u00fczyon daha kararl\u0131 kurulum performans\u0131.<\/li>\n<li>Son derece dayan\u0131kl\u0131 ve s\u0131cakl\u0131\u011fa dayan\u0131kl\u0131 ve nem. Ayr\u0131ca y\u00fcksek yorulma mukavemetine sahiptirler.<\/li>\n<li>% 50&#8217;ye varan stres payla\u015f\u0131m\u0131, e\u011filme momenti payla\u015f\u0131m\u0131 % 85&#8217;e kadar, daha g\u00fcvenilir onar\u0131m.<\/li>\n<li>Boru hatt\u0131 stresinin% 50&#8217;sini payla\u015fmaya ba\u015flay\u0131nca \u00e7al\u0131\u015fma bas\u0131nc\u0131 2 MPA&#8217;ya ula\u015f\u0131r, ar\u0131zadan ka\u00e7\u0131n\u0131n veya mevcut kusurlar\u0131n geni\u015fletilmesi.<\/li>\n<li>Y\u00fcksek mekanik ve kimyasal diren\u00e7.<\/li>\n<li>Kullan\u0131m\u0131 kolay ve \u00e7evre dostu olarak bilinebilir \u00fcr\u00fcn.<\/li>\n<li>% 50&#8217;ye varan stres payla\u015f\u0131m\u0131, e\u011filme momenti payla\u015f\u0131m\u0131 % 85&#8217;e kadar Daha kararl\u0131 kurulum performans\u0131.<\/li>\n<li>Yap\u0131 stresinin% 50&#8217;sini payla\u015fmaya ba\u015flay\u0131nca \u00e7al\u0131\u015fma bas\u0131nc\u0131 2Mpa ula\u015f\u0131r, ba\u015far\u0131s\u0131zl\u0131k \u00f6nlemek mevcut kusurlar\u0131n geni\u015fletilmesi.<\/li>\n<li>\u00c7ok uygun maliyetli bir y\u00f6ntem.<\/li>\n<\/ul>\n<h2>KULLANIMLARI<\/h2>\n<ul>\n<li>\u00a0VES\u2122200 vakumlu epoksi k\u0131l\u0131f y\u00fcksek yayg\u0131n olarak kullan\u0131lan performans kollu Farkl\u0131 tiplerin g\u00fc\u00e7lendirilmesi ve g\u00fc\u00e7lendirilmesi kompozit \u00fcr\u00fcnler ve yap\u0131lar.<\/li>\n<li>\u00a0Vakum epoksileri elektrik izolat\u00f6rleridir; elektrik end\u00fcstrisinde olduk\u00e7a kullan\u0131lmaktad\u0131r. VES\u2122200<a href=\"https:\/\/ctech-llc.com\/tr\/products\/resins-coatings\/\"> epoksi re\u00e7inelerin<\/a> \u00e7o\u011funun \u00fcretiminde kullan\u0131labilir elektrik par\u00e7alar\u0131.<\/li>\n<li>VES\u2122200 \u00e7atla\u011f\u0131n onar\u0131lmas\u0131nda faydal\u0131 olabilir kusurlar.<\/li>\n<li>VES\u2122200, takviye i\u00e7in kullan\u0131labilir. % 50&#8217;den fazla duvar derinli\u011fi ile korozyon kusurlar\u0131<\/li>\n<li>kal\u0131nl\u0131k.<\/li>\n<li>Vakum epoksi ha\u015flanm\u0131\u015f duvarda kullan\u0131labilir<\/li>\n<\/ul>\n<h2>RAF \u00d6MR\u00dc<\/h2>\n<p>VES\u2122200 orijinal ambalaj\u0131nda \u200b\u200bsaklanmal\u0131d\u0131r. Kapa\u011f\u0131 konteyner kapal\u0131 tutulmal\u0131d\u0131r. Nem can Epoksi re\u00e7inelerin raf \u00f6mr\u00fcn\u00fc azalt\u0131r. Uygun depolama ile, re\u00e7ine ve sertle\u015ftiriciler en az 24 i\u00e7in kullan\u0131labilir kal\u0131r ayd\u0131r.<\/p>\n<h2>DEPOLAMA KO\u015eULLARI<\/h2>\n<p>VES\u2122 Kuru ve serin yerde muhafaza edilmelidir. S\u0131cakl\u0131k 10 \u00b0 ila 35 \u00b0 C aras\u0131nda olmal\u0131d\u0131r. \u00dcr\u00fcn\u00fc dondurmak ve direkt olarak uzak tutmak g\u00fcne\u015f \u0131\u015f\u0131\u011f\u0131, alev veya di\u011fer tehlikeler.<\/p>\n<h2>KARI\u015eTIRMA<\/h2>\n<p>Elle kar\u0131\u015ft\u0131r\u0131rken, K\u0131s\u0131m A&#8217;y\u0131 (Re\u00e7ine) ve K\u0131s\u0131m B&#8217;yi birle\u015ftirin. Do\u011fru oran i\u00e7in e\u015fit par\u00e7alarda (Sertle\u015ftirici). \u0130yice kar\u0131\u015ft\u0131r\u0131n Renk ve k\u0131vama e\u015fit olana kadar. T\u00fcp kitleri var par\u00e7an\u0131n e\u015fit uzunlukta boncuklar\u0131n\u0131 s\u0131kacak \u015fekilde tasarland\u0131 A ve k\u0131s\u0131m B uygun oran\u0131 verecektir. Kullanmadan \u00f6nce yap\u0131\u015ft\u0131r\u0131c\u0131n\u0131n kar\u0131\u015ft\u0131r\u0131lmas\u0131 tavsiye edilir. Kar\u0131\u015ft\u0131rmadan \u00f6nce ayr\u0131 bile\u015fenlerin s\u0131cakl\u0131\u011f\u0131 kritik de\u011fil, ama oda s\u0131cakl\u0131\u011f\u0131na yak\u0131n olmal\u0131lar.<\/p>\n<h2>NASIL KULLANILIR<\/h2>\n<h3>Y\u00dcZEY HAZIRLI\u011eI<\/h3>\n<p>G\u00fc\u00e7lendirme uygulamalar\u0131 i\u00e7in, alt tabaka haz\u0131rlama CFRP performans\u0131n\u0131n kalitesi \u00fczerinde y\u00fcksek etki ve GFRP kompozit sistemler.<\/p>\n<ul>\n<li>T\u00fcm y\u00fczeyler kirden ve kirden ar\u0131nd\u0131r\u0131lmal\u0131d\u0131r. toz, k\u00fcr bile\u015fikleri, ya\u011flar, gres, mumlar.<\/li>\n<li>A\u015f\u0131nm\u0131\u015f t\u00fcm par\u00e7alar\u0131 tamir etmek i\u00e7in tamir harc\u0131 kullan\u0131lmal\u0131d\u0131r. veya hasarl\u0131 beton y\u00fczeyler.<\/li>\n<li>End\u00fcstriyel elektrikli s\u00fcp\u00fcrge kullan\u0131lmal\u0131d\u0131r. tozu ve kiri temizleyin.<\/li>\n<li>T\u00fcm y\u00fczeylerin ta\u015flanmas\u0131, kumlanmas\u0131, vurulmas\u0131 gerekir patlatma, bas\u0131n\u00e7l\u0131 y\u0131kama veya di\u011fer yayg\u0131n mekanik e\u015fit bir beton alt tabakaya ula\u015fmak i\u00e7in y\u00f6ntemler.<\/li>\n<li>Keskin kenarlar d\u00fcz ve yuvarlak olmal\u0131d\u0131r. Minimum 30 mm yar\u0131\u00e7ap.<\/li>\n<li>Beton y\u00fczeylerin tamamen kurutulmas\u0131 gerekti\u011fini veya sertle\u015ftirilen bu \u015fekilde yap\u0131\u015ft\u0131r\u0131c\u0131 d\u00fczg\u00fcn bir \u015fekilde kuruyabilir.<\/li>\n<\/ul>\n<h2>VAKUM EPOKS\u0130\u00a0 \u00d6ZELL\u0130KLER\u0130<\/h2>\n<table>\n<tbody>\n<tr>\n<td width=\"208\">Test Standartlar<\/p>\n<p>&nbsp;<\/td>\n<td width=\"208\">Test De\u011feri<\/p>\n<p>&nbsp;<\/td>\n<td width=\"208\">Test \u00f6\u011fesi<\/p>\n<p>&nbsp;<\/td>\n<\/tr>\n<tr>\n<td width=\"208\">Servis derecesi<\/p>\n<p>&nbsp;<\/td>\n<td width=\"208\">-30 \u00b0 C &#8211; + 80 \u00b0 C<\/p>\n<p>&nbsp;<\/td>\n<td width=\"208\">&#8211;<\/p>\n<p>&nbsp;<\/td>\n<\/tr>\n<tr>\n<td width=\"208\">Uygulama s\u0131cakl\u0131\u011f\u0131<\/p>\n<p>&nbsp;<\/td>\n<td width=\"208\">0 \u00b0 C &#8211; + 40 \u00b0 C<\/p>\n<p>&nbsp;<\/td>\n<td width=\"208\">&#8211;<\/p>\n<p>&nbsp;<\/td>\n<\/tr>\n<tr>\n<td width=\"208\">\u00c7al\u0131\u015fma bas\u0131nc\u0131<\/p>\n<p>&nbsp;<\/td>\n<td width=\"208\">&lt;15Mpa<\/p>\n<p>&nbsp;<\/td>\n<td width=\"208\">&#8211;<\/p>\n<p>&nbsp;<\/td>\n<\/tr>\n<\/tbody>\n<\/table>\n<h2>Y\u00dcKSEK G\u00dc\u00c7L\u00dc PERF\u00dcZYON YAPI\u015eTIRICISI<\/h2>\n<table>\n<tbody>\n<tr>\n<td width=\"208\">Darbe dayan\u0131m\u0131<\/p>\n<p>&nbsp;<\/td>\n<td width=\"208\">&gt; 8 KJ \/ m 2<\/p>\n<p>&nbsp;<\/td>\n<td width=\"208\">ISO 179-1<\/p>\n<p>&nbsp;<\/td>\n<\/tr>\n<tr>\n<td width=\"208\">Bas\u0131n\u00e7 dayan\u0131m\u0131<\/p>\n<p>&nbsp;<\/td>\n<td width=\"208\">70 Mpa<\/p>\n<p>&nbsp;<\/td>\n<td width=\"208\">ISO 604<\/p>\n<p>&nbsp;<\/td>\n<\/tr>\n<tr>\n<td width=\"208\">Kurutma b\u00fcz\u00fclmesi<\/p>\n<p>&nbsp;<\/td>\n<td width=\"208\">% 0,01<\/p>\n<p>&nbsp;<\/td>\n<td width=\"208\">ASTM<\/p>\n<p>D2566<\/p>\n<p>&nbsp;<\/td>\n<\/tr>\n<\/tbody>\n<\/table>\n<h2>UYGULAMA<\/h2>\n<p>T\u00fcm kontamine elemanlar\u0131n y\u00fczeyi iyice temizlendi. Y\u00fczeyi uygun bir \u015fekilde astarlay\u0131n Astar\u0131n tipi.<\/p>\n<p>Bir silindiri kullanmak, hava kabarc\u0131klar\u0131n\u0131 ortadan kald\u0131rmaya yard\u0131mc\u0131 olabilir. re\u00e7ine ve substrat, ayr\u0131ca bir aralar\u0131nda iyi bir ba\u011f var. A ve B par\u00e7alar\u0131n\u0131 d\u00fc\u015f\u00fck h\u0131zl\u0131 bir mikser ile kar\u0131\u015ft\u0131r\u0131n. Her Bile\u015fik, spesifik performansa uyacak \u015fekilde tasarlanm\u0131\u015ft\u0131r gereksinimleri ve k\u00fc\u00e7\u00fckten b\u00fcy\u00fc\u011fe kullan\u0131ma uygundur.<\/p>\n<h2>SINIRLAMA<\/h2>\n<p>Epoksilerin uygulanmas\u0131 i\u00e7in uygun s\u0131cakl\u0131k 0 \u00b0 C aras\u0131ndad\u0131r. Uygulamak i\u00e7in 40 \u00b0 C yeterli havaland\u0131rma kullanmal\u0131d\u0131r. So\u011fuk ve nemli havalarda kullan\u0131lmamal\u0131d\u0131rlar.<\/p>\n<h2>D\u0130KKAT!<\/h2>\n<p>FRP kompozit sistemlerin t\u00fcm bile\u015fenleri neden olabilir cilt tahri\u015fi ve duyarl\u0131la\u015fmas\u0131. Kimyasal dayan\u0131kl\u0131 kullan\u0131m\u0131 eldiven \u00f6nerilir. Buharlar\u0131 ve tozu solumaktan ka\u00e7\u0131n\u0131n. T\u0131bbi yard\u0131m al Zorlukla nefes al\u0131yorsun. Re\u00e7ine \u00fcr\u00fcnleri g\u00fc\u00e7l\u00fc g\u00f6z tahri\u015fine neden olabilir. Ka\u00e7\u0131nma G\u00f6z temas\u0131 ve koruyucu g\u00f6zl\u00fck kullan\u0131lmas\u0131 zorunludur.<\/p>\n<h2>G\u00dcVENL\u0130K \u00d6NLEMLER\u0130<\/h2>\n<ul>\n<li>G\u00f6zle temastan ka\u00e7\u0131n\u0131n.<\/li>\n<li>Deriyle re\u00e7ine temas\u0131na izin vermeyin.<\/li>\n<li>Koruyucu eldiven ve g\u00f6zl\u00fck kullan\u0131n.<\/li>\n<li>Lastik \u00e7izmeler ve koruyucu elbiseler giyin.<\/li>\n<li>\u00dcr\u00fcnleri kullan\u0131rken yemeyiniz, i\u00e7meyiniz veya sigara kullanmay\u0131n\u0131z.<\/li>\n<li>E\u011fer herhangi bir semptom meydana gelirse, a\u00e7\u0131k havaya \u00e7\u0131k\u0131n ve t\u0131bbi yard\u0131m.<\/li>\n<\/ul>\n<h2>\u0130LK YARDIM<\/h2>\n<p>G\u00f6z temas\u0131 olu\u015ftu\u011funda, g\u00f6zleri b\u00fcy\u00fck miktarlarda y\u0131kay\u0131n. su ve t\u0131bbi yard\u0131m al\u0131n. Cilt durumunda temas, cildinizi sabun ve su ile y\u0131kay\u0131n Tahri\u015f devam ederse t\u0131bbi yard\u0131m. \u00d6ks\u00fcr\u00fck varsa veya nefes alman\u0131n zorlu\u011fu, a\u00e7\u0131k havaya git ve t\u0131bbi al e\u011fer devam ederse dikkat edin.<\/p>\n<div style=\"display: none;\"\n    class=\"kk-star-ratings kksr-valign-bottom kksr-align-right kksr-disabled\"\n    data-id=\"3353\"\n    data-slug=\"\">\n    <div class=\"kksr-stars\">\n    <div class=\"kksr-stars-inactive\">\n            <div class=\"kksr-star\" data-star=\"1\">\n            <div class=\"kksr-icon\" style=\"width: px; height: px;\"><\/div>\n        <\/div>\n            <div class=\"kksr-star\" data-star=\"2\">\n            <div class=\"kksr-icon\" style=\"width: px; height: px;\"><\/div>\n        <\/div>\n            <div class=\"kksr-star\" data-star=\"3\">\n            <div class=\"kksr-icon\" style=\"width: px; height: px;\"><\/div>\n        <\/div>\n            <div class=\"kksr-star\" data-star=\"4\">\n            <div class=\"kksr-icon\" style=\"width: px; height: px;\"><\/div>\n        <\/div>\n            <div class=\"kksr-star\" data-star=\"5\">\n            <div class=\"kksr-icon\" style=\"width: px; height: px;\"><\/div>\n        <\/div>\n    <\/div>\n    <div class=\"kksr-stars-active\" style=\"width: 0px;\">\n            <div class=\"kksr-star\">\n            <div class=\"kksr-icon\" style=\"width: px; height: px;\"><\/div>\n        <\/div>\n            <div class=\"kksr-star\">\n            <div class=\"kksr-icon\" style=\"width: px; height: px;\"><\/div>\n        <\/div>\n            <div class=\"kksr-star\">\n            <div class=\"kksr-icon\" style=\"width: px; height: px;\"><\/div>\n        <\/div>\n            <div class=\"kksr-star\">\n            <div class=\"kksr-icon\" style=\"width: px; height: px;\"><\/div>\n        <\/div>\n            <div class=\"kksr-star\">\n            <div class=\"kksr-icon\" style=\"width: px; height: px;\"><\/div>\n        <\/div>\n    <\/div>\n<\/div>\n    <div class=\"kksr-legend\">\n            <strong class=\"kksr-score\">5<\/strong>\n        <span class=\"kksr-muted\">\/<\/span>\n        <strong>5<\/strong>\n        <span class=\"kksr-muted\">(<\/span>\n        <strong class=\"kksr-count\">2<\/strong>\n        <span class=\"kksr-muted\">\n            votes        <\/span>\n        <span class=\"kksr-muted\">)<\/span>\n    <\/div>\n<\/div>\n","protected":false},"excerpt":{"rendered":"<p>CTech-LLC<sup>\u00ae<\/sup> Vakum Epoxy Sistem (VES\u2122), daha optimum bir man\u015fon yap\u0131s\u0131n\u0131 kullan\u0131r ve daha da \u00f6nemlisi, sitenin montaj i\u015flemi-vakum yap\u0131\u015fkanl\u0131 perf\u00fczyonda patentli olarak kabul edilir.<\/p>\n<p>\u0130\u015flem, yap\u0131\u015ft\u0131r\u0131c\u0131y\u0131 pozitif bas\u0131n\u00e7la enjekte eden geleneksel perf\u00fczyon y\u00f6ntemini kullanmak yerine, yap\u0131\u015ft\u0131r\u0131c\u0131y\u0131 perf\u00fcze etmek i\u00e7in vakumlama ile yarat\u0131lan negatif bas\u0131nc\u0131 kullan\u0131r. Bu iyile\u015ftirme, sisteme daha istikrarl\u0131 bir performans verir. Sahada, operat\u00f6rler, e\u015fit \u015fekilde kar\u0131\u015ft\u0131r\u0131lm\u0131\u015f y\u00fcksek mukavemetli yap\u0131\u015ft\u0131r\u0131c\u0131y\u0131 emmek ve boru hatt\u0131 ile \u00e7elik man\u015fonun duvarlar\u0131 aras\u0131ndaki bo\u015flu\u011fa bo\u015faltmak i\u00e7in vakum pompas\u0131n\u0131 kullanmal\u0131d\u0131r. Vakum negatif bas\u0131nc\u0131n etkisiyle, yap\u0131\u015ft\u0131r\u0131c\u0131 herhangi bir k\u00fc\u00e7\u00fck bo\u015fluk girebilir ve arkada bo\u015fluk b\u0131rakmaz. \u0130yice doldurulmu\u015f yap\u0131\u015fkan, iyi yap\u0131\u015fma ve bas\u0131n\u00e7 dayan\u0131m\u0131 sunar. Kuruduktan sonra,<a href=\"https:\/\/ctech-llc.com\/tr\/wikitech\/strengthening-of-concrete-pipes\"> boru hatlar\u0131<\/a> ve man\u015fon tek bir par\u00e7a<span style=\"font-size: 14.4px;\">\u00a0<\/span><span style=\"font-size: 14.4px;\">\u00a0yap\u0131s\u0131na d\u00f6n\u00fc\u015fecek ve boru hatlar\u0131ndaki stres etkin bir \u015fekilde payla\u015f\u0131lacak, bu nedenle g\u00fcvenilir bir takviye performans\u0131 garanti edilecektir.<\/span><\/p>\n","protected":false},"featured_media":0,"comment_status":"open","ping_status":"closed","template":"","meta":[],"_links":{"self":[{"href":"https:\/\/ctech-llc.com\/tr\/wp-json\/wp\/v2\/product\/3353"}],"collection":[{"href":"https:\/\/ctech-llc.com\/tr\/wp-json\/wp\/v2\/product"}],"about":[{"href":"https:\/\/ctech-llc.com\/tr\/wp-json\/wp\/v2\/types\/product"}],"replies":[{"embeddable":true,"href":"https:\/\/ctech-llc.com\/tr\/wp-json\/wp\/v2\/comments?post=3353"}],"wp:attachment":[{"href":"https:\/\/ctech-llc.com\/tr\/wp-json\/wp\/v2\/media?parent=3353"}],"curies":[{"name":"wp","href":"https:\/\/api.w.org\/{rel}","templated":true}]}}