{"id":3351,"date":"2018-12-17T11:35:16","date_gmt":"2018-12-17T08:05:16","guid":{"rendered":"https:\/\/ctech-llc.com\/tr\/?post_type=product&#038;p=3351"},"modified":"2024-10-25T22:31:33","modified_gmt":"2024-10-25T19:01:33","slug":"sualti-epoksi","status":"publish","type":"product","link":"https:\/\/ctech-llc.com\/tr\/products\/resins-and-coatings\/underwater-epoxy\/","title":{"rendered":"Sualt\u0131 Epoksi"},"content":{"rendered":"<ul>\n<li>\u00a0\u00a0\u00a0\u00a0 Y\u00fcksek mukavemetli, mod\u00fcll\u00fc ve yap\u0131sal yap\u0131\u015ft\u0131r\u0131c\u0131 yap\u0131\u015ft\u0131r\u0131c\u0131s\u0131<\/li>\n<li>\u00a0\u00a0\u00a0\u00a0 Tam uyumlu ve m\u00fckemmel yap\u0131\u015fma<\/li>\n<li>\u00a0\u00a0\u00a0\u00a0 Son derece dayan\u0131kl\u0131 ve s\u0131cakl\u0131\u011fa ve neme dayan\u0131kl\u0131<\/li>\n<li>\u00a0\u00a0\u00a0\u00a0 y\u00fcksek yorulma mukavemeti<\/li>\n<li>\u00a0\u00a0\u00a0\u00a0 Y\u00fcksek mekanik ve kimyasal diren\u00e7<\/li>\n<li>\u00a0\u00a0\u00a0\u00a0 Beton ve yeralt\u0131 sular\u0131ndaki tuzlar<\/li>\n<li>\u00a0\u00a0\u00a0\u00a0 Su alt\u0131 uygulamalar\u0131 i\u00e7in ideal k\u0131vam\u0131 yap\u0131\u015ft\u0131r\u0131n<\/li>\n<li>\u00a0\u00a0\u00a0\u00a0 % 100 solvent i\u00e7ermez<\/li>\n<li>\u00a0\u00a0\u00a0\u00a0 12 saat tam k\u00fcr<\/li>\n<li>\u00a0\u00a0\u00a0\u00a0 Kurulumu kolay<\/li>\n<li>\u00a0\u00a0\u00a0\u00a0 Su ge\u00e7irmez in\u015faat derzlerinin olu\u015fturulmas\u0131<\/li>\n<li>\u00a0 \u00a0\u00a0\u00a0Detayland\u0131rma problemlerini \u00e7\u00f6zme<\/li>\n<li>\u00a0\u00a0\u00a0\u00a0 Y\u00fcksek final bas\u0131n\u00e7 dayan\u0131m\u0131<\/li>\n<\/ul>\n<p>UWE\u212240 su alt\u0131 epoksi, kullan\u0131m ama\u00e7l\u0131 olarak form\u00fcle edilmi\u015ftir. yama ve yap\u0131\u015ft\u0131r\u0131c\u0131 malzeme, astar ve yap\u0131\u015ft\u0131r\u0131c\u0131 lif sarg\u0131 ve karbon veya cam laminat uygulamalar\u0131. UWE\u2122 40 epoksileri y\u00fcksek performansl\u0131 yap\u0131\u015ft\u0131r\u0131c\u0131lard\u0131r. g\u00fc\u00e7lendirilmesinde yayg\u0131n olarak kullan\u0131lmaktad\u0131r beton, duvarc\u0131l\u0131k gibi farkl\u0131 yap\u0131 tipleri, ah\u015fap, ta\u015f, \u00e7elik ve imalat kompozit \u00fcr\u00fcnleri. Su alt\u0131 epoksi de kaplama veya tamir i\u00e7in kullan\u0131labilir su alt\u0131 ve s\u0131\u00e7rama beton ve \u00e7elik malzemeler korozyona kar\u015f\u0131 koruma sa\u011flayan b\u00f6lge uygulamalar\u0131, Tuz veya tatl\u0131 sudan erozyon ve bozulma.<\/p>\n<h2>RAF \u00d6MR\u00dc<\/h2>\n<p>Su alt\u0131 epoksi, tarihten itibaren 2 y\u0131l s\u00fcreyle saklanabilir a\u00e7\u0131lmam\u0131\u015f konteynerlerde sakland\u0131\u011f\u0131nda ve uygun ko\u015fullar alt\u0131nda.<\/p>\n<h2>DEPOLAMA KO\u015eULLARI<\/h2>\n<p>UWE\u212240 su alt\u0131 epoksi kuru bir ortamda saklanmal\u0131d\u0131r. ve 4 ila 40 \u00b0 aras\u0131nda serin bir yer. \u00dcr\u00fcn\u00fc dondurmaktan ka\u00e7\u0131n\u0131n ve Do\u011frudan g\u00fcne\u015f \u0131\u015f\u0131\u011f\u0131ndan, alevden veya di\u011fer tehlikelerden uzak tutun.<\/p>\n<h2>KARI\u015eTIRMA<\/h2>\n<p>Su alt\u0131 Epoksi y\u00fcksek bir viskoziteye ve tamamen kar\u0131\u015fmaya sahiptir. gerekli. Epoksi bile\u015fikleri genellikle iki olarak tedarik edilir. \u0130\u00e7eri\u011fini d\u00f6kmeden \u00f6nce B bile\u015feninin i\u00e7eri\u011fine B bile\u015feni, her b\u00f6l\u00fcm gerekir Konteyn\u0131rda birikmeyi \u00f6nlemek i\u00e7in ayr\u0131ca kar\u0131\u015ft\u0131r\u0131lmal\u0131d\u0131r. Sonra b\u00f6l\u00fcm A ve B gerekli duruma g\u00f6re kar\u0131\u015ft\u0131r\u0131lmal\u0131d\u0131r. Kar\u0131\u015ft\u0131rma i\u015flemi 3-5 dakika s\u00fcrmelidir.\u00a0 Yava\u015f bir mikser (350 rpm) veya elle. kadar devam et hatta renk geli\u015fir. Re\u00e7ine ve sertle\u015ftiriciyi kar\u0131\u015ft\u0131rd\u0131ktan sonra UWE\u212240 kullan\u0131lmal\u0131d\u0131r. 25-30 dakika i\u00e7inde. Kar\u0131\u015ft\u0131rma ara\u00e7lar\u0131n\u0131 uygun bir havlu ile temizleyin. onlar\u0131 tekrar kullan.<\/p>\n<h2>T\u0130P\u0130K MALZEME \u00d6ZELL\u0130KLER\u0130<\/h2>\n<table>\n<tbody>\n<tr>\n<td width=\"312\">Kar\u0131\u015ft\u0131rma oran\u0131, wt<\/p>\n<p>&nbsp;<\/td>\n<td width=\"312\">100: 50<\/p>\n<p>&nbsp;<\/td>\n<\/tr>\n<tr>\n<td width=\"312\">Spesifik yer \u00e7ekimi<\/p>\n<p>&nbsp;<\/td>\n<td width=\"312\">1.6<\/p>\n<p>&nbsp;<\/td>\n<\/tr>\n<tr>\n<td width=\"312\">Viskozite A &amp; B kar\u0131\u015f\u0131k, cps<\/p>\n<p>&nbsp;<\/td>\n<td width=\"312\">14.000 &#8211; 18.000<\/p>\n<p>&nbsp;<\/td>\n<\/tr>\n<tr>\n<td width=\"312\">Jel zaman\u0131, -7 \u00b0 C, saat<\/p>\n<p>&nbsp;<\/td>\n<td width=\"312\">2,5 &#8211; 3,5<\/p>\n<p>&nbsp;<\/td>\n<\/tr>\n<tr>\n<td width=\"312\">ASTM D695, 7 g\u00fcn<\/p>\n<p>bas\u0131n\u00e7 dayan\u0131m\u0131, MPa<\/p>\n<p>&nbsp;<\/td>\n<td width=\"312\">48-55<\/p>\n<p>&nbsp;<\/td>\n<\/tr>\n<tr>\n<td width=\"312\">ASTM D695, 7 g\u00fcn<\/p>\n<p>Bas\u0131n\u00e7 dayan\u0131m\u0131, har\u00e7, MPa<\/p>\n<p>jel \/ uw: kum &#8211; hacme g\u00f6re 1: 1)<\/td>\n<td width=\"312\">55-62<\/p>\n<p>&nbsp;<\/td>\n<\/tr>\n<tr>\n<td width=\"312\">ASTM D2240<\/p>\n<p>Shore D sertli\u011fi<\/p>\n<p>&nbsp;<\/td>\n<td width=\"312\">80 &#8211; 85<\/p>\n<p>&nbsp;<\/td>\n<\/tr>\n<\/tbody>\n<\/table>\n<p>Sunulan veriler 24 \u00b0 C&#8217;de tipik laboratuvar de\u011ferleridir.<\/p>\n<h2>NASIL KULLANILIR<\/h2>\n<h3>Y\u00dcZEY HAZIRLI\u011eI<\/h3>\n<p>G\u00fc\u00e7lendirme uygulamalar\u0131 i\u00e7in, alt tabaka haz\u0131rlama Sistemler \u00fczerinde y\u00fcksek etki. T\u00fcm y\u00fczeyler kir, kir ve tozdan ar\u0131nd\u0131r\u0131lmal\u0131d\u0131r. k\u00fcr bile\u015fikleri, ya\u011flar, gres, mumlar, d\u00f6k\u00fclme betonu ve neden olabilecek di\u011fer t\u00fcm kontamine materyaller kompozitlerin arkas\u0131ndaki bo\u015fluklar. T\u00fcm y\u00fczeyler ta\u015flama, kumlama, kumlama, bas\u0131n\u00e7l\u0131 y\u0131kama veya di\u011fer yayg\u0131n mekanik y\u00f6ntemler e\u015fit bir beton alt tabakaya ula\u015f\u0131r. en iyilerinden biri Tozu ve kiri temizlemenin yayg\u0131n yollar\u0131 y\u00fcksek beton y\u00fczeyini tahrik eden bas\u0131n\u00e7l\u0131 su ve hasarl\u0131 tabakay\u0131 kald\u0131r\u0131r. Bu durumda \u00e7elik kiri\u015fler su bas\u0131nc\u0131 ile kesmeden temizlenir. CTech-LLC<sup>\u00ae<\/sup>\u00a0 UWE \u212240 Uygulama ba\u015flamal\u0131d\u0131r olas\u0131l\u0131\u011f\u0131 azaltmak i\u00e7in y\u00fczey haz\u0131rl\u0131\u011f\u0131 hemen sonra y\u00fczey kirlili\u011fi<\/p>\n<h2>UYGULAMA<\/h2>\n<p>Kirlenmi\u015f t\u00fcm elemanlar\u0131n y\u00fczeyi temizlenmelidir. UWE\u2122 40<a href=\"https:\/\/ctech-llc.com\/tr\/wikitech\/epoxy-resin\/\"> epoksi re\u00e7ineler<\/a>i uyumludur CTech-LLC<sup>\u00ae<\/sup>\u00a0 kuma\u015f t\u00fcrleri . A ve B par\u00e7alar\u0131n\u0131 birlikte kar\u0131\u015ft\u0131r\u0131n D\u00fc\u015f\u00fck h\u0131zl\u0131 kar\u0131\u015ft\u0131r\u0131c\u0131 ile. UWE\u2122 40 re\u00e7inesini do\u011frudan haz\u0131rlanan substrata uygulay\u0131n y\u00fczey g\u00f6m\u00fcl\u00fc \u00e7ubuklar i\u00e7in (NSM uygulamas\u0131), dolgu y\u00fczeyi kalafat tabancas\u0131 kullanarak veya do\u011frudan i\u00e7ine d\u00f6k\u00fclen oluklar oluk.<\/p>\n<h2>SINIRLAMA<\/h2>\n<p>\u00c7al\u0131\u015fmaya uygulanabilecek daha fazla malzeme kar\u0131\u015ft\u0131rmay\u0131n. zaman dilimi. Mevcut \u00e7al\u0131\u015fma s\u00fcresi, s\u0131cakl\u0131k ve karma\u015f\u0131kl\u0131k Uygulaman\u0131n kar\u0131\u015ft\u0131rma i\u015flemi \u00fczerinde etkisi olacakt\u0131r. Malzemeyi serin ve g\u00f6lgeli alanda, do\u011frudan uzak tutun s\u0131cak havalarda g\u00fcne\u015f \u0131\u015f\u0131\u011f\u0131. S\u0131cak havalarda \u00e7al\u0131\u015fma s\u00fcresi malzemeyi \u00f6nce ve sonra serin tutarak uzat\u0131lm\u0131\u015f Kar\u0131\u015ft\u0131rma veya kab\u0131 buzlu suya bat\u0131rmak suretiyle. Epoksi minimum uygulama s\u0131cakl\u0131\u011f\u0131 20 \u00b0 C&#8217;dir.<\/p>\n<h2>D\u0130KKAT!<\/h2>\n<p>CTech-LLC<sup>\u00ae<\/sup>\u00a0 &#8216;de kullan\u0131lan epoksi re\u00e7ineler ve sertle\u015ftiriciler Su Alt\u0131 Epoksi, kullan\u0131landan \u00e7ok daha az toksiktir \u00e7o\u011fu yap\u0131sal epoksi form\u00fclasyonlar\u0131nda. Ancak, \u00fcr\u00fcnlerin i\u015flenmesi tavsiye edilir gerekli \u00f6zen ve ki\u015fisel korunma ekipman\u0131 ile her zaman giyilmelidir. Baz\u0131 insanlar duyarl\u0131 hale gelir epoksi sistemlerle \u00e7al\u0131\u015f\u0131rken. Duyarl\u0131l\u0131k olabilir cilt ya da solunum yolu reaksiyonlar\u0131 \u015feklinde g\u00f6r\u00fcn\u00fcr. \u00d6nlemek solunum buharlar\u0131. Bu \u00fcr\u00fcnler profesyonel ve end\u00fcstriyel kullan\u0131m i\u00e7indir sadece ve sadece e\u011fitimli ve kalifiye aplikat\u00f6rler. E\u011fitimli uygulay\u0131c\u0131lar kurulumu izlemeli Talimatlar. Su alt\u0131nda olabilecek bir\u00e7ok de\u011fi\u015fkene ba\u011fl\u0131 olarak uygulamalar, i\u015f sahas\u0131 ko\u015fullar\u0131 alt\u0131nda bir test uygulamas\u0131d\u0131r de\u011ferlendirilecek her projenin ba\u015flang\u0131c\u0131ndan \u00f6nce \u00f6nerilir Her iki uygulama tekni\u011fi ve yap\u0131\u015fma \u00f6zellikleri. UWE\u2122 40&#8217;\u0131 inceltmeyin ya da seyreltmeyin ve kar\u0131\u015ft\u0131rmay\u0131n ya da uygulamay\u0131n. \u00dcr\u00fcn\u00fcn su alt\u0131nda bir kez \u00e7alkalanmas\u0131 minimize edilmelidir.<\/p>\n<h2>G\u00dcVENL\u0130K \u00d6NLEMLER\u0130<\/h2>\n<ul>\n<li>G\u00f6zle temastan ka\u00e7\u0131n\u0131n.<\/li>\n<li>Deriyle re\u00e7ine temas\u0131na izin vermeyin.<\/li>\n<li>Koruyucu eldiven ve g\u00f6zl\u00fck kullan\u0131n.<\/li>\n<li>Lastik \u00e7izmeler ve koruyucu elbiseler giyin.<\/li>\n<li>\u00dcr\u00fcnleri kullan\u0131rken yemeyiniz, i\u00e7meyiniz veya sigara kullanmay\u0131n\u0131z.<\/li>\n<li>Buhar zararl\u0131 olabilir, onaylanm\u0131\u015f bir hava maskesi kullan\u0131n.<\/li>\n<li>Yang\u0131n\u0131 \u00f6nlemek i\u00e7in yeterli g\u00fcvenlik \u00f6nlemlerini al\u0131n veya Patlama.<\/li>\n<li>Herhangi bir semptom meydana gelirse, a\u00e7\u0131k havaya gidin ve t\u0131bbi olsun Dikkat.<\/li>\n<\/ul>\n<h2>\u0130LK YARDIM<\/h2>\n<p>G\u00f6z temas\u0131 olu\u015ftu\u011funda, g\u00f6zleri b\u00fcy\u00fck miktarlarda y\u0131kay\u0131n. su ve t\u0131bbi yard\u0131m al\u0131n. Cilt durumunda temas, cildinizi sabun ve su ile y\u0131kay\u0131n Tahri\u015f devam ederse t\u0131bbi yard\u0131m. \u00d6ks\u00fcr\u00fck varsa veya nefes alman\u0131n zorlu\u011fu, a\u00e7\u0131k havaya git ve t\u0131bbi al e\u011fer devam ederse dikkat edin. Giysileri tekrar kullanmadan \u00f6nce y\u0131kay\u0131n\u0131z.<\/p>\n<div style=\"display: none;\"\n    class=\"kk-star-ratings kksr-valign-bottom kksr-align-right kksr-disabled\"\n    data-id=\"3351\"\n    data-slug=\"\">\n    <div class=\"kksr-stars\">\n    <div class=\"kksr-stars-inactive\">\n            <div class=\"kksr-star\" data-star=\"1\">\n            <div class=\"kksr-icon\" style=\"width: px; height: px;\"><\/div>\n        <\/div>\n            <div class=\"kksr-star\" data-star=\"2\">\n            <div class=\"kksr-icon\" style=\"width: px; height: px;\"><\/div>\n        <\/div>\n            <div class=\"kksr-star\" data-star=\"3\">\n            <div class=\"kksr-icon\" style=\"width: px; height: px;\"><\/div>\n        <\/div>\n            <div class=\"kksr-star\" data-star=\"4\">\n            <div class=\"kksr-icon\" style=\"width: px; height: px;\"><\/div>\n        <\/div>\n            <div class=\"kksr-star\" data-star=\"5\">\n            <div class=\"kksr-icon\" style=\"width: px; height: px;\"><\/div>\n        <\/div>\n    <\/div>\n    <div class=\"kksr-stars-active\" style=\"width: 0px;\">\n            <div class=\"kksr-star\">\n            <div class=\"kksr-icon\" style=\"width: px; height: px;\"><\/div>\n        <\/div>\n            <div class=\"kksr-star\">\n            <div class=\"kksr-icon\" style=\"width: px; height: px;\"><\/div>\n        <\/div>\n            <div class=\"kksr-star\">\n            <div class=\"kksr-icon\" style=\"width: px; height: px;\"><\/div>\n        <\/div>\n            <div class=\"kksr-star\">\n            <div class=\"kksr-icon\" style=\"width: px; height: px;\"><\/div>\n        <\/div>\n            <div class=\"kksr-star\">\n            <div class=\"kksr-icon\" style=\"width: px; height: px;\"><\/div>\n        <\/div>\n    <\/div>\n<\/div>\n    <div class=\"kksr-legend\">\n            <strong class=\"kksr-score\">5<\/strong>\n        <span class=\"kksr-muted\">\/<\/span>\n        <strong>5<\/strong>\n        <span class=\"kksr-muted\">(<\/span>\n        <strong class=\"kksr-count\">2<\/strong>\n        <span class=\"kksr-muted\">\n            votes        <\/span>\n        <span class=\"kksr-muted\">)<\/span>\n    <\/div>\n<\/div>\n","protected":false},"excerpt":{"rendered":"<p>CTech-LLC<sup>\u00ae<\/sup>\u00a0Sualt\u0131 Epoksi (UWE\u2122), su alt\u0131 uygulamalar\u0131 i\u00e7in form\u00fcle edilmi\u015f epoksi re\u00e7ineler ve sertle\u015ftiricilerden olu\u015fan y\u00fcksek mukavemetli, iki bile\u015fenli bir \u00fcr\u00fcnd\u00fcr. K\u00fcrlenme s\u0131ras\u0131nda daha d\u00fc\u015f\u00fck toksisite ve kokuya sahip% 100 kat\u0131 form\u00fclasyonudur ve zorla k\u00fcrleme veya \u00f6zel ekipman gerektirmeden 12 saatlik benzersiz bir hizmet sunar. UWE\u2122 ayn\u0131 zamanda, su ve s\u0131\u00e7rama b\u00f6lgelerinde, a\u015f\u0131nmaya, erozyona ve tuz ya da tatl\u0131 sudan bozulmaya kar\u015f\u0131 koruma sa\u011flayan beton ve <a href=\"https:\/\/ctech-llc.com\/tr\/wikitech\/strengthening-of-steel-tanks\">\u00e7elik malzemelerin<\/a> kaplanmas\u0131 ya da tamirinde de kullan\u0131labilir.<\/p>\n","protected":false},"featured_media":3554,"comment_status":"open","ping_status":"closed","template":"","meta":[],"_links":{"self":[{"href":"https:\/\/ctech-llc.com\/tr\/wp-json\/wp\/v2\/product\/3351"}],"collection":[{"href":"https:\/\/ctech-llc.com\/tr\/wp-json\/wp\/v2\/product"}],"about":[{"href":"https:\/\/ctech-llc.com\/tr\/wp-json\/wp\/v2\/types\/product"}],"replies":[{"embeddable":true,"href":"https:\/\/ctech-llc.com\/tr\/wp-json\/wp\/v2\/comments?post=3351"}],"wp:featuredmedia":[{"embeddable":true,"href":"https:\/\/ctech-llc.com\/tr\/wp-json\/wp\/v2\/media\/3554"}],"wp:attachment":[{"href":"https:\/\/ctech-llc.com\/tr\/wp-json\/wp\/v2\/media?parent=3351"}],"curies":[{"name":"wp","href":"https:\/\/api.w.org\/{rel}","templated":true}]}}