{"id":3349,"date":"2018-12-17T11:05:45","date_gmt":"2018-12-17T07:35:45","guid":{"rendered":"https:\/\/ctech-llc.com\/tr\/?post_type=product&#038;p=3349"},"modified":"2020-12-06T10:10:11","modified_gmt":"2020-12-06T06:40:11","slug":"enjeksiyon-epoksi-recine","status":"publish","type":"product","link":"https:\/\/ctech-llc.com\/tr\/products\/resins-and-coatings\/injection-epoxy-resin\/","title":{"rendered":"Enjeksiyon Epoksi Re\u00e7ine"},"content":{"rendered":"<ul>\n<li>Beton \u00e7atlaklar\u0131n\u0131n derin penetrasyonu i\u00e7in d\u00fc\u015f\u00fck viskoziteli k\u0131vam<\/li>\n<li>Di\u011fer epoksi malzemelere k\u0131yasla y\u00fcksek mukavemet<\/li>\n<li>Y\u00fcksek mod\u00fcl\u00fc<\/li>\n<li>Beton levhalar\u0131 ve g\u00fcverteleri korumak i\u00e7in iyi kimyasal diren\u00e7<\/li>\n<li>D\u00fc\u015f\u00fck koku form\u00fclasyonu<\/li>\n<li>Solvent i\u00e7ermez<\/li>\n<li>B\u00fcz\u00fclme serbest sertle\u015fme<\/li>\n<li>Y\u00fcksek mekanik ve yorulma mukavemeti<\/li>\n<li>y\u00fcksek s\u0131cakl\u0131k \u00f6zellikleri<\/li>\n<li>S\u00fcr\u00fcnme ve strese kar\u015f\u0131 dayan\u0131kl\u0131l\u0131k<\/li>\n<li>Uygulama kolayl\u0131\u011f\u0131<\/li>\n<li>\u00c7evre dostu bir \u00fcr\u00fcn<\/li>\n<li>uygun maliyetli<\/li>\n<\/ul>\n<h2>Avantajlar\u0131<\/h2>\n<ul>\n<li>M\u00fckemmel yap\u0131\u015ft\u0131r\u0131c\u0131 g\u00fcc\u00fc ve y\u00fcksek ilaveten doyma kabiliyeti, <a href=\"https:\/\/www.journals.elsevier.com\/polymer-contents\">FRP<\/a> gibi uzun \u00fcr\u00fcn ve malzeme yelpazesi levhalar, metal elementler, plastikler ve di\u011fer bir\u00e7ok tip malzeme ve elemanlar\u0131n<\/li>\n<li>Derin n\u00fcfuz i\u00e7in d\u00fc\u015f\u00fck viskoziteli k\u0131vam beton \u00e7atlaklar\u0131<\/li>\n<li>Di\u011fer epoksi malzemelere k\u0131yasla y\u00fcksek mukavemet.<\/li>\n<li>Y\u00fcksek mod\u00fcll\u00fc<\/li>\n<li>Beton levhalar\u0131 korumak i\u00e7in iyi kimyasal diren\u00e7 ve g\u00fcverteler.<\/li>\n<li>D\u00fc\u015f\u00fck koku form\u00fclasyonu.<\/li>\n<li>Solvent i\u00e7ermez<\/li>\n<li>B\u00fcz\u00fclme i\u00e7ermeyen sertle\u015fme<\/li>\n<li>Y\u00fcksek mekanik ve yorulma mukavemeti<\/li>\n<li>\u0130yi y\u00fcksek s\u0131cakl\u0131k \u00f6zellikleri<\/li>\n<li>S\u00fcnme ve strese kar\u015f\u0131 dayan\u0131kl\u0131l\u0131k<\/li>\n<li>Kullan\u0131m\u0131 kolay \u00e7evre dostu bir \u00fcr\u00fcn olarak bilinebilir<\/li>\n<li>\u00c7ok uygun maliyetli bir y\u00f6ntemdir.<\/li>\n<\/ul>\n<h2>KULLANIMLARI<\/h2>\n<ul>\n<li>Bas\u0131n\u00e7, yatay, dikey veya tepeg\u00f6z enjekte Betonun yap\u0131sal onar\u0131m\u0131 i\u00e7in \u00e7atlaklar duvar yap\u0131lar\u0131.<\/li>\n<li>Beton y\u0131\u011f\u0131nlar\u0131n\u0131 onarmak i\u00e7in agrega ile kar\u0131\u015ft\u0131r\u0131n ve Epoksi tamir harc\u0131 olarak bo\u015fluk yapar.<\/li>\n<li>\u0130yi yap\u0131\u015fmaya sahip bir enjeksiyon re\u00e7inesi olarak beton, har\u00e7, ta\u015f, \u00e7elik ve ah\u015fap.<\/li>\n<li>Yap\u0131larda bo\u015fluklar\u0131 ve \u00e7atlaklar\u0131 doldurmak ve m\u00fch\u00fcrlemek i\u00e7in kullan\u0131n k\u00f6pr\u00fcler ve di\u011fer in\u015faat m\u00fchendisli\u011fi gibi binalar, end\u00fcstriyel ve konutlar, s\u00fctunlar, kiri\u015fler, temeller, duvarlar, zeminler ve su tutma yap\u0131lar\u0131.<\/li>\n<li>Plastik b\u00fcz\u00fclme ve kurutma b\u00fcz\u00fclme yeni in\u015faat<\/li>\n<li>IER\u2122 40 suya kar\u015f\u0131 etkili bir bariyer olabilir s\u0131zma ve korozyon.<\/li>\n<\/ul>\n<h2>RAF \u00d6MR\u00dc<\/h2>\n<p>Enjeksiyon epoksi re\u00e7inesi \u00fc\u00e7 y\u0131l boyunca depolanabilir Orijinal ambalaj Kab\u0131n kapa\u011f\u0131 tutulmal\u0131d\u0131r kapal\u0131. Nem epoksi re\u00e7inelerin raf \u00f6mr\u00fcn\u00fc azaltabilir.<\/p>\n<h2>DEPOLAMA KO\u015eULLARI<\/h2>\n<p>CTech-LLC<sup>\u00ae<\/sup> IER\u2122 40 kuru ve serin bir yerde saklanmal\u0131d\u0131r. 4 \u00b0 ila 40 \u00b0 C&#8217;de yerle\u015ftirin. \u00dcr\u00fcn\u00fc dondurmay\u0131n ve Do\u011frudan g\u00fcne\u015f \u0131\u015f\u0131\u011f\u0131ndan, alevden veya di\u011fer tehlikelerden uzak.<\/p>\n<h2>EPOKS\u0130 MALZEME \u00d6ZELL\u0130KLER\u0130<\/h2>\n<table>\n<tbody>\n<tr>\n<td width=\"208\">Yo\u011funluk<\/p>\n<p>&nbsp;<\/td>\n<td width=\"208\">D-1475<\/p>\n<p>&nbsp;<\/td>\n<td width=\"208\">B\u00f6l\u00fcm A = 4.3Kg<\/p>\n<p>B\u00f6l\u00fcm B = 3.7Kg<\/p>\n<p>Kar\u0131\u015f\u0131k = 4.1kg<\/p>\n<p>&nbsp;<\/td>\n<\/tr>\n<tr>\n<td width=\"208\">Viskozite, cps<\/p>\n<p>&nbsp;<\/td>\n<td width=\"208\">D-2393<\/p>\n<p>&nbsp;<\/td>\n<td width=\"208\">B\u00f6l\u00fcm A 300<\/p>\n<p>B\u00f6l\u00fcm B 100<\/p>\n<p>Kar\u0131\u015f\u0131k 200<\/p>\n<p>&nbsp;<\/td>\n<\/tr>\n<tr>\n<td width=\"208\">Viskozite @ 4 o C, cps<\/p>\n<p>&nbsp;<\/td>\n<td width=\"208\">D-2393<\/p>\n<p>&nbsp;<\/td>\n<td width=\"208\">B\u00f6l\u00fcm A 750<\/p>\n<p>B K\u0131sm\u0131 425<\/p>\n<p>Kar\u0131\u015f\u0131k 1,450<\/p>\n<p>&nbsp;<\/td>\n<\/tr>\n<tr>\n<td width=\"208\">Gerilme direnci,<\/p>\n<p>&nbsp;<\/td>\n<td width=\"208\">D-638<\/p>\n<p>&nbsp;<\/td>\n<td width=\"208\">60,1 MPa<\/p>\n<p>&nbsp;<\/td>\n<\/tr>\n<tr>\n<td width=\"208\">Kopmada uzama,<\/p>\n<p>Y\u00fczde<\/p>\n<p>&nbsp;<\/td>\n<td width=\"208\">D-638<\/p>\n<p>&nbsp;<\/td>\n<td width=\"208\">% 2.0<\/p>\n<p>&nbsp;<\/td>\n<\/tr>\n<tr>\n<td width=\"208\">bas\u0131n\u00e7l\u0131 Akma dayan\u0131m\u0131<\/p>\n<p>&nbsp;<\/p>\n<p>&nbsp;<\/td>\n<td width=\"208\">D-695<\/p>\n<p>&nbsp;<\/td>\n<td width=\"208\">104,3 MPa<\/p>\n<p>&nbsp;<\/td>\n<\/tr>\n<tr>\n<td width=\"208\">Bas\u0131n\u00e7l\u0131 mod\u00fcl<\/p>\n<p>&nbsp;<\/td>\n<td width=\"208\">D-695<\/p>\n<p>&nbsp;<\/td>\n<td width=\"208\">2.5 GPa<\/p>\n<p>&nbsp;<\/td>\n<\/tr>\n<tr>\n<td width=\"208\">Is\u0131 sapmas\u0131 S\u0131cakl\u0131k, c<\/p>\n<p>&nbsp;<\/td>\n<td width=\"208\">D-648<\/p>\n<p>&nbsp;<\/td>\n<td width=\"208\">60 o C<\/p>\n<p>&nbsp;<\/td>\n<\/tr>\n<\/tbody>\n<\/table>\n<p>K\u00fcrlenme program\u0131, 7 g\u00fcn 23 o C +\/- 20 o C<\/p>\n<p>Aksi belirtilmedik\u00e7e, test s\u0131cakl\u0131\u011f\u0131 23 o C +\/- 20 o C.<\/p>\n<h2>KARI\u015eTIRMA<\/h2>\n<p>Epoksi bile\u015fikleri genellikle iki farkl\u0131 \u015fekilde tedarik edilir. B bile\u015feninin i\u00e7eri\u011fini d\u00f6kmeden \u00f6nce A bile\u015feninin i\u00e7eri\u011fi, her par\u00e7a kar\u0131\u015ft\u0131r\u0131lmal\u0131d\u0131r konteynerde depozito \u00f6nlemek i\u00e7in ayr\u0131 ayr\u0131. Sonra b\u00f6l\u00fcm A ve B Gerekli miktara ba\u011fl\u0131 olarak birlikte kar\u0131\u015ft\u0131r\u0131lmal\u0131d\u0131r. Kar\u0131\u015ft\u0131rma i\u015flemi d\u00fc\u015f\u00fck h\u0131z ile 2-3 dakika s\u00fcrmelidir kar\u0131\u015ft\u0131r\u0131c\u0131. D\u00fczg\u00fcn bir renk elde etmek i\u00e7in iyice kar\u0131\u015ft\u0131r\u0131n. Re\u00e7ine ve sertle\u015ftiriciyi kar\u0131\u015ft\u0131rd\u0131ktan sonra yakla\u015f\u0131k 30 dakika s\u00fcreniz olur. malzemeyi uygulama zaman\u0131. Kar\u0131\u015ft\u0131rma aletlerini uygun \u015fekilde temizleyin tekrar kullanmak i\u00e7in havlu.<\/p>\n<h2>NASIL KULLANILIR<\/h2>\n<h3>Y\u00dcZEY HAZIRLI\u011eI<\/h3>\n<p>G\u00fc\u00e7lendirme uygulamalar\u0131 i\u00e7in, alt tabaka haz\u0131rlama Sistemlerin kalitesi \u00fczerinde olduk\u00e7a etkilidir.<\/p>\n<ul>\n<li>T\u00fcm y\u00fczeyler kir, ve tozdan ar\u0131nd\u0131r\u0131lmal\u0131d\u0131r. k\u00fcr bile\u015fikleri, ya\u011flar, gres, mumlar ve t\u00fcm \u00f6nleyecek di\u011fer kirlenmi\u015f maddeler Epoksi y\u00fczeylere yap\u0131\u015f\u0131r.<\/li>\n<li>End\u00fcstriyel elektrikli s\u00fcp\u00fcrge s\u00f6kmek i\u00e7in kullan\u0131lmal\u0131d\u0131r.<\/li>\n<li>T\u00fcm y\u00fczeylerin ta\u015flanmas\u0131, kumlanmas\u0131, vurulmas\u0131 gerekir patlatma, bas\u0131n\u00e7l\u0131 y\u0131kama veya di\u011fer yayg\u0131n mekanik e\u015fit bir beton alt tabakaya ula\u015fmak i\u00e7in y\u00f6ntemler.<\/li>\n<li>Beton y\u00fczeylerin tamamen kurutulmas\u0131 gerekti\u011fini veya sertle\u015ftirilen bu \u015fekilde yap\u0131\u015ft\u0131r\u0131c\u0131 d\u00fczg\u00fcn bir \u015fekilde kuruyabilir.<\/li>\n<li>Delinmi\u015f delikleri silindirik k\u0131ll\u0131 bir f\u0131r\u00e7a ile temizleyin. gev\u015fek malzemeyi \u00e7\u0131kar\u0131n ve ard\u0131ndan ya\u011f ile temizleyin.<\/li>\n<li>Y\u00fczey s\u0131cakl\u0131klar\u0131 en az 40 o C olmal\u0131d\u0131r.<\/li>\n<\/ul>\n<h2>UYGULAMA<\/h2>\n<p>Yerle\u015fik end\u00fcstriye uygun malzeme uygulay\u0131n prosed\u00fcrler ve sadece e\u011fitimli personel kullan\u0131n Bas\u0131n\u00e7 enjeksiyon uygulamas\u0131nda tecr\u00fcbe. Devam etmek \u00c7atlak tamamen dolana kadar enjekte edin. Yeterli izin ver onar\u0131lm\u0131\u015f yap\u0131dan \u00f6nce epoksi yap\u0131\u015ft\u0131r\u0131c\u0131n\u0131n iyile\u015ftirilmesi hizmete d\u00f6nd\u00fc.<\/p>\n<h2>SINIRLAMA<\/h2>\n<p>Yap\u0131\u015ft\u0131r\u0131c\u0131lar\u0131n uygulanmas\u0131 i\u00e7in uygun s\u0131cakl\u0131k 4 \u00b0 C aras\u0131ndad\u0131r. 40 \u00b0 C&#8217;ye kadar. Uygulamada uygulama i\u00e7in tavsiye edilmez 27 \u00b0 C&#8217;nin \u00fczerinde geni\u015f \u00e7atlaklar So\u011fuk ve nemli havalarda kullan\u0131lmamal\u0131d\u0131rlar. Uygulamak i\u00e7in yeterli havaland\u0131rma kullan\u0131lmal\u0131 ve \u00e7\u00f6z\u00fcc\u00fclerle inceltilir; \u00c7\u00f6z\u00fcc\u00fcler uygun tedaviyi \u00f6nleyecektir.<\/p>\n<h2>D\u0130KKAT!<\/h2>\n<ul>\n<li>Epoksi re\u00e7ine yap\u0131\u015ft\u0131r\u0131c\u0131s\u0131 cilt ve g\u00f6z tahri\u015fine neden olabilir ve kimyasallara dayan\u0131kl\u0131 eldivenlerin kullan\u0131m\u0131 ve g\u00fcvenlik g\u00f6zl\u00fckleri tavsiye edilir.<\/li>\n<li>Her kullan\u0131mdan sonra kab\u0131 kapat\u0131n.<\/li>\n<li>\u00a0Buharlar\u0131 ve tozu solumaktan ka\u00e7\u0131n\u0131n. T\u0131bbi olsun Zorlukla nefes al\u0131yorsan\u0131z dikkat edin.<\/li>\n<li>\u00c7ocuklar\u0131n ula\u015fabilece\u011fi yerlerden uzak tutun.<\/li>\n<li>Is\u0131 veya a\u00e7\u0131k alevden uzak tutunuz.<\/li>\n<\/ul>\n<h2>G\u00dcVENL\u0130K \u00d6NLEMLER\u0130<\/h2>\n<ul>\n<li>Buharlar\u0131 solumaktan ka\u00e7\u0131n\u0131n<\/li>\n<li>G\u00f6z ve cilt temas\u0131ndan sak\u0131n\u0131n.<\/li>\n<li>Koruyucu eldiven veya bir y\u00fcz siperi ve g\u00f6zl\u00fck kullan\u0131n.<\/li>\n<li>Lastik \u00e7izmeler ve koruyucu elbiseler giyin.<\/li>\n<li>\u00dcr\u00fcnleri kullan\u0131rken yemeyiniz, i\u00e7meyiniz veya sigara kullanmay\u0131n\u0131z.<\/li>\n<li>Herhangi bir semptom meydana gelirse, a\u00e7\u0131k havaya gidin ve t\u0131bbi olsun Dikkat.<\/li>\n<\/ul>\n<h2>\u0130LK YARDIM<\/h2>\n<p>G\u00f6zleri bol miktarda suyla y\u0131kay\u0131n G\u00f6zle temas\u0131 halinde olmu\u015f. Ciltle temas\u0131 halinde, cildinizi sabun ve s\u0131cak suyla y\u0131kay\u0131n. Su Nefes almada \u00f6ks\u00fcr\u00fck veya zorluk varsa, a\u00e7\u0131k havaya gidin. Tahri\u015f devam ederse, sonunda t\u0131bbi yard\u0131m al\u0131n.<\/p>\n<p>&nbsp;<\/p>\n<div style=\"display: none;\"\n    class=\"kk-star-ratings kksr-valign-bottom kksr-align-right kksr-disabled\"\n    data-id=\"3349\"\n    data-slug=\"\">\n    <div class=\"kksr-stars\">\n    <div class=\"kksr-stars-inactive\">\n            <div class=\"kksr-star\" data-star=\"1\">\n            <div class=\"kksr-icon\" style=\"width: px; height: px;\"><\/div>\n        <\/div>\n            <div class=\"kksr-star\" data-star=\"2\">\n            <div class=\"kksr-icon\" style=\"width: px; height: px;\"><\/div>\n        <\/div>\n            <div class=\"kksr-star\" data-star=\"3\">\n            <div class=\"kksr-icon\" style=\"width: px; height: px;\"><\/div>\n        <\/div>\n            <div class=\"kksr-star\" data-star=\"4\">\n            <div class=\"kksr-icon\" style=\"width: px; height: px;\"><\/div>\n        <\/div>\n            <div class=\"kksr-star\" data-star=\"5\">\n            <div class=\"kksr-icon\" style=\"width: px; height: px;\"><\/div>\n        <\/div>\n    <\/div>\n    <div class=\"kksr-stars-active\" style=\"width: 0px;\">\n            <div class=\"kksr-star\">\n            <div class=\"kksr-icon\" style=\"width: px; height: px;\"><\/div>\n        <\/div>\n            <div class=\"kksr-star\">\n            <div class=\"kksr-icon\" style=\"width: px; height: px;\"><\/div>\n        <\/div>\n            <div class=\"kksr-star\">\n            <div class=\"kksr-icon\" style=\"width: px; height: px;\"><\/div>\n        <\/div>\n            <div class=\"kksr-star\">\n            <div class=\"kksr-icon\" style=\"width: px; height: px;\"><\/div>\n        <\/div>\n            <div class=\"kksr-star\">\n            <div class=\"kksr-icon\" style=\"width: px; height: px;\"><\/div>\n        <\/div>\n    <\/div>\n<\/div>\n    <div class=\"kksr-legend\">\n            <strong class=\"kksr-score\">5<\/strong>\n        <span class=\"kksr-muted\">\/<\/span>\n        <strong>5<\/strong>\n        <span class=\"kksr-muted\">(<\/span>\n        <strong class=\"kksr-count\">1<\/strong>\n        <span class=\"kksr-muted\">\n            vote        <\/span>\n        <span class=\"kksr-muted\">)<\/span>\n    <\/div>\n<\/div>\n","protected":false},"excerpt":{"rendered":"<p>CTech-LLC<sup>\u00ae<\/sup> Enjeksiyon Epoksi Re\u00e7ine (IER\u2122) iki bile\u015fenli,% 100 kat\u0131, y\u00fcksek mukavemetli, solventsiz epoksi yap\u0131\u015ft\u0131r\u0131c\u0131d\u0131r. M\u00fckemmel yap\u0131\u015ft\u0131r\u0131c\u0131 g\u00fcc\u00fc ve y\u00fcksek doyurucu kabiliyeti, IER\u2122&#8217;yi,<a href=\"https:\/\/ctech-llc.com\/tr\/products\/composite-systems\/unidirectional-carbon-laminate\"> FRP levhalar<\/a>, metal elementler, plastikler ve di\u011fer bir\u00e7ok malzeme ve eleman gibi \u00e7ok \u00e7e\u015fitli elementleri ve malzemeleri yap\u0131\u015ft\u0131rmak i\u00e7in uygun bir malzeme yapar. IER\u2122, beton yap\u0131lar\u0131n b\u00fct\u00fcnl\u00fc\u011f\u00fcn\u00fc yap\u0131sal olarak restore etmek ve su ve agresif maddelerin giri\u015fine kar\u015f\u0131 s\u00fcrekli olarak m\u00fch\u00fcrlemek i\u00e7in beton \u00e7atlaklar\u0131n\u0131 tamir etmek i\u00e7in ideal bir malzemedir. IER\u2122&#8217;nin baz\u0131 avantajlar\u0131 \u015fu \u015fekilde ifade edilebilir:<\/p>\n","protected":false},"featured_media":3350,"comment_status":"open","ping_status":"closed","template":"","meta":[],"_links":{"self":[{"href":"https:\/\/ctech-llc.com\/tr\/wp-json\/wp\/v2\/product\/3349"}],"collection":[{"href":"https:\/\/ctech-llc.com\/tr\/wp-json\/wp\/v2\/product"}],"about":[{"href":"https:\/\/ctech-llc.com\/tr\/wp-json\/wp\/v2\/types\/product"}],"replies":[{"embeddable":true,"href":"https:\/\/ctech-llc.com\/tr\/wp-json\/wp\/v2\/comments?post=3349"}],"wp:featuredmedia":[{"embeddable":true,"href":"https:\/\/ctech-llc.com\/tr\/wp-json\/wp\/v2\/media\/3350"}],"wp:attachment":[{"href":"https:\/\/ctech-llc.com\/tr\/wp-json\/wp\/v2\/media?parent=3349"}],"curies":[{"name":"wp","href":"https:\/\/api.w.org\/{rel}","templated":true}]}}