{"id":3347,"date":"2018-12-17T10:52:30","date_gmt":"2018-12-17T07:22:30","guid":{"rendered":"https:\/\/ctech-llc.com\/tr\/?post_type=product&#038;p=3347"},"modified":"2024-11-16T02:21:58","modified_gmt":"2024-11-15T22:51:58","slug":"epoksi-astar","status":"publish","type":"product","link":"https:\/\/ctech-llc.com\/tr\/products\/resins-and-coatings\/epoxy-primer\/","title":{"rendered":"Epoksi Astar"},"content":{"rendered":"<ul>\n<li>\u00c7ok daha az viskozite<\/li>\n<li>\u0130yi haz\u0131rlanm\u0131\u015f substratlara ve geni\u015f bir substrat yelpazesine m\u00fckemmel yap\u0131\u015fma<\/li>\n<li>\u0130yi nem ve korozyon direnci<\/li>\n<li>Substrat kimyasal direncini geli\u015ftirmek<\/li>\n<li>H\u0131zl\u0131 tedavi tepki<\/li>\n<li>Beton tozunu gidermek i\u00e7in derinlemesine n\u00fcfuz eder.<\/li>\n<li>y\u0131k\u0131c\u0131 tuzlar, ya\u011flar, \u00e7\u00f6z\u00fcc\u00fcler ve benzinin sald\u0131r\u0131lar\u0131na kar\u015f\u0131 etkili koruma<\/li>\n<\/ul>\n<h2>yap\u0131sal \u00fcyelerin Avantajlar\u0131<\/h2>\n<ul>\n<li>\u00c7ok d\u00fc\u015f\u00fck viskozite<\/li>\n<li>\u0130yi haz\u0131rlanm\u0131\u015f alt tabakalara m\u00fckemmel yap\u0131\u015fma ve \u00c7ok \u00e7e\u015fitli alt tabakalar.<\/li>\n<li>\u0130yi nem ve korozyon direnci<\/li>\n<li>Kimyasal madde direncini artt\u0131r\u0131r<\/li>\n<li>H\u0131zl\u0131 sertle\u015fme tepkisi<\/li>\n<li>Epoksi astar, betonu gidermek i\u00e7in derinlere n\u00fcfuz eder.<\/li>\n<li>Tozlanma, kolay temizlik ve minimum bak\u0131m.<\/li>\n<li>WEP\u2122 200, y\u0131k\u0131c\u0131 tuzlar, ya\u011flar, \u00e7\u00f6z\u00fcc\u00fcler ve benzin.<\/li>\n<\/ul>\n<h2>KULLANIMLARI<\/h2>\n<p>WEP\u2122 200, nemli y\u00fczeye m\u00fcdahale etmek i\u00e7in <a href=\"https:\/\/ctech-llc.com\/tr\/products\/resins-coatings\/\">Epoksi malzemelerin<\/a> normalde yap\u0131\u015fma \u00f6zelli\u011fi alt-tabakalar. Bu malzeme karbon \u00f6rt\u00fcs\u00fc alt\u0131nda bir astar olarak kullan\u0131l\u0131r sistemler ve laminatlar. WEP\u2122 200, bir \u00fcst s\u0131n\u0131f anti-korozif astard\u0131r. Epoksi astar, binalarda kullan\u0131labilir, Pompa tabanlar\u0131, D\u00f6\u015feme ekipman\u0131 ve prekast beton, fayans alt\u0131nda ve di\u011fer yap\u0131 ve elementler.<\/p>\n<h2>RAF \u00d6MR\u00dc<\/h2>\n<p>Islak epoksi astar (WEP\u2122 200) 2 y\u0131l s\u00fcreyle saklanabilir a\u00e7\u0131lmam\u0131\u015f ambalaj\u0131nda.<\/p>\n<h2>DEPOLAMA KO\u015eULLARI<\/h2>\n<p>WEP\u2122 200, 5 \u00b0 -35 \u00b0 C&#8217;de ve serin bir yerde saklanmal\u0131d\u0131r ama donmaya izin vermeyin. Ge\u00e7ici depolama y\u00fcksek s\u0131cakl\u0131klarda, her iki kapakta olmamal\u0131 bile\u015fenler s\u0131k\u0131ca kapat\u0131lmal\u0131d\u0131r.<\/p>\n<h2>KARI\u015eTIRMA<\/h2>\n<p>Epoksi astar bile\u015fikleri genellikle iki olarak tedarik edilir. \u0130\u00e7eri\u011fini d\u00f6kmeden \u00f6nce bile\u015fen B, bile\u015fen A&#8217;n\u0131n i\u00e7eri\u011fine, her par\u00e7aya Konteyn\u0131rda birikmeyi \u00f6nlemek i\u00e7in ayr\u0131ca kar\u0131\u015ft\u0131r\u0131lmal\u0131d\u0131r. Daha sonra A ve B b\u00f6l\u00fcmleri birbirine ba\u011fl\u0131 olarak kar\u0131\u015ft\u0131r\u0131lmal\u0131d\u0131r. gerekli miktarda Kar\u0131\u015ft\u0131rma i\u015flemi s\u00fcrmelidir. D\u00fc\u015f\u00fck h\u0131zl\u0131 kar\u0131\u015ft\u0131r\u0131c\u0131 ile 2-3 dakika. Temiz kar\u0131\u015ft\u0131rma ara\u00e7lar\u0131 onlar\u0131 yeniden kullanmak i\u00e7in uygun bir havlu ile.<\/p>\n<h2>SINIRLAMA<\/h2>\n<p>WEP\u2122 200 kullan\u0131m\u0131 i\u00e7in uygun s\u0131cakl\u0131k 5 \u00b0 C aras\u0131ndad\u0131r. uygulama i\u00e7in 35 \u00b0 C&#8217;ye kadar yeterli havaland\u0131rma kullan\u0131lmal\u0131d\u0131r. So\u011fuk ve nemli havalarda kullan\u0131lmamal\u0131d\u0131rlar. Ko\u015fullar tam tedaviye izin vermezse uygulamay\u0131n Ya\u011fmur, \u00e7iy veya donma s\u0131cakl\u0131klar\u0131ndan \u00f6nce olu\u015fur.<\/p>\n<h2>EPOKS\u0130 B\u0130LE\u015eEN \u00d6ZELL\u0130KLER\u0130<\/h2>\n<table>\n<tbody>\n<tr>\n<td width=\"312\">Net a\u011f\u0131rl\u0131k<\/p>\n<p>&nbsp;<\/td>\n<td width=\"312\">Bile\u015fen A = 20 kg<\/p>\n<p>Bile\u015fen B = 5 kg<\/p>\n<p>&nbsp;<\/td>\n<\/tr>\n<tr>\n<td width=\"312\">Renk<\/p>\n<p>&nbsp;<\/td>\n<td width=\"312\">Bile\u015fen A temiz<\/p>\n<p>B bile\u015feni sar\u0131d\u0131r<\/p>\n<p>&nbsp;<\/td>\n<\/tr>\n<tr>\n<td width=\"312\">Son Tutarl\u0131l\u0131k<\/p>\n<p>&nbsp;<\/td>\n<td width=\"312\">Orta ince s\u0131v\u0131 formu<\/p>\n<p>F\u0131r\u00e7a veya rulo i\u00e7in uygun<\/p>\n<p>uygulama<\/p>\n<p>&nbsp;<\/td>\n<\/tr>\n<tr>\n<td width=\"312\">Kap \u00f6mr\u00fc<\/p>\n<p>20 \u00b0 C&#8217;deki yo\u011funluk<\/p>\n<p>&nbsp;<\/td>\n<td width=\"312\">16 o 1-3 saat &#8211; 27 o C<\/p>\n<p>Bile\u015fen A = 1,13 kg \/ L<\/p>\n<p>Bile\u015fen B = 0,99 kg \/ L<\/p>\n<p>Kar\u0131\u015f\u0131k \u00dcr\u00fcn = 1,07 kg \/ L<\/p>\n<p>&nbsp;<\/td>\n<\/tr>\n<\/tbody>\n<\/table>\n<p>&nbsp;<\/p>\n<h2>NASIL KULLANILIR<\/h2>\n<h3>Y\u00dcZEY HAZIRLI\u011eI<\/h3>\n<p>Y\u00fczey haz\u0131rl\u0131\u011f\u0131 kalitesini etkileyebilir. G\u00fc\u00e7lendirme uygulamalar\u0131nda epoksi astar sistemleri. Hepsi y\u00fczeyler kir, toz ve k\u00fcrden ar\u0131nd\u0131r\u0131lmal\u0131d\u0131r. bile\u015fikler, ya\u011flar, gres, mumlar ve di\u011fer t\u00fcm arkas\u0131ndaki bo\u015fluklara neden olabilecek kirlenmi\u015f maddeler sistemleri. End\u00fcstriyel bir elektrikli s\u00fcp\u00fcrge kullan\u0131lmal\u0131d\u0131r. tozu ve kiri temizleyin. T\u00fcm y\u00fczeylerin ta\u015flanmas\u0131 gerekir, Kumlama, bas\u0131n\u00e7l\u0131 y\u0131kama veya di\u011fer E\u015fit betona ula\u015fmak i\u00e7in ortak mekanik y\u00f6ntemler alt-tabaka. Haz\u0131rlanmas\u0131 i\u00e7in su kullan\u0131lmas\u0131 durumunda, 24 saat kurumaya b\u0131rak\u0131l\u0131r. Beton y\u00fczeylerin tamamen kurutulmas\u0131 veya k\u00fcrlenmesi gerekti\u011fini unutmay\u0131n.<\/p>\n<h2>EPOKS\u0130 MALZEME \u00d6ZELL\u0130KLER\u0130<\/h2>\n<table>\n<tbody>\n<tr>\n<td width=\"208\">M\u00dcLK\u0130YET<\/p>\n<p>&nbsp;<\/td>\n<td width=\"208\">ASTM Y\u00d6NTEM<\/p>\n<p>&nbsp;<\/td>\n<td width=\"208\">T\u0130P\u0130K TEST<\/p>\n<p>DE\u011eER *<\/p>\n<p>&nbsp;<\/td>\n<\/tr>\n<tr>\n<td width=\"208\">T g<\/p>\n<p>&nbsp;<\/td>\n<td width=\"208\">E-1356<\/p>\n<p>&nbsp;<\/td>\n<td width=\"208\">67 o C<\/p>\n<p>&nbsp;<\/td>\n<\/tr>\n<tr>\n<td width=\"208\">\u00c7ekme Dayan\u0131m\u0131 1<\/p>\n<p>&nbsp;<\/td>\n<td width=\"208\">D-638<\/p>\n<p>Tip 1<\/p>\n<p>&nbsp;<\/td>\n<td width=\"208\">54.0 MPa<\/p>\n<p>&nbsp;<\/td>\n<\/tr>\n<tr>\n<td width=\"208\">Gerilim mod\u00fclleri<\/p>\n<p>&nbsp;<\/td>\n<td width=\"208\">D-638<\/p>\n<p>Tip 1<\/p>\n<p>&nbsp;<\/td>\n<td width=\"208\">2.11 GPa<\/p>\n<p>&nbsp;<\/td>\n<\/tr>\n<tr>\n<td width=\"208\">Uzama y\u00fczde<\/p>\n<p>&nbsp;<\/td>\n<td width=\"208\">D-638<\/p>\n<p>Tip 1<\/p>\n<p>&nbsp;<\/td>\n<td width=\"208\">% 3.4<\/p>\n<p>&nbsp;<\/td>\n<\/tr>\n<tr>\n<td width=\"208\">B\u00fck\u00fclme mukavemeti<\/p>\n<p>&nbsp;<\/td>\n<td width=\"208\">D-790<\/p>\n<p>&nbsp;<\/td>\n<td width=\"208\">104,6 MPa<\/p>\n<p>&nbsp;<\/td>\n<\/tr>\n<tr>\n<td width=\"208\">E\u011filme Mod\u00fcl\u00fc<\/p>\n<p>&nbsp;<\/td>\n<td width=\"208\">D-790<\/p>\n<p>&nbsp;<\/td>\n<td width=\"208\">53 GPa<\/p>\n<p>&nbsp;<\/td>\n<\/tr>\n<\/tbody>\n<\/table>\n<p>K\u00fcrlenme program\u0131, 60 o C&#8217;de k\u00fcrlenmesinden 72 saat sonra<\/p>\n<h2>UYGULAMA<\/h2>\n<p>T\u00fcm kontamine elemanlar\u0131n y\u00fczeyi iyice temizlendi. A ve B par\u00e7alar\u0131n\u0131 d\u00fc\u015f\u00fck ile kar\u0131\u015ft\u0131r\u0131n h\u0131zl\u0131 kar\u0131\u015ft\u0131r\u0131c\u0131. bir f\u0131r\u00e7a, veya mala rulo ile uygulanabilir. Bir silindiri kullanmak, hava kabarc\u0131klar\u0131n\u0131 ortadan kald\u0131rmaya yard\u0131mc\u0131 olabilir. astar ve alt tabaka, ayn\u0131 zamanda bir aralar\u0131nda iyi bir ba\u011f var. Kapsama oran\u0131 de\u011fi\u015fecektir y\u00fczey g\u00f6zeneklili\u011fine ba\u011fl\u0131 olarak. Bir kat genellikle Epoksi astar oldu\u011funda alt tabakalar\u0131n s\u0131zd\u0131rmazl\u0131\u011f\u0131 i\u00e7in yeterli Bir astar olarak kullan\u0131l\u0131r. ve m\u00fch\u00fcrleyici \/ fini\u015f olarak kullan\u0131lmas\u0131 durumunda, Tek tip parlakl\u0131k elde etmek i\u00e7in iki kat gereklidir. \u0130ki hafif s\u0131zd\u0131rmazl\u0131k s\u0131ras\u0131nda da kat gerekebilir beton veya di\u011fer y\u00fcksek g\u00f6zenekli y\u00fczeyler.<\/p>\n<h2>D\u0130KKAT!<\/h2>\n<p>Epoksi astar\u0131n t\u00fcm bile\u015fenleri cilde ve g\u00f6ze neden olabilir. Kimyasal dayan\u0131kl\u0131 kullan\u0131m\u0131 eldiven ve koruyucu g\u00f6zl\u00fck kullan\u0131lmas\u0131 tavsiye edilir. Yeterli havaland\u0131rma kullan\u0131n ve nefes alan buharlardan ka\u00e7\u0131n\u0131n. Nefes al\u0131yorsan\u0131z t\u0131bbi yard\u0131m al\u0131n.<\/p>\n<h2>G\u00dcVENL\u0130K \u00d6NLEMLER\u0130<\/h2>\n<ul>\n<li>G\u00f6zle temastan ka\u00e7\u0131n\u0131n.<\/li>\n<li>Astar\u0131n cilde temas etmesine izin vermeyin.<\/li>\n<li>Lastik \u00e7izmeler ve koruyucu elbiseler giyin.<\/li>\n<li>\u00dcr\u00fcnleri kullan\u0131rken yemeyiniz, i\u00e7meyiniz veya sigara kullanmay\u0131n\u0131z.<\/li>\n<li>\u0130yi havaland\u0131r\u0131lm\u0131\u015f ko\u015fullar ve yeterli hava alt\u0131nda kullan\u0131n ak\u0131\u015f.<\/li>\n<li>E\u011fer herhangi bir semptom meydana gelirse, a\u00e7\u0131k havaya \u00e7\u0131k\u0131n ve t\u0131bbi yard\u0131m.<\/li>\n<\/ul>\n<h2>\u0130LK YARDIM<\/h2>\n<p>G\u00f6z temas\u0131 olu\u015ftu\u011funda, g\u00f6zleri b\u00fcy\u00fck miktarlarda y\u0131kay\u0131n. su ve t\u0131bbi yard\u0131m al\u0131n. Ciltle temas\u0131 halinde cildinizi sabunla y\u0131kay\u0131n ve tahri\u015f devam ederse su ve t\u0131bbi yard\u0131m al\u0131n. Nefes almada \u00f6ks\u00fcr\u00fck veya zorluk varsa, a\u00e7\u0131k havaya gidin ve devam ederse t\u0131bbi yard\u0131m al\u0131n.<\/p>\n<div style=\"display: none;\"\n    class=\"kk-star-ratings kksr-valign-bottom kksr-align-right kksr-disabled\"\n    data-id=\"3347\"\n    data-slug=\"\">\n    <div class=\"kksr-stars\">\n    <div class=\"kksr-stars-inactive\">\n            <div class=\"kksr-star\" data-star=\"1\">\n            <div class=\"kksr-icon\" style=\"width: px; height: px;\"><\/div>\n        <\/div>\n            <div class=\"kksr-star\" data-star=\"2\">\n            <div class=\"kksr-icon\" style=\"width: px; height: px;\"><\/div>\n        <\/div>\n            <div class=\"kksr-star\" data-star=\"3\">\n            <div class=\"kksr-icon\" style=\"width: px; height: px;\"><\/div>\n        <\/div>\n            <div class=\"kksr-star\" data-star=\"4\">\n            <div class=\"kksr-icon\" style=\"width: px; height: px;\"><\/div>\n        <\/div>\n            <div class=\"kksr-star\" data-star=\"5\">\n            <div class=\"kksr-icon\" style=\"width: px; height: px;\"><\/div>\n        <\/div>\n    <\/div>\n    <div class=\"kksr-stars-active\" style=\"width: 0px;\">\n            <div class=\"kksr-star\">\n            <div class=\"kksr-icon\" style=\"width: px; height: px;\"><\/div>\n        <\/div>\n            <div class=\"kksr-star\">\n            <div class=\"kksr-icon\" style=\"width: px; height: px;\"><\/div>\n        <\/div>\n            <div class=\"kksr-star\">\n            <div class=\"kksr-icon\" style=\"width: px; height: px;\"><\/div>\n        <\/div>\n            <div class=\"kksr-star\">\n            <div class=\"kksr-icon\" style=\"width: px; height: px;\"><\/div>\n        <\/div>\n            <div class=\"kksr-star\">\n            <div class=\"kksr-icon\" style=\"width: px; height: px;\"><\/div>\n        <\/div>\n    <\/div>\n<\/div>\n    <div class=\"kksr-legend\">\n            <strong class=\"kksr-score\">5<\/strong>\n        <span class=\"kksr-muted\">\/<\/span>\n        <strong>5<\/strong>\n        <span class=\"kksr-muted\">(<\/span>\n        <strong class=\"kksr-count\">2<\/strong>\n        <span class=\"kksr-muted\">\n            votes        <\/span>\n        <span class=\"kksr-muted\">)<\/span>\n    <\/div>\n<\/div>\n","protected":false},"excerpt":{"rendered":"<p>CTech-LLC<sup>\u00ae<\/sup> Islak Epoksi Astar (WEP\u2122 200), y\u00fczeyin \u00f6zellikle \u0131slak veya nemli y\u00fczeylerde kullan\u0131ma y\u00f6nelik olarak astarlanmas\u0131 i\u00e7in tasarlanm\u0131\u015f, neme toleransl\u0131 bir epoksi re\u00e7ine sistemidir. WEP\u2122 200, m\u00fckemmel ak\u0131\u015f, iyi uygulama ve m\u00fckemmel yap\u0131\u015fma \u00f6zelliklerine sahip, a\u00e7\u0131k, d\u00fc\u015f\u00fck viskoziteli,% 100 kat\u0131 form\u00fclasyonudur. D\u00fc\u015f\u00fck viskozite, y\u00fczeyi h\u0131zla \u0131slat\u0131r ve k\u00fc\u00e7\u00fck \u00e7atlaklara ve y\u00fczey kusurlar\u0131na n\u00fcfuz eder. Astar 2: 1 volumetrik kar\u0131\u015f\u0131m\u0131n kullan\u0131m\u0131 kolayd\u0131r ve d\u00fc\u015f\u00fck koku ile \u00e7abuk k\u00fcrlenir. WEP\u2122 200, <a href=\"https:\/\/ctech-llc.com\/tr\/applications\">yap\u0131sal elemanlar\u0131n g\u00fc\u00e7lendirilmesi<\/a> gibi farkl\u0131 alanlarda kullan\u0131labilir ve ayn\u0131 zamanda astar epoksi, kir, ya\u011f, \u00e7\u00f6z\u00fcc\u00fc ve benzinin n\u00fcfuzunu etkili bir \u015fekilde \u00f6nleyecektir. WEP\u2122 200 a\u015fa\u011f\u0131daki avantajlardan dolay\u0131 kullan\u0131lmas\u0131 \u015fiddetle \u00f6nerilir:<\/p>\n","protected":false},"featured_media":3348,"comment_status":"open","ping_status":"closed","template":"","meta":[],"_links":{"self":[{"href":"https:\/\/ctech-llc.com\/tr\/wp-json\/wp\/v2\/product\/3347"}],"collection":[{"href":"https:\/\/ctech-llc.com\/tr\/wp-json\/wp\/v2\/product"}],"about":[{"href":"https:\/\/ctech-llc.com\/tr\/wp-json\/wp\/v2\/types\/product"}],"replies":[{"embeddable":true,"href":"https:\/\/ctech-llc.com\/tr\/wp-json\/wp\/v2\/comments?post=3347"}],"wp:featuredmedia":[{"embeddable":true,"href":"https:\/\/ctech-llc.com\/tr\/wp-json\/wp\/v2\/media\/3348"}],"wp:attachment":[{"href":"https:\/\/ctech-llc.com\/tr\/wp-json\/wp\/v2\/media?parent=3347"}],"curies":[{"name":"wp","href":"https:\/\/api.w.org\/{rel}","templated":true}]}}