{"id":3341,"date":"2018-12-16T16:07:31","date_gmt":"2018-12-16T12:37:31","guid":{"rendered":"https:\/\/ctech-llc.com\/tr\/?post_type=product&#038;p=3341"},"modified":"2020-12-06T10:10:11","modified_gmt":"2020-12-06T06:40:11","slug":"epoksi-doyurma-recinesi","status":"publish","type":"product","link":"https:\/\/ctech-llc.com\/tr\/products\/resins-and-coatings\/saturant-epoxy\/","title":{"rendered":"Epoksi Doyurma Re\u00e7inesi"},"content":{"rendered":"<ul>\n<li>ERS\u2122 200 ve ERS\u2122 400, havac\u0131l\u0131k end\u00fcstrisinde yayg\u0131n olarak kullan\u0131lmaktad\u0131r. \u0130\u00e7 ve d\u0131\u015f u\u00e7ak bile\u015fenlerini monte etmek veya onarmak i\u00e7in bu g\u00fc\u00e7l\u00fc re\u00e7ineleri kullanabiliriz.<\/li>\n<li>\u00a0ERS\u2122 200 ve ERS\u2122 400, denizcilik end\u00fcstrisinde yararl\u0131 olabilir. Bunlar, sualt\u0131 g\u00f6vdeleri, balast, tanklar, kargo tanklar\u0131 ve \u00fcst yap\u0131lar gibi farkl\u0131 gemilerin onar\u0131m\u0131 i\u00e7in ideal malzemelerdir.<\/li>\n<li>CTech-LLC<sup>\u00ae<\/sup> Epoksi re\u00e7ineler, farkl\u0131 yap\u0131 tiplerinin g\u00fc\u00e7lendirilmesinde yayg\u0131n olarak kullan\u0131lan y\u00fcksek performansl\u0131 yap\u0131\u015ft\u0131r\u0131c\u0131lard\u0131r.<\/li>\n<li>ERS\u2122 200 ve ERS\u2122 400, elektrik izolat\u00f6rleridir, bu nedenle elektrik end\u00fcstrisinde olduk\u00e7a kullan\u0131l\u0131rlar. CTech-LLC<sup>\u00ae<\/sup> epoksi re\u00e7ineler, motorlar ve jenerat\u00f6rler gibi bir\u00e7ok elektrik bile\u015feninin \u00fcretiminde kullan\u0131labilir.<\/li>\n<li>G\u00fcn\u00fcm\u00fczde, epoksi re\u00e7inelerin kullan\u0131lmas\u0131 otomobillerin farkl\u0131 bile\u015fenlerinin yap\u0131\u015ft\u0131r\u0131lmas\u0131nda etkili bir y\u00f6ntemdir, bu y\u00fczden bunlar\u0131 g\u00fcne\u015f \u00e7at\u0131lar\u0131, yan aynalar, spoiler ve benzeri \u015feyler gibi farkl\u0131 par\u00e7alar\u0131n montaj\u0131nda \u200b\u200bkullanabiliriz.<\/li>\n<li>R\u00fczgar t\u00fcrbini rotor kanatlar\u0131n\u0131n \u00e7o\u011fu epoksi re\u00e7inelerden yap\u0131lm\u0131\u015ft\u0131r. G\u00fc\u00e7l\u00fc yap\u0131\u015fma ve dayan\u0131kl\u0131l\u0131klar\u0131ndan dolay\u0131 epoksiler t\u00fcrbin kanatlar\u0131 i\u00e7in uygun malzemeler olabilir.<\/li>\n<li>Yap\u0131lar\u0131n g\u00fc\u00e7lendirilmesinde hem ERS\u2122 200 hem de ERS\u2122 400 dahil olmak \u00fczere CTech-LLC<sup>\u00ae<\/sup> epoksi re\u00e7inelerinin kullan\u0131lmas\u0131n\u0131n baz\u0131 faydalar\u0131 a\u015fa\u011f\u0131daki gibi olabilir:<\/li>\n<li>di\u011fer malzemelerle kar\u015f\u0131la\u015ft\u0131r\u0131ld\u0131\u011f\u0131nda daha y\u00fcksek mukavemet<\/li>\n<li>Son derece dayan\u0131kl\u0131 ve s\u0131cakl\u0131\u011fa ve neme dayan\u0131kl\u0131<\/li>\n<li>Y\u00fcksek yorulma mukavemeti<\/li>\n<li>\u00fcksek mekanik ve kimyasal diren\u00e7Y\u00fcksek yap\u0131\u015ft\u0131r\u0131c\u0131 g\u00fcc\u00fc<\/li>\n<li>Karbon ve cam elyaflar, metal elemanlar, plastikler dahil olmak \u00fczere geni\u015f bir yelpazede eleman ve malzemelerin yap\u0131\u015ft\u0131r\u0131lmas\u0131nda kullan\u0131labilir<\/li>\n<li>Kullan\u0131m\u0131 kolay<\/li>\n<li>\u00c7evre dostu bir \u00fcr\u00fcn.<\/li>\n<li>Y\u00fcksek dielektrik performans\u0131 ve elektri\u011fe dayan\u0131kl\u0131d\u0131r<\/li>\n<li>H\u0131zl\u0131 tedavi tepki<\/li>\n<li>uygun maliyetli<\/li>\n<li>Substrat \u00fczerinde ya\u011f i\u015flenmeye dayanabilir<\/li>\n<li>Tatmin edici ba\u011f mukavemeti.<\/li>\n<\/ul>\n<h2>RAF \u00d6MR\u00dc<\/h2>\n<p>ERS\u2122 400 orijinal ambalaj\u0131nda \u200b\u200bsaklanmal\u0131d\u0131r. Kapak konteynerin kapal\u0131 tutulmal\u0131d\u0131r. Nem can Epoksi re\u00e7inelerin raf \u00f6mr\u00fcn\u00fc azalt\u0131r. Uygun depolama ile, re\u00e7ine ve sertle\u015ftiriciler en az 24 i\u00e7in kullan\u0131labilir kal\u0131r ayd\u0131r.<\/p>\n<h2>DEPOLAMA KO\u015eULLARI<\/h2>\n<p>ERS\u2122 400 kuru ve serin bir yerde saklanmal\u0131d\u0131r. S\u0131cakl\u0131k 10 \u00b0 ila 35 \u00b0 C aras\u0131nda olmal\u0131d\u0131r. \u00dcr\u00fcn\u00fc dondurmak ve do\u011frudan g\u00fcne\u015f \u0131\u015f\u0131\u011f\u0131ndan uzak tutmak alev veya di\u011fer tehlikeler.<\/p>\n<h2>EPOKS\u0130 B\u0130LE\u015eEN\u0130 F\u0130Z\u0130KSEL \u00d6ZELL\u0130KLER\u0130<\/h2>\n<h3>ERS\u2122 200<\/h3>\n<table style=\"height: 1285px;\" width=\"582\">\n<tbody>\n<tr>\n<td width=\"312\">Kimyasal baz<\/p>\n<p>&nbsp;<\/td>\n<td width=\"312\">Epoksi re\u00e7ine<\/p>\n<p>&nbsp;<\/td>\n<\/tr>\n<tr>\n<td width=\"312\">Net a\u011f\u0131rl\u0131k<\/p>\n<p>&nbsp;<\/td>\n<td width=\"312\">Bile\u015fen A = 20 Kg<\/p>\n<p>Bile\u015fen B = 2,6 Kg<\/p>\n<p>&nbsp;<\/td>\n<\/tr>\n<tr>\n<td width=\"312\">Kar\u0131\u015f\u0131m oran\u0131<\/p>\n<p>&nbsp;<\/td>\n<td width=\"312\">100: 13<\/p>\n<p>B\u00f6l\u00fcm A: 100<\/p>\n<p>B\u00f6l\u00fcm B: 13<\/p>\n<p>&nbsp;<\/td>\n<\/tr>\n<tr>\n<td width=\"312\">Renk<\/p>\n<p>&nbsp;<\/td>\n<td width=\"312\">Bile\u015fen A, soluk sar\u0131ya a\u00e7\u0131k<\/p>\n<p>Bile\u015fen B temiz<\/p>\n<p>Kar\u0131\u015f\u0131k \u00fcr\u00fcn soluk sar\u0131ya a\u00e7\u0131kt\u0131r<\/p>\n<p>&nbsp;<\/td>\n<\/tr>\n<tr>\n<td width=\"312\">viskozite<\/p>\n<p>&nbsp;<\/td>\n<td width=\"312\">21 o C&#8217;de A bile\u015feni 8000-11000 cps&#8217;dir.<\/p>\n<p>21 o C&#8217;de B bile\u015feni 200 cps&#8217;dir<\/p>\n<p>Kar\u0131\u015f\u0131k \u00fcr\u00fcn 700-800 cps viskozitesi<\/p>\n<p>&nbsp;<\/td>\n<\/tr>\n<tr>\n<td width=\"312\">Kap \u00f6mr\u00fc<\/p>\n<p>&nbsp;<\/td>\n<td width=\"312\">21 o C&#8217;de 25 ila 30 dakika<\/p>\n<p>&nbsp;<\/p>\n<p>&nbsp;<\/td>\n<\/tr>\n<tr>\n<td width=\"312\">21 o C&#8217;deki yo\u011funluk<\/p>\n<p>ASTM D792<\/p>\n<p>&nbsp;<\/td>\n<td width=\"312\">Bile\u015fen A = 1,16 kg \/ L<\/p>\n<p>Bile\u015fen B = 0,95 kg \/ L<\/p>\n<p>Kar\u0131\u015f\u0131k \u00fcr\u00fcn = 1.11kg \/ L<\/p>\n<p>&nbsp;<\/td>\n<\/tr>\n<tr>\n<td width=\"312\">Uygulama Y\u00f6ntemler<\/p>\n<p>&nbsp;<\/td>\n<td width=\"312\">El yat\u0131r\u0131m\u0131<\/p>\n<p>Sprey makinesi<\/p>\n<p>Robot s\u00fcre\u00e7leri<\/p>\n<p>&nbsp;<\/td>\n<\/tr>\n<tr>\n<td width=\"312\">Raf zaman\u0131<\/p>\n<p>&nbsp;<\/td>\n<td width=\"312\">24 ay<\/p>\n<p>&nbsp;<\/td>\n<\/tr>\n<tr>\n<td width=\"312\">Depolama durumu<\/td>\n<td width=\"312\">Depolama Kuru ve do\u011frudan g\u00fcne\u015f \u0131\u015f\u0131\u011f\u0131ndan uzak 10<\/p>\n<p>40 o C<\/p>\n<p>&nbsp;<\/td>\n<\/tr>\n<\/tbody>\n<\/table>\n<p>&nbsp;<\/p>\n<h3>ERS\u2122 400<\/h3>\n<table>\n<tbody>\n<tr>\n<td width=\"312\">Kimyasal baz<\/p>\n<p>&nbsp;<\/td>\n<td width=\"312\">Epoksi re\u00e7ine<\/p>\n<p>&nbsp;<\/td>\n<\/tr>\n<tr>\n<td width=\"312\">Net a\u011f\u0131rl\u0131k<\/p>\n<p>&nbsp;<\/td>\n<td width=\"312\">Bile\u015fen A = 10 ve 20 Kg<\/p>\n<p>Bile\u015fen B = 5 ve 10 Kg<\/p>\n<p>&nbsp;<\/td>\n<\/tr>\n<tr>\n<td width=\"312\">Kar\u0131\u015f\u0131m oran\u0131<\/p>\n<p>&nbsp;<\/td>\n<td width=\"312\">100: 50<\/p>\n<p>B\u00f6l\u00fcm A: 100<\/p>\n<p>B\u00f6l\u00fcm B: 50<\/p>\n<p>&nbsp;<\/td>\n<\/tr>\n<tr>\n<td width=\"312\">Renk<\/p>\n<p>&nbsp;<\/td>\n<td width=\"312\">Bile\u015fen A gri hamurdur<\/p>\n<p>B bile\u015feni beyaz macun<\/p>\n<p>Kar\u0131\u015f\u0131k re\u00e7ine ve sertle\u015ftirici gri yap\u0131\u015ft\u0131rmak<\/td>\n<\/tr>\n<tr>\n<td width=\"312\">Kap \u00f6mr\u00fc<\/p>\n<p>&nbsp;<\/td>\n<td width=\"312\">21 o C&#8217;de 120 dakika<\/p>\n<p>&nbsp;<\/td>\n<\/tr>\n<tr>\n<td width=\"312\">21 o C&#8217;deki yo\u011funluk<\/p>\n<p>ASTM D792<\/p>\n<p>&nbsp;<\/td>\n<td width=\"312\">Bile\u015fen A = 1,30 kg \/ L<\/p>\n<p>Bile\u015fen B = 1,20kg \/ L<\/p>\n<p>Kar\u0131\u015f\u0131k \u00fcr\u00fcn = 1.26kg \/ L<\/p>\n<p>&nbsp;<\/td>\n<\/tr>\n<tr>\n<td width=\"312\">Uygulama Y\u00f6ntemler<\/p>\n<p>&nbsp;<\/td>\n<td width=\"312\">El yat\u0131r\u0131m\u0131<\/p>\n<p>&nbsp;<\/td>\n<\/tr>\n<tr>\n<td width=\"312\">Raf zaman\u0131<\/p>\n<p>&nbsp;<\/td>\n<td width=\"312\">24 ay<\/p>\n<p>&nbsp;<\/td>\n<\/tr>\n<tr>\n<td width=\"312\">Depolama durumu<\/p>\n<p>&nbsp;<\/td>\n<td width=\"312\">Kuru ve do\u011frudan depolay\u0131n<\/p>\n<p>g\u00fcne\u015f \u0131\u015f\u0131\u011f\u0131 10-40 o C<\/p>\n<p>&nbsp;<\/td>\n<\/tr>\n<\/tbody>\n<\/table>\n<p>&nbsp;<\/p>\n<h2>KARI\u015eTIRMA<\/h2>\n<p>Epoksi bile\u015fikleri genellikle iki farkl\u0131 \u015fekilde tedarik edilir. B bile\u015feninin i\u00e7eri\u011fini d\u00f6kmeden \u00f6nce A bile\u015feninin i\u00e7eri\u011fi, her par\u00e7a kar\u0131\u015ft\u0131r\u0131lmal\u0131d\u0131r konteynerde depozito \u00f6nlemek i\u00e7in ayr\u0131 ayr\u0131. Sonra b\u00f6l\u00fcm A ve B Gerekli miktara ba\u011fl\u0131 olarak birlikte kar\u0131\u015ft\u0131r\u0131lmal\u0131d\u0131r. Kar\u0131\u015ft\u0131rma i\u015flemi d\u00fc\u015f\u00fck h\u0131z ile 3-5 dakika s\u00fcrmelidir kar\u0131\u015ft\u0131r\u0131c\u0131. ERS\u2122200 Re\u00e7ine ve sertle\u015ftiriciyi kar\u0131\u015ft\u0131rd\u0131ktan sonra yakla\u015f\u0131k 25 Malzemeyi uygulamak i\u00e7in 30 dakika. \u0130le kar\u0131\u015ft\u0131rma ara\u00e7lar\u0131 temizleyin onlar\u0131 tekrar kullanmak i\u00e7in uygun bir havlu.<\/p>\n<p>Ve ERS\u2122400 Re\u00e7ine ve sertle\u015ftiriciyi kar\u0131\u015ft\u0131rd\u0131ktan sonra Malzemeyi uygulamak i\u00e7in yakla\u015f\u0131k 120 dakika s\u00fcreniz vard\u0131r. Temiz Ara\u00e7lar\u0131 tekrar kullanmak i\u00e7in uygun bir havlu ile kar\u0131\u015ft\u0131r\u0131n.<\/p>\n<h2>EPOKS\u0130 MALZEME MEKAN\u0130K \u00d6ZELL\u0130KLER\u0130<\/h2>\n<h3>ERS\u2122 400<\/h3>\n<table>\n<tbody>\n<tr>\n<td width=\"208\">\u00f6zellik<\/p>\n<p>&nbsp;<\/td>\n<td width=\"208\">ASTM Y\u00f6ntemi<\/p>\n<p>&nbsp;<\/td>\n<td width=\"208\">Test De\u011feri *<\/p>\n<p>&nbsp;<\/td>\n<\/tr>\n<tr>\n<td width=\"208\">Tg<\/p>\n<p>&nbsp;<\/td>\n<td width=\"208\">D4065<\/p>\n<p>&nbsp;<\/td>\n<td width=\"208\">70 o C<\/p>\n<p>&nbsp;<\/td>\n<\/tr>\n<tr>\n<td width=\"208\">Gerilme direnci<\/p>\n<p>&nbsp;<\/td>\n<td width=\"208\">D638 Type1<\/p>\n<p>&nbsp;<\/td>\n<td width=\"208\">&lt;25 MPa<\/p>\n<p>&nbsp;<\/td>\n<\/tr>\n<tr>\n<td width=\"208\">Gerilim mod\u00fclleri<\/p>\n<p>&nbsp;<\/td>\n<td width=\"208\">D638 Type1<\/p>\n<p>&nbsp;<\/td>\n<td width=\"208\">&lt;2.1 GPa<\/p>\n<p>&nbsp;<\/td>\n<\/tr>\n<tr>\n<td width=\"208\">Uzama y\u00fczde<\/p>\n<p>&nbsp;<\/td>\n<td width=\"208\">D638 Type1<\/p>\n<p>&nbsp;<\/td>\n<td width=\"208\">&lt;% 1,0<\/p>\n<p>&nbsp;<\/td>\n<\/tr>\n<tr>\n<td width=\"208\">Bas\u0131n\u00e7 Dayan\u0131m\u0131<\/p>\n<p>&nbsp;<\/td>\n<td width=\"208\">D695<\/p>\n<p>&nbsp;<\/td>\n<td width=\"208\">&lt;30 MPa<\/p>\n<p>&nbsp;<\/td>\n<\/tr>\n<tr>\n<td width=\"208\">Bas\u0131n\u00e7 Mod\u00fcl\u00fc<\/p>\n<p>&nbsp;<\/td>\n<td width=\"208\">D695<\/p>\n<p>&nbsp;<\/td>\n<td width=\"208\">&lt;2.1 GPa<\/p>\n<p>&nbsp;<\/td>\n<\/tr>\n<\/tbody>\n<\/table>\n<p>* K\u00fcrlenme program\u0131, 60 o C&#8217;de k\u00fcrlendikten 72 saat sonra\u00a0\u00a0\u00a0\u00a0\u00a0\u00a0\u00a0\u00a0\u00a0\u00a0\u00a0\u00a0\u00a0\u00a0\u00a0\u00a0\u00a0\u00a0\u00a0\u00a0\u00a0\u00a0\u00a0\u00a0\u00a0\u00a0\u00a0\u00a0\u00a0\u00a0\u00a0\u00a0\u00a0\u00a0\u00a0\u00a0\u00a0\u00a0\u00a0\u00a0\u00a0\u00a0\u00a0\u00a0\u00a0\u00a0\u00a0\u00a0\u00a0\u00a0\u00a0\u00a0\u00a0\u00a0\u00a0\u00a0\u00a0\u00a0\u00a0 * Test s\u0131cakl\u0131\u011f\u0131: 21 \u00b0 C<\/p>\n<h3>ERS\u2122 200<\/h3>\n<table>\n<tbody>\n<tr>\n<td width=\"208\">\u00f6zellik<\/p>\n<p>&nbsp;<\/td>\n<td width=\"208\">ASTM Y\u00f6ntemi<\/p>\n<p>&nbsp;<\/td>\n<td width=\"208\">Test De\u011feri *<\/p>\n<p>&nbsp;<\/td>\n<\/tr>\n<tr>\n<td width=\"208\">Epoksi E\u015fde\u011feri<\/p>\n<p>B\u00f6l\u00fcm A<\/p>\n<p>&nbsp;<\/td>\n<td width=\"208\">D1652<\/p>\n<p>&nbsp;<\/td>\n<td width=\"208\">185-192 g \/ eq<\/p>\n<p>&nbsp;<\/td>\n<\/tr>\n<tr>\n<td width=\"208\">Epoksi de\u011feri<\/p>\n<p>B\u00f6l\u00fcm A<\/p>\n<p>&nbsp;<\/td>\n<td width=\"208\">D1652<\/p>\n<p>&nbsp;<\/td>\n<td width=\"208\">0,51-0.54<\/p>\n<p>Mol \/ 100 g<\/p>\n<p>&nbsp;<\/td>\n<\/tr>\n<tr>\n<td width=\"208\">Hidrolize Edilebilir Klor<\/p>\n<p>B\u00f6l\u00fcm A<\/p>\n<p>&nbsp;<\/td>\n<td width=\"208\">D1726<\/p>\n<p>&nbsp;<\/td>\n<td width=\"208\">Maksimum a\u011f\u0131rl\u0131k% 0.1<\/p>\n<p>&nbsp;<\/td>\n<\/tr>\n<tr>\n<td width=\"208\">Kal\u0131c\u0131<\/p>\n<p>B\u00f6l\u00fcm A<\/p>\n<p>&nbsp;<\/td>\n<td width=\"208\">DIN ENTSO<\/p>\n<p>3251<\/p>\n<p>&nbsp;<\/td>\n<td width=\"208\">En az a\u011f\u0131rl\u0131k% 99<\/p>\n<p>&nbsp;<\/td>\n<\/tr>\n<tr>\n<td width=\"208\">Tg<\/p>\n<p>&nbsp;<\/td>\n<td width=\"208\">D4065<\/p>\n<p>&nbsp;<\/td>\n<td width=\"208\">82 o C<\/p>\n<p>&nbsp;<\/td>\n<\/tr>\n<tr>\n<td width=\"208\">Gerilme direnci<\/p>\n<p>&nbsp;<\/td>\n<td width=\"208\">D638 Type1<\/p>\n<p>&nbsp;<\/td>\n<td width=\"208\">&lt;35 MPa<\/p>\n<p>&nbsp;<\/td>\n<\/tr>\n<tr>\n<td width=\"208\">Gerilim mod\u00fclleri<\/p>\n<p>&nbsp;<\/td>\n<td width=\"208\">D638 Type1<\/p>\n<p>&nbsp;<\/td>\n<td width=\"208\">&lt;3.1 GPa<\/p>\n<p>&nbsp;<\/td>\n<\/tr>\n<tr>\n<td width=\"208\">Uzama y\u00fczde<\/p>\n<p>&nbsp;<\/td>\n<td width=\"208\">D638 Type1<\/p>\n<p>&nbsp;<\/td>\n<td width=\"208\">&lt;% 2,0<\/p>\n<p>&nbsp;<\/td>\n<\/tr>\n<tr>\n<td width=\"208\">Bas\u0131n\u00e7l\u0131 kuvvet<\/p>\n<p>&nbsp;<\/td>\n<td width=\"208\">D695<\/p>\n<p>&nbsp;<\/td>\n<td width=\"208\">&lt;60 MPa<\/p>\n<p>&nbsp;<\/td>\n<\/tr>\n<tr>\n<td width=\"208\">bas\u0131n\u00e7l\u0131 mod\u00fcl<\/p>\n<p>&nbsp;<\/p>\n<p>&nbsp;<\/td>\n<td width=\"208\">D695<\/p>\n<p>&nbsp;<\/td>\n<td width=\"208\">&lt;3.2 GPa<\/p>\n<p>&nbsp;<\/td>\n<\/tr>\n<\/tbody>\n<\/table>\n<p>* K\u00fcrlenme program\u0131, 60 o C&#8217;de k\u00fcrlendikten 72 saat sonra\u00a0\u00a0\u00a0\u00a0\u00a0\u00a0\u00a0\u00a0\u00a0\u00a0\u00a0\u00a0\u00a0\u00a0\u00a0\u00a0\u00a0\u00a0 * Test s\u0131cakl\u0131\u011f\u0131: 21 \u00b0 C<\/p>\n<h2>NASIL KULLANILIR<\/h2>\n<h3>Y\u00dcZEY HAZIRLI\u011eI<\/h3>\n<ul>\n<li>G\u00fc\u00e7lendirme uygulamalar\u0131 i\u00e7in, alt tabaka haz\u0131rlama CFRP performans\u0131n\u0131n kalitesi \u00fczerinde y\u00fcksek etki ve <a href=\"https:\/\/ctech-llc.com\/tr\/products\/composite-systems\/gfrp-wrap\/\">GFRP kompozit sistemler<\/a>.<\/li>\n<li>T\u00fcm y\u00fczeyler kir ve tozdan ar\u0131nd\u0131r\u0131lmal\u0131d\u0131r. k\u00fcr bile\u015fikleri, ya\u011flar, gres, mumlar ve t\u00fcm bo\u015fluklara neden olabilecek di\u011fer kirlenmi\u015f maddeler CTech-LLC<sup>\u00ae<\/sup> kompozitlerin arkas\u0131nda<\/li>\n<li>A\u015f\u0131nm\u0131\u015f t\u00fcm par\u00e7alar\u0131 onarmak i\u00e7in tamir harc\u0131 kullan\u0131lmal\u0131d\u0131r. hasarl\u0131 beton y\u00fczeyler.<\/li>\n<li>End\u00fcstriyel elektrikli s\u00fcp\u00fcrge s\u00f6kmek i\u00e7in kullan\u0131lmal\u0131d\u0131r.<\/li>\n<li>T\u00fcm y\u00fczeylerin ta\u015flanmas\u0131, kumlanmas\u0131, vurulmas\u0131 gerekir patlatma, bas\u0131n\u00e7l\u0131 y\u0131kama veya di\u011fer yayg\u0131n mekanik e\u015fit bir beton alt tabakaya ula\u015fmak i\u00e7in y\u00f6ntemler.<\/li>\n<li>Keskin kenarlar d\u00fcz ve yuvarlak olmal\u0131d\u0131r. Minimum 30 mm yar\u0131\u00e7ap.<\/li>\n<li>Beton y\u00fczeylerin tamamen kurutulmas\u0131 gerekti\u011fini veya sertle\u015ftirilen bu \u015fekilde yap\u0131\u015ft\u0131r\u0131c\u0131 d\u00fczg\u00fcn bir \u015fekilde kuruyabilir.<\/li>\n<\/ul>\n<h2>UYGULAMA<\/h2>\n<p>Kirlenmi\u015f t\u00fcm elemanlar\u0131n y\u00fczeyi temizlenmelidir. Y\u00fczeyi uygun bir tiple astarlay\u0131n. CTech-LLC<sup>\u00ae<\/sup> astar\u0131 ERS\u2122 200 epoksi re\u00e7ineleri her t\u00fcrl\u00fc CTech-LLC<sup>\u00ae<\/sup> kuma\u015f\u0131 ile uyumlu , primerler ve har\u00e7lar. A ve B par\u00e7alar\u0131n\u0131 d\u00fc\u015f\u00fck h\u0131z ile kar\u0131\u015ft\u0131r\u0131n kar\u0131\u015ft\u0131r\u0131c\u0131. Kuma\u015flar\u0131 emdirmek i\u00e7in doyurucular\u0131 kullanabilir veya uygulayabilirsiniz Baz\u0131 k\u00fc\u00e7\u00fck projeler i\u00e7in el y\u00f6ntemleri. Kullanma rulo re\u00e7ine i\u00e7indeki hava kabarc\u0131klar\u0131n\u0131 gidermek i\u00e7in yard\u0131mc\u0131 olabilir ve Substrat, ayr\u0131ca iyi bir ba\u011f oldu\u011funu garanti edebilir onlar\u0131n aras\u0131nda.<\/p>\n<h2>SINIRLAMA<\/h2>\n<p>Epoksilerin uygulanmas\u0131 i\u00e7in uygun s\u0131cakl\u0131k 4 \u00b0 C aras\u0131ndad\u0131r. Uygulamak i\u00e7in 40 \u00b0 C yeterli havaland\u0131rma kullanmal\u0131d\u0131r. Onlar So\u011fuk ve nemli havalarda kullan\u0131lmamal\u0131d\u0131r.<\/p>\n<h2>D\u0130KKAT!<\/h2>\n<p>FRP kompozit sistemlerin t\u00fcm bile\u015fenleri neden olabilir cilt tahri\u015fi ve duyarl\u0131la\u015fmas\u0131. Kimyasal dayan\u0131kl\u0131 kullan\u0131m\u0131 eldiven \u00f6nerilir. Buharlar\u0131 ve tozu solumaktan ka\u00e7\u0131n\u0131n. T\u0131bbi yard\u0131m al Zorlukla nefes al\u0131yorsun. Re\u00e7ine \u00fcr\u00fcnleri g\u00fc\u00e7l\u00fc g\u00f6z tahri\u015fine neden olabilir. G\u00f6zden ka\u00e7\u0131nma temas ve g\u00fcvenlik g\u00f6zl\u00fckleri kullanmak gereklidir.<\/p>\n<h2>G\u00dcVENL\u0130K \u00d6NLEMLER\u0130<\/h2>\n<ul>\n<li>G\u00f6zle temastan ka\u00e7\u0131n\u0131n.<\/li>\n<li>Deriyle re\u00e7ine temas\u0131na izin vermeyin.<\/li>\n<li>Koruyucu eldiven ve g\u00f6zl\u00fck kullan\u0131n.<\/li>\n<li>Lastik \u00e7izmeler ve koruyucu elbiseler giyin.<\/li>\n<li>\u00dcr\u00fcnleri kullan\u0131rken yemeyiniz, i\u00e7meyiniz veya sigara kullanmay\u0131n\u0131z.<\/li>\n<li>Herhangi bir semptom meydana gelirse, a\u00e7\u0131k havaya gidin ve t\u0131bbi olsun Dikkat.<\/li>\n<\/ul>\n<h2>\u0130LK YARDIM<\/h2>\n<p>G\u00f6z temas\u0131 olu\u015ftu\u011funda, g\u00f6zleri b\u00fcy\u00fck miktarlarda y\u0131kay\u0131n. su ve t\u0131bbi yard\u0131m al\u0131n. Cilt durumunda temas, cildinizi sabun ve su ile y\u0131kay\u0131n Tahri\u015f devam ederse t\u0131bbi yard\u0131m. \u00d6ks\u00fcr\u00fck varsa veya nefes alman\u0131n zorlu\u011fu, a\u00e7\u0131k havaya git ve t\u0131bbi al e\u011fer devam ederse dikkat edin.<\/p>\n<div style=\"display: none;\"\n    class=\"kk-star-ratings kksr-valign-bottom kksr-align-right kksr-disabled\"\n    data-id=\"3341\"\n    data-slug=\"\">\n    <div class=\"kksr-stars\">\n    <div class=\"kksr-stars-inactive\">\n            <div class=\"kksr-star\" data-star=\"1\">\n            <div class=\"kksr-icon\" style=\"width: px; height: px;\"><\/div>\n        <\/div>\n            <div class=\"kksr-star\" data-star=\"2\">\n            <div class=\"kksr-icon\" style=\"width: px; height: px;\"><\/div>\n        <\/div>\n            <div class=\"kksr-star\" data-star=\"3\">\n            <div class=\"kksr-icon\" style=\"width: px; height: px;\"><\/div>\n        <\/div>\n            <div class=\"kksr-star\" data-star=\"4\">\n            <div class=\"kksr-icon\" style=\"width: px; height: px;\"><\/div>\n        <\/div>\n            <div class=\"kksr-star\" data-star=\"5\">\n            <div class=\"kksr-icon\" style=\"width: px; height: px;\"><\/div>\n        <\/div>\n    <\/div>\n    <div class=\"kksr-stars-active\" style=\"width: 0px;\">\n            <div class=\"kksr-star\">\n            <div class=\"kksr-icon\" style=\"width: px; height: px;\"><\/div>\n        <\/div>\n            <div class=\"kksr-star\">\n            <div class=\"kksr-icon\" style=\"width: px; height: px;\"><\/div>\n        <\/div>\n            <div class=\"kksr-star\">\n            <div class=\"kksr-icon\" style=\"width: px; height: px;\"><\/div>\n        <\/div>\n            <div class=\"kksr-star\">\n            <div class=\"kksr-icon\" style=\"width: px; height: px;\"><\/div>\n        <\/div>\n            <div class=\"kksr-star\">\n            <div class=\"kksr-icon\" style=\"width: px; height: px;\"><\/div>\n        <\/div>\n    <\/div>\n<\/div>\n    <div class=\"kksr-legend\">\n            <strong class=\"kksr-score\">5<\/strong>\n        <span class=\"kksr-muted\">\/<\/span>\n        <strong>5<\/strong>\n        <span class=\"kksr-muted\">(<\/span>\n        <strong class=\"kksr-count\">2<\/strong>\n        <span class=\"kksr-muted\">\n            votes        <\/span>\n        <span class=\"kksr-muted\">)<\/span>\n    <\/div>\n<\/div>\n","protected":false},"excerpt":{"rendered":"<p>CTech-LLC<sup>\u00ae<\/sup> ERS\u2122 200 ve ERS\u2122 400, doymu\u015f kompozit fiberler ve yap\u0131\u015ft\u0131rma uygulamalar\u0131 i\u00e7in epoksi matrislerdir. S\u0131ras\u0131yla s\u0131v\u0131 ve jel formunda bulunurlar. Epoksi&#8217;nin sertle\u015ftirici ile tepkimesi, t\u00fcm yap\u0131sal g\u00fc\u00e7lendirme \u00e7al\u0131\u015fmalar\u0131 i\u00e7in uygun bir matris olan ola\u011fan\u00fcst\u00fc dayan\u0131kl\u0131 bir malzemeyle sonu\u00e7lan\u0131r. CTech-LLC<sup>\u00ae<\/sup> epoksi re\u00e7ineler, m\u00fckemmel diren\u00e7 ve g\u00fc\u00e7l\u00fc yap\u0131\u015fma gibi geni\u015f bir yelpazede tatmin edici mekanik \u00f6zellikler sunar. CTech-LLC<sup>\u00ae<\/sup><a href=\"https:\/\/ctech-llc.com\/tr\/products\/resins-coatings\/\"> Epoksi re\u00e7ineler<\/a>, otomobil par\u00e7alar\u0131 \u00fcretmek, yap\u0131sal elemanlar\u0131n g\u00fc\u00e7lendirilmesi ve g\u00fc\u00e7lendirilmesi, end\u00fcstriyel aletler ve di\u011fer bir\u00e7ok \u00f6nemli alan gibi farkl\u0131 alanlarda kullan\u0131labilir. Bu \u00fcr\u00fcn a\u015fa\u011f\u0131daki alanlarda ge\u00e7erlidir:<\/p>\n","protected":false},"featured_media":3342,"comment_status":"open","ping_status":"closed","template":"","meta":[],"_links":{"self":[{"href":"https:\/\/ctech-llc.com\/tr\/wp-json\/wp\/v2\/product\/3341"}],"collection":[{"href":"https:\/\/ctech-llc.com\/tr\/wp-json\/wp\/v2\/product"}],"about":[{"href":"https:\/\/ctech-llc.com\/tr\/wp-json\/wp\/v2\/types\/product"}],"replies":[{"embeddable":true,"href":"https:\/\/ctech-llc.com\/tr\/wp-json\/wp\/v2\/comments?post=3341"}],"wp:featuredmedia":[{"embeddable":true,"href":"https:\/\/ctech-llc.com\/tr\/wp-json\/wp\/v2\/media\/3342"}],"wp:attachment":[{"href":"https:\/\/ctech-llc.com\/tr\/wp-json\/wp\/v2\/media?parent=3341"}],"curies":[{"name":"wp","href":"https:\/\/api.w.org\/{rel}","templated":true}]}}