{"id":3339,"date":"2018-12-16T15:44:49","date_gmt":"2018-12-16T12:14:49","guid":{"rendered":"https:\/\/ctech-llc.com\/tr\/?post_type=product&#038;p=3339"},"modified":"2020-12-06T10:10:11","modified_gmt":"2020-12-06T06:40:11","slug":"epoksi-recine-yapistiricisi","status":"publish","type":"product","link":"https:\/\/ctech-llc.com\/tr\/products\/resins-and-coatings\/epoxy-adhesive\/","title":{"rendered":"Epoksi Re\u00e7ine Yap\u0131\u015ft\u0131r\u0131c\u0131s\u0131"},"content":{"rendered":"<h2>\u00a0\u00a0\u00a0\u00a0 Ola\u011fan\u00fcst\u00fc yap\u0131\u015fma \u00f6zellikleri<\/h2>\n<ul>\n<li>\u0130yi y\u00fcksek ve d\u00fc\u015f\u00fck s\u0131cakl\u0131k \u00f6zellikleri<\/li>\n<li>Y\u00fcksek g\u00fc\u00e7<\/li>\n<li>Nem duyars\u0131z<\/li>\n<li>Ortam tedavi<\/li>\n<li>Tekd\u00fcze stres da\u011f\u0131l\u0131m\u0131<\/li>\n<li>Uygulamas\u0131 kolay<\/li>\n<li>Uzun vadeli dayan\u0131kl\u0131l\u0131k<\/li>\n<li>Bo\u015fluk doldurma yetene\u011fi<\/li>\n<li>A\u015f\u0131r\u0131 \u015fok, titre\u015fim ve esneme dayan\u0131kl\u0131<\/li>\n<li>Y\u00fcksek yorulma mukavemeti.<\/li>\n<li>Kokusu hafif<\/li>\n<\/ul>\n<h2>Epoksi re\u00e7ine yap\u0131\u015ft\u0131r\u0131c\u0131 kullanman\u0131n yararlar\u0131ndan baz\u0131lar\u0131<\/h2>\n<ul>\n<li>Yap\u0131lar\u0131n g\u00fc\u00e7lendirilmesi<\/li>\n<li>Ola\u011fan\u00fcst\u00fc yap\u0131\u015fma \u00f6zellikleri<\/li>\n<li>\u00a0\u0130yi y\u00fcksek ve d\u00fc\u015f\u00fck s\u0131cakl\u0131k \u00f6zellikleri<\/li>\n<li>Y\u00fcksek Mukavemet<\/li>\n<li>Nem Duyars\u0131z<\/li>\n<li>Ortam k\u00fcr\u00fc<\/li>\n<li>Tekd\u00fcze stres da\u011f\u0131l\u0131m\u0131<\/li>\n<li>Kolay uygulama<\/li>\n<li>Uzun s\u00fcreli dayan\u0131kl\u0131l\u0131k<\/li>\n<li>Bo\u015fluk doldurma kabiliyeti<\/li>\n<li>A\u015f\u0131r\u0131 \u015foka, titre\u015fime ve esnemeye dayan\u0131kl\u0131<\/li>\n<li>Y\u00fcksek yorulma mukavemeti.<\/li>\n<li>D\u00fc\u015f\u00fck koku, \u00e7al\u0131\u015fma ortam\u0131n\u0131 iyile\u015ftirir<\/li>\n<\/ul>\n<h2>\u00a0EPOKS\u0130 RE\u00c7\u0130NE YAPI\u015eTIRICI KULLANIMLARI<\/h2>\n<p>Betonun metallere, havaya veya dikey y\u00fczeyler ve kiri\u015flerin alt k\u0131s\u0131mlar\u0131 <a href=\"https:\/\/ctech-llc.com\/tr\/products\/composite-systems\/\">kompozit malzemeler<\/a>, yatay veya dikey uygulama Bir alt tabakaya m\u00fckemmel yap\u0131\u015fma sa\u011flayan y\u00fczeyler maksimum g\u00fc\u00e7, duvar y\u00fczeyleri i\u00e7in gerekli ve kuma\u015f ile yap\u0131\u015ft\u0131rman\u0131n yap\u0131ld\u0131\u011f\u0131 her y\u00fczey substrat kritiktir.<\/p>\n<ul>\n<li>Pencere kap\u0131lar\u0131, derzler i\u00e7in sert, su ge\u00e7irmez s\u0131zd\u0131rmazl\u0131k maddesi ve dahas\u0131<\/li>\n<li>\u00c7atlak enjeksiyonu ve beton onar\u0131m\u0131 i\u00e7in kapak contas\u0131 kusurlar.<\/li>\n<li>Eski beton b\u00f6l\u00fcmlere yeni beton yap\u0131\u015ft\u0131r\u0131n<\/li>\n<li>Ge\u00e7itlerde, sokaklarda, k\u00f6pr\u00fclerde, kald\u0131r\u0131mlarda ve fabrika y\u00fckleme yerleri<\/li>\n<li>Beton y\u00fczeylerin kal\u0131c\u0131 hale getirilmesi nem<\/li>\n<\/ul>\n<h2>EPOKS\u0130 RE\u00c7\u0130NE YAPI\u015eTIRICI RAF \u00d6MR\u00dc<\/h2>\n<p>Epoksi re\u00e7ine yap\u0131\u015ft\u0131r\u0131c\u0131s\u0131 iki y\u0131l boyunca depolanabilir Orijinal ambalaj Kab\u0131n kapa\u011f\u0131 tutulmal\u0131d\u0131r kapal\u0131. Nem epoksi raf \u00f6mr\u00fcn\u00fc azaltabilir.<\/p>\n<h2>EPOKS\u0130 RE\u00c7\u0130NE YAPI\u015eTIRICI DEPOLAMA KO\u015eULLARI<\/h2>\n<p>ERA\u2122 <span style=\"font-size: 13.3333px;\">200\u00a0<\/span>kuru ve serin bir yerde 10 \u00b0 C&#8217;de saklanmal\u0131d\u0131r. 32 \u00b0 C&#8217;ye kadar. \u00dcr\u00fcn\u00fc dondurmaktan ve direkt g\u00fcne\u015f \u0131\u015f\u0131\u011f\u0131, alev veya di\u011fer tehlikeler.<\/p>\n<h2>KARI\u015eTIRMA<\/h2>\n<p>Epoksi bile\u015fikleri genellikle iki farkl\u0131 \u015fekilde tedarik edilir. konteynerler. B bile\u015feninin i\u00e7eri\u011fini d\u00f6kmeden \u00f6nce A bile\u015feninin i\u00e7eri\u011fine, her par\u00e7a kar\u0131\u015ft\u0131r\u0131lmal\u0131d\u0131r. konteynerde depozito \u00f6nlemek i\u00e7in ayr\u0131 ayr\u0131. Sonra b\u00f6l\u00fcm A ve B gerekli ba\u011fl\u0131 olarak birlikte kar\u0131\u015ft\u0131r\u0131lmal\u0131d\u0131r miktar. Kar\u0131\u015ft\u0131rma i\u015flemi 2-3 dakika s\u00fcrmelidir D\u00fc\u015f\u00fck h\u0131zl\u0131 bir kar\u0131\u015ft\u0131r\u0131c\u0131. Re\u00e7ine ve sertle\u015ftiriciyi kar\u0131\u015ft\u0131rd\u0131ktan sonra Malzemeyi uygulamak i\u00e7in yakla\u015f\u0131k 20 dakika zaman var. Temiz Ara\u00e7lar\u0131 tekrar kullanmak i\u00e7in uygun bir havlu ile kar\u0131\u015ft\u0131r\u0131n.<\/p>\n<h2>EPOKS\u0130 RE\u00c7\u0130NE YAPI\u015eTIRICI NASIL KULLANILIR<\/h2>\n<h3>Y\u00dcZEY HAZIRLI\u011eI<\/h3>\n<p>G\u00fc\u00e7lendirme uygulamalar\u0131 i\u00e7in, alt tabaka haz\u0131rlama<\/p>\n<p>Sistemlerin performans\u0131n\u0131n kalitesi \u00fczerinde olduk\u00e7a etkilidir.<\/p>\n<ul>\n<li>T\u00fcm y\u00fczeyler kir, ve tozdan ar\u0131nd\u0131r\u0131lmal\u0131d\u0131r. k\u00fcr bile\u015fikleri, ya\u011flar, gres, mumlar ve t\u00fcm di\u011fer kontamine materyaller.<\/li>\n<li>A\u015f\u0131nm\u0131\u015f t\u00fcm par\u00e7alar\u0131 onarmak i\u00e7in tamir harc\u0131 kullan\u0131lmal\u0131d\u0131r. hasarl\u0131 beton y\u00fczeyler.<\/li>\n<li>End\u00fcstriyel elektrikli s\u00fcp\u00fcrge s\u00f6kmek i\u00e7in kullan\u0131lmal\u0131d\u0131r. Toz ve kir.<\/li>\n<li>T\u00fcm y\u00fczeylerin ta\u015flanmas\u0131 gerekir, Kumlama, \u00e7ekim patlatma, bas\u0131n\u00e7l\u0131 y\u0131kama veya di\u011fer yayg\u0131n mekanik e\u015fit bir beton alt tabakaya ula\u015fmak i\u00e7in y\u00f6ntemler.<\/li>\n<li>Keskin kenarlar d\u00fcz ve yuvarlak olmal\u0131d\u0131r. Minimum 30 mm yar\u0131\u00e7ap.<\/li>\n<li>Beton y\u00fczeylerin tamamen kurutulmas\u0131 gerekti\u011fini veya sertle\u015ftirilen bu \u015fekilde yap\u0131\u015ft\u0131r\u0131c\u0131 d\u00fczg\u00fcn bir \u015fekilde kuruyabilir.<\/li>\n<\/ul>\n<h2>EPOKS\u0130 RE\u00c7\u0130NE YAPI\u015eTIRICI UYGULAMA<\/h2>\n<p>Kirlenmi\u015f t\u00fcm elemanlar\u0131n y\u00fczeyi temizlenmelidir iyice. Y\u00fczeyi uygun bir tiple astarlay\u0131n.<\/p>\n<p>Bir merdanenin kullan\u0131lmas\u0131, re\u00e7inedeki hava kabarc\u0131klar\u0131n\u0131n giderilmesine yard\u0131mc\u0131 olabilir ve substrat, ERA\u2122 200 ayr\u0131ca bir aralar\u0131nda iyi bir ba\u011f var. A ve B par\u00e7alar\u0131n\u0131 d\u00fc\u015f\u00fck h\u0131zl\u0131 bir mikser ile kar\u0131\u015ft\u0131r\u0131n.<\/p>\n<p>Her Bile\u015fik, spesifik performansa uyacak \u015fekilde tasarlanm\u0131\u015ft\u0131r gereksinimleri ve k\u00fc\u00e7\u00fckten b\u00fcy\u00fc\u011fe kullan\u0131ma uygundur. ERA\u2122 200, denizcilik sekt\u00f6r\u00fcnde yayg\u0131n olarak kullan\u0131lmaktad\u0131r. havac\u0131l\u0131k, cihaz, genel montaj ve <a href=\"https:\/\/www.asce.org\/\">in\u015faat End\u00fcstriyel<\/a>. Uygulamalar \u00e7e\u015fitlidir ve yap\u0131\u015ft\u0131rma i\u00e7erir aletlere, havac\u0131l\u0131k yap\u0131lar\u0131na, mutfak tezgah\u0131na<\/p>\n<h2>EPOKS\u0130 MALZEME \u00d6ZELL\u0130KLER\u0130<\/h2>\n<table>\n<tbody>\n<tr>\n<td width=\"312\">Renk, B\u00f6l\u00fcm A<\/p>\n<p>&nbsp;<\/td>\n<td width=\"312\">Te\u011fmen Gri<\/p>\n<p>&nbsp;<\/td>\n<\/tr>\n<tr>\n<td width=\"312\">Renk, B\u00f6l\u00fcm B<\/p>\n<p>&nbsp;<\/td>\n<td width=\"312\">taba rengi<\/p>\n<p>&nbsp;<\/td>\n<\/tr>\n<tr>\n<td width=\"312\">Renk (Kar\u0131\u015f\u0131k)<\/p>\n<p>&nbsp;<\/td>\n<td width=\"312\">Te\u011fmen Gri<\/p>\n<p>&nbsp;<\/td>\n<\/tr>\n<tr>\n<td width=\"312\">Kat\u0131lar,%<\/p>\n<p>&nbsp;<\/td>\n<td width=\"312\">100<\/p>\n<p>&nbsp;<\/td>\n<\/tr>\n<tr>\n<td width=\"312\">A\u011f\u0131rl\u0131\u011fa G\u00f6re Kar\u0131\u015f\u0131m Oran\u0131 (Par\u00e7a A: B)<\/p>\n<p>&nbsp;<\/td>\n<td width=\"312\">100: 13<\/p>\n<p>&nbsp;<\/td>\n<\/tr>\n<tr>\n<td width=\"312\">Jel zaman<\/p>\n<p>&nbsp;<\/td>\n<td width=\"312\">10 (dk)<\/p>\n<p>&nbsp;<\/td>\n<\/tr>\n<tr>\n<td width=\"312\">Tutarl\u0131l\u0131k<\/p>\n<p>&nbsp;<\/td>\n<td width=\"312\">Sag Olmayan Yap\u0131\u015ft\u0131r<\/p>\n<p>&nbsp;<\/td>\n<\/tr>\n<tr>\n<td width=\"312\">Nihai G\u00fc\u00e7 @ 14 g\u00fcn, MPa<\/p>\n<p>&nbsp;<\/td>\n<td width=\"312\">50<\/p>\n<p>&nbsp;<\/td>\n<\/tr>\n<tr>\n<td width=\"312\">Kopmada uzama,%<\/p>\n<p>&nbsp;<\/td>\n<td width=\"312\">2.5<\/p>\n<p>&nbsp;<\/td>\n<\/tr>\n<tr>\n<td width=\"312\">7 g\u00fcn, 24 saat dald\u0131rma,%<\/p>\n<p>&nbsp;<\/td>\n<td width=\"312\">0.31<\/p>\n<p>&nbsp;<\/td>\n<\/tr>\n<\/tbody>\n<\/table>\n<p>Sunulan veriler tipik laboratuvar de\u011ferleridir.<\/p>\n<h2>SINIRLAMA<\/h2>\n<p>Yap\u0131\u015ft\u0131r\u0131c\u0131lar uygulamak i\u00e7in uygun s\u0131cakl\u0131k aras\u0131nda 4 \u00b0 C ila 40 \u00b0 C aras\u0131nda uygulan\u0131r. havaland\u0131rma. So\u011fuk ve nemli olarak kullan\u0131lmamal\u0131d\u0131rlar.<\/p>\n<h2>D\u0130KKAT!<\/h2>\n<p>Epoksi re\u00e7ine yap\u0131\u015ft\u0131r\u0131c\u0131s\u0131 cilt ve g\u00f6z tahri\u015fine neden olabilir ve kimyasallara dayan\u0131kl\u0131 eldivenlerin kullan\u0131m\u0131 ve hassasla\u015ft\u0131r\u0131lmas\u0131 G\u00fcvenlik g\u00f6zl\u00fckleri tavsiye edilir. Buharlar\u0131 ve tozu solumaktan ka\u00e7\u0131n\u0131n. T\u0131bbi yard\u0131m al orlukla nefes al\u0131yorsun.<\/p>\n<h2>G\u00dcVENL\u0130K \u00d6NLEMLER\u0130<\/h2>\n<ul>\n<li>Buharlar\u0131 solumaktan ka\u00e7\u0131n\u0131n<\/li>\n<li>G\u00f6z ve cilt temas\u0131ndan sak\u0131n\u0131n.<\/li>\n<li>Koruyucu eldiven veya bir y\u00fcz siperi ve g\u00f6zl\u00fck kullan\u0131n.<\/li>\n<li>Lastik \u00e7izmeler ve koruyucu elbiseler giyin.<\/li>\n<li>\u00a0\u00dcr\u00fcnleri kullan\u0131rken yemeyiniz, i\u00e7meyiniz veya sigara kullanmay\u0131n\u0131z.<\/li>\n<li>Herhangi bir semptom meydana gelirse, a\u00e7\u0131k havaya gidin ve t\u0131bbi olsun Dikkat.<\/li>\n<\/ul>\n<h2>\u0130LK YARDIM<\/h2>\n<p>G\u00f6zleri bol miktarda suyla y\u0131kay\u0131n G\u00f6zle temas\u0131 halinde olmu\u015f. Ciltle temas\u0131 halinde, cildinizi sabun ve s\u0131cak suyla y\u0131kay\u0131n. Su Nefes almada \u00f6ks\u00fcr\u00fck veya zorluk varsa, a\u00e7\u0131k havaya gidin. Tahri\u015f devam ederse, sonunda t\u0131bbi yard\u0131m al\u0131n.<\/p>\n<div style=\"display: none;\"\n    class=\"kk-star-ratings kksr-valign-bottom kksr-align-right kksr-disabled\"\n    data-id=\"3339\"\n    data-slug=\"\">\n    <div class=\"kksr-stars\">\n    <div class=\"kksr-stars-inactive\">\n            <div class=\"kksr-star\" data-star=\"1\">\n            <div class=\"kksr-icon\" style=\"width: px; height: px;\"><\/div>\n        <\/div>\n            <div class=\"kksr-star\" data-star=\"2\">\n            <div class=\"kksr-icon\" style=\"width: px; height: px;\"><\/div>\n        <\/div>\n            <div class=\"kksr-star\" data-star=\"3\">\n            <div class=\"kksr-icon\" style=\"width: px; height: px;\"><\/div>\n        <\/div>\n            <div class=\"kksr-star\" data-star=\"4\">\n            <div class=\"kksr-icon\" style=\"width: px; height: px;\"><\/div>\n        <\/div>\n            <div class=\"kksr-star\" data-star=\"5\">\n            <div class=\"kksr-icon\" style=\"width: px; height: px;\"><\/div>\n        <\/div>\n    <\/div>\n    <div class=\"kksr-stars-active\" style=\"width: 0px;\">\n            <div class=\"kksr-star\">\n            <div class=\"kksr-icon\" style=\"width: px; height: px;\"><\/div>\n        <\/div>\n            <div class=\"kksr-star\">\n            <div class=\"kksr-icon\" style=\"width: px; height: px;\"><\/div>\n        <\/div>\n            <div class=\"kksr-star\">\n            <div class=\"kksr-icon\" style=\"width: px; height: px;\"><\/div>\n        <\/div>\n            <div class=\"kksr-star\">\n            <div class=\"kksr-icon\" style=\"width: px; height: px;\"><\/div>\n        <\/div>\n            <div class=\"kksr-star\">\n            <div class=\"kksr-icon\" style=\"width: px; height: px;\"><\/div>\n        <\/div>\n    <\/div>\n<\/div>\n    <div class=\"kksr-legend\">\n            <strong class=\"kksr-score\">5<\/strong>\n        <span class=\"kksr-muted\">\/<\/span>\n        <strong>5<\/strong>\n        <span class=\"kksr-muted\">(<\/span>\n        <strong class=\"kksr-count\">4<\/strong>\n        <span class=\"kksr-muted\">\n            votes        <\/span>\n        <span class=\"kksr-muted\">)<\/span>\n    <\/div>\n<\/div>\n","protected":false},"excerpt":{"rendered":"<p>CTech-LLC<sup>\u00ae<\/sup> Epoksi Re\u00e7ine Yap\u0131\u015ft\u0131r\u0131c\u0131s\u0131 (ERA\u2122 200), iki bile\u015finli, solventsiz, y\u00fcksek performansl\u0131 bir yap\u0131\u015ft\u0131r\u0131c\u0131 epoksi matriks malzemesinin yan\u0131 s\u0131ra, sarkma olmayan k\u0131vaml\u0131, nem ge\u00e7irmez epoksi re\u00e7ine bile\u015fi\u011fidir. Bu sistemler, \u00e7e\u015fitli mekanik, termal, optik ve elektriksel \u00f6zellikler sunacak \u015fekilde form\u00fcle edilebilen bir re\u00e7ine ve sertle\u015ftiriciden olu\u015fur. ERA\u2122 ayr\u0131ca <a href=\"https:\/\/ctech-llc.com\/tr\/\">CTech-LLC<sup>\u00ae<\/sup><\/a> sisteminin ard\u0131\u015f\u0131k katmanlar\u0131 ile \u00e7atlak enjeksiyonu ve beton kusurlar\u0131n\u0131n onar\u0131m\u0131 i\u00e7in kapak contas\u0131 aras\u0131ndaki ba\u011f\u0131 iyile\u015ftirmek i\u00e7in de kullan\u0131labilir. Bu \u00fcr\u00fcn\u00fcn baz\u0131 faydalar\u0131 a\u015fa\u011f\u0131daki gibidir:<\/p>\n","protected":false},"featured_media":3340,"comment_status":"open","ping_status":"closed","template":"","meta":[],"_links":{"self":[{"href":"https:\/\/ctech-llc.com\/tr\/wp-json\/wp\/v2\/product\/3339"}],"collection":[{"href":"https:\/\/ctech-llc.com\/tr\/wp-json\/wp\/v2\/product"}],"about":[{"href":"https:\/\/ctech-llc.com\/tr\/wp-json\/wp\/v2\/types\/product"}],"replies":[{"embeddable":true,"href":"https:\/\/ctech-llc.com\/tr\/wp-json\/wp\/v2\/comments?post=3339"}],"wp:featuredmedia":[{"embeddable":true,"href":"https:\/\/ctech-llc.com\/tr\/wp-json\/wp\/v2\/media\/3340"}],"wp:attachment":[{"href":"https:\/\/ctech-llc.com\/tr\/wp-json\/wp\/v2\/media?parent=3339"}],"curies":[{"name":"wp","href":"https:\/\/api.w.org\/{rel}","templated":true}]}}