{"id":3330,"date":"2018-12-16T14:23:19","date_gmt":"2018-12-16T10:53:19","guid":{"rendered":"https:\/\/ctech-llc.com\/tr\/?post_type=product&#038;p=3330"},"modified":"2024-11-18T02:54:57","modified_gmt":"2024-11-17T23:24:57","slug":"vakumlu-frp-sistemi","status":"publish","type":"product","link":"https:\/\/ctech-llc.com\/tr\/products\/composite-systems\/vacuum-frp-system\/","title":{"rendered":"Vakumlu FRP Sistemi"},"content":{"rendered":"<h2>VES\u2122&#8217;in baz\u0131 \u00f6nemli avantajlar\u0131 \u015funlard\u0131r:<\/h2>\n<ul>\n<li>Vakum negatif bas\u0131n\u00e7-daha kararl\u0131 montaj performans\u0131 ile yap\u0131\u015ft\u0131r\u0131c\u0131 perf\u00fczyon<\/li>\n<li>S\u0131cakl\u0131\u011fa ve neme \u00e7ok dayan\u0131kl\u0131<\/li>\n<li>y\u00fcksek yorulma mukavemeti<\/li>\n<li>% 50&#8217;ye varan stres payla\u015f\u0131m\u0131,% 85&#8217;e varan moment payla\u015f\u0131m\u0131<\/li>\n<li>Daha g\u00fcvenilir onar\u0131m<\/li>\n<li>\u00c7al\u0131\u015fma bas\u0131nc\u0131 2 MPA&#8217;ya ula\u015ft\u0131\u011f\u0131nda boru hatt\u0131 stresinin% 50&#8217;sini payla\u015fmaya ba\u015flay\u0131n, mevcut kusurlar\u0131n ar\u0131zas\u0131n\u0131 veya uzamas\u0131n\u0131\u00a0 \u00a0 \u00a0 \u00a0 \u00a0 \u00a0 \u00a0 \u00a0\u00f6nleyin<\/li>\n<li>Y\u00fcksek mekanik ve kimyasal diren\u00e7<\/li>\n<li>Kullan\u0131m\u0131 kolay<\/li>\n<li>\u00c7evre dostu bir \u00fcr\u00fcn<\/li>\n<li>Daha kararl\u0131 kurulum performans\u0131<\/li>\n<li>\u00c7ok uygun maliyetli y\u00f6ntem<\/li>\n<\/ul>\n<h2>\u00d6ZELL\u0130KLER\u0130<\/h2>\n<ul>\n<li>T\u00fcm boru boyutlar\u0131<\/li>\n<li>D\u00fcz borular, dirsekler, tee&#8217;ler, valfler, rakorlar, gemiler<\/li>\n<li>karbon \u00e7eli\u011fi, paslanmaz \u00e7elik, ala\u015f\u0131m ile uyumlu<\/li>\n<li><a href=\"https:\/\/ctech-llc.com\/tr\/products\/composite-systems\/gfrp-wrap\/\">cam elyaf\u0131<\/a>, karbon elyaf\u0131 ve aramid elyaf\u0131<\/li>\n<li>kaynak yok<\/li>\n<li>standart komple bir sistem olarak tedarik<\/li>\n<li>G\u00fc\u00e7l\u00fc mekanik \u00f6zellik<\/li>\n<li>Kararl\u0131 kurulum performans\u0131<\/li>\n<\/ul>\n<p>Zamandan tasarruf edin, paradan tasarruf edin. Tamamen sadece 5-8 dakika s\u00fcr\u00fcyor Resmi kurulumdan \u00f6nce lifleri \u0131slat\u0131n ve haz\u0131rlay\u0131n.<\/p>\n<h2>DEPOLAMA<\/h2>\n<p>Vakum karbon lifi\u0131 + 10 \u00b0 C ile + 40 \u00b0 C aras\u0131nda saklanmal\u0131d\u0131r. ve direkt g\u00fcne\u015f \u0131\u015f\u0131\u011f\u0131na maruz b\u0131rak\u0131lmamal\u0131d\u0131r. Karbon tutmakkuru bir yerde kuma\u015flar.<\/p>\n<h2>NASIL KULLANILIR<\/h2>\n<h3>Y\u00dcZEY HAZIRLI\u011eI<\/h3>\n<ul>\n<li>Y\u00fczey haz\u0131rl\u0131\u011f\u0131 kalitesi \u00fczerinde \u00e7ok etkili olabilir.<\/li>\n<li>CFRP sistemlerinin performans\u0131.<\/li>\n<li>T\u00fcm y\u00fczeyler kirden ar\u0131nd\u0131r\u0131lmal\u0131d\u0131r.toz, k\u00fcr bile\u015fikleri, ya\u011flar, gres, mumlar.<\/li>\n<li>End\u00fcstriyel elektrikli s\u00fcp\u00fcrge s\u00f6kmek i\u00e7in kullan\u0131lmal\u0131d\u0131r.<\/li>\n<li>T\u00fcm y\u00fczeylerin ta\u015flanmas\u0131, kumlanmas\u0131, vurulmas\u0131 gerekir patlatma, bas\u0131n\u00e7l\u0131 y\u0131kama veya di\u011fer yayg\u0131n mekanik e\u015fit bir beton alt tabakaya ula\u015fmak i\u00e7in y\u00f6ntemler.<\/li>\n<li>Keskin kenarlar d\u00fcz ve yuvarlak olmal\u0131d\u0131r. Minimum 30 mm yar\u0131\u00e7ap.<\/li>\n<li>Beton y\u00fczeylerin tamamen kurutulmas\u0131 gerekti\u011fini veya sertle\u015ftirilen bu \u015fekilde yap\u0131\u015ft\u0131r\u0131c\u0131 uygun \u015fekilde kuruyabilir.<\/li>\n<\/ul>\n<h2>TEDAV\u0130<\/h2>\n<p>Vakumlu karbon elyafi ve cam elyafi, b\u0131\u00e7aklarla kesilebilir kaliteli a\u011f\u0131r makas ve cetveller. Bunlar uygun \u0130deal bir uzunluk elde etmek i\u00e7in CFRP sistemlerini kesmek i\u00e7in ara\u00e7lar ve geni\u015flik. Di\u011fer kesici aletlerin herhangi biri kuma\u015flara zarar verir.<\/p>\n<h2>KURULUM<\/h2>\n<p>CTech-LLC<sup>\u00ae<\/sup> vakumlu cam ambalaj\u0131n montaj\u0131 yap\u0131lmal\u0131d\u0131r. lisansl\u0131 ve \u00f6zel olarak e\u011fitilmi\u015f gruplar taraf\u0131ndan ger\u00e7ekle\u015ftirilir montajc\u0131lar<\/p>\n<h2>VAKUM KARBON ELYAF \u00d6ZELL\u0130KLER\u0130<\/h2>\n<p>&nbsp;<\/p>\n<table>\n<tbody>\n<tr>\n<td width=\"208\">Test standard\u0131<\/p>\n<p>&nbsp;<\/td>\n<td width=\"208\">de\u011fer<\/p>\n<p>&nbsp;<\/td>\n<td width=\"208\">Test \u00f6\u011fesi<\/p>\n<p>&nbsp;<\/td>\n<\/tr>\n<tr>\n<td width=\"208\">Geni\u015flik<\/p>\n<p>&nbsp;<\/td>\n<td width=\"208\">100, 300 ve 500 mm<\/p>\n<p>&nbsp;<\/td>\n<td width=\"208\">&#8211;<\/p>\n<p>&nbsp;<\/td>\n<\/tr>\n<tr>\n<td width=\"208\">Yo\u011funluk<\/p>\n<p>&nbsp;<\/td>\n<td width=\"208\">&nbsp;<\/p>\n<p>1,6-1,7 g \/ cm 3<\/p>\n<p>&nbsp;<\/td>\n<td width=\"208\">ISO 1183-1<\/p>\n<p>&nbsp;<\/td>\n<\/tr>\n<tr>\n<td width=\"208\">Servis derecesi<\/p>\n<p>&nbsp;<\/td>\n<td width=\"208\">-50 &#8211; + 80 \u00b0 C<\/p>\n<p>&nbsp;<\/td>\n<td width=\"208\">&#8211;<\/p>\n<p>&nbsp;<\/td>\n<\/tr>\n<tr>\n<td width=\"208\">Uygulama s\u0131cakl\u0131\u011f\u0131<\/p>\n<p>&nbsp;<\/td>\n<td width=\"208\">10-40 \u00b0 C<\/p>\n<p>&nbsp;<\/td>\n<td width=\"208\">&#8211;<\/p>\n<p>&nbsp;<\/td>\n<\/tr>\n<tr>\n<td width=\"208\">Jelle\u015fme s\u00fcresi (23 \u00b0 C)<\/p>\n<p>&nbsp;<\/td>\n<td width=\"208\">0.5-1.0h<\/p>\n<p>&nbsp;<\/td>\n<td width=\"208\">&#8211;<\/p>\n<p>&nbsp;<\/td>\n<\/tr>\n<tr>\n<td width=\"208\">Y\u00fczey kuruma s\u00fcresi (23 \u00b0 C)<\/p>\n<p>&nbsp;<\/td>\n<td width=\"208\">2.0-4.0h<\/p>\n<p>&nbsp;<\/td>\n<td width=\"208\">&#8211;<\/p>\n<p>&nbsp;<\/td>\n<\/tr>\n<tr>\n<td width=\"208\">Barcol sertli\u011fi (23 \u00b0 C)<\/p>\n<p>&nbsp;<\/td>\n<td width=\"208\">&gt; 30 HBa<\/p>\n<p>&nbsp;<\/td>\n<td width=\"208\">ASTM D 2583<\/p>\n<p>&nbsp;<\/td>\n<\/tr>\n<tr>\n<td width=\"208\">Gerilme direnci<\/p>\n<p>&nbsp;<\/td>\n<td width=\"208\">&gt; 1500 MPa<\/p>\n<p>&nbsp;<\/td>\n<td width=\"208\">ISO 527-5<\/p>\n<p>&nbsp;<\/td>\n<\/tr>\n<tr>\n<td width=\"208\">Esneklik mod\u00fcl\u00fc<\/p>\n<p>&nbsp;<\/td>\n<td width=\"208\">&gt; 130 GPa<\/p>\n<p>&nbsp;<\/td>\n<td width=\"208\">ISO 527-5<\/p>\n<p>&nbsp;<\/td>\n<\/tr>\n<tr>\n<td width=\"208\">Laminar kesme dayan\u0131m\u0131<\/p>\n<p>&nbsp;<\/td>\n<td width=\"208\">50 MPa<\/p>\n<p>&nbsp;<\/td>\n<td width=\"208\">ISO 1922<\/p>\n<p>&nbsp;<\/td>\n<\/tr>\n<tr>\n<td width=\"208\">\u00c7elik ile kesme mukavemeti<\/p>\n<p>&nbsp;<\/td>\n<td width=\"208\">&gt; 18 MPa<\/p>\n<p>&nbsp;<\/td>\n<td width=\"208\">ISO 4587<\/p>\n<p>&nbsp;<\/td>\n<\/tr>\n<tr>\n<td width=\"208\">E\u011filme direnci<\/p>\n<p>&nbsp;<\/td>\n<td width=\"208\">&gt; 1000 MPa<\/p>\n<p>&nbsp;<\/td>\n<td width=\"208\">ISO 14125<\/p>\n<p>&nbsp;<\/td>\n<\/tr>\n<tr>\n<td width=\"208\">Kopma uzamas\u0131<\/p>\n<p>&nbsp;<\/td>\n<td width=\"208\">% 1.0 -1.5%<\/p>\n<p>&nbsp;<\/td>\n<td width=\"208\">ISO 1421<\/p>\n<p>&nbsp;<\/td>\n<\/tr>\n<tr>\n<td width=\"208\">Fiber i\u00e7eri\u011fi<\/p>\n<p>&nbsp;<\/td>\n<td width=\"208\">&gt;% 55<\/p>\n<p>&nbsp;<\/td>\n<td width=\"208\">ISO 11667<\/p>\n<p>&nbsp;<\/td>\n<\/tr>\n<\/tbody>\n<\/table>\n<h2>VAKUM CAM ELYAF \u00d6ZELL\u0130KLER\u0130<\/h2>\n<table style=\"height: 1761px;\" width=\"635\">\n<tbody>\n<tr>\n<td width=\"156\">Test standard\u0131<\/p>\n<p>&nbsp;<\/td>\n<td width=\"156\">de\u011fer<\/p>\n<p>&nbsp;<\/td>\n<td width=\"156\">Test \u00f6\u011fesi<\/p>\n<p>&nbsp;<\/td>\n<\/tr>\n<tr>\n<td width=\"156\">Geni\u015flik<\/p>\n<p>&nbsp;<\/td>\n<td width=\"156\">100, 300 ve 500 mm<\/p>\n<p>&nbsp;<\/td>\n<td width=\"156\">&#8211;<\/p>\n<p>&nbsp;<\/td>\n<\/tr>\n<tr>\n<td width=\"156\">Yo\u011funluk<\/p>\n<p>&nbsp;<\/td>\n<td width=\"156\">1,7-1,8 g \/ cm 3<\/p>\n<p>&nbsp;<\/td>\n<td width=\"156\">ISO 1183-1<\/p>\n<p>&nbsp;<\/td>\n<\/tr>\n<tr>\n<td width=\"156\">Servis derecesi<\/p>\n<p>&nbsp;<\/td>\n<td width=\"156\">-50 &#8211; + 80 \u00b0 C<\/p>\n<p>&nbsp;<\/td>\n<td width=\"156\">&#8211;<\/p>\n<p>&nbsp;<\/td>\n<\/tr>\n<tr>\n<td width=\"156\">Uygulama s\u0131cakl\u0131\u011f\u0131<\/p>\n<p>&nbsp;<\/td>\n<td width=\"156\">10-40 \u00b0 C<\/p>\n<p>&nbsp;<\/td>\n<td width=\"156\">&#8211;<\/p>\n<p>&nbsp;<\/td>\n<\/tr>\n<tr>\n<td width=\"156\">Jelle\u015fme s\u00fcresi (23 \u00b0 C)<\/p>\n<p>&nbsp;<\/td>\n<td width=\"156\">-0.5-1h<\/p>\n<p>&nbsp;<\/td>\n<td width=\"156\">&#8211;<\/p>\n<p>&nbsp;<\/td>\n<\/tr>\n<tr>\n<td width=\"156\">Y\u00fczey kuruma s\u00fcresi (23 \u00b0 C)<\/p>\n<p>&nbsp;<\/td>\n<td width=\"156\">2-4 saat<\/p>\n<p>&nbsp;<\/td>\n<td width=\"156\">&#8211;<\/td>\n<\/tr>\n<tr>\n<td width=\"156\">Barcol sertli\u011fi (23 \u00b0 C)<\/p>\n<p>&nbsp;<\/td>\n<td width=\"156\">&gt; 30HBa<\/p>\n<p>&nbsp;<\/td>\n<td width=\"156\">ASTM D 2583<\/p>\n<p>&nbsp;<\/td>\n<\/tr>\n<tr>\n<td width=\"156\">Gerilme direnci<\/p>\n<p>&nbsp;<\/td>\n<td width=\"156\">&gt; 900Mpa<\/p>\n<p>&nbsp;<\/td>\n<td width=\"156\">ISO 527-5<\/p>\n<p>&nbsp;<\/td>\n<\/tr>\n<tr>\n<td width=\"156\">Esneklik mod\u00fcl\u00fc<\/p>\n<p>&nbsp;<\/td>\n<td width=\"156\">&gt; 30Gpa<\/p>\n<p>&nbsp;<\/td>\n<td width=\"156\">ISO 527-5<\/p>\n<p>&nbsp;<\/td>\n<\/tr>\n<tr>\n<td width=\"156\">Laminar kesme dayan\u0131m\u0131<\/p>\n<p>&nbsp;<\/td>\n<td width=\"156\">20Mpa<\/p>\n<p>&nbsp;<\/td>\n<td width=\"156\">ISO 1922<\/p>\n<p>&nbsp;<\/td>\n<\/tr>\n<tr>\n<td width=\"156\">\u00c7elik ile kesme mukavemeti<\/p>\n<p>&nbsp;<\/td>\n<td width=\"156\">8Mpa<\/p>\n<p>&nbsp;<\/td>\n<td width=\"156\">ISO 4587<\/p>\n<p>&nbsp;<\/td>\n<\/tr>\n<tr>\n<td width=\"156\">E\u011filme direnci<\/p>\n<p>&nbsp;<\/td>\n<td width=\"156\">&gt; 600MPa<\/p>\n<p>&nbsp;<\/td>\n<td width=\"156\">ISO 14125<\/p>\n<p>&nbsp;<\/td>\n<\/tr>\n<tr>\n<td width=\"156\">Kopma uzamas\u0131<\/p>\n<p>&nbsp;<\/td>\n<td width=\"156\">% 1.5 iyle% 3<\/p>\n<p>&nbsp;<\/td>\n<td width=\"156\">ISO 1421<\/p>\n<p>&nbsp;<\/td>\n<\/tr>\n<tr>\n<td width=\"156\">Hacim direnci<\/p>\n<p>&nbsp;<\/td>\n<td width=\"156\">&gt; 1012\u03a9.m<\/p>\n<p>&nbsp;<\/td>\n<td width=\"156\">ISO 13931<\/p>\n<p>&nbsp;<\/td>\n<\/tr>\n<tr>\n<td width=\"156\">Fiber i\u00e7eri\u011fi<\/p>\n<p>&nbsp;<\/td>\n<td width=\"156\">&gt;% 55<\/p>\n<p>&nbsp;<\/td>\n<td width=\"156\">ISO 11667<\/p>\n<p>&nbsp;<\/td>\n<\/tr>\n<\/tbody>\n<\/table>\n<p>&nbsp;<\/p>\n<h2>SINIRLAMA<\/h2>\n<p>Epoksilerin uygulanmas\u0131 i\u00e7in uygun s\u0131cakl\u0131k 10 \u00b0 C aras\u0131ndad\u0131r. uygulama i\u00e7in 40 \u00b0 C&#8217;ye kadar yeterli havaland\u0131rma kullan\u0131lmal\u0131d\u0131r. So\u011fuk ve nemli havalarda kullan\u0131lmamal\u0131d\u0131rlar.<\/p>\n<h2>D\u0130KKAT!<\/h2>\n<p>FRP (<a href=\"https:\/\/www.journals.elsevier.com\/polymer-contents\">Fiber Takviyeli Polimer<\/a> ) sistemlerinin t\u00fcm bile\u015fenleri Cildin tahri\u015f olmas\u0131na ve hassasla\u015fmas\u0131na neden olabilir. Kimyasal kullan\u0131m\u0131 dayan\u0131kl\u0131 eldivenler tavsiye edilir. Buharlar\u0131 solumaktan ve toz. Zorlukla nefes al\u0131yorsan\u0131z t\u0131bbi yard\u0131m al\u0131n. Re\u00e7ineler \u00fcr\u00fcnleri g\u00fc\u00e7l\u00fc g\u00f6z tahri\u015fine neden olabilir. G\u00f6zden ka\u00e7\u0131nma temas ve G\u00fcvenlik g\u00f6zl\u00fcklerini kullanmak gereklidir.<\/p>\n<h2>G\u00dcVENL\u0130K \u00d6NLEMLER\u0130<\/h2>\n<ul>\n<li>G\u00f6zle temastan ka\u00e7\u0131n\u0131n.<\/li>\n<li>Deriyle re\u00e7ine temas\u0131na izin vermeyin.<\/li>\n<li>Koruyucu eldiven ve g\u00f6zl\u00fck kullan\u0131n.<\/li>\n<li>Lastik \u00e7izmeler ve koruyucu elbiseler giyin.<\/li>\n<li>\u00dcr\u00fcnleri kullan\u0131rken yemeyiniz, i\u00e7meyiniz veya sigara kullanmay\u0131n\u0131z.<\/li>\n<\/ul>\n<h2>\u0130LK YARDIM<\/h2>\n<p>G\u00f6z temas\u0131 olu\u015ftu\u011funda, g\u00f6zleri b\u00fcy\u00fck miktarlarda y\u0131kay\u0131n. su ve t\u0131bbi yard\u0131m al\u0131n. Cilt durumunda temas, cildinizi sabun ve su ile y\u0131kay\u0131n Tahri\u015f devam ederse t\u0131bbi yard\u0131m. \u00d6ks\u00fcr\u00fck varsa veya nefes alman\u0131n zorlu\u011fu, a\u00e7\u0131k havaya git ve t\u0131bbi al e\u011fer devam ederse dikkat edin<\/p>\n<div style=\"display: none;\"\n    class=\"kk-star-ratings kksr-valign-bottom kksr-align-right kksr-disabled\"\n    data-id=\"3330\"\n    data-slug=\"\">\n    <div class=\"kksr-stars\">\n    <div class=\"kksr-stars-inactive\">\n            <div class=\"kksr-star\" data-star=\"1\">\n            <div class=\"kksr-icon\" style=\"width: px; height: px;\"><\/div>\n        <\/div>\n            <div class=\"kksr-star\" data-star=\"2\">\n            <div class=\"kksr-icon\" style=\"width: px; height: px;\"><\/div>\n        <\/div>\n            <div class=\"kksr-star\" data-star=\"3\">\n            <div class=\"kksr-icon\" style=\"width: px; height: px;\"><\/div>\n        <\/div>\n            <div class=\"kksr-star\" data-star=\"4\">\n            <div class=\"kksr-icon\" style=\"width: px; height: px;\"><\/div>\n        <\/div>\n            <div class=\"kksr-star\" data-star=\"5\">\n            <div class=\"kksr-icon\" style=\"width: px; height: px;\"><\/div>\n        <\/div>\n    <\/div>\n    <div class=\"kksr-stars-active\" style=\"width: 0px;\">\n            <div class=\"kksr-star\">\n            <div class=\"kksr-icon\" style=\"width: px; height: px;\"><\/div>\n        <\/div>\n            <div class=\"kksr-star\">\n            <div class=\"kksr-icon\" style=\"width: px; height: px;\"><\/div>\n        <\/div>\n            <div class=\"kksr-star\">\n            <div class=\"kksr-icon\" style=\"width: px; height: px;\"><\/div>\n        <\/div>\n            <div class=\"kksr-star\">\n            <div class=\"kksr-icon\" style=\"width: px; height: px;\"><\/div>\n        <\/div>\n            <div class=\"kksr-star\">\n            <div class=\"kksr-icon\" style=\"width: px; height: px;\"><\/div>\n        <\/div>\n    <\/div>\n<\/div>\n    <div class=\"kksr-legend\">\n            <strong class=\"kksr-score\">5<\/strong>\n        <span class=\"kksr-muted\">\/<\/span>\n        <strong>5<\/strong>\n        <span class=\"kksr-muted\">(<\/span>\n        <strong class=\"kksr-count\">2<\/strong>\n        <span class=\"kksr-muted\">\n            votes        <\/span>\n        <span class=\"kksr-muted\">)<\/span>\n    <\/div>\n<\/div>\n","protected":false},"excerpt":{"rendered":"<p>CTech-LLC<sup>\u00ae<\/sup> Vakum Epoxy Sleeve (VES\u2122), daha optimum bir man\u015fon yap\u0131s\u0131n\u0131 kullan\u0131r ve daha da \u00f6nemlisi, sitenin montaj i\u015flemi-vakum yap\u0131\u015fkanl\u0131 perf\u00fczyonda patentli olarak kabul edilir.<\/p>\n<p>\u0130\u015flem, yap\u0131\u015ft\u0131r\u0131c\u0131y\u0131 pozitif bas\u0131n\u00e7la enjekte eden geleneksel perf\u00fczyon y\u00f6ntemini kullanmak yerine, yap\u0131\u015ft\u0131r\u0131c\u0131y\u0131 perf\u00fcze etmek i\u00e7in vakumlama ile yarat\u0131lan negatif bas\u0131nc\u0131 kullan\u0131r. Bu iyile\u015ftirme, sisteme daha istikrarl\u0131 bir performans verir. Sahada, operat\u00f6rler, e\u015fit \u015fekilde kar\u0131\u015ft\u0131r\u0131lm\u0131\u015f y\u00fcksek mukavemetli yap\u0131\u015ft\u0131r\u0131c\u0131y\u0131 emmek ve boru hatt\u0131 ile \u00e7elik man\u015fonun duvarlar\u0131 aras\u0131ndaki bo\u015flu\u011fa bo\u015faltmak i\u00e7in vakum pompas\u0131n\u0131 kullanmal\u0131d\u0131r. Vakum negatif bas\u0131nc\u0131n etkisiyle, yap\u0131\u015ft\u0131r\u0131c\u0131 herhangi bir k\u00fc\u00e7\u00fck bo\u015fluk girebilir ve arkada bo\u015fluk b\u0131rakmaz. \u0130yice doldurulmu\u015f yap\u0131\u015fkan, iyi yap\u0131\u015fma ve bas\u0131n\u00e7 dayan\u0131m\u0131 sunar. Kuruduktan sonra, boru hatlar\u0131 ve man\u015fon tek bir par\u00e7a yap\u0131s\u0131na d\u00f6n\u00fc\u015fecek ve boru hatlar\u0131ndaki stres etkin bir \u015fekilde payla\u015f\u0131lacak, bu nedenle g\u00fcvenilir bir takviye performans\u0131 garanti edilecektir.<\/p>\n","protected":false},"featured_media":3333,"comment_status":"open","ping_status":"closed","template":"","meta":[],"_links":{"self":[{"href":"https:\/\/ctech-llc.com\/tr\/wp-json\/wp\/v2\/product\/3330"}],"collection":[{"href":"https:\/\/ctech-llc.com\/tr\/wp-json\/wp\/v2\/product"}],"about":[{"href":"https:\/\/ctech-llc.com\/tr\/wp-json\/wp\/v2\/types\/product"}],"replies":[{"embeddable":true,"href":"https:\/\/ctech-llc.com\/tr\/wp-json\/wp\/v2\/comments?post=3330"}],"wp:featuredmedia":[{"embeddable":true,"href":"https:\/\/ctech-llc.com\/tr\/wp-json\/wp\/v2\/media\/3333"}],"wp:attachment":[{"href":"https:\/\/ctech-llc.com\/tr\/wp-json\/wp\/v2\/media?parent=3330"}],"curies":[{"name":"wp","href":"https:\/\/api.w.org\/{rel}","templated":true}]}}