{"id":3326,"date":"2018-12-16T13:47:44","date_gmt":"2018-12-16T10:17:44","guid":{"rendered":"https:\/\/ctech-llc.com\/tr\/?post_type=product&#038;p=3326"},"modified":"2023-01-01T15:12:28","modified_gmt":"2023-01-01T11:42:28","slug":"frp-spike-ankor","status":"publish","type":"product","link":"https:\/\/ctech-llc.com\/tr\/products\/composite-systems\/frp-spike-anchor\/","title":{"rendered":"FRP Spike Ankor"},"content":{"rendered":"<h2>Avantajlar\u0131<\/h2>\n<ul>\n<li>Sistem uyumlu ankraj detaylar\u0131<\/li>\n<li>\u0130yi y\u00fcksek ve d\u00fc\u015f\u00fck s\u0131cakl\u0131k \u00f6zellikleri<\/li>\n<li>Uzun \u00e7al\u0131\u015fma s\u00fcresi<\/li>\n<li>Y\u00fcksek \u00e7ekme mod\u00fcl\u00fc ve mukavemeti<\/li>\n<li>Y\u00fcksek mekanik ve kimyasal diren\u00e7.<\/li>\n<li>Ortam tedavi<\/li>\n<li>Y\u00fcksek dielektrik performans\u0131 ve elektri\u011fe dayan\u0131kl\u0131d\u0131r<\/li>\n<\/ul>\n<h2>FRP SPIKE ANKOR RAF \u00d6MR\u00dc<\/h2>\n<p>CSA\u2122 karbon spike ankarajlar\u0131 ve GSA\u2122 cam spike ankarajlar\u0131 orijinalinde saklanmal\u0131d\u0131r. Konteynerin kapa\u011f\u0131 kapal\u0131 tutulmal\u0131d\u0131r. <a href=\"https:\/\/ctech-llc.com\/tr\/products\/resins-and-coatings\/underwater-epoxy\/\">Nem epoksi re\u00e7inelerin<\/a> raf \u00f6mr\u00fcn\u00fc azaltabilir. \u0130le uygun depolama, re\u00e7ine ve sertle\u015ftiriciler i\u00e7in en az 24 ay kullan\u0131labilir.<\/p>\n<h2>FRP SPIKE ANKOR\u00a0DEPOLAMA KO\u015eULLARI<\/h2>\n<p>4 \u00b0 C ila 32 \u00b0 de GSA\u2122 ve CSA\u2122&#8217;yi saklay\u0131n. \u00dcr\u00fcn\u00fc dondurmaktan ka\u00e7\u0131n\u0131n ve direkt g\u00fcne\u015f \u0131\u015f\u0131\u011f\u0131ndan, alevden veya di\u011ferlerinden uzak tutun tehlikeler. 38 \u00b0 C&#8217;nin alt\u0131ndaki s\u0131cakl\u0131klarda saklay\u0131n.<\/p>\n<h2>FRP SPIKE ANKOR KARI\u015eTIRMA<\/h2>\n<p>20L kaplarda \u00f6nceden \u00f6l\u00e7\u00fclen \u00fcniteler i\u00e7in B bile\u015feninin i\u00e7eri\u011fi A bile\u015feninin kovas\u0131na. Tamburlar i\u00e7in, \u00f6n bile\u015fen her bile\u015fen: 100.0 birim A bile\u015feni 42.0 par\u00e7a B bile\u015fenine kadar (A bile\u015feninin 100 par\u00e7as\u0131, B bile\u015feni i\u00e7in 34,5 k\u0131s\u0131m a\u011f\u0131rl\u0131k\u00e7a). \u0130yice be\u015f dakika boyunca iyice kar\u0131\u015ft\u0131r\u0131n homojen olarak kar\u0131\u015ft\u0131r\u0131lana kadar 400-600 RPM&#8217;de h\u0131z kar\u0131\u015ft\u0131r\u0131c\u0131s\u0131.<\/p>\n<h2>FRP SPIKE ANKOR NASIL KULLANILIR<\/h2>\n<h3>TASARIM<\/h3>\n<p>CTech-LLC<sup>\u00ae<\/sup> Sistemleri, kar\u015f\u0131lamak \u00fczere tasarlanacakt\u0131r. \u00f6zel tasar\u0131m kriterleri. Her proje i\u00e7in kriterler kay\u0131t m\u00fchendisi ve herhangi bir ilgili taraf\u0131ndan dikte bina kodlar\u0131 ve \/ veya y\u00f6nergeler. Tasar\u0131m olmal\u0131 Her bir uygulama t\u00fcr\u00fc i\u00e7in izin verilen su\u015fa dayal\u0131 ve malzemenin tasar\u0131m mod\u00fcl\u00fc.<\/p>\n<h3>Y\u00dcZEY HAZIRLI\u011eI<\/h3>\n<ul>\n<li>G\u00fc\u00e7lendirme uygulamalar\u0131 i\u00e7in, alt tabaka haz\u0131rlama performans\u0131n\u0131n kalitesi \u00fczerinde y\u00fcksek etki sistemleri.<\/li>\n<li>\u00a0T\u00fcm y\u00fczeyler kirden ve kirden ar\u0131nd\u0131r\u0131lmal\u0131d\u0131r. toz, k\u00fcr malzemeleri, ya\u011flar, gres, mumlar ve hepsi di\u011fer kontamine materyaller.<\/li>\n<li>End\u00fcstriyel elektrikli s\u00fcp\u00fcrge kullan\u0131lmal\u0131d\u0131r. tozu ve kiri temizleyin.<\/li>\n<li>\u00a0T\u00fcm y\u00fczeylerin ta\u015flanmas\u0131, kumlanmas\u0131, vurulmas\u0131 gerekir patlatma, bas\u0131n\u00e7l\u0131 y\u0131kama veya di\u011fer yayg\u0131n mekanik e\u015fit bir beton alt tabakaya ula\u015fmak i\u00e7in y\u00f6ntemler.<\/li>\n<li>Keskin kenarlar d\u00fcz ve yuvarlak olmal\u0131d\u0131r. Minimum 30 mm yar\u0131\u00e7ap.<\/li>\n<li>Beton y\u00fczeylerin tamamen kurutulmas\u0131 gerekti\u011fini veya sertle\u015ftirilen bu \u015fekilde yap\u0131\u015ft\u0131r\u0131c\u0131 uygun \u015fekilde kuruyabilir.<\/li>\n<\/ul>\n<h2>FRP SPIKE ANKOR UYGULAMA<\/h2>\n<p>T\u00fcm kontamine elemanlar\u0131n y\u00fczeyi iyice temizlendi. Tamamen doymu\u015f Spike daha sonra proje hakk\u0131nda ayr\u0131nt\u0131l\u0131 olarak uygulan\u0131r.<\/p>\n<h2>SINIRLAMA<\/h2>\n<p>Epoksilerin uygulanmas\u0131 i\u00e7in uygun s\u0131cakl\u0131k 4 \u00b0 C aras\u0131ndad\u0131r. Bunlar\u0131 uygulamak i\u00e7in 38 \u00b0 C yeterli havaland\u0131rma kullanmal\u0131d\u0131r. So\u011fuk ve nemli havalarda kullan\u0131lmamal\u0131d\u0131rlar.<\/p>\n<h2>D\u0130KKAT !<\/h2>\n<p>FRP kompozit sistemlerin t\u00fcm bile\u015fenleri neden olabilir cilt tahri\u015fi ve duyarl\u0131la\u015fmas\u0131. Kimyasal dayan\u0131kl\u0131 kullan\u0131m\u0131 eldiven \u00f6nerilir. Buharlar\u0131 ve tozu solumaktan ka\u00e7\u0131n\u0131n. T\u0131bbi yard\u0131m al Zorlukla nefes al\u0131yorsun. Re\u00e7ine \u00fcr\u00fcnleri g\u00fc\u00e7l\u00fc g\u00f6z tahri\u015fine neden olabilir. Ka\u00e7\u0131nma G\u00f6z temas\u0131 ve koruyucu g\u00f6zl\u00fck kullan\u0131lmas\u0131 zorunludur.<\/p>\n<h2>G\u00dcVENL\u0130K \u00d6NLEMLER\u0130<\/h2>\n<ul>\n<li>G\u00f6zle temastan ka\u00e7\u0131n\u0131n.<\/li>\n<li>Deriyle re\u00e7ine temas\u0131na izin vermeyin.<\/li>\n<li>Koruyucu eldiven ve g\u00f6zl\u00fck kullan\u0131n.<\/li>\n<li>Lastik \u00e7izmeler ve koruyucu elbiseler giyin.<\/li>\n<li>\u00dcr\u00fcnleri kullan\u0131rken yemeyiniz, i\u00e7meyiniz veya sigara kullanmay\u0131n\u0131z.<\/li>\n<li>E\u011fer herhangi bir semptom meydana gelirse, a\u00e7\u0131k havaya \u00e7\u0131k\u0131n ve t\u0131bbi yard\u0131m.<\/li>\n<\/ul>\n<h2>\u0130LK YARDIM<\/h2>\n<p>G\u00f6z temas\u0131 olu\u015ftu\u011funda, g\u00f6zleri b\u00fcy\u00fck miktarlarda y\u0131kay\u0131n. su ve t\u0131bbi yard\u0131m al\u0131n. Cilt durumunda temas, cildinizi sabun ve su ile y\u0131kay\u0131n Tahri\u015f devam ederse t\u0131bbi yard\u0131m. \u00d6ks\u00fcr\u00fck varsa veya nefes alman\u0131n zorlu\u011fu, a\u00e7\u0131k havaya git ve t\u0131bbi al e\u011fer devam ederse dikkat edin.<\/p>\n<div style=\"display: none;\"\n    class=\"kk-star-ratings kksr-valign-bottom kksr-align-right kksr-disabled\"\n    data-id=\"3326\"\n    data-slug=\"\">\n    <div class=\"kksr-stars\">\n    <div class=\"kksr-stars-inactive\">\n            <div class=\"kksr-star\" data-star=\"1\">\n            <div class=\"kksr-icon\" style=\"width: px; height: px;\"><\/div>\n        <\/div>\n            <div class=\"kksr-star\" data-star=\"2\">\n            <div class=\"kksr-icon\" style=\"width: px; height: px;\"><\/div>\n        <\/div>\n            <div class=\"kksr-star\" data-star=\"3\">\n            <div class=\"kksr-icon\" style=\"width: px; height: px;\"><\/div>\n        <\/div>\n            <div class=\"kksr-star\" data-star=\"4\">\n            <div class=\"kksr-icon\" style=\"width: px; height: px;\"><\/div>\n        <\/div>\n            <div class=\"kksr-star\" data-star=\"5\">\n            <div class=\"kksr-icon\" style=\"width: px; height: px;\"><\/div>\n        <\/div>\n    <\/div>\n    <div class=\"kksr-stars-active\" style=\"width: 0px;\">\n            <div class=\"kksr-star\">\n            <div class=\"kksr-icon\" style=\"width: px; height: px;\"><\/div>\n        <\/div>\n            <div class=\"kksr-star\">\n            <div class=\"kksr-icon\" style=\"width: px; height: px;\"><\/div>\n        <\/div>\n            <div class=\"kksr-star\">\n            <div class=\"kksr-icon\" style=\"width: px; height: px;\"><\/div>\n        <\/div>\n            <div class=\"kksr-star\">\n            <div class=\"kksr-icon\" style=\"width: px; height: px;\"><\/div>\n        <\/div>\n            <div class=\"kksr-star\">\n            <div class=\"kksr-icon\" style=\"width: px; height: px;\"><\/div>\n        <\/div>\n    <\/div>\n<\/div>\n    <div class=\"kksr-legend\">\n            <strong class=\"kksr-score\">5<\/strong>\n        <span class=\"kksr-muted\">\/<\/span>\n        <strong>5<\/strong>\n        <span class=\"kksr-muted\">(<\/span>\n        <strong class=\"kksr-count\">3<\/strong>\n        <span class=\"kksr-muted\">\n            votes        <\/span>\n        <span class=\"kksr-muted\">)<\/span>\n    <\/div>\n<\/div>\n","protected":false},"excerpt":{"rendered":"<p>CTech-LLC<sup>\u00ae<\/sup> Kompozit ankarajlari (CSA\u2122, GSA\u2122) CTech-LLC<sup>\u00ae<\/sup> tesisinde \u00e7ok say\u0131da elyafl\u0131 \u00e7ekici derleme makinesi \u00fcretmektedir. CTech-LLC<sup>\u00ae<\/sup> G-Spikes ve CTech-LLC<sup>\u00ae<\/sup> C-Spikes, geli\u015fmi\u015f son ayr\u0131nt\u0131lar ve zorlu transferler i\u00e7in \u00e7e\u015fitli CTech-LLC<sup>\u00ae<\/sup> tasar\u0131mlar\u0131 i\u00e7in \u00f6zel, tek y\u00f6nl\u00fc CTech-LLC<sup>\u00ae<\/sup> cam ve tek y\u00f6nl\u00fc CTech-LLC<sup>\u00ae<\/sup><a href=\"https:\/\/ctech-llc.com\/tr\/wikitech\/carbon-fiber\"> karbon fiber<\/a> takviyesinden \u00fcretilmi\u015ftir. CTech-LLC<sup>\u00ae<\/sup> S epoksi ile g\u00f6m\u00fclebilir ve \/ veya geli\u015ftirilebilir.<\/p>\n","protected":false},"featured_media":3327,"comment_status":"open","ping_status":"closed","template":"","meta":[],"_links":{"self":[{"href":"https:\/\/ctech-llc.com\/tr\/wp-json\/wp\/v2\/product\/3326"}],"collection":[{"href":"https:\/\/ctech-llc.com\/tr\/wp-json\/wp\/v2\/product"}],"about":[{"href":"https:\/\/ctech-llc.com\/tr\/wp-json\/wp\/v2\/types\/product"}],"replies":[{"embeddable":true,"href":"https:\/\/ctech-llc.com\/tr\/wp-json\/wp\/v2\/comments?post=3326"}],"wp:featuredmedia":[{"embeddable":true,"href":"https:\/\/ctech-llc.com\/tr\/wp-json\/wp\/v2\/media\/3327"}],"wp:attachment":[{"href":"https:\/\/ctech-llc.com\/tr\/wp-json\/wp\/v2\/media?parent=3326"}],"curies":[{"name":"wp","href":"https:\/\/api.w.org\/{rel}","templated":true}]}}