{"id":3307,"date":"2018-12-16T10:42:58","date_gmt":"2018-12-16T07:12:58","guid":{"rendered":"https:\/\/ctech-llc.com\/tr\/?post_type=product&#038;p=3307"},"modified":"2022-12-25T17:54:46","modified_gmt":"2022-12-25T14:24:46","slug":"karbon-kumas","status":"publish","type":"product","link":"https:\/\/ctech-llc.com\/tr\/products\/composite-systems\/cfrp-wrap\/","title":{"rendered":"Karbon Kuma\u015f"},"content":{"rendered":"<p><a href=\"https:\/\/ctech-llc.com\/tr\/\">CTech-LLC<sup>\u00ae<\/sup><\/a> karbon elyaflar\u0131 savunma sanayinde askeri ama\u00e7lar i\u00e7in yayg\u0131n olarak kullan\u0131lmaktad\u0131r ve hafif a\u011f\u0131rl\u0131klar\u0131ndan dolay\u0131 u\u00e7aklarda, helikopterlerde veya di\u011fer askeri uygulamalarda kullan\u0131labilirler.<\/p>\n<ul>\n<li>\u00a0\u00a0\u00a0 PCW\u2122 ve UCW\u2122, beton, \u00e7elik ve y\u0131\u011fma yap\u0131lar\u0131n g\u00fc\u00e7lendirilmesinde \u00e7ok faydal\u0131 malzemelerdir.<\/li>\n<li>\u00a0\u00a0\u00a0 Yap\u0131 kullan\u0131m\u0131ndaki de\u011fi\u015fiklikler, yap\u0131sal hatalar veya yap\u0131sal elemanlara ek y\u00fck getirmesi durumunda, CTech-LLC<sup>\u00ae<\/sup> karbon fiber (CFRP) takviyeli polimer yap\u0131lar\u0131 g\u00fc\u00e7lendirmek i\u00e7in iyi bir se\u00e7im olabilir.<\/li>\n<li>\u00a0\u00a0\u00a0 Bug\u00fcn PCW\u2122and UCW\u2122, otomobil end\u00fcstrisinde yayg\u0131n olarak kullan\u0131lmaktad\u0131r. Ara\u00e7 g\u00f6vdeleri ve koltuk \u00e7er\u00e7eveleri gibi baz\u0131 ara\u00e7 bile\u015fenleri bu kullan\u0131\u015fl\u0131 kuma\u015flardan yap\u0131lm\u0131\u015ft\u0131r.<\/li>\n<li>\u00a0 \u00a0 CTech-LLC<sup>\u00ae<\/sup> karbon fiberleri (CFRP) spor ekipmanlar\u0131nda kullan\u0131labilir. Tenis raketleri, hokey sopalar\u0131, ok\u00e7uluk oklar\u0131 ve yaylar gibi baz\u0131 spor malzemeleri karbon fiberle g\u00fc\u00e7lendirilmi\u015f polimerlerden yap\u0131l\u0131r.<\/li>\n<li>\u00a0 \u00a0 CTech-LLC<sup>\u00ae<\/sup> karbon elyaflar\u0131, daha hafif ve daha dayan\u0131kl\u0131 olmas\u0131 nedeniyle havac\u0131l\u0131kta kullan\u0131lmak \u00fczere m\u00fckemmel malzemelerdir.<\/li>\n<li>PCW\u2122 and UCW\u2122 medikal end\u00fcstrisinde kullan\u0131labilir, \u00e7\u00fcnk\u00fc bunlar radyoluktur. Yapay uzuvlar\u0131n yap\u0131m\u0131nda da uygulanabilirler.<\/li>\n<\/ul>\n<p>PCW\u2122 ve UCW\u2122 Karbon elyaflari genellikle yap\u0131\u015ft\u0131r\u0131c\u0131 re\u00e7inelerle elemanlara ba\u011flan\u0131r ve \u00e7e\u015fitli yap\u0131sal elemanlarda kesme, b\u00fckme ve bas\u0131n\u00e7 dayan\u0131m\u0131 gibi y\u00fck kapasitesini art\u0131rabilir. CTech-LLC<sup>\u00ae<\/sup> karbon fiberlerini kullanman\u0131n baz\u0131 faydalar\u0131 \u015funlard\u0131r:<\/p>\n<p>&nbsp;<\/p>\n<ul>\n<li>\u00a0 \u00a0 \u00c7elik gibi di\u011fer geleneksel malzemelerden daha g\u00fc\u00e7l\u00fc<\/li>\n<li>\u00a0\u00a0\u00a0\u00a0 Y\u00fcksek kimyasal ve korozyon direnci<\/li>\n<li>\u00a0\u00a0\u00a0\u00a0 Farkl\u0131 esnek y\u00fczeylerde uygulanabilir<\/li>\n<li>\u00a0\u00a0\u00a0\u00a0 \u00c7elikten% 70 daha hafif<\/li>\n<li>\u00a0\u00a0\u00a0\u00a0 Maliyet etkin y\u00f6ntem<\/li>\n<li>\u00a0\u00a0\u00a0\u00a0 Farkl\u0131 malzemeler ve standart yap\u0131\u015fkan re\u00e7inelerle uyumludur<\/li>\n<li>\u00a0\u00a0\u00a0\u00a0 Kurulum kolayl\u0131\u011f\u0131<\/li>\n<li>\u00a0\u00a0\u00a0\u00a0 CFRP&#8217;ler farkl\u0131 elemanlar\u0131n s\u00fcnekli\u011fini art\u0131rabilir<\/li>\n<li>\u00a0\u00a0\u00a0\u00a0 Elektrik iletkenli\u011fi<\/li>\n<\/ul>\n<p>&nbsp;<\/p>\n<h2>KARBON FIBER G\u00d6R\u00dcN\u00dcM\u00dc<\/h2>\n<p>Siyah renk<\/p>\n<p>Malzeme: Koruyucu bir destek malzemesi ile karbon fiber kuma\u015f.<\/p>\n<p>Fiber Y\u00f6n\u00fc (UCW\u2122): Tek Y\u00f6nl\u00fc<\/p>\n<p>Fiber Y\u00f6n\u00fc (PCW\u2122): iki Y\u00f6nl\u00fc<\/p>\n<h2>KARBON FIBER DEPOLAMA<\/h2>\n<p>Karbon fiberler +10 \u00b0 C ile +40 \u00b0 C aras\u0131nda saklanmal\u0131d\u0131r. direkt g\u00fcne\u015f \u0131\u015f\u0131\u011f\u0131na maruz b\u0131rak\u0131lmamal\u0131d\u0131r. Karbon tutmak kuru bir yerde kuma\u015flar.<\/p>\n<h2>KARBON FIBER NASIL KULLANILIR<\/h2>\n<h3>TASARIM (UCW\u2122)<\/h3>\n<p>CTech-LLC<sup>\u00ae<\/sup> sistem tasar\u0131m\u0131, dayal\u0131 olmal\u0131d\u0131r h\u00fck\u00fcmler ve nispi bina kodlar\u0131. T\u00fcm hesaplamalar g\u00f6re yap\u0131sal m\u00fchendisler taraf\u0131ndan yap\u0131lmal\u0131d\u0131r \u00f6zel tasar\u0131m kriterleri. Tasar\u0131m y\u00f6ntemleri olmal\u0131 g\u00f6reli binan\u0131n en son s\u00fcr\u00fcm\u00fcyle uyumlu kodlar, standartlar ve h\u00fck\u00fcmler.<\/p>\n<h3>TASARIM (PCW\u2122)<\/h3>\n<p>CTech-LLC<sup>\u00ae<\/sup> Karbon elyaf sistem tasar\u0131m\u0131, h\u00fck\u00fcmlere dayanmal\u0131d\u0131r. ve g\u00f6receli bina kodlar\u0131. B\u00fct\u00fcn hesaplamalar yap\u0131lmal\u0131 Yap\u0131sal m\u00fchendisler taraf\u0131ndan belirli tasar\u0131m kriterlerine g\u00f6re. Tasar\u0131m y\u00f6ntemleri en son s\u00fcr\u00fcmle uyumlu olmal\u0131d\u0131r G\u00f6reli bina kodlar\u0131, standartlar\u0131 ve h\u00fck\u00fcmleri.<\/p>\n<h2>KARBON FIBER KURULUM<\/h2>\n<h3>UCW\u2122<\/h3>\n<p>CTech-LLC<sup>\u00ae<\/sup> karbon kuma\u015flar\u0131n montaj\u0131 yap\u0131lmal\u0131d\u0131r. lisansl\u0131 ve \u00f6zel olarak e\u011fitilmi\u015f gruplar taraf\u0131ndan ger\u00e7ekle\u015ftirilir<\/p>\n<p>&nbsp;<\/p>\n<table style=\"height: 501px;\" width=\"667\">\n<tbody>\n<tr>\n<td width=\"89\">Teknik veri<\/p>\n<p>&nbsp;<\/td>\n<td width=\"89\">\u00dcnite<\/td>\n<td width=\"89\">UCW\u2122 3.0h<\/p>\n<p>&nbsp;<\/td>\n<td width=\"89\">UCW\u2122 2.0h<\/p>\n<p>&nbsp;<\/td>\n<td width=\"89\">UCW\u2122 1.0h<\/p>\n<p>&nbsp;<\/td>\n<\/tr>\n<tr>\n<td width=\"89\">Elastik mod\u00fcl\u00fc *<\/p>\n<p>&nbsp;<\/td>\n<td width=\"89\">GPa<\/p>\n<p>&nbsp;<\/td>\n<td width=\"89\">230<\/p>\n<p>&nbsp;<\/td>\n<td width=\"89\">230<\/p>\n<p>&nbsp;<\/td>\n<td width=\"89\">230<\/p>\n<p>&nbsp;<\/td>\n<\/tr>\n<tr>\n<td width=\"89\">Nihai g\u00fcc\u00fc *<\/p>\n<p>&nbsp;<\/td>\n<td width=\"89\">MPa<\/p>\n<p>&nbsp;<\/td>\n<td width=\"89\">4900<\/p>\n<p>&nbsp;<\/td>\n<td width=\"89\">4900<\/p>\n<p>&nbsp;<\/td>\n<td width=\"89\">4900<\/p>\n<p>&nbsp;<\/td>\n<\/tr>\n<tr>\n<td width=\"89\">Nihai Gerginlik*<\/p>\n<p>&nbsp;<\/td>\n<td width=\"89\">&#8211;<\/p>\n<p>&nbsp;<\/td>\n<td width=\"89\">0.02<\/p>\n<p>&nbsp;<\/td>\n<td width=\"89\">0.02<\/p>\n<p>&nbsp;<\/td>\n<td width=\"89\">0.02<\/p>\n<p>&nbsp;<\/td>\n<\/tr>\n<tr>\n<td width=\"89\">Kal\u0131nl\u0131k **<\/td>\n<td width=\"89\">mm<\/p>\n<p>&nbsp;<\/td>\n<td width=\"89\">0.09<\/p>\n<p>&nbsp;<\/td>\n<td width=\"89\">0.11<\/p>\n<p>&nbsp;<\/td>\n<td width=\"89\">0.17<\/p>\n<p>&nbsp;<\/td>\n<\/tr>\n<\/tbody>\n<\/table>\n<p>* ISO 10618 standard\u0131na uygun olarak\u00a0\u00a0\u00a0\u00a0\u00a0\u00a0\u00a0\u00a0\u00a0\u00a0\u00a0\u00a0\u00a0 ** Toplam tek y\u00f6nl\u00fc fiber i\u00e7eri\u011fine g\u00f6re<\/p>\n<h3>PCW\u2122<\/h3>\n<p>CTech-LLC<sup>\u00ae<\/sup> karbon kuma\u015flar\u0131n montaj\u0131 yap\u0131lmal\u0131d\u0131r. lisansl\u0131 ve \u00f6zel e\u011fitimli montajc\u0131 gruplar\u0131 taraf\u0131ndan.<\/p>\n<p>Kurulum mevcut ilgili ile uyumlu olmal\u0131d\u0131r uluslararas\u0131 kodlar.<\/p>\n<p>&nbsp;<\/p>\n<table>\n<tbody>\n<tr>\n<td width=\"89\">Teknik veri<\/p>\n<p>&nbsp;<\/td>\n<td width=\"89\">Birim<\/td>\n<td width=\"89\">PCW\u2122 1.6H<\/td>\n<td width=\"89\">PCW\u2122 2.0h<\/td>\n<td width=\"89\">PCW\u2122 2,3H<\/p>\n<p>&nbsp;<\/td>\n<td width=\"89\">PCW\u2122 3.0h<\/td>\n<td width=\"89\">PCW\u2122 4.0h<\/p>\n<p>&nbsp;<\/td>\n<\/tr>\n<tr>\n<td width=\"89\">Elastik mod\u00fcl\u00fc *<\/p>\n<p>&nbsp;<\/td>\n<td width=\"89\">GPa<\/p>\n<p>&nbsp;<\/td>\n<td width=\"89\">230<\/p>\n<p>&nbsp;<\/td>\n<td width=\"89\">230<\/p>\n<p>&nbsp;<\/td>\n<td width=\"89\">230<\/p>\n<p>&nbsp;<\/td>\n<td width=\"89\">230<\/p>\n<p>&nbsp;<\/td>\n<td width=\"89\">230<\/p>\n<p>&nbsp;<\/td>\n<\/tr>\n<tr>\n<td width=\"89\">Nihai g\u00fcc\u00fc *<\/p>\n<p>&nbsp;<\/td>\n<td width=\"89\">MPa<\/p>\n<p>&nbsp;<\/td>\n<td width=\"89\">4900<\/p>\n<p>&nbsp;<\/td>\n<td width=\"89\">4900<\/p>\n<p>&nbsp;<\/td>\n<td width=\"89\">4900<\/p>\n<p>&nbsp;<\/td>\n<td width=\"89\">4900<\/p>\n<p>&nbsp;<\/td>\n<td width=\"89\">4900<\/p>\n<p>&nbsp;<\/td>\n<\/tr>\n<tr>\n<td width=\"89\">Nihai Gerginlik*<\/p>\n<p>&nbsp;<\/td>\n<td width=\"89\">&#8211;<\/p>\n<p>&nbsp;<\/td>\n<td width=\"89\">0.02<\/p>\n<p>&nbsp;<\/td>\n<td width=\"89\">0.02<\/p>\n<p>&nbsp;<\/td>\n<td width=\"89\">0.02<\/p>\n<p>&nbsp;<\/td>\n<td width=\"89\">0.02<\/p>\n<p>&nbsp;<\/td>\n<td width=\"89\">0.02<\/p>\n<p>&nbsp;<\/td>\n<\/tr>\n<tr>\n<td width=\"89\">Kal\u0131nl\u0131k **<\/p>\n<p>&nbsp;<\/td>\n<td width=\"89\">mm<\/td>\n<td width=\"89\">0.09<\/p>\n<p>&nbsp;<\/td>\n<td width=\"89\">0.11<\/p>\n<p>&nbsp;<\/td>\n<td width=\"89\">0.13<\/p>\n<p>&nbsp;<\/td>\n<td width=\"89\">0.17<\/p>\n<p>&nbsp;<\/td>\n<td width=\"89\">0.22<\/p>\n<p>&nbsp;<\/td>\n<\/tr>\n<\/tbody>\n<\/table>\n<p>* ISO 10618 standard\u0131na uygun olarak\u00a0 \u00a0 \u00a0 \u00a0 \u00a0 \u00a0 \u00a0 \u00a0** Toplam tek y\u00f6nl\u00fc fiber i\u00e7eri\u011fine g\u00f6re<\/p>\n<h2>ALT YAPI HAZIRLIK<\/h2>\n<p>Y\u00fczey haz\u0131rl\u0131\u011f\u0131 kalitesi \u00fczerinde \u00e7ok etkili olabilir.<\/p>\n<h3>CFRP sistemlerinin performans\u0131.<\/h3>\n<ul>\n<li>T\u00fcm y\u00fczeyler kir, kir ve tozdan ar\u0131nd\u0131r\u0131lmal\u0131d\u0131r. k\u00fcr bile\u015fikleri, ya\u011flar, gres, mumlar ve t\u00fcm bo\u015fluklara neden olabilecek di\u011fer kirlenmi\u015f maddeler CTech-LLC<sup>\u00ae<\/sup> kompozitlerin arkas\u0131nda .<\/li>\n<li>A\u015f\u0131nm\u0131\u015f t\u00fcm par\u00e7alar\u0131 onarmak i\u00e7in tamir harc\u0131 kullan\u0131lmal\u0131d\u0131r. hasarl\u0131 beton y\u00fczeyler.<\/li>\n<li>End\u00fcstriyel elektrikli s\u00fcp\u00fcrge s\u00f6kmek i\u00e7in kullan\u0131lmal\u0131d\u0131r. Toz ve kir.<\/li>\n<li>T\u00fcm y\u00fczeylerin ta\u015flanmas\u0131 gerekir, Kumlama, \u00e7ekim patlatma, bas\u0131n\u00e7l\u0131 y\u0131kama veya di\u011fer yayg\u0131n mekanik e\u015fit bir beton y\u00fczeye ula\u015fma y\u00f6ntemleri.<\/li>\n<li>Keskin kenarlar d\u00fcz ve yuvarlak olmal\u0131d\u0131r. Minimum 30 mm yar\u0131\u00e7ap.<\/li>\n<li>Beton y\u00fczeylerin tamamen kurutulmas\u0131 gerekti\u011fini veya sertle\u015ftirilen bu \u015fekilde yap\u0131\u015ft\u0131r\u0131c\u0131 uygun \u015fekilde kuruyabilir.<\/li>\n<\/ul>\n<h2>KARI\u015eTIRMA<\/h2>\n<p>CFRP yapmak i\u00e7in<a href=\"https:\/\/ctech-llc.com\/tr\/products\/resins-and-coatings\/epoxy-adhesive\/\"> epoksi re\u00e7ineler<\/a> (veya di\u011fer re\u00e7ineler) gereklidir sistemleri. Epoksi bile\u015fikleri genellikle iki olarak tedarik edilir. farkl\u0131 kaplar. \u0130\u00e7eri\u011fini d\u00f6kmeden \u00f6nce bile\u015fen B, bile\u015fen A&#8217;n\u0131n i\u00e7eri\u011fine, her par\u00e7aya Konteyn\u0131rda birikmeyi \u00f6nlemek i\u00e7in ayr\u0131ca kar\u0131\u015ft\u0131r\u0131lmal\u0131d\u0131r. Daha sonra A ve B b\u00f6l\u00fcmleri birbirine ba\u011fl\u0131 olarak kar\u0131\u015ft\u0131r\u0131lmal\u0131d\u0131r. gerekli miktarda. Kar\u0131\u015ft\u0131rma i\u015flemi 3- almal\u0131d\u0131r D\u00fc\u015f\u00fck h\u0131zl\u0131 kar\u0131\u015ft\u0131r\u0131c\u0131 ile 5 dakika.<\/p>\n<h2>KARBON FIBER TEDAV\u0130<\/h2>\n<p>Karbon kuma\u015flar (CFRP) b\u0131\u00e7aklarla kesilebilir, ticari kalite a\u011f\u0131r makas ve cetveller. Bunlar uygun ara\u00e7lar \u0130deal uzunluk ve geni\u015flik elde etmek i\u00e7in CFRP sistemlerini kesmek. Di\u011fer kesici aletlerin herhangi biri kuma\u015flar.<\/p>\n<h2>KARBON FIBER UYGULAMA<\/h2>\n<p>Alt tabaka temiz ve a\u015f\u0131nm\u0131\u015f veya hasar g\u00f6rm\u00fc\u015f olmal\u0131d\u0131r. <a href=\"https:\/\/www.scimagojr.com\/journalsearch.php?q=23928&amp;tip=sid&amp;clean=0\">Beton<\/a> y\u00fczeyler CTech-LLC<sup>\u00ae<\/sup> epoksi ile onar\u0131lmal\u0131d\u0131r. har\u00e7. Alt tabakay\u0131 uygun bir ERP\u2122 formuyla \u00f6rt\u00fcn epoksi astar. Kuma\u015flar\u0131 mekanik olarak doyurun nemlendi. Saturator fiber-re\u00e7ine oran\u0131n\u0131 kontrol eder karbon ve lifleri prepreg&#8217;e d\u00f6n\u00fc\u015ft\u00fcr\u00fcr kuma\u015flar, b\u00f6ylece an\u0131nda y\u00fczeyde kullan\u0131labilir farkl\u0131 unsurlar. Doymu\u015f kuma\u015flar\u0131n t\u00fcm katmanlar\u0131n\u0131n montaj\u0131 yap\u0131lmal\u0131d\u0131r. tasar\u0131m gereksinimlerine g\u00f6re. Gerekirse, ek Kuma\u015flar \u00f6nceki katmanlar\u0131n \u00fcst\u00fcnde kullan\u0131labilir. Bir rulo kullanma t\u00fcm cepler kuma\u015f aras\u0131nda \u00e7\u0131kar\u0131labilir Substrat ve aralar\u0131nda iyi bir ba\u011f vard\u0131r. Bu s\u00fcre\u00e7 lisansl\u0131 ve \u00f6zel olarak yap\u0131lmal\u0131d\u0131r e\u011fitimli montajc\u0131 gruplar\u0131.<\/p>\n<h2>KORUYUCU KAPLAMALAR<\/h2>\n<p>FRP y\u00fczeyine koruyucu bir kaplama uygulanmal\u0131d\u0131r. sistemi. Kaplama buhar olmayan bariyer olmal\u0131 ve uygun olmal\u0131d\u0131r. FRP sistemi ile Son kat s\u0131va, son kat boya ve yanmaz kaplama \u00fc\u00e7 yayg\u0131n y\u00f6ntem cad\u0131 olabilir zararl\u0131 \u00e7evre ile bariyer aras\u0131nda yap\u0131lar\u0131. Boyama, 24 ila 72 saat aras\u0131nda yap\u0131lmal\u0131d\u0131r. Epoksi son uygulamas\u0131. Koruyucu kaplama koruyabilir korozyona kar\u015f\u0131 y\u00fczey, \u00e7\u00fcr\u00fcme, \u00e7atlama, yongalama, solma ve yap\u0131 i\u00e7in olabilecek di\u011fer tipik problemler.<\/p>\n<h2>KARBON FIBER SINIRLAMA<\/h2>\n<p>Epoksilerin uygulanmas\u0131 i\u00e7in uygun s\u0131cakl\u0131k 4 \u00b0 C aras\u0131ndad\u0131r. 40 \u00b0 C&#8217;ye. Artan nem oran\u0131, azalmaya neden olur FRP sistemlerinin g\u00fcc\u00fc.<\/p>\n<h2>ALAN KAL\u0130TE KONTROL<\/h2>\n<p>Farkl\u0131 g\u00fc\u00e7lendirme i\u00e7in kullan\u0131lan t\u00fcm malzemelerin miktar\u0131 karbonlu kuma\u015flar gibi FRP sistemi ile yap\u0131sal elemanlar Epoksiler her g\u00fcn \u00f6l\u00e7\u00fclmeli ve not edilmelidir.<\/p>\n<h2>D\u0130KKAT!<\/h2>\n<p>FRP sistemlerinin t\u00fcm bile\u015fenleri cilt tahri\u015fine ve sensitizasyon. Kimyasallara dayan\u0131kl\u0131 eldiven kullan\u0131lmas\u0131 tavsiye edilir. Buharlar\u0131 ve tozu solumaktan ka\u00e7\u0131n\u0131n. E\u011fer t\u0131bbi yard\u0131m al zorlukla nefes almak. Re\u00e7ineler \u00fcr\u00fcnleri g\u00fc\u00e7l\u00fc g\u00f6zlere neden olabilir tahri\u015f. G\u00f6z temas\u0131ndan ka\u00e7\u0131nmak ve G\u00fcvenlik g\u00f6zl\u00fcklerini kullanmak gereklidir.<\/p>\n<h2>G\u00dcVENL\u0130K \u00d6NLEMLER\u0130<\/h2>\n<ul>\n<li>G\u00f6zle temastan ka\u00e7\u0131n\u0131n.<\/li>\n<li>Deriyle re\u00e7ine temas\u0131na izin vermeyin.<\/li>\n<li>Koruyucu eldiven ve g\u00f6zl\u00fck kullan\u0131n.<\/li>\n<li>Lastik \u00e7izmeler ve koruyucu elbiseler giyin.<\/li>\n<li>\u00dcr\u00fcnleri kullan\u0131rken yemeyiniz, i\u00e7meyiniz veya sigara kullanmay\u0131n\u0131z.<\/li>\n<li>Herhangi bir semptom ortaya \u00e7\u0131kt\u0131ysa, a\u00e7\u0131k havaya \u00e7\u0131k\u0131n ve t\u0131bbi yard\u0131m.<\/li>\n<\/ul>\n<p>&nbsp;<\/p>\n<div style=\"display: none;\"\n    class=\"kk-star-ratings kksr-valign-bottom kksr-align-right kksr-disabled\"\n    data-id=\"3307\"\n    data-slug=\"\">\n    <div class=\"kksr-stars\">\n    <div class=\"kksr-stars-inactive\">\n            <div class=\"kksr-star\" data-star=\"1\">\n            <div class=\"kksr-icon\" style=\"width: px; height: px;\"><\/div>\n        <\/div>\n            <div class=\"kksr-star\" data-star=\"2\">\n            <div class=\"kksr-icon\" style=\"width: px; height: px;\"><\/div>\n        <\/div>\n            <div class=\"kksr-star\" data-star=\"3\">\n            <div class=\"kksr-icon\" style=\"width: px; height: px;\"><\/div>\n        <\/div>\n            <div class=\"kksr-star\" data-star=\"4\">\n            <div class=\"kksr-icon\" style=\"width: px; height: px;\"><\/div>\n        <\/div>\n            <div class=\"kksr-star\" data-star=\"5\">\n            <div class=\"kksr-icon\" style=\"width: px; height: px;\"><\/div>\n        <\/div>\n    <\/div>\n    <div class=\"kksr-stars-active\" style=\"width: 0px;\">\n            <div class=\"kksr-star\">\n            <div class=\"kksr-icon\" style=\"width: px; height: px;\"><\/div>\n        <\/div>\n            <div class=\"kksr-star\">\n            <div class=\"kksr-icon\" style=\"width: px; height: px;\"><\/div>\n        <\/div>\n            <div class=\"kksr-star\">\n            <div class=\"kksr-icon\" style=\"width: px; height: px;\"><\/div>\n        <\/div>\n            <div class=\"kksr-star\">\n            <div class=\"kksr-icon\" style=\"width: px; height: px;\"><\/div>\n        <\/div>\n            <div class=\"kksr-star\">\n            <div class=\"kksr-icon\" style=\"width: px; height: px;\"><\/div>\n        <\/div>\n    <\/div>\n<\/div>\n    <div class=\"kksr-legend\">\n            <strong class=\"kksr-score\">4.9<\/strong>\n        <span class=\"kksr-muted\">\/<\/span>\n        <strong>5<\/strong>\n        <span class=\"kksr-muted\">(<\/span>\n        <strong class=\"kksr-count\">18<\/strong>\n        <span class=\"kksr-muted\">\n            votes        <\/span>\n        <span class=\"kksr-muted\">)<\/span>\n    <\/div>\n<\/div>\n","protected":false},"excerpt":{"rendered":"<p>CTech-LLC<sup>\u00ae<\/sup> karbon kaplamalar, s\u0131ras\u0131yla \u00e7ift y\u00f6nl\u00fc ve tek y\u00f6nl\u00fc karbon fiber kuma\u015flar CFRP olan PCW\u2122 ve UCW\u2122&#8217; den olu\u015fur. CTech-LLC<sup>\u00ae<\/sup> Tek Y\u00f6nl\u00fc Karbon fiber (UCW\u2122) bir 0 \u00b0 odakl\u0131 elyafl\u0131 y\u00fcksek mukavemetli karbon kuma\u015f Y\u00f6n. CTech-LLC<sup>\u00ae<\/sup> iki \u200b\u200by\u00f6nl\u00fc Plan <strong>Karbon kuma\u015f<\/strong> (PCW\u2122) bir fiber odakl\u0131 y\u00fcksek mukavemetli <strong>karbon kuma\u015f<\/strong>\u00a0 0 \u00b0 ve 90 \u00b0 y\u00f6nler. Karbon lifleri, savunma sanayi, otomobil end\u00fcstrisi ve \u00e7e\u015fitli yap\u0131lar\u0131n yap\u0131m s\u00fcrecinde oldu\u011fu gibi artan say\u0131da alanda kullan\u0131lmaktad\u0131r. <a href=\"https:\/\/ctech-llc.com\/tr\/wikitech\/carbon-fiber\">Karbon fiber<\/a> takviyeli polimerler (CFRP) genellikle yap\u0131\u015ft\u0131r\u0131c\u0131 re\u00e7inelerle elemanlar ve y\u00fck\u00fc art\u0131rabilir farkl\u0131 kapasite ve kesme veya e\u011filme dayan\u0131m\u0131 yap\u0131larda elemanlar. PCW\u2122 ve UCW\u2122&#8217; nin baz\u0131 uygulama alanlar\u0131 a\u015fa\u011f\u0131da a\u00e7\u0131klanm\u0131\u015ft\u0131r:<\/p>\n","protected":false},"featured_media":3852,"comment_status":"open","ping_status":"closed","template":"","meta":[],"_links":{"self":[{"href":"https:\/\/ctech-llc.com\/tr\/wp-json\/wp\/v2\/product\/3307"}],"collection":[{"href":"https:\/\/ctech-llc.com\/tr\/wp-json\/wp\/v2\/product"}],"about":[{"href":"https:\/\/ctech-llc.com\/tr\/wp-json\/wp\/v2\/types\/product"}],"replies":[{"embeddable":true,"href":"https:\/\/ctech-llc.com\/tr\/wp-json\/wp\/v2\/comments?post=3307"}],"wp:featuredmedia":[{"embeddable":true,"href":"https:\/\/ctech-llc.com\/tr\/wp-json\/wp\/v2\/media\/3852"}],"wp:attachment":[{"href":"https:\/\/ctech-llc.com\/tr\/wp-json\/wp\/v2\/media?parent=3307"}],"curies":[{"name":"wp","href":"https:\/\/api.w.org\/{rel}","templated":true}]}}