{"id":3656,"date":"2018-12-23T13:44:28","date_gmt":"2018-12-23T10:14:28","guid":{"rendered":"https:\/\/ctech-llc.com\/tr\/?page_id=3656"},"modified":"2019-04-16T14:27:38","modified_gmt":"2019-04-16T09:57:38","slug":"auto-draft-7","status":"publish","type":"page","link":"https:\/\/ctech-llc.com\/tr\/resources\/technical-literature\/","title":{"rendered":"Teknik literat\u00fcr"},"content":{"rendered":"<h2>Tasar\u0131m Kodlar\u0131 ve K\u0131lavuzlar\u0131<\/h2>\n<ul>\n<li>RC yap\u0131lar\u0131nda FRP g\u00fc\u00e7lendirme, 2007, fib B\u00fclten No. 40<\/li>\n<li>Elyaf Takviyeli Polimerlerle Yap\u0131 Elemanlar\u0131 Tasar\u0131m\u0131 ve \u0130n\u015faat\u0131, 2002, Kanada Standartlar\u0131 Birli\u011fi (CSA) International<\/li>\n<li>FRP \u00c7ubuklarla G\u00fc\u00e7lendirilmi\u015f Yap\u0131sal Beton Tasar\u0131m ve \u0130n\u015faat\u0131, 2006, ACI 440.1R-06, Amerikan Beton Enstit\u00fcs\u00fc<\/li>\n<li>FRP Tendons ile \u00d6n Germe Beton Yap\u0131lar\u0131, 2004, ACI 440.4R-04, Amerikan Beton Enstit\u00fcs\u00fc<\/li>\n<li>Yap\u0131sal G\u00fc\u00e7lendirme \u0130\u00e7in Fiberle G\u00fc\u00e7lendirilmi\u015f Polimerlerin Tasar\u0131m\u0131 (ACI 440 Rehberlerine Genel Bir Bak\u0131\u015f)<\/li>\n<li>Yap\u0131sal Sa\u011fl\u0131k \u0130zlemeye Giri\u015f, 2004, Kanada Standartlar\u0131 Birli\u011fi (CSA) Uluslararas\u0131<\/li>\n<\/ul>\n<div style=\"display: none;\"\n    class=\"kk-star-ratings kksr-valign-bottom kksr-align-right kksr-disabled\"\n    data-id=\"3656\"\n    data-slug=\"\">\n    <div class=\"kksr-stars\">\n    <div class=\"kksr-stars-inactive\">\n            <div class=\"kksr-star\" data-star=\"1\">\n            <div class=\"kksr-icon\" style=\"width: px; height: px;\"><\/div>\n        <\/div>\n            <div class=\"kksr-star\" data-star=\"2\">\n            <div class=\"kksr-icon\" style=\"width: px; height: px;\"><\/div>\n        <\/div>\n            <div class=\"kksr-star\" data-star=\"3\">\n            <div class=\"kksr-icon\" style=\"width: px; height: px;\"><\/div>\n        <\/div>\n            <div class=\"kksr-star\" data-star=\"4\">\n            <div class=\"kksr-icon\" style=\"width: px; height: px;\"><\/div>\n        <\/div>\n            <div class=\"kksr-star\" data-star=\"5\">\n            <div class=\"kksr-icon\" style=\"width: px; height: px;\"><\/div>\n        <\/div>\n    <\/div>\n    <div class=\"kksr-stars-active\" style=\"width: 0px;\">\n            <div class=\"kksr-star\">\n            <div class=\"kksr-icon\" style=\"width: px; height: px;\"><\/div>\n        <\/div>\n            <div class=\"kksr-star\">\n            <div class=\"kksr-icon\" style=\"width: px; height: px;\"><\/div>\n        <\/div>\n            <div class=\"kksr-star\">\n            <div class=\"kksr-icon\" style=\"width: px; height: px;\"><\/div>\n        <\/div>\n            <div class=\"kksr-star\">\n            <div class=\"kksr-icon\" style=\"width: px; height: px;\"><\/div>\n        <\/div>\n            <div class=\"kksr-star\">\n            <div class=\"kksr-icon\" style=\"width: px; height: px;\"><\/div>\n        <\/div>\n    <\/div>\n<\/div>\n    <div class=\"kksr-legend\">\n            <span class=\"kksr-muted\"><\/span>\n    <\/div>\n<\/div>\n","protected":false},"excerpt":{"rendered":"<p>Tasar\u0131m Kodlar\u0131 ve K\u0131lavuzlar\u0131 RC yap\u0131lar\u0131nda FRP g\u00fc\u00e7lendirme, 2007, fib B\u00fclten No. 40 Elyaf Takviyeli Polimerlerle Yap\u0131 Elemanlar\u0131 Tasar\u0131m\u0131 ve \u0130n\u015faat\u0131, 2002, Kanada Standartlar\u0131 Birli\u011fi (CSA) International FRP \u00c7ubuklarla G\u00fc\u00e7lendirilmi\u015f Yap\u0131sal Beton Tasar\u0131m ve \u0130n\u015faat\u0131, 2006, ACI 440.1R-06, Amerikan Beton Enstit\u00fcs\u00fc FRP Tendons ile \u00d6n Germe Beton Yap\u0131lar\u0131, 2004, ACI 440.4R-04, Amerikan Beton Enstit\u00fcs\u00fc Yap\u0131sal [&#8230;]\n","protected":false},"author":2,"featured_media":0,"parent":0,"menu_order":0,"comment_status":"closed","ping_status":"closed","template":"","meta":[],"_links":{"self":[{"href":"https:\/\/ctech-llc.com\/tr\/wp-json\/wp\/v2\/pages\/3656"}],"collection":[{"href":"https:\/\/ctech-llc.com\/tr\/wp-json\/wp\/v2\/pages"}],"about":[{"href":"https:\/\/ctech-llc.com\/tr\/wp-json\/wp\/v2\/types\/page"}],"author":[{"embeddable":true,"href":"https:\/\/ctech-llc.com\/tr\/wp-json\/wp\/v2\/users\/2"}],"replies":[{"embeddable":true,"href":"https:\/\/ctech-llc.com\/tr\/wp-json\/wp\/v2\/comments?post=3656"}],"version-history":[{"count":3,"href":"https:\/\/ctech-llc.com\/tr\/wp-json\/wp\/v2\/pages\/3656\/revisions"}],"predecessor-version":[{"id":3659,"href":"https:\/\/ctech-llc.com\/tr\/wp-json\/wp\/v2\/pages\/3656\/revisions\/3659"}],"wp:attachment":[{"href":"https:\/\/ctech-llc.com\/tr\/wp-json\/wp\/v2\/media?parent=3656"}],"curies":[{"name":"wp","href":"https:\/\/api.w.org\/{rel}","templated":true}]}}