{"id":3653,"date":"2018-12-23T13:40:05","date_gmt":"2018-12-23T10:10:05","guid":{"rendered":"https:\/\/ctech-llc.com\/tr\/?page_id=3653"},"modified":"2018-12-24T09:47:31","modified_gmt":"2018-12-24T06:17:31","slug":"auto-draft-6","status":"publish","type":"page","link":"https:\/\/ctech-llc.com\/tr\/resources\/conference\/","title":{"rendered":"konferans"},"content":{"rendered":"<p>Uluslararas\u0131 Elyaf Takviyeli Polimer (FRP) Kompozitleri \u0130n\u015faat M\u00fchendisli\u011fi Konferans\u0131 (CICE) 17-19 Temmuz 2018 tarihleri \u200b\u200baras\u0131nda Paris, Fransa&#8217;da yap\u0131lacak. CICE konferans serisi Miami gibi d\u00fcnyan\u0131n farkl\u0131 \u015fehirlerinde d\u00fczenlendi (2006). ), Z\u00fcrih (2008), Pekin (2010), Roma (2012), Vancouver (2014) ve Hong Kong (2016). CICE konferans\u0131 17 y\u0131l \u00f6nce Hong Kong&#8217;da ba\u015flad\u0131 ve \u015fu ana kadar FRP alan\u0131nda en \u00f6nemli olay oldu.<\/p>\n<p>CICE konferans\u0131, FRP kompozitler alan\u0131ndaki ara\u015ft\u0131rmac\u0131lar\u0131, m\u00fchendisleri ve end\u00fcstriyel ortaklar\u0131 bir araya getirme, ara\u015ft\u0131rma sonu\u00e7lar\u0131n\u0131 payla\u015fma ve yay\u0131nlama giri\u015fimleri ile in\u015faat yap\u0131lar\u0131nda FRP kompozitlerinin FRP ile g\u00fc\u00e7lendirilmesi ve g\u00fc\u00e7lendirilmesi alan\u0131nda geli\u015fme sa\u011flamak amac\u0131yla in\u015faat m\u00fchendisli\u011finde bir uygulama uygulamas\u0131 kompozitler.<br \/>\nKonferans Uluslararas\u0131 \u0130n\u015faat FRP Enstit\u00fcs\u00fc&#8217;n\u00fcn (IIFC) resmi konferans dizisidir. CICE konferans\u0131n\u0131n organizat\u00f6rleri ortakla\u015fa Frans\u0131z bilim ve teknoloji enstit\u00fcs\u00fc, ula\u015f\u0131m, geli\u015ftirme ve ula\u015f\u0131m (IFSTTAR), Ecole des Ponts ParisTech ve Claude Bernard LYON 1 \u00dcniversitesi olacak.<\/p>\n<div style=\"display: none;\"\n    class=\"kk-star-ratings kksr-valign-bottom kksr-align-right kksr-disabled\"\n    data-id=\"3653\"\n    data-slug=\"\">\n    <div class=\"kksr-stars\">\n    <div class=\"kksr-stars-inactive\">\n            <div class=\"kksr-star\" data-star=\"1\">\n            <div class=\"kksr-icon\" style=\"width: px; height: px;\"><\/div>\n        <\/div>\n            <div class=\"kksr-star\" data-star=\"2\">\n            <div class=\"kksr-icon\" style=\"width: px; height: px;\"><\/div>\n        <\/div>\n            <div class=\"kksr-star\" data-star=\"3\">\n            <div class=\"kksr-icon\" style=\"width: px; height: px;\"><\/div>\n        <\/div>\n            <div class=\"kksr-star\" data-star=\"4\">\n            <div class=\"kksr-icon\" style=\"width: px; height: px;\"><\/div>\n        <\/div>\n            <div class=\"kksr-star\" data-star=\"5\">\n            <div class=\"kksr-icon\" style=\"width: px; height: px;\"><\/div>\n        <\/div>\n    <\/div>\n    <div class=\"kksr-stars-active\" style=\"width: 0px;\">\n            <div class=\"kksr-star\">\n            <div class=\"kksr-icon\" style=\"width: px; height: px;\"><\/div>\n        <\/div>\n            <div class=\"kksr-star\">\n            <div class=\"kksr-icon\" style=\"width: px; height: px;\"><\/div>\n        <\/div>\n            <div class=\"kksr-star\">\n            <div class=\"kksr-icon\" style=\"width: px; height: px;\"><\/div>\n        <\/div>\n            <div class=\"kksr-star\">\n            <div class=\"kksr-icon\" style=\"width: px; height: px;\"><\/div>\n        <\/div>\n            <div class=\"kksr-star\">\n            <div class=\"kksr-icon\" style=\"width: px; height: px;\"><\/div>\n        <\/div>\n    <\/div>\n<\/div>\n    <div class=\"kksr-legend\">\n            <span class=\"kksr-muted\"><\/span>\n    <\/div>\n<\/div>\n","protected":false},"excerpt":{"rendered":"<p>Uluslararas\u0131 Elyaf Takviyeli Polimer (FRP) Kompozitleri \u0130n\u015faat M\u00fchendisli\u011fi Konferans\u0131 (CICE) 17-19 Temmuz 2018 tarihleri \u200b\u200baras\u0131nda Paris, Fransa&#8217;da yap\u0131lacak. CICE konferans serisi Miami gibi d\u00fcnyan\u0131n farkl\u0131 \u015fehirlerinde d\u00fczenlendi (2006). ), Z\u00fcrih (2008), Pekin (2010), Roma (2012), Vancouver (2014) ve Hong Kong (2016). CICE konferans\u0131 17 y\u0131l \u00f6nce Hong Kong&#8217;da ba\u015flad\u0131 ve \u015fu ana kadar FRP alan\u0131nda [&#8230;]\n","protected":false},"author":2,"featured_media":0,"parent":0,"menu_order":0,"comment_status":"closed","ping_status":"closed","template":"","meta":[],"_links":{"self":[{"href":"https:\/\/ctech-llc.com\/tr\/wp-json\/wp\/v2\/pages\/3653"}],"collection":[{"href":"https:\/\/ctech-llc.com\/tr\/wp-json\/wp\/v2\/pages"}],"about":[{"href":"https:\/\/ctech-llc.com\/tr\/wp-json\/wp\/v2\/types\/page"}],"author":[{"embeddable":true,"href":"https:\/\/ctech-llc.com\/tr\/wp-json\/wp\/v2\/users\/2"}],"replies":[{"embeddable":true,"href":"https:\/\/ctech-llc.com\/tr\/wp-json\/wp\/v2\/comments?post=3653"}],"version-history":[{"count":3,"href":"https:\/\/ctech-llc.com\/tr\/wp-json\/wp\/v2\/pages\/3653\/revisions"}],"predecessor-version":[{"id":3680,"href":"https:\/\/ctech-llc.com\/tr\/wp-json\/wp\/v2\/pages\/3653\/revisions\/3680"}],"wp:attachment":[{"href":"https:\/\/ctech-llc.com\/tr\/wp-json\/wp\/v2\/media?parent=3653"}],"curies":[{"name":"wp","href":"https:\/\/api.w.org\/{rel}","templated":true}]}}