{"id":3649,"date":"2018-12-23T13:36:48","date_gmt":"2018-12-23T10:06:48","guid":{"rendered":"https:\/\/ctech-llc.com\/tr\/?page_id=3649"},"modified":"2018-12-24T09:31:15","modified_gmt":"2018-12-24T06:01:15","slug":"auto-draft-5","status":"publish","type":"page","link":"https:\/\/ctech-llc.com\/tr\/service-and-solution\/specialized-infrastructure\/","title":{"rendered":"\u00d6zel Altyap\u0131 \u0130\u00e7in Servis ve \u00c7\u00f6z\u00fcmler"},"content":{"rendered":"<p>CTech-LLC<sup>\u00ae<\/sup>&#8216;nin birle\u015fik \u00fcr\u00fcnleri ve m\u00fchendislik yetenekleri ve \u00f6zel m\u00fcteahhitlik \u015firketlerinin uzmanl\u0131\u011f\u0131m\u0131z sayesinde, \u00f6zel uzmanl\u0131k altyap\u0131s\u0131 zorluklar\u0131n\u0131 \u00e7\u00f6zmek i\u00e7in kullan\u0131lan kan\u0131tlanm\u0131\u015f sistemler geli\u015ftirdik.<\/p>\n<p>Bu uzmanl\u0131k \u00e7\u00f6z\u00fcmleri, m\u00fc\u015fterilerimiz i\u00e7in art arda altyap\u0131 sorunlar\u0131n\u0131 giderdi ve belirledi. Birle\u015ftiriyorlar:<\/p>\n<ul>\n<li>Spesifik yap\u0131 tipi i\u00e7in durum de\u011ferlendirmesine sistematik bir yakla\u015f\u0131m<\/li>\n<li>Belirli bir uygulama i\u00e7in en iyi \u015fekilde belirlenmi\u015f, kan\u0131tlanm\u0131\u015f bir \u00fcr\u00fcn se\u00e7enekleri seti (tescilli ve tescilli olmayan \u00fcr\u00fcnler)<\/li>\n<li>Bir veya daha fazla kan\u0131tlanm\u0131\u015f m\u00fchendislik tasar\u0131m \u00e7\u00f6z\u00fcm\u00fc<\/li>\n<li>\u00c7\u00f6z\u00fcm\u00fc uygulamak i\u00e7in kan\u0131tlanm\u0131\u015f metodoloji<\/li>\n<\/ul>\n<p>CTech-LLC\u2019nin End\u00fcstriyel \/ G\u00fc\u00e7 Piyasalar\u0131 \u0130\u00e7in \u00d6zel \u00c7\u00f6z\u00fcmleri:<\/p>\n<h2>K\u00fck\u00fcrt \u00c7ukuru Onar\u0131m Sistemleri<\/h2>\n<p>Kan\u0131t de\u011ferlendirmesinde, k\u00fck\u00fcrt \u00e7ukuruna \u00f6zel bir yakla\u015f\u0131m olan ve kan\u0131tlanm\u0131\u015f \u00fc\u00e7 m\u00fchendislik yakla\u015f\u0131m\u0131m\u0131z aras\u0131ndan en iyi \u00e7\u00f6z\u00fcm\u00fc se\u00e7me ve uygulama yetene\u011fi sa\u011flayan geri d\u00f6n\u00fc\u015fl\u00fc bir yakla\u015f\u0131m. \u015eirket i\u00e7i m\u00fchendislerimiz, tescilli onar\u0131m \u00fcr\u00fcnleri olan S\u00fclfata Dayan\u0131kl\u0131 Restorasyon Malzemesini i\u00e7eren projenize \u00f6zg\u00fc yap\u0131n\u0131z i\u00e7in pit de\u011ferlendirmesini ve tasar\u0131m\u0131n\u0131 tamamlar. Kan\u0131tlanm\u0131\u015f ara\u00e7lar\u0131m\u0131z\u0131, y\u00f6ntemlerimizi ve yap\u0131m yakla\u015f\u0131mlar\u0131m\u0131z\u0131 kullanarak, sistemlerimiz d\u00fcnya genelinde 50&#8217;den fazla k\u00fck\u00fcrt \u00e7ukurunda programlamay\u0131, maliyet verimlili\u011fini, kaliteyi ve g\u00fcvenli\u011fi optimize etmek i\u00e7in kullan\u0131lm\u0131\u015ft\u0131r.<\/p>\n<h2>Hiperbolik So\u011futma Kulesi \u00d6mr\u00fc Uzatma Sistemleri<\/h2>\n<p>Hiperbolik so\u011futma kulesi \u00e7\u00f6z\u00fcmlerimiz, kurum i\u00e7i adli yeteneklerimizle yap\u0131n\u0131n durumunun kapsaml\u0131 ve ayr\u0131nt\u0131l\u0131 bir analizi ile ba\u015flar. \u00c7\u00f6z\u00fcmlerimiz, so\u011futma kulelerinde &#8211; betonda bozulma ve g\u00f6m\u00fcl\u00fc \u00e7elik a\u015f\u0131nmas\u0131 &#8211; ortak sorunlara y\u00f6nelik en geli\u015fmi\u015f \u00fcr\u00fcnleri i\u00e7ermektedir. \u00d6zel beton onar\u0131m kar\u0131\u015f\u0131mlar\u0131n\u0131 ve tescilli korozyon kontrol sistemleri hatt\u0131m\u0131zdaki sistemleri birle\u015ftiren \u00e7\u00f6z\u00fcmlerimiz, bu kritik yap\u0131lar\u0131n hemen hemen her eleman\u0131n\u0131 havzadan kulelerin tepesine kadar tamir etmek ve korumak i\u00e7in kullan\u0131lm\u0131\u015ft\u0131r. Sadece tamir i\u00e7in de\u011fil ayn\u0131 zamanda so\u011futma kulesi varl\u0131klar\u0131n\u0131z\u0131n \u00f6mr\u00fcn\u00fc uzatmak i\u00e7in anahtar teslim bir yakla\u015f\u0131m benimsemi\u015f ekibimizle y\u00fcksek de\u011ferli varl\u0131klar\u0131n\u0131za g\u00fcvenebilirsiniz.<\/p>\n<h2>Kok \u00dcnitesi Onar\u0131m Sistemleri<\/h2>\n<p>Kan\u0131tlanm\u0131\u015f Koklama \u00dcnitesi Onar\u0131m sistemlerimiz tipik olarak anahtar teslimi bir ara\u015ft\u0131rma-tasar\u0131m-yap\u0131 modeli ile ger\u00e7ekle\u015ftirilir. Ara\u015ft\u0131rma modelimiz, kapsaml\u0131 bir durum de\u011ferlendirmesi geli\u015ftirmek i\u00e7in tasarlanan hem \u00e7evrimi\u00e7i hem de \u00e7evrimd\u0131\u015f\u0131 adli s\u00fcre\u00e7leri i\u00e7erir. M\u00fchendislerimiz daha sonra, kokain destek yap\u0131lar\u0131, g\u00fcverteler, davul ankrajlar\u0131 ve penetrasyonlar\u0131, \u00e7ukur duvarlar\u0131 ve zeminleri ve daha fazlas\u0131 dahil olmak \u00fczere \u00e7e\u015fitli elemanlar i\u00e7in onar\u0131m stratejileri ve \u00f6zellikleri tasarlar ve geli\u015ftirir.<\/p>\n<h2>FCCU Onar\u0131m \u00c7\u00f6z\u00fcmleri<\/h2>\n<p>Anahtar teslim yakla\u015f\u0131m\u0131m\u0131z, FCCU destek altyap\u0131s\u0131n\u0131n onar\u0131m\u0131 ve bak\u0131m\u0131 i\u00e7in b\u00fct\u00fcnc\u00fcl \u00e7\u00f6z\u00fcmler sunar. Bu yakla\u015f\u0131m, gerekli onar\u0131mlar\u0131n ara\u015ft\u0131r\u0131lmas\u0131 ve \u00f6nceliklendirilmesinin yan\u0131 s\u0131ra, maliyet tahmini ve maliyet tasarrufu stratejilerinin bir araya getirilmesiyle ba\u015flar. Sistemlerimiz ve hizmetlerimiz, yanmaz, beton onar\u0131m\u0131, ankraj onar\u0131m\u0131, yap\u0131sal g\u00fc\u00e7lendirme, korozyon korumas\u0131 ve refrakter hizmetleri dahil olmak \u00fczere FCCU destek altyap\u0131s\u0131n\u0131n ihtiya\u00e7lar\u0131na g\u00f6re in\u015fa edilmi\u015ftir. \u0130ster tek seferlik bir ihtiya\u00e7 olsun, isterse soru\u015fturma ve onar\u0131m hizmetlerini devam eden bir bak\u0131m s\u00f6zle\u015fmesine dahil etmek istiyorsan\u0131z, FCCU altyap\u0131n\u0131z\u0131 korumak i\u00e7in tek adresli ma\u011fazan\u0131z\u0131z.<\/p>\n<h2>Su Alma Yap\u0131lar\u0131<\/h2>\n<p>Ara\u015ft\u0131rma &#8211; tasar\u0131m &#8211; in\u015fa yakla\u015f\u0131m\u0131m\u0131z, enerji ve di\u011fer end\u00fcstriyel tesislerdeki su alma yap\u0131lar\u0131na ba\u015far\u0131yla uygulanm\u0131\u015ft\u0131r. Klorit bak\u0131m\u0131ndan zengin su kaynaklar\u0131n\u0131 kullanan giri\u015f yap\u0131lar\u0131 i\u00e7in &#8211; betonarme ve \u00e7elik yap\u0131 elemanlar\u0131n\u0131n korozyonu h\u0131zland\u0131r\u0131l\u0131r. CTech-LLC\u2019nin korozyon kontrol sistemleri ve hizmetleri, bu kritik \u00fcnitelerin tamir \u00f6mr\u00fcn\u00fc ve \u00f6mr\u00fcn\u00fc uzatmak i\u00e7in genellikle di\u011fer \u00fcr\u00fcnlerimizle birle\u015ftirilir. Kan\u0131tlanm\u0131\u015f yakla\u015f\u0131m\u0131m\u0131z, hasar\u0131n kapsam\u0131n\u0131 belirlemeye, uygun bir \u00e7\u00f6z\u00fcm se\u00e7meye ve uygulamay\u0131 m\u00fcteahhit firmalar\u0131m\u0131zdan biri ile birlikte geli\u015ftirmeye yard\u0131mc\u0131 olmaktad\u0131r.<\/p>\n<p>Di\u011fer CTech-LLC<sup>\u00ae<\/sup>\u2019nin \u00d6zel \u00c7\u00f6z\u00fcmleri<\/p>\n<ul>\n<li>Kiri\u015fler, S\u00fctunlar ve D\u00f6\u015feme<\/li>\n<li>Vak\u0131flar \/ Kaideler<\/li>\n<li>Mekanik Taslak So\u011futma Kuleleri<\/li>\n<li>Bacalar, \u0130stifler ve Silolar<\/li>\n<li>Deniz \u0130skeleleri ve \u0130skeleleri<\/li>\n<li>Tanklar ve \u00c7ukurlar<\/li>\n<li>Boru Raflar\u0131 \/ Destekler<\/li>\n<li>\u0130\u015flem Yap\u0131lar\u0131<\/li>\n<li>Barajlar ve Havzalar<\/li>\n<li>Su ar\u0131tma<\/li>\n<\/ul>\n<div style=\"display: none;\"\n    class=\"kk-star-ratings kksr-valign-bottom kksr-align-right kksr-disabled\"\n    data-id=\"3649\"\n    data-slug=\"\">\n    <div class=\"kksr-stars\">\n    <div class=\"kksr-stars-inactive\">\n            <div class=\"kksr-star\" data-star=\"1\">\n            <div class=\"kksr-icon\" style=\"width: px; height: px;\"><\/div>\n        <\/div>\n            <div class=\"kksr-star\" data-star=\"2\">\n            <div class=\"kksr-icon\" style=\"width: px; height: px;\"><\/div>\n        <\/div>\n            <div class=\"kksr-star\" data-star=\"3\">\n            <div class=\"kksr-icon\" style=\"width: px; height: px;\"><\/div>\n        <\/div>\n            <div class=\"kksr-star\" data-star=\"4\">\n            <div class=\"kksr-icon\" style=\"width: px; height: px;\"><\/div>\n        <\/div>\n            <div class=\"kksr-star\" data-star=\"5\">\n            <div class=\"kksr-icon\" style=\"width: px; height: px;\"><\/div>\n        <\/div>\n    <\/div>\n    <div class=\"kksr-stars-active\" style=\"width: 0px;\">\n            <div class=\"kksr-star\">\n            <div class=\"kksr-icon\" style=\"width: px; height: px;\"><\/div>\n        <\/div>\n            <div class=\"kksr-star\">\n            <div class=\"kksr-icon\" style=\"width: px; height: px;\"><\/div>\n        <\/div>\n            <div class=\"kksr-star\">\n            <div class=\"kksr-icon\" style=\"width: px; height: px;\"><\/div>\n        <\/div>\n            <div class=\"kksr-star\">\n            <div class=\"kksr-icon\" style=\"width: px; height: px;\"><\/div>\n        <\/div>\n            <div class=\"kksr-star\">\n            <div class=\"kksr-icon\" style=\"width: px; height: px;\"><\/div>\n        <\/div>\n    <\/div>\n<\/div>\n    <div class=\"kksr-legend\">\n            <span class=\"kksr-muted\"><\/span>\n    <\/div>\n<\/div>\n","protected":false},"excerpt":{"rendered":"<p>CTech-LLC\u00ae&#8216;nin birle\u015fik \u00fcr\u00fcnleri ve m\u00fchendislik yetenekleri ve \u00f6zel m\u00fcteahhitlik \u015firketlerinin uzmanl\u0131\u011f\u0131m\u0131z sayesinde, \u00f6zel uzmanl\u0131k altyap\u0131s\u0131 zorluklar\u0131n\u0131 \u00e7\u00f6zmek i\u00e7in kullan\u0131lan kan\u0131tlanm\u0131\u015f sistemler geli\u015ftirdik. Bu uzmanl\u0131k \u00e7\u00f6z\u00fcmleri, m\u00fc\u015fterilerimiz i\u00e7in art arda altyap\u0131 sorunlar\u0131n\u0131 giderdi ve belirledi. Birle\u015ftiriyorlar: Spesifik yap\u0131 tipi i\u00e7in durum de\u011ferlendirmesine sistematik bir yakla\u015f\u0131m Belirli bir uygulama i\u00e7in en iyi \u015fekilde belirlenmi\u015f, kan\u0131tlanm\u0131\u015f bir \u00fcr\u00fcn [&#8230;]\n","protected":false},"author":2,"featured_media":0,"parent":0,"menu_order":0,"comment_status":"closed","ping_status":"closed","template":"","meta":[],"_links":{"self":[{"href":"https:\/\/ctech-llc.com\/tr\/wp-json\/wp\/v2\/pages\/3649"}],"collection":[{"href":"https:\/\/ctech-llc.com\/tr\/wp-json\/wp\/v2\/pages"}],"about":[{"href":"https:\/\/ctech-llc.com\/tr\/wp-json\/wp\/v2\/types\/page"}],"author":[{"embeddable":true,"href":"https:\/\/ctech-llc.com\/tr\/wp-json\/wp\/v2\/users\/2"}],"replies":[{"embeddable":true,"href":"https:\/\/ctech-llc.com\/tr\/wp-json\/wp\/v2\/comments?post=3649"}],"version-history":[{"count":4,"href":"https:\/\/ctech-llc.com\/tr\/wp-json\/wp\/v2\/pages\/3649\/revisions"}],"predecessor-version":[{"id":3678,"href":"https:\/\/ctech-llc.com\/tr\/wp-json\/wp\/v2\/pages\/3649\/revisions\/3678"}],"wp:attachment":[{"href":"https:\/\/ctech-llc.com\/tr\/wp-json\/wp\/v2\/media?parent=3649"}],"curies":[{"name":"wp","href":"https:\/\/api.w.org\/{rel}","templated":true}]}}