{"id":3645,"date":"2018-12-23T13:26:41","date_gmt":"2018-12-23T09:56:41","guid":{"rendered":"https:\/\/ctech-llc.com\/tr\/?page_id=3645"},"modified":"2018-12-24T09:29:49","modified_gmt":"2018-12-24T05:59:49","slug":"auto-draft-4","status":"publish","type":"page","link":"https:\/\/ctech-llc.com\/tr\/service-and-solution\/owners\/","title":{"rendered":"Sahipler i\u00e7in Hizmetler ve \u00c7\u00f6z\u00fcmler"},"content":{"rendered":"<p>CTech-LLC<sup>\u00ae<\/sup>, ansiklopedik ara\u015ft\u0131rma ve m\u00fchendislik hizmetlerine birle\u015fik bir ekip yakla\u015f\u0131m\u0131 sunmak i\u00e7in, kendi uzman adli ve \u00e7\u00f6z\u00fcm kurma dan\u0131\u015fmanl\u0131k hizmetlerini, end\u00fcstri lideri m\u00fchendislerin ve tasar\u0131mc\u0131lar\u0131n durum de\u011ferlendirme ve tasar\u0131m yetenekleriyle birle\u015ftirir. Dahas\u0131, sahiplerine orijinal olup olmad\u0131\u011f\u0131n\u0131 \u00f6\u011frenmek i\u00e7in \u00fcr\u00fcn parti numaras\u0131n\u0131 do\u011frulamalar\u0131 i\u00e7in \u00fcr\u00fcn g\u00fcvenilirli\u011fini teklif ettik. Sahiplerini, yanl\u0131\u015f etiketlenmi\u015f ya da potansiyel olarak tehlikeli olan sahte CTech-LLC<sup>\u00ae<\/sup> mallar\u0131n\u0131 sat\u0131n almaktan korur. Uygun uygulamalarda y\u00fcksek performans ve g\u00fcvenilir i\u015flev sa\u011flamak i\u00e7in \u00fcst\u00fcn kaliteli \u00fcr\u00fcnler sa\u011flanmaktad\u0131r. Test raporlar\u0131na g\u00f6re \u00fcr\u00fcnlerimiz ilgili standartlar\u0131n \u00f6tesindedir. \u00dcr\u00fcnlerin tamam\u0131, depolama ko\u015fullar\u0131 ve uygulama talimat\u0131 dikkate al\u0131narak CTech-LLC<sup>\u00ae<\/sup> taraf\u0131ndan garanti alt\u0131na al\u0131nm\u0131\u015ft\u0131r.<\/p>\n<div style=\"display: none;\"\n    class=\"kk-star-ratings kksr-valign-bottom kksr-align-right kksr-disabled\"\n    data-id=\"3645\"\n    data-slug=\"\">\n    <div class=\"kksr-stars\">\n    <div class=\"kksr-stars-inactive\">\n            <div class=\"kksr-star\" data-star=\"1\">\n            <div class=\"kksr-icon\" style=\"width: px; height: px;\"><\/div>\n        <\/div>\n            <div class=\"kksr-star\" data-star=\"2\">\n            <div class=\"kksr-icon\" style=\"width: px; height: px;\"><\/div>\n        <\/div>\n            <div class=\"kksr-star\" data-star=\"3\">\n            <div class=\"kksr-icon\" style=\"width: px; height: px;\"><\/div>\n        <\/div>\n            <div class=\"kksr-star\" data-star=\"4\">\n            <div class=\"kksr-icon\" style=\"width: px; height: px;\"><\/div>\n        <\/div>\n            <div class=\"kksr-star\" data-star=\"5\">\n            <div class=\"kksr-icon\" style=\"width: px; height: px;\"><\/div>\n        <\/div>\n    <\/div>\n    <div class=\"kksr-stars-active\" style=\"width: 0px;\">\n            <div class=\"kksr-star\">\n            <div class=\"kksr-icon\" style=\"width: px; height: px;\"><\/div>\n        <\/div>\n            <div class=\"kksr-star\">\n            <div class=\"kksr-icon\" style=\"width: px; height: px;\"><\/div>\n        <\/div>\n            <div class=\"kksr-star\">\n            <div class=\"kksr-icon\" style=\"width: px; height: px;\"><\/div>\n        <\/div>\n            <div class=\"kksr-star\">\n            <div class=\"kksr-icon\" style=\"width: px; height: px;\"><\/div>\n        <\/div>\n            <div class=\"kksr-star\">\n            <div class=\"kksr-icon\" style=\"width: px; height: px;\"><\/div>\n        <\/div>\n    <\/div>\n<\/div>\n    <div class=\"kksr-legend\">\n            <span class=\"kksr-muted\"><\/span>\n    <\/div>\n<\/div>\n","protected":false},"excerpt":{"rendered":"<p>CTech-LLC\u00ae, ansiklopedik ara\u015ft\u0131rma ve m\u00fchendislik hizmetlerine birle\u015fik bir ekip yakla\u015f\u0131m\u0131 sunmak i\u00e7in, kendi uzman adli ve \u00e7\u00f6z\u00fcm kurma dan\u0131\u015fmanl\u0131k hizmetlerini, end\u00fcstri lideri m\u00fchendislerin ve tasar\u0131mc\u0131lar\u0131n durum de\u011ferlendirme ve tasar\u0131m yetenekleriyle birle\u015ftirir. Dahas\u0131, sahiplerine orijinal olup olmad\u0131\u011f\u0131n\u0131 \u00f6\u011frenmek i\u00e7in \u00fcr\u00fcn parti numaras\u0131n\u0131 do\u011frulamalar\u0131 i\u00e7in \u00fcr\u00fcn g\u00fcvenilirli\u011fini teklif ettik. Sahiplerini, yanl\u0131\u015f etiketlenmi\u015f ya da potansiyel olarak tehlikeli [&#8230;]\n","protected":false},"author":2,"featured_media":0,"parent":0,"menu_order":0,"comment_status":"closed","ping_status":"closed","template":"","meta":[],"_links":{"self":[{"href":"https:\/\/ctech-llc.com\/tr\/wp-json\/wp\/v2\/pages\/3645"}],"collection":[{"href":"https:\/\/ctech-llc.com\/tr\/wp-json\/wp\/v2\/pages"}],"about":[{"href":"https:\/\/ctech-llc.com\/tr\/wp-json\/wp\/v2\/types\/page"}],"author":[{"embeddable":true,"href":"https:\/\/ctech-llc.com\/tr\/wp-json\/wp\/v2\/users\/2"}],"replies":[{"embeddable":true,"href":"https:\/\/ctech-llc.com\/tr\/wp-json\/wp\/v2\/comments?post=3645"}],"version-history":[{"count":4,"href":"https:\/\/ctech-llc.com\/tr\/wp-json\/wp\/v2\/pages\/3645\/revisions"}],"predecessor-version":[{"id":3677,"href":"https:\/\/ctech-llc.com\/tr\/wp-json\/wp\/v2\/pages\/3645\/revisions\/3677"}],"wp:attachment":[{"href":"https:\/\/ctech-llc.com\/tr\/wp-json\/wp\/v2\/media?parent=3645"}],"curies":[{"name":"wp","href":"https:\/\/api.w.org\/{rel}","templated":true}]}}