{"id":3642,"date":"2018-12-23T13:24:45","date_gmt":"2018-12-23T09:54:45","guid":{"rendered":"https:\/\/ctech-llc.com\/tr\/?page_id=3642"},"modified":"2018-12-24T09:28:40","modified_gmt":"2018-12-24T05:58:40","slug":"auto-draft-3","status":"publish","type":"page","link":"https:\/\/ctech-llc.com\/tr\/service-and-solution\/contractors\/","title":{"rendered":"M\u00fcteahhitlere Hizmet ve \u00c7\u00f6z\u00fcm"},"content":{"rendered":"<p>CTech-LLC<sup>\u00ae<\/sup>\u2019nin servis ve \u00e7\u00f6z\u00fcm\u00fc, m\u00fcteahhitlerin en uygun malzeme ve sistem se\u00e7imini yapmalar\u0131na yard\u0131mc\u0131 olur. Teknik dan\u0131\u015fmanl\u0131k hizmeti vermek ve m\u00fcteahhitlerin y\u00fcr\u00fctme grubuna \u00e7e\u015fitli malzeme ve g\u00fc\u00e7lendirme sistemleri uygulamalar\u0131n\u0131 e\u011fitmek amac\u0131yla el\u00e7ilerimiz proje sahas\u0131nda bulunmaktad\u0131r. Ayr\u0131ca, uzman m\u00fchendislerimiz end\u00fcstri lideri destek ve en iyi \u00e7\u00f6z\u00fcm\u00fc sa\u011flamak i\u00e7in proje ekibinizle b\u00fct\u00fcnle\u015fir.<\/p>\n<p>T\u00fcm \u00fcr\u00fcnlerimiz i\u00e7in y\u00fcksek kaliteli malzemeler sunuyoruz ve garanti veriyoruz. Muayene ve garanti i\u015flemleri el\u00e7ilerimiz taraf\u0131ndan yap\u0131l\u0131r.<\/p>\n<p>Geli\u015fmi\u015f m\u00fchendislik malzemelerimiz, y\u00fcklenicilerin farkl\u0131 projelerin zorluklar\u0131n\u0131 onarmas\u0131na, korumas\u0131na ve \u00e7\u00f6zmesine yard\u0131mc\u0131 olur. CTech-LLC<sup>\u00ae<\/sup>, y\u00fcklenicinin taleplerine g\u00f6re e\u011fitim kurslar\u0131n\u0131 da geni\u015fletti. Y\u00fckleniciler i\u00e7in sundu\u011fumuz hizmetlerden baz\u0131lar\u0131:<\/p>\n<ul>\n<li>\u00c7e\u015fitli projeler i\u00e7in en iyi \u00e7\u00f6z\u00fcm\u00fc sa\u011flamak<\/li>\n<li>G\u00fc\u00e7lendirme malzemesi paketleri sunmak<\/li>\n<li>Farkl\u0131 yap\u0131lar i\u00e7in \u00e7e\u015fitli uygulama detaylar\u0131 sunmak<\/li>\n<li>Uygulama \u00f6ncesi \u00e7e\u015fitli malzemelerin testi<\/li>\n<li>Uygulanan sistemlerin kalite kontrol\u00fc<\/li>\n<li>Teknik dan\u0131\u015fmanl\u0131k<\/li>\n<\/ul>\n<div style=\"display: none;\"\n    class=\"kk-star-ratings kksr-valign-bottom kksr-align-right kksr-disabled\"\n    data-id=\"3642\"\n    data-slug=\"\">\n    <div class=\"kksr-stars\">\n    <div class=\"kksr-stars-inactive\">\n            <div class=\"kksr-star\" data-star=\"1\">\n            <div class=\"kksr-icon\" style=\"width: px; height: px;\"><\/div>\n        <\/div>\n            <div class=\"kksr-star\" data-star=\"2\">\n            <div class=\"kksr-icon\" style=\"width: px; height: px;\"><\/div>\n        <\/div>\n            <div class=\"kksr-star\" data-star=\"3\">\n            <div class=\"kksr-icon\" style=\"width: px; height: px;\"><\/div>\n        <\/div>\n            <div class=\"kksr-star\" data-star=\"4\">\n            <div class=\"kksr-icon\" style=\"width: px; height: px;\"><\/div>\n        <\/div>\n            <div class=\"kksr-star\" data-star=\"5\">\n            <div class=\"kksr-icon\" style=\"width: px; height: px;\"><\/div>\n        <\/div>\n    <\/div>\n    <div class=\"kksr-stars-active\" style=\"width: 0px;\">\n            <div class=\"kksr-star\">\n            <div class=\"kksr-icon\" style=\"width: px; height: px;\"><\/div>\n        <\/div>\n            <div class=\"kksr-star\">\n            <div class=\"kksr-icon\" style=\"width: px; height: px;\"><\/div>\n        <\/div>\n            <div class=\"kksr-star\">\n            <div class=\"kksr-icon\" style=\"width: px; height: px;\"><\/div>\n        <\/div>\n            <div class=\"kksr-star\">\n            <div class=\"kksr-icon\" style=\"width: px; height: px;\"><\/div>\n        <\/div>\n            <div class=\"kksr-star\">\n            <div class=\"kksr-icon\" style=\"width: px; height: px;\"><\/div>\n        <\/div>\n    <\/div>\n<\/div>\n    <div class=\"kksr-legend\">\n            <span class=\"kksr-muted\"><\/span>\n    <\/div>\n<\/div>\n","protected":false},"excerpt":{"rendered":"<p>CTech-LLC\u00ae\u2019nin servis ve \u00e7\u00f6z\u00fcm\u00fc, m\u00fcteahhitlerin en uygun malzeme ve sistem se\u00e7imini yapmalar\u0131na yard\u0131mc\u0131 olur. Teknik dan\u0131\u015fmanl\u0131k hizmeti vermek ve m\u00fcteahhitlerin y\u00fcr\u00fctme grubuna \u00e7e\u015fitli malzeme ve g\u00fc\u00e7lendirme sistemleri uygulamalar\u0131n\u0131 e\u011fitmek amac\u0131yla el\u00e7ilerimiz proje sahas\u0131nda bulunmaktad\u0131r. Ayr\u0131ca, uzman m\u00fchendislerimiz end\u00fcstri lideri destek ve en iyi \u00e7\u00f6z\u00fcm\u00fc sa\u011flamak i\u00e7in proje ekibinizle b\u00fct\u00fcnle\u015fir. T\u00fcm \u00fcr\u00fcnlerimiz i\u00e7in y\u00fcksek kaliteli malzemeler [&#8230;]\n","protected":false},"author":2,"featured_media":0,"parent":0,"menu_order":0,"comment_status":"closed","ping_status":"closed","template":"","meta":[],"_links":{"self":[{"href":"https:\/\/ctech-llc.com\/tr\/wp-json\/wp\/v2\/pages\/3642"}],"collection":[{"href":"https:\/\/ctech-llc.com\/tr\/wp-json\/wp\/v2\/pages"}],"about":[{"href":"https:\/\/ctech-llc.com\/tr\/wp-json\/wp\/v2\/types\/page"}],"author":[{"embeddable":true,"href":"https:\/\/ctech-llc.com\/tr\/wp-json\/wp\/v2\/users\/2"}],"replies":[{"embeddable":true,"href":"https:\/\/ctech-llc.com\/tr\/wp-json\/wp\/v2\/comments?post=3642"}],"version-history":[{"count":3,"href":"https:\/\/ctech-llc.com\/tr\/wp-json\/wp\/v2\/pages\/3642\/revisions"}],"predecessor-version":[{"id":3676,"href":"https:\/\/ctech-llc.com\/tr\/wp-json\/wp\/v2\/pages\/3642\/revisions\/3676"}],"wp:attachment":[{"href":"https:\/\/ctech-llc.com\/tr\/wp-json\/wp\/v2\/media?parent=3642"}],"curies":[{"name":"wp","href":"https:\/\/api.w.org\/{rel}","templated":true}]}}