{"id":3639,"date":"2018-12-23T13:21:32","date_gmt":"2018-12-23T09:51:32","guid":{"rendered":"https:\/\/ctech-llc.com\/tr\/?page_id=3639"},"modified":"2018-12-23T13:22:05","modified_gmt":"2018-12-23T09:52:05","slug":"auto-draft-2","status":"publish","type":"page","link":"https:\/\/ctech-llc.com\/tr\/service-and-solution\/engineers-designers\/","title":{"rendered":"M\u00fchendisler ve Tasar\u0131mc\u0131lar i\u00e7in Hizmetler"},"content":{"rendered":"<p>CTech-LLC<sup>\u00ae<\/sup>, in\u015faat ve yap\u0131 altyap\u0131s\u0131n\u0131 tamir eden, koruyan ve geli\u015ftiren \u00e7\u00f6z\u00fcmler geli\u015ftirmek i\u00e7in end\u00fcstri lideri destek m\u00fchendisleri, tasar\u0131mc\u0131lar\u0131 ve mimarlar\u0131 sa\u011flar. Teknik kadromuz olan m\u00fchendis kadromuz, \u00e7e\u015fitli m\u00fchendislik hizmetleri sunmak i\u00e7in tasar\u0131mc\u0131larla b\u00fct\u00fcnle\u015fir. Bu hizmetlerden baz\u0131lar\u0131 \u015funlard\u0131r:<\/p>\n<ul>\n<li>Yeni yap\u0131sal sistemler ile maliyet ve performans dikkate al\u0131narak tasar\u0131m dan\u0131\u015fmanl\u0131\u011f\u0131<\/li>\n<li>Hasar ve performansa dayal\u0131 tasar\u0131m<\/li>\n<li>Yap\u0131sal performanslar\u0131n de\u011ferlendirilmesi<\/li>\n<li>\u0130n\u015faat s\u0131ras\u0131nda meydana gelen de\u011fi\u015fikliklerden dolay\u0131 yap\u0131lar\u0131n yeniden tasarlanmas\u0131<\/li>\n<li>Yeni kompozit sistemler tasarlamak i\u00e7in e\u011fitim kursu sunmak<\/li>\n<li>Farkl\u0131 yap\u0131lar i\u00e7in \u00e7e\u015fitli uygulama detaylar\u0131 sunmak<\/li>\n<li>Uygulama \u00f6ncesi \u00e7e\u015fitli malzemelerin testi<\/li>\n<li>Yeni uygun malzemeler ve kurulum prosed\u00fcr\u00fc sunmak<\/li>\n<li>Uygun malzeme karar\u0131n\u0131 vermek i\u00e7in dan\u0131\u015fmanl\u0131k<\/li>\n<li>\u00c7e\u015fitli projeler i\u00e7in en iyi \u00e7\u00f6z\u00fcm\u00fc sa\u011flamak<\/li>\n<li>Farkl\u0131 yap\u0131lar i\u00e7in g\u00fc\u00e7lendirme, rehabilitasyon ve g\u00fc\u00e7lendirme tasar\u0131mlar\u0131 sa\u011flamak<\/li>\n<li>G\u00fc\u00e7lendirme malzemesi paketleri sunmak<\/li>\n<li>Yap\u0131lar\u0131n Kalite Kontrol\u00fc<\/li>\n<\/ul>\n<div style=\"display: none;\"\n    class=\"kk-star-ratings kksr-valign-bottom kksr-align-right kksr-disabled\"\n    data-id=\"3639\"\n    data-slug=\"\">\n    <div class=\"kksr-stars\">\n    <div class=\"kksr-stars-inactive\">\n            <div class=\"kksr-star\" data-star=\"1\">\n            <div class=\"kksr-icon\" style=\"width: px; height: px;\"><\/div>\n        <\/div>\n            <div class=\"kksr-star\" data-star=\"2\">\n            <div class=\"kksr-icon\" style=\"width: px; height: px;\"><\/div>\n        <\/div>\n            <div class=\"kksr-star\" data-star=\"3\">\n            <div class=\"kksr-icon\" style=\"width: px; height: px;\"><\/div>\n        <\/div>\n            <div class=\"kksr-star\" data-star=\"4\">\n            <div class=\"kksr-icon\" style=\"width: px; height: px;\"><\/div>\n        <\/div>\n            <div class=\"kksr-star\" data-star=\"5\">\n            <div class=\"kksr-icon\" style=\"width: px; height: px;\"><\/div>\n        <\/div>\n    <\/div>\n    <div class=\"kksr-stars-active\" style=\"width: 0px;\">\n            <div class=\"kksr-star\">\n            <div class=\"kksr-icon\" style=\"width: px; height: px;\"><\/div>\n        <\/div>\n            <div class=\"kksr-star\">\n            <div class=\"kksr-icon\" style=\"width: px; height: px;\"><\/div>\n        <\/div>\n            <div class=\"kksr-star\">\n            <div class=\"kksr-icon\" style=\"width: px; height: px;\"><\/div>\n        <\/div>\n            <div class=\"kksr-star\">\n            <div class=\"kksr-icon\" style=\"width: px; height: px;\"><\/div>\n        <\/div>\n            <div class=\"kksr-star\">\n            <div class=\"kksr-icon\" style=\"width: px; height: px;\"><\/div>\n        <\/div>\n    <\/div>\n<\/div>\n    <div class=\"kksr-legend\">\n            <span class=\"kksr-muted\"><\/span>\n    <\/div>\n<\/div>\n","protected":false},"excerpt":{"rendered":"<p>CTech-LLC\u00ae, in\u015faat ve yap\u0131 altyap\u0131s\u0131n\u0131 tamir eden, koruyan ve geli\u015ftiren \u00e7\u00f6z\u00fcmler geli\u015ftirmek i\u00e7in end\u00fcstri lideri destek m\u00fchendisleri, tasar\u0131mc\u0131lar\u0131 ve mimarlar\u0131 sa\u011flar. Teknik kadromuz olan m\u00fchendis kadromuz, \u00e7e\u015fitli m\u00fchendislik hizmetleri sunmak i\u00e7in tasar\u0131mc\u0131larla b\u00fct\u00fcnle\u015fir. Bu hizmetlerden baz\u0131lar\u0131 \u015funlard\u0131r: Yeni yap\u0131sal sistemler ile maliyet ve performans dikkate al\u0131narak tasar\u0131m dan\u0131\u015fmanl\u0131\u011f\u0131 Hasar ve performansa dayal\u0131 tasar\u0131m Yap\u0131sal performanslar\u0131n [&#8230;]\n","protected":false},"author":2,"featured_media":0,"parent":0,"menu_order":0,"comment_status":"closed","ping_status":"closed","template":"","meta":[],"_links":{"self":[{"href":"https:\/\/ctech-llc.com\/tr\/wp-json\/wp\/v2\/pages\/3639"}],"collection":[{"href":"https:\/\/ctech-llc.com\/tr\/wp-json\/wp\/v2\/pages"}],"about":[{"href":"https:\/\/ctech-llc.com\/tr\/wp-json\/wp\/v2\/types\/page"}],"author":[{"embeddable":true,"href":"https:\/\/ctech-llc.com\/tr\/wp-json\/wp\/v2\/users\/2"}],"replies":[{"embeddable":true,"href":"https:\/\/ctech-llc.com\/tr\/wp-json\/wp\/v2\/comments?post=3639"}],"version-history":[{"count":2,"href":"https:\/\/ctech-llc.com\/tr\/wp-json\/wp\/v2\/pages\/3639\/revisions"}],"predecessor-version":[{"id":3641,"href":"https:\/\/ctech-llc.com\/tr\/wp-json\/wp\/v2\/pages\/3639\/revisions\/3641"}],"wp:attachment":[{"href":"https:\/\/ctech-llc.com\/tr\/wp-json\/wp\/v2\/media?parent=3639"}],"curies":[{"name":"wp","href":"https:\/\/api.w.org\/{rel}","templated":true}]}}