{"id":3636,"date":"2018-12-23T13:18:17","date_gmt":"2018-12-23T09:48:17","guid":{"rendered":"https:\/\/ctech-llc.com\/tr\/?page_id=3636"},"modified":"2018-12-24T09:34:13","modified_gmt":"2018-12-24T06:04:13","slug":"auto-draft","status":"publish","type":"page","link":"https:\/\/ctech-llc.com\/tr\/resources\/training-courses\/","title":{"rendered":"E\u011fitim Kurslar\u0131"},"content":{"rendered":"<p>CTech-LLC<sup>\u00ae<\/sup>, konuya \u00f6zel e\u011fitim \u00e7evrimi\u00e7i kurslar\u0131 ve at\u00f6lye \u00e7al\u0131\u015fmalar\u0131 sunmaktad\u0131r. CTech-LLC<sup>\u00ae<\/sup>\u2019nin b\u00fcy\u00fckel\u00e7ilerinin deneyimleri ve g\u00f6zlemleri her y\u0131l d\u00fcnyan\u0131n her yerinden toplanmakta ve ilgilenen m\u00fchendisler i\u00e7in e\u011fitilmektedir. M\u00fchendis ve m\u00fcteahhitlerin m\u00fchendislik bilgilerini geli\u015ftirmeyi ama\u00e7l\u0131yoruz. E\u011fitim kurslar\u0131n\u0131n \u00e7o\u011fu el\u00e7ilerimiz taraf\u0131ndan a\u015fa\u011f\u0131daki alanlar\u0131 i\u00e7eren proje alanlar\u0131nda sunulmaktad\u0131r:<\/p>\n<ul>\n<li>Yap\u0131lar\u0131n bak\u0131m\u0131<\/li>\n<li>Yeni in\u015faat y\u00f6ntemleri<\/li>\n<li>Kompozit sistem uygulamalar\u0131n\u0131n kalite kontrol\u00fc<\/li>\n<li>Yeni uygun malzemeler ve montaj s\u00fcreci<\/li>\n<li>SE\u00c7 talimatlar\u0131<\/li>\n<li>Yap\u0131 elemanlar\u0131n\u0131n g\u00fc\u00e7lendirilmesi<\/li>\n<li>Uygulama \u00f6ncesi \u00e7e\u015fitli malzemelerin testi<\/li>\n<li>Ama\u00e7lanan performans\u0131 sa\u011flamak i\u00e7in uygulanan sistemlerin uygun de\u011ferlendirme y\u00f6ntemleri<\/li>\n<\/ul>\n<div style=\"display: none;\"\n    class=\"kk-star-ratings kksr-valign-bottom kksr-align-right kksr-disabled\"\n    data-id=\"3636\"\n    data-slug=\"\">\n    <div class=\"kksr-stars\">\n    <div class=\"kksr-stars-inactive\">\n            <div class=\"kksr-star\" data-star=\"1\">\n            <div class=\"kksr-icon\" style=\"width: px; height: px;\"><\/div>\n        <\/div>\n            <div class=\"kksr-star\" data-star=\"2\">\n            <div class=\"kksr-icon\" style=\"width: px; height: px;\"><\/div>\n        <\/div>\n            <div class=\"kksr-star\" data-star=\"3\">\n            <div class=\"kksr-icon\" style=\"width: px; height: px;\"><\/div>\n        <\/div>\n            <div class=\"kksr-star\" data-star=\"4\">\n            <div class=\"kksr-icon\" style=\"width: px; height: px;\"><\/div>\n        <\/div>\n            <div class=\"kksr-star\" data-star=\"5\">\n            <div class=\"kksr-icon\" style=\"width: px; height: px;\"><\/div>\n        <\/div>\n    <\/div>\n    <div class=\"kksr-stars-active\" style=\"width: 0px;\">\n            <div class=\"kksr-star\">\n            <div class=\"kksr-icon\" style=\"width: px; height: px;\"><\/div>\n        <\/div>\n            <div class=\"kksr-star\">\n            <div class=\"kksr-icon\" style=\"width: px; height: px;\"><\/div>\n        <\/div>\n            <div class=\"kksr-star\">\n            <div class=\"kksr-icon\" style=\"width: px; height: px;\"><\/div>\n        <\/div>\n            <div class=\"kksr-star\">\n            <div class=\"kksr-icon\" style=\"width: px; height: px;\"><\/div>\n        <\/div>\n            <div class=\"kksr-star\">\n            <div class=\"kksr-icon\" style=\"width: px; height: px;\"><\/div>\n        <\/div>\n    <\/div>\n<\/div>\n    <div class=\"kksr-legend\">\n            <span class=\"kksr-muted\"><\/span>\n    <\/div>\n<\/div>\n","protected":false},"excerpt":{"rendered":"<p>CTech-LLC\u00ae, konuya \u00f6zel e\u011fitim \u00e7evrimi\u00e7i kurslar\u0131 ve at\u00f6lye \u00e7al\u0131\u015fmalar\u0131 sunmaktad\u0131r. CTech-LLC\u00ae\u2019nin b\u00fcy\u00fckel\u00e7ilerinin deneyimleri ve g\u00f6zlemleri her y\u0131l d\u00fcnyan\u0131n her yerinden toplanmakta ve ilgilenen m\u00fchendisler i\u00e7in e\u011fitilmektedir. M\u00fchendis ve m\u00fcteahhitlerin m\u00fchendislik bilgilerini geli\u015ftirmeyi ama\u00e7l\u0131yoruz. E\u011fitim kurslar\u0131n\u0131n \u00e7o\u011fu el\u00e7ilerimiz taraf\u0131ndan a\u015fa\u011f\u0131daki alanlar\u0131 i\u00e7eren proje alanlar\u0131nda sunulmaktad\u0131r: Yap\u0131lar\u0131n bak\u0131m\u0131 Yeni in\u015faat y\u00f6ntemleri Kompozit sistem uygulamalar\u0131n\u0131n kalite kontrol\u00fc Yeni [&#8230;]\n","protected":false},"author":2,"featured_media":0,"parent":0,"menu_order":0,"comment_status":"closed","ping_status":"closed","template":"","meta":[],"_links":{"self":[{"href":"https:\/\/ctech-llc.com\/tr\/wp-json\/wp\/v2\/pages\/3636"}],"collection":[{"href":"https:\/\/ctech-llc.com\/tr\/wp-json\/wp\/v2\/pages"}],"about":[{"href":"https:\/\/ctech-llc.com\/tr\/wp-json\/wp\/v2\/types\/page"}],"author":[{"embeddable":true,"href":"https:\/\/ctech-llc.com\/tr\/wp-json\/wp\/v2\/users\/2"}],"replies":[{"embeddable":true,"href":"https:\/\/ctech-llc.com\/tr\/wp-json\/wp\/v2\/comments?post=3636"}],"version-history":[{"count":3,"href":"https:\/\/ctech-llc.com\/tr\/wp-json\/wp\/v2\/pages\/3636\/revisions"}],"predecessor-version":[{"id":3679,"href":"https:\/\/ctech-llc.com\/tr\/wp-json\/wp\/v2\/pages\/3636\/revisions\/3679"}],"wp:attachment":[{"href":"https:\/\/ctech-llc.com\/tr\/wp-json\/wp\/v2\/media?parent=3636"}],"curies":[{"name":"wp","href":"https:\/\/api.w.org\/{rel}","templated":true}]}}