{"id":3633,"date":"2018-12-23T13:07:13","date_gmt":"2018-12-23T09:37:13","guid":{"rendered":"https:\/\/ctech-llc.com\/tr\/?page_id=3633"},"modified":"2018-12-23T13:15:50","modified_gmt":"2018-12-23T09:45:50","slug":"muhendislik","status":"publish","type":"page","link":"https:\/\/ctech-llc.com\/tr\/resources\/engineering\/","title":{"rendered":"M\u00fchendislik"},"content":{"rendered":"<ul>\n<li>CTech-LLC<sup>\u00ae<\/sup> m\u00fchendislik departman\u0131, farkl\u0131 projelerin a\u015fa\u011f\u0131daki ad\u0131mlar\u0131 i\u00e7in hizmet ve teknik destek sa\u011flar:<\/li>\n<li>Takviye kavram\u0131n\u0131n sa\u011flanmas\u0131<\/li>\n<li>Statik yap\u0131 tasar\u0131m\u0131<\/li>\n<li>Binalar\u0131n astar d\u0131\u015f\u0131 performans\u0131<\/li>\n<li>Yap\u0131lar\u0131n rehabilitasyonu<\/li>\n<li>Mevcut k\u00f6pr\u00fc ve binalar\u0131n g\u00fc\u00e7lendirilmesi ve g\u00fc\u00e7lendirilmesi<\/li>\n<li>Proje alan\u0131nda dan\u0131\u015fmanl\u0131k ve garanti ama\u00e7l\u0131 bilgi el\u00e7isi bulunmas\u0131<\/li>\n<li>Gerekli testleri yapmak<\/li>\n<li>G\u00fc\u00e7lendirme malzemesi paketleri sunmak<\/li>\n<li>Yap\u0131 elemanlar\u0131nda hasar tespiti<\/li>\n<li>\u00c7e\u015fitli yap\u0131lar\u0131n sa\u011fl\u0131k izlemesi<\/li>\n<li>Yap\u0131sal elemanlar i\u00e7in FRP tasar\u0131m\u0131<\/li>\n<li>Teknik tavsiyeler<\/li>\n<li>FRP y\u00fcr\u00fctmesinin Kalite Kontrol\u00fc<\/li>\n<\/ul>\n<div style=\"display: none;\"\n    class=\"kk-star-ratings kksr-valign-bottom kksr-align-right kksr-disabled\"\n    data-id=\"3633\"\n    data-slug=\"\">\n    <div class=\"kksr-stars\">\n    <div class=\"kksr-stars-inactive\">\n            <div class=\"kksr-star\" data-star=\"1\">\n            <div class=\"kksr-icon\" style=\"width: px; height: px;\"><\/div>\n        <\/div>\n            <div class=\"kksr-star\" data-star=\"2\">\n            <div class=\"kksr-icon\" style=\"width: px; height: px;\"><\/div>\n        <\/div>\n            <div class=\"kksr-star\" data-star=\"3\">\n            <div class=\"kksr-icon\" style=\"width: px; height: px;\"><\/div>\n        <\/div>\n            <div class=\"kksr-star\" data-star=\"4\">\n            <div class=\"kksr-icon\" style=\"width: px; height: px;\"><\/div>\n        <\/div>\n            <div class=\"kksr-star\" data-star=\"5\">\n            <div class=\"kksr-icon\" style=\"width: px; height: px;\"><\/div>\n        <\/div>\n    <\/div>\n    <div class=\"kksr-stars-active\" style=\"width: 0px;\">\n            <div class=\"kksr-star\">\n            <div class=\"kksr-icon\" style=\"width: px; height: px;\"><\/div>\n        <\/div>\n            <div class=\"kksr-star\">\n            <div class=\"kksr-icon\" style=\"width: px; height: px;\"><\/div>\n        <\/div>\n            <div class=\"kksr-star\">\n            <div class=\"kksr-icon\" style=\"width: px; height: px;\"><\/div>\n        <\/div>\n            <div class=\"kksr-star\">\n            <div class=\"kksr-icon\" style=\"width: px; height: px;\"><\/div>\n        <\/div>\n            <div class=\"kksr-star\">\n            <div class=\"kksr-icon\" style=\"width: px; height: px;\"><\/div>\n        <\/div>\n    <\/div>\n<\/div>\n    <div class=\"kksr-legend\">\n            <span class=\"kksr-muted\"><\/span>\n    <\/div>\n<\/div>\n","protected":false},"excerpt":{"rendered":"<p>CTech-LLC\u00ae m\u00fchendislik departman\u0131, farkl\u0131 projelerin a\u015fa\u011f\u0131daki ad\u0131mlar\u0131 i\u00e7in hizmet ve teknik destek sa\u011flar: Takviye kavram\u0131n\u0131n sa\u011flanmas\u0131 Statik yap\u0131 tasar\u0131m\u0131 Binalar\u0131n astar d\u0131\u015f\u0131 performans\u0131 Yap\u0131lar\u0131n rehabilitasyonu Mevcut k\u00f6pr\u00fc ve binalar\u0131n g\u00fc\u00e7lendirilmesi ve g\u00fc\u00e7lendirilmesi Proje alan\u0131nda dan\u0131\u015fmanl\u0131k ve garanti ama\u00e7l\u0131 bilgi el\u00e7isi bulunmas\u0131 Gerekli testleri yapmak G\u00fc\u00e7lendirme malzemesi paketleri sunmak Yap\u0131 elemanlar\u0131nda hasar tespiti \u00c7e\u015fitli yap\u0131lar\u0131n sa\u011fl\u0131k [&#8230;]\n","protected":false},"author":2,"featured_media":0,"parent":0,"menu_order":0,"comment_status":"closed","ping_status":"closed","template":"","meta":[],"_links":{"self":[{"href":"https:\/\/ctech-llc.com\/tr\/wp-json\/wp\/v2\/pages\/3633"}],"collection":[{"href":"https:\/\/ctech-llc.com\/tr\/wp-json\/wp\/v2\/pages"}],"about":[{"href":"https:\/\/ctech-llc.com\/tr\/wp-json\/wp\/v2\/types\/page"}],"author":[{"embeddable":true,"href":"https:\/\/ctech-llc.com\/tr\/wp-json\/wp\/v2\/users\/2"}],"replies":[{"embeddable":true,"href":"https:\/\/ctech-llc.com\/tr\/wp-json\/wp\/v2\/comments?post=3633"}],"version-history":[{"count":2,"href":"https:\/\/ctech-llc.com\/tr\/wp-json\/wp\/v2\/pages\/3633\/revisions"}],"predecessor-version":[{"id":3635,"href":"https:\/\/ctech-llc.com\/tr\/wp-json\/wp\/v2\/pages\/3633\/revisions\/3635"}],"wp:attachment":[{"href":"https:\/\/ctech-llc.com\/tr\/wp-json\/wp\/v2\/media?parent=3633"}],"curies":[{"name":"wp","href":"https:\/\/api.w.org\/{rel}","templated":true}]}}