{"id":3598,"date":"2018-12-23T10:33:01","date_gmt":"2018-12-23T07:03:01","guid":{"rendered":"https:\/\/ctech-llc.com\/tr\/?page_id=3598"},"modified":"2018-12-23T11:22:36","modified_gmt":"2018-12-23T07:52:36","slug":"auto-draft-5","status":"publish","type":"page","link":"https:\/\/ctech-llc.com\/tr\/about-ctech\/ctech-environment\/","title":{"rendered":"CTech_LLC ve \u00c7evre"},"content":{"rendered":"<div id=\"metaslider-id-3380\" style=\"max-width: 1400px;\" class=\"ml-slider-3-19-1 metaslider metaslider-flex metaslider-3380 ml-slider\">\n    <div id=\"metaslider_container_3380\">\n        <div id=\"metaslider_3380\">\n            <ul aria-live=\"polite\" class=\"slides\">\n                <li style=\"display: block; width: 100%;\" class=\"slide-3384 ms-image\"><img src=\"https:\/\/ctech-llc.com\/tr\/wp-content\/uploads\/2018\/12\/1-840x180.jpg\" height=\"300\" width=\"1400\" alt=\"\" class=\"slider-3380 slide-3384\" title=\"1\" \/><\/li>\n                <li style=\"display: none; width: 100%;\" class=\"slide-3385 ms-image\"><img src=\"https:\/\/ctech-llc.com\/tr\/wp-content\/uploads\/2018\/12\/2-1-840x180.jpg\" height=\"300\" width=\"1400\" alt=\"\" class=\"slider-3380 slide-3385\" title=\"2\" \/><\/li>\n                <li style=\"display: none; width: 100%;\" class=\"slide-3386 ms-image\"><img src=\"https:\/\/ctech-llc.com\/tr\/wp-content\/uploads\/2018\/12\/3-840x180.jpg\" height=\"300\" width=\"1400\" alt=\"\" class=\"slider-3380 slide-3386\" title=\"3\" \/><\/li>\n            <\/ul>\n        <\/div>\n        \n    <\/div>\n<\/div>\n<h1>CTech_LLC ve \u00c7evre<\/h1>\n<p>CTech-LLC<sup>\u00ae<\/sup> kompozit malzemeler \u00f6nemli \u00e7evresel faydalar sa\u011flar. Bug\u00fcn, \u00e7elik ve beton gibi geleneksel malzemeler, kompozit malzemelerle de\u011fi\u015ftiriliyor. Ayr\u0131ca, ara\u015ft\u0131rmalar kompozit \u00fcr\u00fcnlerin metal ve betona \u00e7evre a\u00e7\u0131s\u0131ndan cazip bir alternatif oldu\u011funu g\u00f6stermektedir. \u00c7evresel kayg\u0131lar modern insan ya\u015fam\u0131nda \u00f6nemli bir rol oynad\u0131\u011f\u0131ndan, CTech-LLC<sup>\u00ae<\/sup> m\u00fcmk\u00fcn olan en \u00e7evre dostu \u015fekilde \u00e7al\u0131\u015fmay\u0131 dener. \u00c7evreye sayg\u0131l\u0131 bir i\u015f haline gelmek, bir \u015firketin at\u0131klar\u0131n nas\u0131l geri d\u00f6n\u00fc\u015ft\u00fcr\u00fcld\u00fc\u011f\u00fcne dair bir malzeme \u00fcretmesiyle ilgili her\u015feyi i\u00e7erir ve \u015firketimiz \u00e7evre dostu bir i\u015fletme olman\u0131n t\u00fcm fakt\u00f6rlerini tatmin etmek i\u00e7in \u00e7ok \u00e7aba sarfetmektedir.<\/p>\n<p>CTech-LLC<sup>\u00ae<\/sup> kompozit malzemeler do\u011fa dostu \u00fcr\u00fcnlerdir, \u00e7\u00fcnk\u00fc a\u015f\u0131r\u0131 derecede hafiftirler. Otomobil end\u00fcstrisinde kullan\u0131labilir ve ara\u00e7lar\u0131n toplam a\u011f\u0131rl\u0131\u011f\u0131n\u0131% 40&#8217;tan fazla azaltabilirler. Sonu\u00e7, fosil yak\u0131tlar\u0131n ve CO2 emisyonlar\u0131n\u0131n kullan\u0131m\u0131nda \u00f6nemli bir azalmad\u0131r.<\/p>\n<p>\u015eirketimiz taraf\u0131ndan yap\u0131lan farkl\u0131 ara\u015ft\u0131rmalara g\u00f6re, CTech-LLC<sup>\u00ae<\/sup> FRP kompozit malzemeler olduk\u00e7a kolay bir \u015fekilde geri d\u00f6n\u00fc\u015ft\u00fcr\u00fclebilir ve D\u00fcnya ekosistemi \u00fczerindeki insan etkilerini azaltabilir. Kirlilik etkisi ile ilgili olarak, CTech-LLC<sup>\u00ae<\/sup> kompozitleri \u00e7elik ve al\u00fcminyum gibi yap\u0131sal malzemelere k\u0131yasla en iyi sonucu vermektedir.<\/p>\n<p>Yak\u0131n zamandaki \u00e7al\u0131\u015fmalar, CTech-LLC<sup>\u00ae<\/sup> FRP malzemeleri \u00fcretmek i\u00e7in gerekli olan enerjinin (kullan\u0131m alan\u0131na \u00fcretim yapmak ve tedarik etmek i\u00e7in gerekli enerji miktar\u0131), \u00e7elik ve al\u00fcminyum \u00fcr\u00fcnlerinin yap\u0131land\u0131r\u0131lm\u0131\u015f enerjisinden \u00f6nemli \u00f6l\u00e7\u00fcde daha az oldu\u011funu g\u00f6stermektedir. Ara\u015ft\u0131rmalara g\u00f6re, FRP \u00fcr\u00fcnleri \u00fcretimi, al\u00fcminyum ve \u00e7elik \u00fcr\u00fcnleri imalat\u0131na k\u0131yasla \u00e7ok daha faydal\u0131d\u0131r, \u00e7\u00fcnk\u00fc \u00e7elik malzemelerin \u00fcretilmesi iki kat fazla enerji t\u00fcketimine neden olmaktad\u0131r.<\/p>\n<p>CTech-LLC<sup>\u00ae<\/sup> FRP kompozit malzemelerin, karbon ayak izini \u00f6nemli \u00f6l\u00e7\u00fcde azaltarak \u00e7evreyi korumaya yard\u0131mc\u0131 olmas\u0131ndan dolay\u0131 en iyi se\u00e7im oldu\u011funu garanti edebiliriz.<\/p>\n<div style=\"display: none;\"\n    class=\"kk-star-ratings kksr-valign-bottom kksr-align-right kksr-disabled\"\n    data-id=\"3598\"\n    data-slug=\"\">\n    <div class=\"kksr-stars\">\n    <div class=\"kksr-stars-inactive\">\n            <div class=\"kksr-star\" data-star=\"1\">\n            <div class=\"kksr-icon\" style=\"width: px; height: px;\"><\/div>\n        <\/div>\n            <div class=\"kksr-star\" data-star=\"2\">\n            <div class=\"kksr-icon\" style=\"width: px; height: px;\"><\/div>\n        <\/div>\n            <div class=\"kksr-star\" data-star=\"3\">\n            <div class=\"kksr-icon\" style=\"width: px; height: px;\"><\/div>\n        <\/div>\n            <div class=\"kksr-star\" data-star=\"4\">\n            <div class=\"kksr-icon\" style=\"width: px; height: px;\"><\/div>\n        <\/div>\n            <div class=\"kksr-star\" data-star=\"5\">\n            <div class=\"kksr-icon\" style=\"width: px; height: px;\"><\/div>\n        <\/div>\n    <\/div>\n    <div class=\"kksr-stars-active\" style=\"width: 0px;\">\n            <div class=\"kksr-star\">\n            <div class=\"kksr-icon\" style=\"width: px; height: px;\"><\/div>\n        <\/div>\n            <div class=\"kksr-star\">\n            <div class=\"kksr-icon\" style=\"width: px; height: px;\"><\/div>\n        <\/div>\n            <div class=\"kksr-star\">\n            <div class=\"kksr-icon\" style=\"width: px; height: px;\"><\/div>\n        <\/div>\n            <div class=\"kksr-star\">\n            <div class=\"kksr-icon\" style=\"width: px; height: px;\"><\/div>\n        <\/div>\n            <div class=\"kksr-star\">\n            <div class=\"kksr-icon\" style=\"width: px; height: px;\"><\/div>\n        <\/div>\n    <\/div>\n<\/div>\n    <div class=\"kksr-legend\">\n            <strong class=\"kksr-score\">5<\/strong>\n        <span class=\"kksr-muted\">\/<\/span>\n        <strong>5<\/strong>\n        <span class=\"kksr-muted\">(<\/span>\n        <strong class=\"kksr-count\">2<\/strong>\n        <span class=\"kksr-muted\">\n            votes        <\/span>\n        <span class=\"kksr-muted\">)<\/span>\n    <\/div>\n<\/div>\n","protected":false},"excerpt":{"rendered":"<p>CTech_LLC ve \u00c7evre CTech-LLC\u00ae kompozit malzemeler \u00f6nemli \u00e7evresel faydalar sa\u011flar. Bug\u00fcn, \u00e7elik ve beton gibi geleneksel malzemeler, kompozit malzemelerle de\u011fi\u015ftiriliyor. Ayr\u0131ca, ara\u015ft\u0131rmalar kompozit \u00fcr\u00fcnlerin metal ve betona \u00e7evre a\u00e7\u0131s\u0131ndan cazip bir alternatif oldu\u011funu g\u00f6stermektedir. \u00c7evresel kayg\u0131lar modern insan ya\u015fam\u0131nda \u00f6nemli bir rol oynad\u0131\u011f\u0131ndan, CTech-LLC\u00ae m\u00fcmk\u00fcn olan en \u00e7evre dostu \u015fekilde \u00e7al\u0131\u015fmay\u0131 dener. \u00c7evreye sayg\u0131l\u0131 bir [&#8230;]\n","protected":false},"author":2,"featured_media":0,"parent":3376,"menu_order":0,"comment_status":"closed","ping_status":"closed","template":"page-left-sidebar.php","meta":[],"_links":{"self":[{"href":"https:\/\/ctech-llc.com\/tr\/wp-json\/wp\/v2\/pages\/3598"}],"collection":[{"href":"https:\/\/ctech-llc.com\/tr\/wp-json\/wp\/v2\/pages"}],"about":[{"href":"https:\/\/ctech-llc.com\/tr\/wp-json\/wp\/v2\/types\/page"}],"author":[{"embeddable":true,"href":"https:\/\/ctech-llc.com\/tr\/wp-json\/wp\/v2\/users\/2"}],"replies":[{"embeddable":true,"href":"https:\/\/ctech-llc.com\/tr\/wp-json\/wp\/v2\/comments?post=3598"}],"version-history":[{"count":3,"href":"https:\/\/ctech-llc.com\/tr\/wp-json\/wp\/v2\/pages\/3598\/revisions"}],"predecessor-version":[{"id":3623,"href":"https:\/\/ctech-llc.com\/tr\/wp-json\/wp\/v2\/pages\/3598\/revisions\/3623"}],"up":[{"embeddable":true,"href":"https:\/\/ctech-llc.com\/tr\/wp-json\/wp\/v2\/pages\/3376"}],"wp:attachment":[{"href":"https:\/\/ctech-llc.com\/tr\/wp-json\/wp\/v2\/media?parent=3598"}],"curies":[{"name":"wp","href":"https:\/\/api.w.org\/{rel}","templated":true}]}}