{"id":3596,"date":"2018-12-23T10:30:48","date_gmt":"2018-12-23T07:00:48","guid":{"rendered":"https:\/\/ctech-llc.com\/tr\/?page_id=3596"},"modified":"2018-12-23T11:23:22","modified_gmt":"2018-12-23T07:53:22","slug":"auto-draft-4","status":"publish","type":"page","link":"https:\/\/ctech-llc.com\/tr\/about-ctech\/employment\/","title":{"rendered":"CTech_LLC&#8217;de \u0130stihdam"},"content":{"rendered":"<div id=\"metaslider-id-3380\" style=\"max-width: 1400px;\" class=\"ml-slider-3-19-1 metaslider metaslider-flex metaslider-3380 ml-slider\">\n    <div id=\"metaslider_container_3380\">\n        <div id=\"metaslider_3380\">\n            <ul aria-live=\"polite\" class=\"slides\">\n                <li style=\"display: block; width: 100%;\" class=\"slide-3384 ms-image\"><img src=\"https:\/\/ctech-llc.com\/tr\/wp-content\/uploads\/2018\/12\/1-840x180.jpg\" height=\"300\" width=\"1400\" alt=\"\" class=\"slider-3380 slide-3384\" title=\"1\" \/><\/li>\n                <li style=\"display: none; width: 100%;\" class=\"slide-3385 ms-image\"><img src=\"https:\/\/ctech-llc.com\/tr\/wp-content\/uploads\/2018\/12\/2-1-840x180.jpg\" height=\"300\" width=\"1400\" alt=\"\" class=\"slider-3380 slide-3385\" title=\"2\" \/><\/li>\n                <li style=\"display: none; width: 100%;\" class=\"slide-3386 ms-image\"><img src=\"https:\/\/ctech-llc.com\/tr\/wp-content\/uploads\/2018\/12\/3-840x180.jpg\" height=\"300\" width=\"1400\" alt=\"\" class=\"slider-3380 slide-3386\" title=\"3\" \/><\/li>\n            <\/ul>\n        <\/div>\n        \n    <\/div>\n<\/div>\n<h1>CTech_LLC&#8217;de \u0130stihdam<\/h1>\n<p>Profesyonel \u00e7al\u0131\u015fanlar\u0131m\u0131z \u00e7e\u015fitli sekt\u00f6rlerde kullan\u0131lmak \u00fczere kompozit malzemeler geli\u015ftirmeye kararl\u0131d\u0131r. Ayr\u0131ca, geli\u015fmi\u015f \u00fcr\u00fcn \u00e7\u00f6z\u00fcm\u00fc sunmak i\u00e7in ellerinden gelenin en iyisini yapmaya ve m\u00fchendislik kararlar\u0131 almaya \u00e7al\u0131\u015f\u0131rlar. Ekibimizin bir par\u00e7as\u0131 olmak, \u00e7al\u0131\u015fanlar\u0131n i\u015f hayat\u0131nda zor olabilir. A\u015fa\u011f\u0131da \u00f6zetlenen CTech-LLC<sup>\u00ae<\/sup>&#8216;de \u00e7al\u0131\u015fman\u0131n faydalar\u0131:<\/p>\n<ul>\n<li>\u00c7al\u0131\u015fanlar\u0131m\u0131z yeteneklerini geli\u015ftirme ve belirli e\u011fitim kurslar\u0131na kat\u0131lma f\u0131rsatlar\u0131na sahip olacak.<\/li>\n<li>Personelimiz esnek \u00e7al\u0131\u015fma s\u00fcrelerinin tad\u0131n\u0131 \u00e7\u0131karabilir.<\/li>\n<li>\u00c7al\u0131\u015fanlar\u0131n sosyal ve dostane insanlar taraf\u0131ndan ku\u015fat\u0131ld\u0131\u011f\u0131 son derece samimi bir ortam sa\u011flad\u0131k.<\/li>\n<li>CTech-LLC<sup>\u00ae<\/sup> profesyonel \u00e7al\u0131\u015fanlar\u0131 \u00e7ekmek ve korumak i\u00e7in rekabet\u00e7i \u00f6d\u00fcller sa\u011flar.<\/li>\n<li>CTech-LLC<sup>\u00ae<\/sup>&#8216;de \u00e7al\u0131\u015fanlar farkl\u0131 fikirlere sahip bir ekipte \u00e7al\u0131\u015f\u0131yor. \u0130\u015fbirli\u011fi ve yenilik\u00e7ilik k\u00fclt\u00fcr\u00fcn\u00fcn olu\u015fturulmas\u0131na yard\u0131mc\u0131 olabilir. Personel, ekip \u00e7al\u0131\u015fmas\u0131n\u0131n bir uzla\u015fma meselesi oldu\u011funun tamamen fark\u0131nda olmal\u0131d\u0131r.<\/li>\n<li>\u00c7al\u0131\u015fanlar\u0131m\u0131z\u0131n i\u015flevlerini art\u0131rmas\u0131 i\u00e7in dinamik bir ortam sa\u011flad\u0131k.<\/li>\n<li>CTech-LLC<sup>\u00ae<\/sup>, t\u00fcm \u00e7al\u0131\u015fanlar\u0131n ihtiya\u00e7lar\u0131n\u0131 kar\u015f\u0131lamak i\u00e7in geni\u015f bir yelpazede faydalar sunmaktad\u0131r.<\/li>\n<li>\u00c7al\u0131\u015fanlar\u0131m\u0131z\u0131n hayat\u0131n\u0131n t\u00fcm y\u00f6nlerinin ele al\u0131nmas\u0131n\u0131 sa\u011fl\u0131yoruz.<\/li>\n<li>CTech-LLC<sup>\u00ae<\/sup>&#8216;de \u00e7al\u0131\u015fmak, \u00e7al\u0131\u015fan\u0131n tutkusunu harekete ge\u00e7irir.<\/li>\n<li>\u00c7al\u0131\u015fanlar\u0131m\u0131z\u0131n geli\u015fimini farkl\u0131 e\u011fitim programlar\u0131 arac\u0131l\u0131\u011f\u0131yla teknik olarak destekliyoruz.<\/li>\n<li>CTech-LLC<sup>\u00ae<\/sup>, i\u015f arkada\u015flar\u0131n\u0131n uzmanlar\u0131n deneyimlerinden \u00f6\u011frenmelerine yard\u0131mc\u0131 olur, bu nedenle bilgilerini geli\u015ftirmek m\u00fcmk\u00fcnd\u00fcr.<\/li>\n<li>Modernle\u015fen firmalar\u0131n en \u00fcst d\u00fczey yetenekleri kendine \u00e7ekip korudu\u011funa inanarak, \u00e7al\u0131\u015fanlar\u0131m\u0131za modern bir i\u015f yeri sunuyoruz.<\/li>\n<li>\u00c7al\u0131\u015fanlar\u0131m\u0131zdan bekledi\u011fimiz \u015fey, kararl\u0131, g\u00fcvenilir, sad\u0131k, \u00f6zg\u00fcvenli ve esnek olmakt\u0131r. Yenilik\u00e7i ve tak\u0131m halinde \u00e7al\u0131\u015fmak i\u00e7in g\u00fc\u00e7l\u00fc tercihleri \u200b\u200bolanlar\u0131 i\u015fe almaya istekliyiz. CTech-LLC<sup>\u00ae<\/sup>&#8216;de \u00e7al\u0131\u015fmaktan ho\u015flan\u0131yorsan\u0131z, l\u00fctfen \u00d6zge\u00e7mi\u015finizi bize e-posta ile g\u00f6nderin.<\/li>\n<\/ul>\n<div style=\"display: none;\"\n    class=\"kk-star-ratings kksr-valign-bottom kksr-align-right kksr-disabled\"\n    data-id=\"3596\"\n    data-slug=\"\">\n    <div class=\"kksr-stars\">\n    <div class=\"kksr-stars-inactive\">\n            <div class=\"kksr-star\" data-star=\"1\">\n            <div class=\"kksr-icon\" style=\"width: px; height: px;\"><\/div>\n        <\/div>\n            <div class=\"kksr-star\" data-star=\"2\">\n            <div class=\"kksr-icon\" style=\"width: px; height: px;\"><\/div>\n        <\/div>\n            <div class=\"kksr-star\" data-star=\"3\">\n            <div class=\"kksr-icon\" style=\"width: px; height: px;\"><\/div>\n        <\/div>\n            <div class=\"kksr-star\" data-star=\"4\">\n            <div class=\"kksr-icon\" style=\"width: px; height: px;\"><\/div>\n        <\/div>\n            <div class=\"kksr-star\" data-star=\"5\">\n            <div class=\"kksr-icon\" style=\"width: px; height: px;\"><\/div>\n        <\/div>\n    <\/div>\n    <div class=\"kksr-stars-active\" style=\"width: 0px;\">\n            <div class=\"kksr-star\">\n            <div class=\"kksr-icon\" style=\"width: px; height: px;\"><\/div>\n        <\/div>\n            <div class=\"kksr-star\">\n            <div class=\"kksr-icon\" style=\"width: px; height: px;\"><\/div>\n        <\/div>\n            <div class=\"kksr-star\">\n            <div class=\"kksr-icon\" style=\"width: px; height: px;\"><\/div>\n        <\/div>\n            <div class=\"kksr-star\">\n            <div class=\"kksr-icon\" style=\"width: px; height: px;\"><\/div>\n        <\/div>\n            <div class=\"kksr-star\">\n            <div class=\"kksr-icon\" style=\"width: px; height: px;\"><\/div>\n        <\/div>\n    <\/div>\n<\/div>\n    <div class=\"kksr-legend\">\n            <strong class=\"kksr-score\">4.5<\/strong>\n        <span class=\"kksr-muted\">\/<\/span>\n        <strong>5<\/strong>\n        <span class=\"kksr-muted\">(<\/span>\n        <strong class=\"kksr-count\">2<\/strong>\n        <span class=\"kksr-muted\">\n            votes        <\/span>\n        <span class=\"kksr-muted\">)<\/span>\n    <\/div>\n<\/div>\n","protected":false},"excerpt":{"rendered":"<p>CTech_LLC&#8217;de \u0130stihdam Profesyonel \u00e7al\u0131\u015fanlar\u0131m\u0131z \u00e7e\u015fitli sekt\u00f6rlerde kullan\u0131lmak \u00fczere kompozit malzemeler geli\u015ftirmeye kararl\u0131d\u0131r. Ayr\u0131ca, geli\u015fmi\u015f \u00fcr\u00fcn \u00e7\u00f6z\u00fcm\u00fc sunmak i\u00e7in ellerinden gelenin en iyisini yapmaya ve m\u00fchendislik kararlar\u0131 almaya \u00e7al\u0131\u015f\u0131rlar. Ekibimizin bir par\u00e7as\u0131 olmak, \u00e7al\u0131\u015fanlar\u0131n i\u015f hayat\u0131nda zor olabilir. A\u015fa\u011f\u0131da \u00f6zetlenen CTech-LLC\u00ae&#8216;de \u00e7al\u0131\u015fman\u0131n faydalar\u0131: \u00c7al\u0131\u015fanlar\u0131m\u0131z yeteneklerini geli\u015ftirme ve belirli e\u011fitim kurslar\u0131na kat\u0131lma f\u0131rsatlar\u0131na sahip olacak. Personelimiz esnek [&#8230;]\n","protected":false},"author":2,"featured_media":0,"parent":3376,"menu_order":0,"comment_status":"closed","ping_status":"closed","template":"page-left-sidebar.php","meta":[],"_links":{"self":[{"href":"https:\/\/ctech-llc.com\/tr\/wp-json\/wp\/v2\/pages\/3596"}],"collection":[{"href":"https:\/\/ctech-llc.com\/tr\/wp-json\/wp\/v2\/pages"}],"about":[{"href":"https:\/\/ctech-llc.com\/tr\/wp-json\/wp\/v2\/types\/page"}],"author":[{"embeddable":true,"href":"https:\/\/ctech-llc.com\/tr\/wp-json\/wp\/v2\/users\/2"}],"replies":[{"embeddable":true,"href":"https:\/\/ctech-llc.com\/tr\/wp-json\/wp\/v2\/comments?post=3596"}],"version-history":[{"count":4,"href":"https:\/\/ctech-llc.com\/tr\/wp-json\/wp\/v2\/pages\/3596\/revisions"}],"predecessor-version":[{"id":3625,"href":"https:\/\/ctech-llc.com\/tr\/wp-json\/wp\/v2\/pages\/3596\/revisions\/3625"}],"up":[{"embeddable":true,"href":"https:\/\/ctech-llc.com\/tr\/wp-json\/wp\/v2\/pages\/3376"}],"wp:attachment":[{"href":"https:\/\/ctech-llc.com\/tr\/wp-json\/wp\/v2\/media?parent=3596"}],"curies":[{"name":"wp","href":"https:\/\/api.w.org\/{rel}","templated":true}]}}