{"id":3594,"date":"2018-12-23T10:27:53","date_gmt":"2018-12-23T06:57:53","guid":{"rendered":"https:\/\/ctech-llc.com\/tr\/?page_id=3594"},"modified":"2018-12-23T11:24:11","modified_gmt":"2018-12-23T07:54:11","slug":"auto-draft-3","status":"publish","type":"page","link":"https:\/\/ctech-llc.com\/tr\/about-ctech\/mission-values-vision\/","title":{"rendered":"Misyon ve Hayaller"},"content":{"rendered":"<div id=\"metaslider-id-3380\" style=\"max-width: 1400px;\" class=\"ml-slider-3-19-1 metaslider metaslider-flex metaslider-3380 ml-slider\">\n    <div id=\"metaslider_container_3380\">\n        <div id=\"metaslider_3380\">\n            <ul aria-live=\"polite\" class=\"slides\">\n                <li style=\"display: block; width: 100%;\" class=\"slide-3384 ms-image\"><img src=\"https:\/\/ctech-llc.com\/tr\/wp-content\/uploads\/2018\/12\/1-840x180.jpg\" height=\"300\" width=\"1400\" alt=\"\" class=\"slider-3380 slide-3384\" title=\"1\" \/><\/li>\n                <li style=\"display: none; width: 100%;\" class=\"slide-3385 ms-image\"><img src=\"https:\/\/ctech-llc.com\/tr\/wp-content\/uploads\/2018\/12\/2-1-840x180.jpg\" height=\"300\" width=\"1400\" alt=\"\" class=\"slider-3380 slide-3385\" title=\"2\" \/><\/li>\n                <li style=\"display: none; width: 100%;\" class=\"slide-3386 ms-image\"><img src=\"https:\/\/ctech-llc.com\/tr\/wp-content\/uploads\/2018\/12\/3-840x180.jpg\" height=\"300\" width=\"1400\" alt=\"\" class=\"slider-3380 slide-3386\" title=\"3\" \/><\/li>\n            <\/ul>\n        <\/div>\n        \n    <\/div>\n<\/div>\n<h1>Misyon ve Hayaller<\/h1>\n<p>CTech-LLC<sup>\u00ae<\/sup> ekibi, d\u00fcnyadaki karma talepteki katk\u0131 pay\u0131n\u0131 art\u0131rmaya \u00e7al\u0131\u015fmaktad\u0131r. Bu nedenle, k\u0131sa s\u00fcrede \u00fcr\u00fcn teslimini kolayla\u015ft\u0131ran geni\u015f a\u011f da\u011f\u0131t\u0131m sistemi sa\u011flad\u0131k. \u00dcr\u00fcnlerimiz, cam, karbon ve aramid elyaflardan yap\u0131lm\u0131\u015f kuma\u015flar, farkl\u0131 tipte re\u00e7ineler ve di\u011fer bir\u00e7ok faydal\u0131 kompozit malzemeler gibi s\u00fcrekli geni\u015fleyen malzemelerden olu\u015fmaktad\u0131r.<\/p>\n<p>G\u00f6revimiz:<\/p>\n<p>CTech-LLC<sup>\u00ae<\/sup>, tatmin edici \u00fcr\u00fcnler \u00fcretmek ve d\u00fcnyadaki en iyi malzemelerle rekabet etmek i\u00e7in uzman m\u00fchendisler toplad\u0131. \u00c7al\u0131\u015fanlar\u0131m\u0131z, m\u00fc\u015fterilerimize en kaliteli hizmeti ve \u00fcr\u00fcn\u00fc sunmak i\u00e7in \u00e7ok \u00e7al\u0131\u015f\u0131rlar. M\u00fc\u015fterilerimizin sorunlar\u0131n\u0131 kar\u015f\u0131lamak i\u00e7in pratik \u00e7\u00f6z\u00fcmler sunmaya \u00e7al\u0131\u015f\u0131yoruz. CTech-LLC<sup>\u00ae<\/sup>, m\u00fc\u015fteri ihtiya\u00e7lar\u0131n\u0131, onlarla uzun s\u00fcreli bir ili\u015fkiye sahip olacak \u015fekilde adresler.<\/p>\n<p>Degerlerimiz<\/p>\n<ul>\n<li>G\u00fcvenlik: M\u00fc\u015fterilerimiz ve \u00e7evreleri i\u00e7in g\u00fcvenlik ve sa\u011fl\u0131k sa\u011flamay\u0131 taahh\u00fct ediyoruz.<\/li>\n<li>D\u00fcr\u00fcstl\u00fck ve d\u00fcr\u00fcstl\u00fck: \u00c7al\u0131\u015fanlar\u0131m\u0131z profesyonelce davran\u0131r. Her zaman d\u00fcr\u00fcst olmal\u0131 ve d\u00fcr\u00fcst davranmal\u0131d\u0131rlar.<\/li>\n<li>M\u00fckemmellik:<\/li>\n<li>\u00c7al\u0131\u015fanlar\u0131m\u0131z tatmin edici bir sona ula\u015fmak i\u00e7in ellerinden gelenin en iyisini yaparlar.<\/li>\n<li>Kalite:<\/li>\n<li>En kaliteli \u00fcr\u00fcnleri ve hizmetleri sunmaya \u00e7al\u0131\u015f\u0131yoruz.<\/li>\n<li>Geli\u015fme iyilesme duzelme ilerleme:<\/li>\n<li>\u00c7al\u0131\u015fanlar\u0131m\u0131z g\u00fcnceldir ve s\u00fcrekli olarak yeteneklerini geli\u015ftirmek i\u00e7in f\u0131rsatlar ararlar.<\/li>\n<\/ul>\n<p>Tak\u0131m \u00e7al\u0131\u015fmas\u0131:<\/p>\n<p>Hep birlikte \u00e7al\u0131\u015fmam\u0131z\u0131 prati\u011fe d\u00f6kmek ve hedeflerimizi ger\u00e7ekle\u015ftirmek i\u00e7in birlikte \u00e7al\u0131\u015f\u0131yoruz.<\/p>\n<p>Sorumluluk:<\/p>\n<p>CTech-LLC<sup>\u00ae<\/sup>&#8216;deki her \u00e7al\u0131\u015fan, kararlar\u0131 ve i\u015flevleri i\u00e7in tamamen hesap verebilir.<\/p>\n<p>Yenilik:<\/p>\n<p>Yenilik\u00e7i ve yarat\u0131c\u0131 \u00e7al\u0131\u015fanlar\u0131 bir araya getirdik.<\/p>\n<p>G\u00fcven ve Etik davran\u0131\u015f:<\/p>\n<p>Ekip \u00e7al\u0131\u015fmam\u0131zda g\u00fcven ve etik davran\u0131\u015flar en \u00f6nemli \u00f6nceliklerdir. \u0130\u015flerimizin ve ili\u015fkilerimizin \u00f6z\u00fcne g\u00fcveniyoruz.<\/p>\n<p>Vizyonumuz:<\/p>\n<p>CTech-LLC<sup>\u00ae<\/sup>, geli\u015fmi\u015f bir kompozit malzeme ve m\u00fckemmel bir ba\u015far\u0131ya g\u00f6t\u00fcren uygun maliyetli \u00e7\u00f6z\u00fcmler sunma yolunda yenilik\u00e7i bir ba\u015flang\u0131\u00e7 \u200b\u200byapt\u0131. \u00c7o\u011fu \u00fclkede faaliyetlerimizi geni\u015fletmek i\u00e7in bir at\u0131l\u0131m ger\u00e7ekle\u015ftirdik. \u0130\u015fledi\u011fimiz \u015fey, kimyasal ve CTP kompozit malzemelerin en g\u00fcvenilir ve m\u00fc\u015fteri odakl\u0131 tedarik\u00e7isi olmakt\u0131r. CTech-LLC<sup>\u00ae<\/sup> ekibi, malzeme tedariki ve geli\u015fmi\u015f \u00e7\u00f6z\u00fcm temininde yard\u0131mc\u0131 katk\u0131lar\u0131n\u0131 art\u0131rmak i\u00e7in yorulmadan \u00e7al\u0131\u015f\u0131r.<\/p>\n<div style=\"display: none;\"\n    class=\"kk-star-ratings kksr-valign-bottom kksr-align-right kksr-disabled\"\n    data-id=\"3594\"\n    data-slug=\"\">\n    <div class=\"kksr-stars\">\n    <div class=\"kksr-stars-inactive\">\n            <div class=\"kksr-star\" data-star=\"1\">\n            <div class=\"kksr-icon\" style=\"width: px; height: px;\"><\/div>\n        <\/div>\n            <div class=\"kksr-star\" data-star=\"2\">\n            <div class=\"kksr-icon\" style=\"width: px; height: px;\"><\/div>\n        <\/div>\n            <div class=\"kksr-star\" data-star=\"3\">\n            <div class=\"kksr-icon\" style=\"width: px; height: px;\"><\/div>\n        <\/div>\n            <div class=\"kksr-star\" data-star=\"4\">\n            <div class=\"kksr-icon\" style=\"width: px; height: px;\"><\/div>\n        <\/div>\n            <div class=\"kksr-star\" data-star=\"5\">\n            <div class=\"kksr-icon\" style=\"width: px; height: px;\"><\/div>\n        <\/div>\n    <\/div>\n    <div class=\"kksr-stars-active\" style=\"width: 0px;\">\n            <div class=\"kksr-star\">\n            <div class=\"kksr-icon\" style=\"width: px; height: px;\"><\/div>\n        <\/div>\n            <div class=\"kksr-star\">\n            <div class=\"kksr-icon\" style=\"width: px; height: px;\"><\/div>\n        <\/div>\n            <div class=\"kksr-star\">\n            <div class=\"kksr-icon\" style=\"width: px; height: px;\"><\/div>\n        <\/div>\n            <div class=\"kksr-star\">\n            <div class=\"kksr-icon\" style=\"width: px; height: px;\"><\/div>\n        <\/div>\n            <div class=\"kksr-star\">\n            <div class=\"kksr-icon\" style=\"width: px; height: px;\"><\/div>\n        <\/div>\n    <\/div>\n<\/div>\n    <div class=\"kksr-legend\">\n            <strong class=\"kksr-score\">5<\/strong>\n        <span class=\"kksr-muted\">\/<\/span>\n        <strong>5<\/strong>\n        <span class=\"kksr-muted\">(<\/span>\n        <strong class=\"kksr-count\">1<\/strong>\n        <span class=\"kksr-muted\">\n            vote        <\/span>\n        <span class=\"kksr-muted\">)<\/span>\n    <\/div>\n<\/div>\n","protected":false},"excerpt":{"rendered":"<p>Misyon ve Hayaller CTech-LLC\u00ae ekibi, d\u00fcnyadaki karma talepteki katk\u0131 pay\u0131n\u0131 art\u0131rmaya \u00e7al\u0131\u015fmaktad\u0131r. Bu nedenle, k\u0131sa s\u00fcrede \u00fcr\u00fcn teslimini kolayla\u015ft\u0131ran geni\u015f a\u011f da\u011f\u0131t\u0131m sistemi sa\u011flad\u0131k. \u00dcr\u00fcnlerimiz, cam, karbon ve aramid elyaflardan yap\u0131lm\u0131\u015f kuma\u015flar, farkl\u0131 tipte re\u00e7ineler ve di\u011fer bir\u00e7ok faydal\u0131 kompozit malzemeler gibi s\u00fcrekli geni\u015fleyen malzemelerden olu\u015fmaktad\u0131r. G\u00f6revimiz: CTech-LLC\u00ae, tatmin edici \u00fcr\u00fcnler \u00fcretmek ve d\u00fcnyadaki en [&#8230;]\n","protected":false},"author":2,"featured_media":0,"parent":3376,"menu_order":0,"comment_status":"closed","ping_status":"closed","template":"page-left-sidebar.php","meta":[],"_links":{"self":[{"href":"https:\/\/ctech-llc.com\/tr\/wp-json\/wp\/v2\/pages\/3594"}],"collection":[{"href":"https:\/\/ctech-llc.com\/tr\/wp-json\/wp\/v2\/pages"}],"about":[{"href":"https:\/\/ctech-llc.com\/tr\/wp-json\/wp\/v2\/types\/page"}],"author":[{"embeddable":true,"href":"https:\/\/ctech-llc.com\/tr\/wp-json\/wp\/v2\/users\/2"}],"replies":[{"embeddable":true,"href":"https:\/\/ctech-llc.com\/tr\/wp-json\/wp\/v2\/comments?post=3594"}],"version-history":[{"count":4,"href":"https:\/\/ctech-llc.com\/tr\/wp-json\/wp\/v2\/pages\/3594\/revisions"}],"predecessor-version":[{"id":3627,"href":"https:\/\/ctech-llc.com\/tr\/wp-json\/wp\/v2\/pages\/3594\/revisions\/3627"}],"up":[{"embeddable":true,"href":"https:\/\/ctech-llc.com\/tr\/wp-json\/wp\/v2\/pages\/3376"}],"wp:attachment":[{"href":"https:\/\/ctech-llc.com\/tr\/wp-json\/wp\/v2\/media?parent=3594"}],"curies":[{"name":"wp","href":"https:\/\/api.w.org\/{rel}","templated":true}]}}