{"id":3544,"date":"2018-12-19T10:08:27","date_gmt":"2018-12-19T06:38:27","guid":{"rendered":"https:\/\/ctech-llc.com\/tr\/?page_id=3544"},"modified":"2018-12-29T14:34:48","modified_gmt":"2018-12-29T11:04:48","slug":"recineler-ve-kaplamalar","status":"publish","type":"page","link":"https:\/\/ctech-llc.com\/tr\/products\/resins-coatings\/","title":{"rendered":"recineler-ve-kaplamalar"},"content":{"rendered":"\t<section class=\"section\" id=\"section_201831444\">\n\t\t<div class=\"bg section-bg fill bg-fill  bg-loaded\" >\n\n\t\t\t\n\t\t\t\n\t\t\t\n\n\t\t<\/div><!-- .section-bg -->\n\n\t\t<div class=\"section-content relative\">\n\t\t\t\n<div class=\"row\"  id=\"row-1181145541\">\n<div class=\"col medium-3 small-6 large-3\"  ><div class=\"col-inner\" style=\"padding:10px 10px 10px 10px;\" >\n\t<div class=\"box has-hover has-hover box-text-bottom\" >\n\n\t\t<div class=\"box-image\" >\n\t\t\t<a href=\"https:\/\/ctech-llc.com\/tr\/products\/resins-and-coatings\/saturant-epoxy\/\" target=\"_blank\" rel=\"noopener noreferrer\" >\t\t\t<div class=\"\" >\n\t\t\t\t<img width=\"260\" height=\"270\" src=\"https:\/\/ctech-llc.com\/tr\/wp-content\/uploads\/2018\/12\/1-1.jpg\" class=\"attachment- size-\" alt=\"\" loading=\"lazy\" \/>\t\t\t\t\t\t\t\t\t\t\t<\/div>\n\t\t\t<\/a>\t\t<\/div><!-- box-image -->\n\n\t\t<div class=\"box-text text-center\" >\n\t\t\t<div class=\"box-text-inner\">\n\t\t\t\t\n<h4><a href=\"https:\/\/ctech-llc.com\/tr\/products\/resins-and-coatings\/saturant-epoxy\/\" target=\"_blank\" rel=\"noopener\">Epoksi Doyurma Re\u00e7inesi<\/a><\/h4>\n\t\t\t<\/div><!-- box-text-inner -->\n\t\t<\/div><!-- box-text -->\n\t<\/div><!-- .box  -->\n\t\n<\/div><\/div>\n<div class=\"col medium-3 small-6 large-3\"  ><div class=\"col-inner\" style=\"padding:10px 10px 10px 10px;\" >\n\t<div class=\"box has-hover has-hover box-text-bottom\" >\n\n\t\t<div class=\"box-image\" >\n\t\t\t<a href=\"https:\/\/ctech-llc.com\/tr\/resins-and-coatings\/vacuum-epoxy-sleeve\/\" target=\"_blank\" rel=\"noopener noreferrer\" >\t\t\t<div class=\"\" >\n\t\t\t\t<img width=\"260\" height=\"270\" src=\"https:\/\/ctech-llc.com\/tr\/wp-content\/uploads\/2018\/12\/ves.png\" class=\"attachment- size-\" alt=\"\" loading=\"lazy\" \/>\t\t\t\t\t\t\t\t\t\t\t<\/div>\n\t\t\t<\/a>\t\t<\/div><!-- box-image -->\n\n\t\t<div class=\"box-text text-center\" >\n\t\t\t<div class=\"box-text-inner\">\n\t\t\t\t\n<h4><a href=\"https:\/\/ctech-llc.com\/tr\/resins-and-coatings\/vacuum-epoxy-sleeve\/\" target=\"_blank\" rel=\"noopener\">Vakum Epoksi sistem<\/a><\/h4>\n\t\t\t<\/div><!-- box-text-inner -->\n\t\t<\/div><!-- box-text -->\n\t<\/div><!-- .box  -->\n\t\n<\/div><\/div>\n<div class=\"col medium-3 small-6 large-3\"  ><div class=\"col-inner\" style=\"padding:10px 10px 10px 10px;\" >\n\t<div class=\"box has-hover has-hover box-text-bottom\" >\n\n\t\t<div class=\"box-image\" >\n\t\t\t<a href=\"https:\/\/ctech-llc.com\/tr\/products\/resins-and-coatings\/injection-epoxy-resin\" target=\"_blank\" rel=\"noopener noreferrer\" >\t\t\t<div class=\"\" >\n\t\t\t\t<img width=\"260\" height=\"270\" src=\"https:\/\/ctech-llc.com\/tr\/wp-content\/uploads\/2018\/12\/ier-1.jpg\" class=\"attachment- size-\" alt=\"\" loading=\"lazy\" \/>\t\t\t\t\t\t\t\t\t\t\t<\/div>\n\t\t\t<\/a>\t\t<\/div><!-- box-image -->\n\n\t\t<div class=\"box-text text-center\" >\n\t\t\t<div class=\"box-text-inner\">\n\t\t\t\t\n<h4><a href=\"https:\/\/ctech-llc.com\/tr\/products\/resins-and-coatings\/injection-epoxy-resin\" target=\"_blank\" rel=\"noopener\">Enjeksiyon Epoksi Re\u00e7ine<\/a><\/h4>\n\t\t\t<\/div><!-- box-text-inner -->\n\t\t<\/div><!-- box-text -->\n\t<\/div><!-- .box  -->\n\t\n<\/div><\/div>\n<div class=\"col medium-3 small-6 large-3\"  ><div class=\"col-inner\" style=\"padding:10px 10px 10px 10px;\" >\n\t<div class=\"box has-hover has-hover box-text-bottom\" >\n\n\t\t<div class=\"box-image\" >\n\t\t\t<a href=\"https:\/\/ctech-llc.com\/tr\/products\/resins-and-coatings\/epoxy-primer\/\" target=\"_blank\" rel=\"noopener noreferrer\" >\t\t\t<div class=\"\" >\n\t\t\t\t<img width=\"260\" height=\"270\" src=\"https:\/\/ctech-llc.com\/tr\/wp-content\/uploads\/2018\/12\/wep.jpg\" class=\"attachment- size-\" alt=\"\" loading=\"lazy\" \/>\t\t\t\t\t\t\t\t\t\t\t<\/div>\n\t\t\t<\/a>\t\t<\/div><!-- box-image -->\n\n\t\t<div class=\"box-text text-center\" >\n\t\t\t<div class=\"box-text-inner\">\n\t\t\t\t\n<h4><a href=\"https:\/\/ctech-llc.com\/tr\/products\/resins-and-coatings\/epoxy-primer\/\" target=\"_blank\" rel=\"noopener\">Epoksi Astar<\/a><\/h4>\n\t\t\t<\/div><!-- box-text-inner -->\n\t\t<\/div><!-- box-text -->\n\t<\/div><!-- .box  -->\n\t\n<\/div><\/div>\n<\/div>\n<div class=\"gap-element\" style=\"display:block; height:auto; padding-top:32px\" class=\"clearfix\"><\/div>\n<div class=\"row\"  id=\"row-163373436\">\n<div class=\"col medium-3 small-6 large-3\"  ><div class=\"col-inner\" style=\"padding:10px 10px 10px 10px;\" >\n\t<div class=\"box has-hover has-hover box-text-bottom\" >\n\n\t\t<div class=\"box-image\" >\n\t\t\t<a href=\"https:\/\/ctech-llc.com\/tr\/products\/resins-and-coatings\/composite-protective-coatings\/\" target=\"_blank\" rel=\"noopener noreferrer\" >\t\t\t<div class=\"\" >\n\t\t\t\t<img width=\"260\" height=\"270\" src=\"https:\/\/ctech-llc.com\/tr\/wp-content\/uploads\/2018\/12\/cpc.png\" class=\"attachment- size-\" alt=\"\" loading=\"lazy\" \/>\t\t\t\t\t\t\t\t\t\t\t<\/div>\n\t\t\t<\/a>\t\t<\/div><!-- box-image -->\n\n\t\t<div class=\"box-text text-center\" >\n\t\t\t<div class=\"box-text-inner\">\n\t\t\t\t\n<h4><a href=\"https:\/\/ctech-llc.com\/tr\/products\/resins-and-coatings\/composite-protective-coatings\/\" target=\"_blank\" rel=\"noopener\">Kompozit Koruyucu Kaplamalar<\/a><\/h4>\n\t\t\t<\/div><!-- box-text-inner -->\n\t\t<\/div><!-- box-text -->\n\t<\/div><!-- .box  -->\n\t\n<\/div><\/div>\n<div class=\"col medium-3 small-6 large-3\"  ><div class=\"col-inner\" style=\"padding:10px 10px 10px 10px;\" >\n\t<div class=\"box has-hover has-hover box-text-bottom\" >\n\n\t\t<div class=\"box-image\" >\n\t\t\t<a href=\"https:\/\/ctech-llc.com\/tr\/products\/resins-and-coatings\/underwater-epoxy\/\" target=\"_blank\" rel=\"noopener noreferrer\" >\t\t\t<div class=\"\" >\n\t\t\t\t<img width=\"260\" height=\"270\" src=\"https:\/\/ctech-llc.com\/tr\/wp-content\/uploads\/2018\/12\/uwe.png\" class=\"attachment- size-\" alt=\"\" loading=\"lazy\" \/>\t\t\t\t\t\t\t\t\t\t\t<\/div>\n\t\t\t<\/a>\t\t<\/div><!-- box-image -->\n\n\t\t<div class=\"box-text text-center\" >\n\t\t\t<div class=\"box-text-inner\">\n\t\t\t\t\n<h4><a href=\"https:\/\/ctech-llc.com\/tr\/products\/resins-and-coatings\/underwater-epoxy\/\" target=\"_blank\" rel=\"noopener\">Sualt\u0131 Epoksi<\/a><\/h4>\n\t\t\t<\/div><!-- box-text-inner -->\n\t\t<\/div><!-- box-text -->\n\t<\/div><!-- .box  -->\n\t\n<\/div><\/div>\n<div class=\"col medium-3 small-6 large-3\"  ><div class=\"col-inner\" style=\"padding:10px 10px 10px 10px;\" >\n\t<div class=\"box has-hover has-hover box-text-bottom\" >\n\n\t\t<div class=\"box-image\" >\n\t\t\t<a href=\"https:\/\/ctech-llc.com\/tr\/products\/resins-and-coatings\/epoxy-adhesive\/\" target=\"_blank\" rel=\"noopener noreferrer\" >\t\t\t<div class=\"\" >\n\t\t\t\t<img width=\"260\" height=\"270\" src=\"https:\/\/ctech-llc.com\/tr\/wp-content\/uploads\/2018\/12\/2.jpg\" class=\"attachment- size-\" alt=\"\" loading=\"lazy\" \/>\t\t\t\t\t\t\t\t\t\t\t<\/div>\n\t\t\t<\/a>\t\t<\/div><!-- box-image -->\n\n\t\t<div class=\"box-text text-center\" >\n\t\t\t<div class=\"box-text-inner\">\n\t\t\t\t\n<h4><a href=\"https:\/\/ctech-llc.com\/tr\/products\/resins-and-coatings\/epoxy-adhesive\/\" target=\"_blank\" rel=\"noopener\">Epoksi Re\u00e7ine Yap\u0131\u015ft\u0131r\u0131c\u0131s\u0131<\/a><\/h4>\n\t\t\t<\/div><!-- box-text-inner -->\n\t\t<\/div><!-- box-text -->\n\t<\/div><!-- .box  -->\n\t\n<\/div><\/div>\n<\/div>\n\t\t<\/div><!-- .section-content -->\n\n\t\t\n<style scope=\"scope\">\n\n#section_201831444 {\n  padding-top: 30px;\n  padding-bottom: 30px;\n}\n<\/style>\n\t<\/section>\n\t\n<div style=\"display: none;\"\n    class=\"kk-star-ratings kksr-valign-bottom kksr-align-right kksr-disabled\"\n    data-id=\"3544\"\n    data-slug=\"\">\n    <div class=\"kksr-stars\">\n    <div class=\"kksr-stars-inactive\">\n            <div class=\"kksr-star\" data-star=\"1\">\n            <div class=\"kksr-icon\" style=\"width: px; height: px;\"><\/div>\n        <\/div>\n            <div class=\"kksr-star\" data-star=\"2\">\n            <div class=\"kksr-icon\" style=\"width: px; height: px;\"><\/div>\n        <\/div>\n            <div class=\"kksr-star\" data-star=\"3\">\n            <div class=\"kksr-icon\" style=\"width: px; height: px;\"><\/div>\n        <\/div>\n            <div class=\"kksr-star\" data-star=\"4\">\n            <div class=\"kksr-icon\" style=\"width: px; height: px;\"><\/div>\n        <\/div>\n            <div class=\"kksr-star\" data-star=\"5\">\n            <div class=\"kksr-icon\" style=\"width: px; height: px;\"><\/div>\n        <\/div>\n    <\/div>\n    <div class=\"kksr-stars-active\" style=\"width: 0px;\">\n            <div class=\"kksr-star\">\n            <div class=\"kksr-icon\" style=\"width: px; height: px;\"><\/div>\n        <\/div>\n            <div class=\"kksr-star\">\n            <div class=\"kksr-icon\" style=\"width: px; height: px;\"><\/div>\n        <\/div>\n            <div class=\"kksr-star\">\n            <div class=\"kksr-icon\" style=\"width: px; height: px;\"><\/div>\n        <\/div>\n            <div class=\"kksr-star\">\n            <div class=\"kksr-icon\" style=\"width: px; height: px;\"><\/div>\n        <\/div>\n            <div class=\"kksr-star\">\n            <div class=\"kksr-icon\" style=\"width: px; height: px;\"><\/div>\n        <\/div>\n    <\/div>\n<\/div>\n    <div class=\"kksr-legend\">\n            <strong class=\"kksr-score\">5<\/strong>\n        <span class=\"kksr-muted\">\/<\/span>\n        <strong>5<\/strong>\n        <span class=\"kksr-muted\">(<\/span>\n        <strong class=\"kksr-count\">3<\/strong>\n        <span class=\"kksr-muted\">\n            votes        <\/span>\n        <span class=\"kksr-muted\">)<\/span>\n    <\/div>\n<\/div>\n","protected":false},"excerpt":{"rendered":"<p>5 \/ 5 ( 3 votes )<\/p>\n","protected":false},"author":1,"featured_media":0,"parent":0,"menu_order":0,"comment_status":"closed","ping_status":"closed","template":"page-left-sidebar.php","meta":[],"_links":{"self":[{"href":"https:\/\/ctech-llc.com\/tr\/wp-json\/wp\/v2\/pages\/3544"}],"collection":[{"href":"https:\/\/ctech-llc.com\/tr\/wp-json\/wp\/v2\/pages"}],"about":[{"href":"https:\/\/ctech-llc.com\/tr\/wp-json\/wp\/v2\/types\/page"}],"author":[{"embeddable":true,"href":"https:\/\/ctech-llc.com\/tr\/wp-json\/wp\/v2\/users\/1"}],"replies":[{"embeddable":true,"href":"https:\/\/ctech-llc.com\/tr\/wp-json\/wp\/v2\/comments?post=3544"}],"version-history":[{"count":14,"href":"https:\/\/ctech-llc.com\/tr\/wp-json\/wp\/v2\/pages\/3544\/revisions"}],"predecessor-version":[{"id":3711,"href":"https:\/\/ctech-llc.com\/tr\/wp-json\/wp\/v2\/pages\/3544\/revisions\/3711"}],"wp:attachment":[{"href":"https:\/\/ctech-llc.com\/tr\/wp-json\/wp\/v2\/media?parent=3544"}],"curies":[{"name":"wp","href":"https:\/\/api.w.org\/{rel}","templated":true}]}}