{"id":3397,"date":"2018-12-17T14:45:07","date_gmt":"2018-12-17T11:15:07","guid":{"rendered":"https:\/\/ctech-llc.com\/tr\/?page_id=3397"},"modified":"2018-12-23T11:22:01","modified_gmt":"2018-12-23T07:52:01","slug":"ctech_llc-dunya-capinda","status":"publish","type":"page","link":"https:\/\/ctech-llc.com\/tr\/about-ctech\/ctech-worldwide\/","title":{"rendered":"CTech_LLC D\u00fcnya \u00c7ap\u0131nda"},"content":{"rendered":"<div id=\"metaslider-id-3380\" style=\"max-width: 1400px;\" class=\"ml-slider-3-19-1 metaslider metaslider-flex metaslider-3380 ml-slider\">\n    <div id=\"metaslider_container_3380\">\n        <div id=\"metaslider_3380\">\n            <ul aria-live=\"polite\" class=\"slides\">\n                <li style=\"display: block; width: 100%;\" class=\"slide-3384 ms-image\"><img src=\"https:\/\/ctech-llc.com\/tr\/wp-content\/uploads\/2018\/12\/1-840x180.jpg\" height=\"300\" width=\"1400\" alt=\"\" class=\"slider-3380 slide-3384\" title=\"1\" \/><\/li>\n                <li style=\"display: none; width: 100%;\" class=\"slide-3385 ms-image\"><img src=\"https:\/\/ctech-llc.com\/tr\/wp-content\/uploads\/2018\/12\/2-1-840x180.jpg\" height=\"300\" width=\"1400\" alt=\"\" class=\"slider-3380 slide-3385\" title=\"2\" \/><\/li>\n                <li style=\"display: none; width: 100%;\" class=\"slide-3386 ms-image\"><img src=\"https:\/\/ctech-llc.com\/tr\/wp-content\/uploads\/2018\/12\/3-840x180.jpg\" height=\"300\" width=\"1400\" alt=\"\" class=\"slider-3380 slide-3386\" title=\"3\" \/><\/li>\n            <\/ul>\n        <\/div>\n        \n    <\/div>\n<\/div>\n<h1>CTech_LLC D\u00fcnya \u00c7ap\u0131nda<\/h1>\n<p>M\u00fc\u015fterilerimizin i\u015f yapma \u015feklini de\u011fi\u015ftiren geni\u015f a\u011f da\u011f\u0131t\u0131m sistemi sa\u011flad\u0131k. Ayr\u0131ca, m\u00fc\u015fterinin talep etti\u011fi \u00fcr\u00fcn\u00fc d\u00fcnyan\u0131n uzak k\u00f6\u015felerinden teslim etmeyi de kolayla\u015ft\u0131r\u0131r. En yak\u0131n distrib\u00fct\u00f6r\u00fcm\u00fcz hakk\u0131nda bilgi almak i\u00e7in bulundu\u011funuz yeri belirlemelisiniz.<\/p>\n<div style=\"display: none;\"\n    class=\"kk-star-ratings kksr-valign-bottom kksr-align-right kksr-disabled\"\n    data-id=\"3397\"\n    data-slug=\"\">\n    <div class=\"kksr-stars\">\n    <div class=\"kksr-stars-inactive\">\n            <div class=\"kksr-star\" data-star=\"1\">\n            <div class=\"kksr-icon\" style=\"width: px; height: px;\"><\/div>\n        <\/div>\n            <div class=\"kksr-star\" data-star=\"2\">\n            <div class=\"kksr-icon\" style=\"width: px; height: px;\"><\/div>\n        <\/div>\n            <div class=\"kksr-star\" data-star=\"3\">\n            <div class=\"kksr-icon\" style=\"width: px; height: px;\"><\/div>\n        <\/div>\n            <div class=\"kksr-star\" data-star=\"4\">\n            <div class=\"kksr-icon\" style=\"width: px; height: px;\"><\/div>\n        <\/div>\n            <div class=\"kksr-star\" data-star=\"5\">\n            <div class=\"kksr-icon\" style=\"width: px; height: px;\"><\/div>\n        <\/div>\n    <\/div>\n    <div class=\"kksr-stars-active\" style=\"width: 0px;\">\n            <div class=\"kksr-star\">\n            <div class=\"kksr-icon\" style=\"width: px; height: px;\"><\/div>\n        <\/div>\n            <div class=\"kksr-star\">\n            <div class=\"kksr-icon\" style=\"width: px; height: px;\"><\/div>\n        <\/div>\n            <div class=\"kksr-star\">\n            <div class=\"kksr-icon\" style=\"width: px; height: px;\"><\/div>\n        <\/div>\n            <div class=\"kksr-star\">\n            <div class=\"kksr-icon\" style=\"width: px; height: px;\"><\/div>\n        <\/div>\n            <div class=\"kksr-star\">\n            <div class=\"kksr-icon\" style=\"width: px; height: px;\"><\/div>\n        <\/div>\n    <\/div>\n<\/div>\n    <div class=\"kksr-legend\">\n            <span class=\"kksr-muted\"><\/span>\n    <\/div>\n<\/div>\n","protected":false},"excerpt":{"rendered":"<p>CTech_LLC D\u00fcnya \u00c7ap\u0131nda M\u00fc\u015fterilerimizin i\u015f yapma \u015feklini de\u011fi\u015ftiren geni\u015f a\u011f da\u011f\u0131t\u0131m sistemi sa\u011flad\u0131k. Ayr\u0131ca, m\u00fc\u015fterinin talep etti\u011fi \u00fcr\u00fcn\u00fc d\u00fcnyan\u0131n uzak k\u00f6\u015felerinden teslim etmeyi de kolayla\u015ft\u0131r\u0131r. En yak\u0131n distrib\u00fct\u00f6r\u00fcm\u00fcz hakk\u0131nda bilgi almak i\u00e7in bulundu\u011funuz yeri belirlemelisiniz.<\/p>\n","protected":false},"author":1,"featured_media":0,"parent":3376,"menu_order":0,"comment_status":"closed","ping_status":"closed","template":"page-left-sidebar.php","meta":[],"_links":{"self":[{"href":"https:\/\/ctech-llc.com\/tr\/wp-json\/wp\/v2\/pages\/3397"}],"collection":[{"href":"https:\/\/ctech-llc.com\/tr\/wp-json\/wp\/v2\/pages"}],"about":[{"href":"https:\/\/ctech-llc.com\/tr\/wp-json\/wp\/v2\/types\/page"}],"author":[{"embeddable":true,"href":"https:\/\/ctech-llc.com\/tr\/wp-json\/wp\/v2\/users\/1"}],"replies":[{"embeddable":true,"href":"https:\/\/ctech-llc.com\/tr\/wp-json\/wp\/v2\/comments?post=3397"}],"version-history":[{"count":5,"href":"https:\/\/ctech-llc.com\/tr\/wp-json\/wp\/v2\/pages\/3397\/revisions"}],"predecessor-version":[{"id":3622,"href":"https:\/\/ctech-llc.com\/tr\/wp-json\/wp\/v2\/pages\/3397\/revisions\/3622"}],"up":[{"embeddable":true,"href":"https:\/\/ctech-llc.com\/tr\/wp-json\/wp\/v2\/pages\/3376"}],"wp:attachment":[{"href":"https:\/\/ctech-llc.com\/tr\/wp-json\/wp\/v2\/media?parent=3397"}],"curies":[{"name":"wp","href":"https:\/\/api.w.org\/{rel}","templated":true}]}}