{"id":3371,"date":"2018-12-17T13:00:30","date_gmt":"2018-12-17T09:30:30","guid":{"rendered":"https:\/\/ctech-llc.com\/tr\/?page_id=3371"},"modified":"2018-12-23T11:24:51","modified_gmt":"2018-12-23T07:54:51","slug":"sirket-bilgisi","status":"publish","type":"page","link":"https:\/\/ctech-llc.com\/tr\/about-ctech\/company-information\/","title":{"rendered":"\u015eirket Bilgisi"},"content":{"rendered":"<div id=\"metaslider-id-3380\" style=\"max-width: 1400px;\" class=\"ml-slider-3-19-1 metaslider metaslider-flex metaslider-3380 ml-slider\">\n    <div id=\"metaslider_container_3380\">\n        <div id=\"metaslider_3380\">\n            <ul aria-live=\"polite\" class=\"slides\">\n                <li style=\"display: block; width: 100%;\" class=\"slide-3384 ms-image\"><img src=\"https:\/\/ctech-llc.com\/tr\/wp-content\/uploads\/2018\/12\/1-840x180.jpg\" height=\"300\" width=\"1400\" alt=\"\" class=\"slider-3380 slide-3384\" title=\"1\" \/><\/li>\n                <li style=\"display: none; width: 100%;\" class=\"slide-3385 ms-image\"><img src=\"https:\/\/ctech-llc.com\/tr\/wp-content\/uploads\/2018\/12\/2-1-840x180.jpg\" height=\"300\" width=\"1400\" alt=\"\" class=\"slider-3380 slide-3385\" title=\"2\" \/><\/li>\n                <li style=\"display: none; width: 100%;\" class=\"slide-3386 ms-image\"><img src=\"https:\/\/ctech-llc.com\/tr\/wp-content\/uploads\/2018\/12\/3-840x180.jpg\" height=\"300\" width=\"1400\" alt=\"\" class=\"slider-3380 slide-3386\" title=\"3\" \/><\/li>\n            <\/ul>\n        <\/div>\n        \n    <\/div>\n<\/div>\n<h1>\u015eirket Bilgisi<\/h1>\n<p>CTech-LLC<sup>\u00ae<\/sup>, sitesin&#8217;in kimyasal ve kompozit malzemelerinin tedarik\u00e7isi olarak hareket eder ve d\u00fcnyan\u0131n her yerindeki t\u00fcm m\u00fc\u015fterilerin isteklerini kar\u015f\u0131lamaya \u00e7al\u0131\u015f\u0131r. Bu ama\u00e7la, m\u00fc\u015fterilerimizin i\u015f yapma \u015feklini de\u011fi\u015ftiren geni\u015f a\u011f da\u011f\u0131t\u0131m sistemi sa\u011flad\u0131k.<\/p>\n<p>CTech-LLC<sup>\u00ae<\/sup> ticari, end\u00fcstriyel, konut, ula\u015f\u0131m vb. Yap\u0131lar\u0131n g\u00fc\u00e7lendirilmesi i\u00e7in laminatlar ve karbon, cam ve aramid ve \u00e7e\u015fitli epoksi re\u00e7ineler gibi \u00e7ok \u00e7e\u015fitli kompozit malzemeler geli\u015ftirir ve pazarlar.<\/p>\n<p>CTech-LLC<sup>\u00ae<\/sup>, m\u00fc\u015fterilerimize geni\u015f bir pazar yelpazesinde katma de\u011ferli \u00e7\u00f6z\u00fcmler sunmak i\u00e7in \u00fcr\u00fcnleri m\u00fchendislik destek hizmetleriyle birle\u015ftirir. M\u00fc\u015fterilerimizin u\u011fra\u015ft\u0131\u011f\u0131 problemleri \u00e7\u00f6zme misyonumuza kararl\u0131l\u0131kla ba\u011fl\u0131y\u0131z.<\/p>\n<p>CTech-LLC<sup>\u00ae<\/sup> kompozit \u00fcr\u00fcnleri, m\u00fc\u015fteriyi ve i\u015fveren kalite gereksinimlerini kar\u015f\u0131lamak i\u00e7in t\u00fcm uygun h\u00fck\u00fcmlere uygundur. CTech-LLC<sup>\u00ae<\/sup> kompozit malzemeler, m\u00fc\u015fterilerimize sunduklar\u0131 sekt\u00f6rlere yenilik\u00e7i \u00e7\u00f6z\u00fcmler sunma imkan\u0131 veren, farkl\u0131 ama\u00e7lar i\u00e7in y\u00fcksek performans ve uygun maliyetli \u00fcretimlerden olu\u015fan benzersiz bir niteliktedir.<\/p>\n<p>G\u00fcn\u00fcm\u00fcz\u00fcn rekabet\u00e7i d\u00fcnyas\u0131nda, CTech-LLC<sup>\u00ae<\/sup> m\u00fc\u015fterileri i\u00e7in yenilik\u00e7i kompozit materyallere kolayca eri\u015fmelerini sa\u011flayan \u00f6nemli bir i\u015flev \u00fcstlenmektedir. \u00dcretim iste\u011fini g\u00f6ndermesi gerekiyor, en yak\u0131n CTech-LLC<sup>\u00ae<\/sup> da\u011f\u0131t\u0131c\u0131 taraf\u0131ndan hi\u00e7 vakit kaybetmeden \u00e7a\u011fr\u0131l\u0131yor.<\/p>\n<div style=\"display: none;\"\n    class=\"kk-star-ratings kksr-valign-bottom kksr-align-right kksr-disabled\"\n    data-id=\"3371\"\n    data-slug=\"\">\n    <div class=\"kksr-stars\">\n    <div class=\"kksr-stars-inactive\">\n            <div class=\"kksr-star\" data-star=\"1\">\n            <div class=\"kksr-icon\" style=\"width: px; height: px;\"><\/div>\n        <\/div>\n            <div class=\"kksr-star\" data-star=\"2\">\n            <div class=\"kksr-icon\" style=\"width: px; height: px;\"><\/div>\n        <\/div>\n            <div class=\"kksr-star\" data-star=\"3\">\n            <div class=\"kksr-icon\" style=\"width: px; height: px;\"><\/div>\n        <\/div>\n            <div class=\"kksr-star\" data-star=\"4\">\n            <div class=\"kksr-icon\" style=\"width: px; height: px;\"><\/div>\n        <\/div>\n            <div class=\"kksr-star\" data-star=\"5\">\n            <div class=\"kksr-icon\" style=\"width: px; height: px;\"><\/div>\n        <\/div>\n    <\/div>\n    <div class=\"kksr-stars-active\" style=\"width: 0px;\">\n            <div class=\"kksr-star\">\n            <div class=\"kksr-icon\" style=\"width: px; height: px;\"><\/div>\n        <\/div>\n            <div class=\"kksr-star\">\n            <div class=\"kksr-icon\" style=\"width: px; height: px;\"><\/div>\n        <\/div>\n            <div class=\"kksr-star\">\n            <div class=\"kksr-icon\" style=\"width: px; height: px;\"><\/div>\n        <\/div>\n            <div class=\"kksr-star\">\n            <div class=\"kksr-icon\" style=\"width: px; height: px;\"><\/div>\n        <\/div>\n            <div class=\"kksr-star\">\n            <div class=\"kksr-icon\" style=\"width: px; height: px;\"><\/div>\n        <\/div>\n    <\/div>\n<\/div>\n    <div class=\"kksr-legend\">\n            <strong class=\"kksr-score\">4.7<\/strong>\n        <span class=\"kksr-muted\">\/<\/span>\n        <strong>5<\/strong>\n        <span class=\"kksr-muted\">(<\/span>\n        <strong class=\"kksr-count\">3<\/strong>\n        <span class=\"kksr-muted\">\n            votes        <\/span>\n        <span class=\"kksr-muted\">)<\/span>\n    <\/div>\n<\/div>\n","protected":false},"excerpt":{"rendered":"<p>\u015eirket Bilgisi CTech-LLC\u00ae, sitesin&#8217;in kimyasal ve kompozit malzemelerinin tedarik\u00e7isi olarak hareket eder ve d\u00fcnyan\u0131n her yerindeki t\u00fcm m\u00fc\u015fterilerin isteklerini kar\u015f\u0131lamaya \u00e7al\u0131\u015f\u0131r. Bu ama\u00e7la, m\u00fc\u015fterilerimizin i\u015f yapma \u015feklini de\u011fi\u015ftiren geni\u015f a\u011f da\u011f\u0131t\u0131m sistemi sa\u011flad\u0131k. CTech-LLC\u00ae ticari, end\u00fcstriyel, konut, ula\u015f\u0131m vb. Yap\u0131lar\u0131n g\u00fc\u00e7lendirilmesi i\u00e7in laminatlar ve karbon, cam ve aramid ve \u00e7e\u015fitli epoksi re\u00e7ineler gibi \u00e7ok \u00e7e\u015fitli [&#8230;]\n","protected":false},"author":2,"featured_media":0,"parent":3376,"menu_order":0,"comment_status":"closed","ping_status":"closed","template":"page-left-sidebar.php","meta":[],"_links":{"self":[{"href":"https:\/\/ctech-llc.com\/tr\/wp-json\/wp\/v2\/pages\/3371"}],"collection":[{"href":"https:\/\/ctech-llc.com\/tr\/wp-json\/wp\/v2\/pages"}],"about":[{"href":"https:\/\/ctech-llc.com\/tr\/wp-json\/wp\/v2\/types\/page"}],"author":[{"embeddable":true,"href":"https:\/\/ctech-llc.com\/tr\/wp-json\/wp\/v2\/users\/2"}],"replies":[{"embeddable":true,"href":"https:\/\/ctech-llc.com\/tr\/wp-json\/wp\/v2\/comments?post=3371"}],"version-history":[{"count":14,"href":"https:\/\/ctech-llc.com\/tr\/wp-json\/wp\/v2\/pages\/3371\/revisions"}],"predecessor-version":[{"id":3629,"href":"https:\/\/ctech-llc.com\/tr\/wp-json\/wp\/v2\/pages\/3371\/revisions\/3629"}],"up":[{"embeddable":true,"href":"https:\/\/ctech-llc.com\/tr\/wp-json\/wp\/v2\/pages\/3376"}],"wp:attachment":[{"href":"https:\/\/ctech-llc.com\/tr\/wp-json\/wp\/v2\/media?parent=3371"}],"curies":[{"name":"wp","href":"https:\/\/api.w.org\/{rel}","templated":true}]}}