{"id":3282,"date":"2018-12-15T15:43:37","date_gmt":"2018-12-15T12:13:37","guid":{"rendered":"https:\/\/ctech-llc.com\/tr\/?page_id=3282"},"modified":"2019-01-02T09:52:50","modified_gmt":"2019-01-02T06:22:50","slug":"uygulama","status":"publish","type":"page","link":"https:\/\/ctech-llc.com\/tr\/applications","title":{"rendered":"uygulama"},"content":{"rendered":"<div class=\"row\"  id=\"row-131074389\">\n<div class=\"col medium-3 small-6 large-3\"  ><div class=\"col-inner box-shadow-3\" style=\"padding:0px 10px 0px 10px;\" >\n\n  \n    <div class=\"row large-columns-1 medium-columns-1 small-columns-1 has-shadow row-box-shadow-2\">\n  \t\t<div class=\"col post-item\" >\n\t\t\t<div class=\"col-inner\">\n\t\t\t<a href=\"https:\/\/ctech-llc.com\/tr\/applications\/building-retrofitting-and-strengthening\/\" class=\"plain\">\n\t\t\t\t<div class=\"box box-normal box-text-bottom box-blog-post has-hover\">\n            \t\t\t\t\t<div class=\"box-image\" >\n  \t\t\t\t\t\t<div class=\"image-cover\" style=\"padding-top:65%;\">\n  \t\t\t\t\t\t\t<img width=\"640\" height=\"427\" src=\"https:\/\/ctech-llc.com\/tr\/wp-content\/uploads\/2018\/12\/Ctech-building-Retrofitting-rehabilitation-1280x853-640x427.jpg\" class=\"attachment-medium size-medium wp-post-image\" alt=\"\" loading=\"lazy\" srcset=\"https:\/\/ctech-llc.com\/tr\/wp-content\/uploads\/2018\/12\/Ctech-building-Retrofitting-rehabilitation-1280x853-640x427.jpg 640w, https:\/\/ctech-llc.com\/tr\/wp-content\/uploads\/2018\/12\/Ctech-building-Retrofitting-rehabilitation-1280x853-270x180.jpg 270w, https:\/\/ctech-llc.com\/tr\/wp-content\/uploads\/2018\/12\/Ctech-building-Retrofitting-rehabilitation-1280x853-1024x682.jpg 1024w, https:\/\/ctech-llc.com\/tr\/wp-content\/uploads\/2018\/12\/Ctech-building-Retrofitting-rehabilitation-1280x853.jpg 1280w, https:\/\/ctech-llc.com\/tr\/wp-content\/uploads\/2018\/12\/Ctech-building-Retrofitting-rehabilitation-1280x853-320x213.jpg 320w\" sizes=\"(max-width: 640px) 100vw, 640px\" \/>  \t\t\t\t\t\t\t  \t\t\t\t\t\t\t  \t\t\t\t\t\t<\/div>\n  \t\t\t\t\t\t  \t\t\t\t\t<\/div><!-- .box-image -->\n          \t\t\t\t\t<div class=\"box-text text-center\" >\n\t\t\t\t\t<div class=\"box-text-inner blog-post-inner\">\n\n\t\t\t\t\t\n\t\t\t\t\t\t\t\t\t\t<h5 class=\"post-title is-large \">Bina G\u00fc\u00e7lendirme<\/h5>\n\t\t\t\t\t\t\t\t\t\t<div class=\"is-divider\"><\/div>\n\t\t\t\t\t                    \n\t\t\t\t\t\n\t\t\t\t\t\n\t\t\t\t\t<\/div><!-- .box-text-inner -->\n\t\t\t\t\t<\/div><!-- .box-text -->\n\t\t\t\t\t\t\t\t\t\t\t\t\t\t\t\t<div class=\"badge absolute top post-date badge-outline\">\n\t\t\t\t\t\t\t<div class=\"badge-inner\">\n\t\t\t\t\t\t\t\t<span class=\"post-date-day\">18<\/span><br>\n\t\t\t\t\t\t\t\t<span class=\"post-date-month is-xsmall\">Ara<\/span>\n\t\t\t\t\t\t\t<\/div>\n\t\t\t\t\t\t<\/div>\n\t\t\t\t\t\t\t\t\t<\/div><!-- .box -->\n\t\t\t\t<\/a><!-- .link -->\n\t\t\t<\/div><!-- .col-inner -->\n\t\t<\/div><!-- .col -->\n<\/div>\n<\/div><\/div>\n<div class=\"col medium-3 small-6 large-3\"  ><div class=\"col-inner box-shadow-3\" style=\"padding:0px 10px 0px 10px;\" >\n\n  \n    <div class=\"row large-columns-1 medium-columns-1 small-columns-1 has-shadow row-box-shadow-2\">\n  \t\t<div class=\"col post-item\" >\n\t\t\t<div class=\"col-inner\">\n\t\t\t<a href=\"https:\/\/ctech-llc.com\/tr\/applications\/retrofitting-of-industrial-and-agricultural-structures\/\" class=\"plain\">\n\t\t\t\t<div class=\"box box-normal box-text-bottom box-blog-post has-hover\">\n            \t\t\t\t\t<div class=\"box-image\" >\n  \t\t\t\t\t\t<div class=\"image-cover\" style=\"padding-top:65%;\">\n  \t\t\t\t\t\t\t<img width=\"640\" height=\"480\" src=\"https:\/\/ctech-llc.com\/tr\/wp-content\/uploads\/2018\/12\/Ctech-industry-1-640x480.jpg\" class=\"attachment-medium size-medium wp-post-image\" alt=\"\" loading=\"lazy\" srcset=\"https:\/\/ctech-llc.com\/tr\/wp-content\/uploads\/2018\/12\/Ctech-industry-1-640x480.jpg 640w, https:\/\/ctech-llc.com\/tr\/wp-content\/uploads\/2018\/12\/Ctech-industry-1-270x202.jpg 270w, https:\/\/ctech-llc.com\/tr\/wp-content\/uploads\/2018\/12\/Ctech-industry-1-320x240.jpg 320w, https:\/\/ctech-llc.com\/tr\/wp-content\/uploads\/2018\/12\/Ctech-industry-1.jpg 831w\" sizes=\"(max-width: 640px) 100vw, 640px\" \/>  \t\t\t\t\t\t\t  \t\t\t\t\t\t\t  \t\t\t\t\t\t<\/div>\n  \t\t\t\t\t\t  \t\t\t\t\t<\/div><!-- .box-image -->\n          \t\t\t\t\t<div class=\"box-text text-center\" >\n\t\t\t\t\t<div class=\"box-text-inner blog-post-inner\">\n\n\t\t\t\t\t\n\t\t\t\t\t\t\t\t\t\t<h5 class=\"post-title is-large \">End\u00fcstriyel ve tar\u0131msal yap\u0131lar\u0131n g\u00fc\u00e7lendirilmesi<\/h5>\n\t\t\t\t\t\t\t\t\t\t<div class=\"is-divider\"><\/div>\n\t\t\t\t\t                    \n\t\t\t\t\t\n\t\t\t\t\t\n\t\t\t\t\t<\/div><!-- .box-text-inner -->\n\t\t\t\t\t<\/div><!-- .box-text -->\n\t\t\t\t\t\t\t\t\t\t\t\t\t\t\t\t<div class=\"badge absolute top post-date badge-outline\">\n\t\t\t\t\t\t\t<div class=\"badge-inner\">\n\t\t\t\t\t\t\t\t<span class=\"post-date-day\">15<\/span><br>\n\t\t\t\t\t\t\t\t<span class=\"post-date-month is-xsmall\">Ara<\/span>\n\t\t\t\t\t\t\t<\/div>\n\t\t\t\t\t\t<\/div>\n\t\t\t\t\t\t\t\t\t<\/div><!-- .box -->\n\t\t\t\t<\/a><!-- .link -->\n\t\t\t<\/div><!-- .col-inner -->\n\t\t<\/div><!-- .col -->\n<\/div>\n<\/div><\/div>\n<div class=\"col medium-3 small-6 large-3\"  ><div class=\"col-inner box-shadow-3\" style=\"padding:0px 10px 0px 10px;\" >\n\n  \n    <div class=\"row large-columns-1 medium-columns-1 small-columns-1 has-shadow row-box-shadow-2\">\n  \t\t<div class=\"col post-item\" >\n\t\t\t<div class=\"col-inner\">\n\t\t\t<a href=\"https:\/\/ctech-llc.com\/tr\/applications\/retrofitting-of-oil-gas-and-petroleum\" class=\"plain\">\n\t\t\t\t<div class=\"box box-normal box-text-bottom box-blog-post has-hover\">\n            \t\t\t\t\t<div class=\"box-image\" >\n  \t\t\t\t\t\t<div class=\"image-cover\" style=\"padding-top:65%;\">\n  \t\t\t\t\t\t\t<img width=\"640\" height=\"462\" src=\"https:\/\/ctech-llc.com\/tr\/wp-content\/uploads\/2018\/12\/Ctech-Oil-gas-and-petrochemical-640x462.jpg\" class=\"attachment-medium size-medium wp-post-image\" alt=\"\" loading=\"lazy\" srcset=\"https:\/\/ctech-llc.com\/tr\/wp-content\/uploads\/2018\/12\/Ctech-Oil-gas-and-petrochemical-640x462.jpg 640w, https:\/\/ctech-llc.com\/tr\/wp-content\/uploads\/2018\/12\/Ctech-Oil-gas-and-petrochemical-270x195.jpg 270w, https:\/\/ctech-llc.com\/tr\/wp-content\/uploads\/2018\/12\/Ctech-Oil-gas-and-petrochemical-1024x739.jpg 1024w, https:\/\/ctech-llc.com\/tr\/wp-content\/uploads\/2018\/12\/Ctech-Oil-gas-and-petrochemical-1280x924.jpg 1280w, https:\/\/ctech-llc.com\/tr\/wp-content\/uploads\/2018\/12\/Ctech-Oil-gas-and-petrochemical-320x231.jpg 320w\" sizes=\"(max-width: 640px) 100vw, 640px\" \/>  \t\t\t\t\t\t\t  \t\t\t\t\t\t\t  \t\t\t\t\t\t<\/div>\n  \t\t\t\t\t\t  \t\t\t\t\t<\/div><!-- .box-image -->\n          \t\t\t\t\t<div class=\"box-text text-center\" >\n\t\t\t\t\t<div class=\"box-text-inner blog-post-inner\">\n\n\t\t\t\t\t\n\t\t\t\t\t\t\t\t\t\t<h5 class=\"post-title is-large \">Gaz ve Petrol Yap\u0131lar\u0131n\u0131n G\u00fc\u00e7lendirilmesi<\/h5>\n\t\t\t\t\t\t\t\t\t\t<div class=\"is-divider\"><\/div>\n\t\t\t\t\t                    \n\t\t\t\t\t\n\t\t\t\t\t\n\t\t\t\t\t<\/div><!-- .box-text-inner -->\n\t\t\t\t\t<\/div><!-- .box-text -->\n\t\t\t\t\t\t\t\t\t\t\t\t\t\t\t\t<div class=\"badge absolute top post-date badge-outline\">\n\t\t\t\t\t\t\t<div class=\"badge-inner\">\n\t\t\t\t\t\t\t\t<span class=\"post-date-day\">15<\/span><br>\n\t\t\t\t\t\t\t\t<span class=\"post-date-month is-xsmall\">Ara<\/span>\n\t\t\t\t\t\t\t<\/div>\n\t\t\t\t\t\t<\/div>\n\t\t\t\t\t\t\t\t\t<\/div><!-- .box -->\n\t\t\t\t<\/a><!-- .link -->\n\t\t\t<\/div><!-- .col-inner -->\n\t\t<\/div><!-- .col -->\n<\/div>\n<\/div><\/div>\n<div class=\"col medium-3 small-6 large-3\"  ><div class=\"col-inner box-shadow-3\" style=\"padding:0px 10px 0px 10px;\" >\n\n  \n    <div class=\"row large-columns-1 medium-columns-1 small-columns-1 has-shadow row-box-shadow-2\">\n  \t\t<div class=\"col post-item\" >\n\t\t\t<div class=\"col-inner\">\n\t\t\t<a href=\"https:\/\/ctech-llc.com\/tr\/applications\/retrofitting-of-transportation-structures\/\" class=\"plain\">\n\t\t\t\t<div class=\"box box-normal box-text-bottom box-blog-post has-hover\">\n            \t\t\t\t\t<div class=\"box-image\" >\n  \t\t\t\t\t\t<div class=\"image-cover\" style=\"padding-top:65%;\">\n  \t\t\t\t\t\t\t<img width=\"640\" height=\"481\" src=\"https:\/\/ctech-llc.com\/tr\/wp-content\/uploads\/2018\/12\/Ctech-bridge-retrofit-carbon-wrap-640x481.jpg\" class=\"attachment-medium size-medium wp-post-image\" alt=\"\" loading=\"lazy\" srcset=\"https:\/\/ctech-llc.com\/tr\/wp-content\/uploads\/2018\/12\/Ctech-bridge-retrofit-carbon-wrap-640x480.jpg 640w, https:\/\/ctech-llc.com\/tr\/wp-content\/uploads\/2018\/12\/Ctech-bridge-retrofit-carbon-wrap-270x203.jpg 270w, https:\/\/ctech-llc.com\/tr\/wp-content\/uploads\/2018\/12\/Ctech-bridge-retrofit-carbon-wrap-320x240.jpg 320w, https:\/\/ctech-llc.com\/tr\/wp-content\/uploads\/2018\/12\/Ctech-bridge-retrofit-carbon-wrap.jpg 835w\" sizes=\"(max-width: 640px) 100vw, 640px\" \/>  \t\t\t\t\t\t\t  \t\t\t\t\t\t\t  \t\t\t\t\t\t<\/div>\n  \t\t\t\t\t\t  \t\t\t\t\t<\/div><!-- .box-image -->\n          \t\t\t\t\t<div class=\"box-text text-center\" >\n\t\t\t\t\t<div class=\"box-text-inner blog-post-inner\">\n\n\t\t\t\t\t\n\t\t\t\t\t\t\t\t\t\t<h5 class=\"post-title is-large \">Ula\u015ft\u0131rma Yap\u0131lar\u0131n\u0131n G\u00fc\u00e7lendirilmesi<\/h5>\n\t\t\t\t\t\t\t\t\t\t<div class=\"is-divider\"><\/div>\n\t\t\t\t\t                    \n\t\t\t\t\t\n\t\t\t\t\t\n\t\t\t\t\t<\/div><!-- .box-text-inner -->\n\t\t\t\t\t<\/div><!-- .box-text -->\n\t\t\t\t\t\t\t\t\t\t\t\t\t\t\t\t<div class=\"badge absolute top post-date badge-outline\">\n\t\t\t\t\t\t\t<div class=\"badge-inner\">\n\t\t\t\t\t\t\t\t<span class=\"post-date-day\">15<\/span><br>\n\t\t\t\t\t\t\t\t<span class=\"post-date-month is-xsmall\">Ara<\/span>\n\t\t\t\t\t\t\t<\/div>\n\t\t\t\t\t\t<\/div>\n\t\t\t\t\t\t\t\t\t<\/div><!-- .box -->\n\t\t\t\t<\/a><!-- .link -->\n\t\t\t<\/div><!-- .col-inner -->\n\t\t<\/div><!-- .col -->\n<\/div>\n<\/div><\/div>\n<\/div>\n<div class=\"gap-element\" style=\"display:block; height:auto; padding-top:33px\" class=\"clearfix\"><\/div>\n<div class=\"row\"  id=\"row-61863616\">\n<div class=\"col medium-3 small-6 large-3\"  ><div class=\"col-inner box-shadow-3\" style=\"padding:0px 10px 0px 10px;\" >\n\n  \n    <div class=\"row large-columns-1 medium-columns-1 small-columns-1 has-shadow row-box-shadow-2\">\n  \t\t<div class=\"col post-item\" >\n\t\t\t<div class=\"col-inner\">\n\t\t\t<a href=\"https:\/\/ctech-llc.com\/tr\/applications\/explosion-reduction-force-protection\/\" class=\"plain\">\n\t\t\t\t<div class=\"box box-normal box-text-bottom box-blog-post has-hover\">\n            \t\t\t\t\t<div class=\"box-image\" >\n  \t\t\t\t\t\t<div class=\"image-cover\" style=\"padding-top:65%;\">\n  \t\t\t\t\t\t\t<img width=\"640\" height=\"320\" src=\"https:\/\/ctech-llc.com\/tr\/wp-content\/uploads\/2018\/12\/default-640x320.jpg\" class=\"attachment-medium size-medium wp-post-image\" alt=\"\" loading=\"lazy\" srcset=\"https:\/\/ctech-llc.com\/tr\/wp-content\/uploads\/2018\/12\/default-640x320.jpg 640w, https:\/\/ctech-llc.com\/tr\/wp-content\/uploads\/2018\/12\/default-270x135.jpg 270w, https:\/\/ctech-llc.com\/tr\/wp-content\/uploads\/2018\/12\/default.jpg 900w\" sizes=\"(max-width: 640px) 100vw, 640px\" \/>  \t\t\t\t\t\t\t  \t\t\t\t\t\t\t  \t\t\t\t\t\t<\/div>\n  \t\t\t\t\t\t  \t\t\t\t\t<\/div><!-- .box-image -->\n          \t\t\t\t\t<div class=\"box-text text-center\" >\n\t\t\t\t\t<div class=\"box-text-inner blog-post-inner\">\n\n\t\t\t\t\t\n\t\t\t\t\t\t\t\t\t\t<h5 class=\"post-title is-large \">Patlama Azaltma ve Kuvvet Korumas\u0131<\/h5>\n\t\t\t\t\t\t\t\t\t\t<div class=\"is-divider\"><\/div>\n\t\t\t\t\t                    \n\t\t\t\t\t\n\t\t\t\t\t\n\t\t\t\t\t<\/div><!-- .box-text-inner -->\n\t\t\t\t\t<\/div><!-- .box-text -->\n\t\t\t\t\t\t\t\t\t\t\t\t\t\t\t\t<div class=\"badge absolute top post-date badge-outline\">\n\t\t\t\t\t\t\t<div class=\"badge-inner\">\n\t\t\t\t\t\t\t\t<span class=\"post-date-day\">18<\/span><br>\n\t\t\t\t\t\t\t\t<span class=\"post-date-month is-xsmall\">Ara<\/span>\n\t\t\t\t\t\t\t<\/div>\n\t\t\t\t\t\t<\/div>\n\t\t\t\t\t\t\t\t\t<\/div><!-- .box -->\n\t\t\t\t<\/a><!-- .link -->\n\t\t\t<\/div><!-- .col-inner -->\n\t\t<\/div><!-- .col -->\n<\/div>\n<\/div><\/div>\n<div class=\"col medium-3 small-6 large-3\"  ><div class=\"col-inner box-shadow-3\" style=\"padding:0px 10px 0px 10px;\" >\n\n  \n    <div class=\"row large-columns-1 medium-columns-1 small-columns-1 has-shadow row-box-shadow-2\">\n  \t\t<div class=\"col post-item\" >\n\t\t\t<div class=\"col-inner\">\n\t\t\t<a href=\"https:\/\/ctech-llc.com\/tr\/applications\/marine-structures\/\" class=\"plain\">\n\t\t\t\t<div class=\"box box-normal box-text-bottom box-blog-post has-hover\">\n            \t\t\t\t\t<div class=\"box-image\" >\n  \t\t\t\t\t\t<div class=\"image-cover\" style=\"padding-top:65%;\">\n  \t\t\t\t\t\t\t<img width=\"640\" height=\"427\" src=\"https:\/\/ctech-llc.com\/tr\/wp-content\/uploads\/2018\/12\/ctech-marine-structures-frp-composite-retrofit-1280x853-640x427.jpg\" class=\"attachment-medium size-medium wp-post-image\" alt=\"\" loading=\"lazy\" srcset=\"https:\/\/ctech-llc.com\/tr\/wp-content\/uploads\/2018\/12\/ctech-marine-structures-frp-composite-retrofit-1280x853-640x427.jpg 640w, https:\/\/ctech-llc.com\/tr\/wp-content\/uploads\/2018\/12\/ctech-marine-structures-frp-composite-retrofit-1280x853-270x180.jpg 270w, https:\/\/ctech-llc.com\/tr\/wp-content\/uploads\/2018\/12\/ctech-marine-structures-frp-composite-retrofit-1280x853-1024x682.jpg 1024w, https:\/\/ctech-llc.com\/tr\/wp-content\/uploads\/2018\/12\/ctech-marine-structures-frp-composite-retrofit-1280x853.jpg 1280w, https:\/\/ctech-llc.com\/tr\/wp-content\/uploads\/2018\/12\/ctech-marine-structures-frp-composite-retrofit-1280x853-320x213.jpg 320w\" sizes=\"(max-width: 640px) 100vw, 640px\" \/>  \t\t\t\t\t\t\t  \t\t\t\t\t\t\t  \t\t\t\t\t\t<\/div>\n  \t\t\t\t\t\t  \t\t\t\t\t<\/div><!-- .box-image -->\n          \t\t\t\t\t<div class=\"box-text text-center\" >\n\t\t\t\t\t<div class=\"box-text-inner blog-post-inner\">\n\n\t\t\t\t\t\n\t\t\t\t\t\t\t\t\t\t<h5 class=\"post-title is-large \">Deniz Yap\u0131lar\u0131n\u0131n G\u00fc\u00e7lendirilmesi<\/h5>\n\t\t\t\t\t\t\t\t\t\t<div class=\"is-divider\"><\/div>\n\t\t\t\t\t                    \n\t\t\t\t\t\n\t\t\t\t\t\n\t\t\t\t\t<\/div><!-- .box-text-inner -->\n\t\t\t\t\t<\/div><!-- .box-text -->\n\t\t\t\t\t\t\t\t\t\t\t\t\t\t\t\t<div class=\"badge absolute top post-date badge-outline\">\n\t\t\t\t\t\t\t<div class=\"badge-inner\">\n\t\t\t\t\t\t\t\t<span class=\"post-date-day\">18<\/span><br>\n\t\t\t\t\t\t\t\t<span class=\"post-date-month is-xsmall\">Ara<\/span>\n\t\t\t\t\t\t\t<\/div>\n\t\t\t\t\t\t<\/div>\n\t\t\t\t\t\t\t\t\t<\/div><!-- .box -->\n\t\t\t\t<\/a><!-- .link -->\n\t\t\t<\/div><!-- .col-inner -->\n\t\t<\/div><!-- .col -->\n<\/div>\n<\/div><\/div>\n<\/div>\n<div style=\"display: none;\"\n    class=\"kk-star-ratings kksr-valign-bottom kksr-align-right kksr-disabled\"\n    data-id=\"3411\"\n    data-slug=\"\">\n    <div class=\"kksr-stars\">\n    <div class=\"kksr-stars-inactive\">\n            <div class=\"kksr-star\" data-star=\"1\">\n            <div class=\"kksr-icon\" style=\"width: px; height: px;\"><\/div>\n        <\/div>\n            <div class=\"kksr-star\" data-star=\"2\">\n            <div class=\"kksr-icon\" style=\"width: px; height: px;\"><\/div>\n        <\/div>\n            <div class=\"kksr-star\" data-star=\"3\">\n            <div class=\"kksr-icon\" style=\"width: px; height: px;\"><\/div>\n        <\/div>\n            <div class=\"kksr-star\" data-star=\"4\">\n            <div class=\"kksr-icon\" style=\"width: px; height: px;\"><\/div>\n        <\/div>\n            <div class=\"kksr-star\" data-star=\"5\">\n            <div class=\"kksr-icon\" style=\"width: px; height: px;\"><\/div>\n        <\/div>\n    <\/div>\n    <div class=\"kksr-stars-active\" style=\"width: 0px;\">\n            <div class=\"kksr-star\">\n            <div class=\"kksr-icon\" style=\"width: px; height: px;\"><\/div>\n        <\/div>\n            <div class=\"kksr-star\">\n            <div class=\"kksr-icon\" style=\"width: px; height: px;\"><\/div>\n        <\/div>\n            <div class=\"kksr-star\">\n            <div class=\"kksr-icon\" style=\"width: px; height: px;\"><\/div>\n        <\/div>\n            <div class=\"kksr-star\">\n            <div class=\"kksr-icon\" style=\"width: px; height: px;\"><\/div>\n        <\/div>\n            <div class=\"kksr-star\">\n            <div class=\"kksr-icon\" style=\"width: px; height: px;\"><\/div>\n        <\/div>\n    <\/div>\n<\/div>\n    <div class=\"kksr-legend\">\n            <strong class=\"kksr-score\">5<\/strong>\n        <span class=\"kksr-muted\">\/<\/span>\n        <strong>5<\/strong>\n        <span class=\"kksr-muted\">(<\/span>\n        <strong class=\"kksr-count\">2<\/strong>\n        <span class=\"kksr-muted\">\n            votes        <\/span>\n        <span class=\"kksr-muted\">)<\/span>\n    <\/div>\n<\/div>\n","protected":false},"excerpt":{"rendered":"<p>5 \/ 5 ( 2 votes )<\/p>\n","protected":false},"author":1,"featured_media":0,"parent":0,"menu_order":0,"comment_status":"closed","ping_status":"closed","template":"page-left-sidebar.php","meta":[],"_links":{"self":[{"href":"https:\/\/ctech-llc.com\/tr\/wp-json\/wp\/v2\/pages\/3282"}],"collection":[{"href":"https:\/\/ctech-llc.com\/tr\/wp-json\/wp\/v2\/pages"}],"about":[{"href":"https:\/\/ctech-llc.com\/tr\/wp-json\/wp\/v2\/types\/page"}],"author":[{"embeddable":true,"href":"https:\/\/ctech-llc.com\/tr\/wp-json\/wp\/v2\/users\/1"}],"replies":[{"embeddable":true,"href":"https:\/\/ctech-llc.com\/tr\/wp-json\/wp\/v2\/comments?post=3282"}],"version-history":[{"count":35,"href":"https:\/\/ctech-llc.com\/tr\/wp-json\/wp\/v2\/pages\/3282\/revisions"}],"predecessor-version":[{"id":3826,"href":"https:\/\/ctech-llc.com\/tr\/wp-json\/wp\/v2\/pages\/3282\/revisions\/3826"}],"wp:attachment":[{"href":"https:\/\/ctech-llc.com\/tr\/wp-json\/wp\/v2\/media?parent=3282"}],"curies":[{"name":"wp","href":"https:\/\/api.w.org\/{rel}","templated":true}]}}