{"id":477,"date":"2019-02-04T11:26:44","date_gmt":"2019-02-04T10:26:44","guid":{"rendered":"https:\/\/ctech-llc.com\/de\/?post_type=product&#038;p=477"},"modified":"2020-12-06T07:33:33","modified_gmt":"2020-12-06T06:33:33","slug":"vacuum-frp-system","status":"publish","type":"product","link":"https:\/\/ctech-llc.com\/de\/products\/composite-systems\/vacuum-frp-system\/","title":{"rendered":"Vakumm FRP systeme"},"content":{"rendered":"<p>Einige Hauptvorteile von VES\u2122 sind folgende:<\/p>\n<ul>\n<li>Klebstoffperfusion durch Vakumm FRP systeme-Unterdruck\u00a0 stabilere\u00a0Installationsleistung<\/li>\n<li>Extrem widerstandsf\u00e4hig gegen Temperatur und Feuchtigkeit<\/li>\n<li>hohe Dauerfestigkeit<\/li>\n<li>Spannungsverteilung bis zu 50%, Biegemomente bis zu 85%<\/li>\n<li>einfache Reparatur<\/li>\n<li>Beginnen Sie, 50% der Rohrleitungsbelastung zu teilen, wenn der Betriebsdruck 2 MPA erreicht. Vermeiden Sie einen<\/li>\n<li>Ausfall oder eine Verl\u00e4ngerung der vorhandenen Defekte<\/li>\n<li>Hohe mechanische und chemische Best\u00e4ndigkeit<\/li>\n<li>Einfach zu verwenden<\/li>\n<li>Ein umweltfreundliches Produkt<\/li>\n<li>Stabilere Installationsleistung<\/li>\n<li>Sehr kosteng\u00fcnstige Methode<\/li>\n<\/ul>\n<p>&nbsp;<\/p>\n<div style=\"display: none;\"\n    class=\"kk-star-ratings kksr-valign-bottom kksr-align-right kksr-disabled\"\n    data-id=\"477\"\n    data-slug=\"\">\n    <div class=\"kksr-stars\">\n    <div class=\"kksr-stars-inactive\">\n            <div class=\"kksr-star\" data-star=\"1\">\n            <div class=\"kksr-icon\" style=\"width: px; height: px;\"><\/div>\n        <\/div>\n            <div class=\"kksr-star\" data-star=\"2\">\n            <div class=\"kksr-icon\" style=\"width: px; height: px;\"><\/div>\n        <\/div>\n            <div class=\"kksr-star\" data-star=\"3\">\n            <div class=\"kksr-icon\" style=\"width: px; height: px;\"><\/div>\n        <\/div>\n            <div class=\"kksr-star\" data-star=\"4\">\n            <div class=\"kksr-icon\" style=\"width: px; height: px;\"><\/div>\n        <\/div>\n            <div class=\"kksr-star\" data-star=\"5\">\n            <div class=\"kksr-icon\" style=\"width: px; height: px;\"><\/div>\n        <\/div>\n    <\/div>\n    <div class=\"kksr-stars-active\" style=\"width: 0px;\">\n            <div class=\"kksr-star\">\n            <div class=\"kksr-icon\" style=\"width: px; height: px;\"><\/div>\n        <\/div>\n            <div class=\"kksr-star\">\n            <div class=\"kksr-icon\" style=\"width: px; height: px;\"><\/div>\n        <\/div>\n            <div class=\"kksr-star\">\n            <div class=\"kksr-icon\" style=\"width: px; height: px;\"><\/div>\n        <\/div>\n            <div class=\"kksr-star\">\n            <div class=\"kksr-icon\" style=\"width: px; height: px;\"><\/div>\n        <\/div>\n            <div class=\"kksr-star\">\n            <div class=\"kksr-icon\" style=\"width: px; height: px;\"><\/div>\n        <\/div>\n    <\/div>\n<\/div>\n    <div class=\"kksr-legend\">\n            <strong class=\"kksr-score\">5<\/strong>\n        <span class=\"kksr-muted\">\/<\/span>\n        <strong>5<\/strong>\n        <span class=\"kksr-muted\">(<\/span>\n        <strong class=\"kksr-count\">1<\/strong>\n        <span class=\"kksr-muted\">\n            vote        <\/span>\n        <span class=\"kksr-muted\">)<\/span>\n    <\/div>\n<\/div>\n","protected":false},"excerpt":{"rendered":"<p>CTech-LLC<sup>\u00ae<\/sup> Vakuum-Epoxid Rohrh\u00fclse (VES\u2122) verwendet eine optimalere Rohrh\u00fclse und was noch wichtiger ist, wird es als patentierte Prozess- Vakumm FRP systeme-Klebstoffperfusion vor Ort betrachtet. Das Verfahren nutzt den durch Vakumm FRP systeme\u00a0erzeugten Unterdruck, um den Klebstoff zu perfundieren, anstatt den traditionellen Perfusionsprozess zu verwenden, bei dem der Klebstoff mit \u00dcberdruck eingespritzt wird. Diese Verbesserung verleiht dem System eine wesentlich stabilere Leistung. In der Praxis m\u00fcssen die Bediener lediglich die Vakuumpumpe verwenden, um den gleichm\u00e4\u00dfig gemischten, hochfesten Klebstoff anzusaugen und ihn in den Spalt zwischen den W\u00e4nden der Rohrleitung und der Stahlh\u00fclse zu perfundieren. Unter dem Einfluss von Vakumm FRP systeme-Unterdruck kann der Klebstoff in winzige L\u00fccken eindringen und keinen Hohlraum hinterlassen. Der durchgef\u00fcllte Klebstoff bietet eine gute Haftung und Druckfestigkeit. Sobald sie ausgeh\u00e4rtet sind, werden die Rohrleitungen und die H\u00fclse zu einer einzigen einst\u00fcckigen Struktur, und die Belastung der Rohrleitungen wird effektiv geteilt, so dass eine zuverl\u00e4ssige Verst\u00e4rkungsleistung garantiert wird.<\/p>\n","protected":false},"featured_media":0,"comment_status":"open","ping_status":"closed","template":"","meta":[],"_links":{"self":[{"href":"https:\/\/ctech-llc.com\/de\/wp-json\/wp\/v2\/product\/477"}],"collection":[{"href":"https:\/\/ctech-llc.com\/de\/wp-json\/wp\/v2\/product"}],"about":[{"href":"https:\/\/ctech-llc.com\/de\/wp-json\/wp\/v2\/types\/product"}],"replies":[{"embeddable":true,"href":"https:\/\/ctech-llc.com\/de\/wp-json\/wp\/v2\/comments?post=477"}],"wp:attachment":[{"href":"https:\/\/ctech-llc.com\/de\/wp-json\/wp\/v2\/media?parent=477"}],"curies":[{"name":"wp","href":"https:\/\/api.w.org\/{rel}","templated":true}]}}