{"id":476,"date":"2019-02-04T11:25:31","date_gmt":"2019-02-04T10:25:31","guid":{"rendered":"https:\/\/ctech-llc.com\/de\/?post_type=product&#038;p=476"},"modified":"2020-12-06T07:33:33","modified_gmt":"2020-12-06T06:33:33","slug":"gfrp-wrap","status":"publish","type":"product","link":"https:\/\/ctech-llc.com\/de\/products\/composite-systems\/gfrp-wrap\/","title":{"rendered":"GFRP &#8211; einseitig Glasfaser und Bidirektional Glasfaser"},"content":{"rendered":"<ul>\n<li>CTech-LLC<sup>\u00ae<\/sup>\u00a0 PGW\u2122 und UGW\u2122 sind hochfeste und kosteng\u00fcnstige Materialien zum Verst\u00e4rken und Nachr\u00fcsten\u00a0<span style=\"font-size: 14.4px;\">verschiedener Strukturen.<\/span><\/li>\n<li><span style=\"font-size: 14.4px;\">Bei strukturellen Fehlern oder \u00c4nderungen bei der Nutzung eines Geb\u00e4udes ist die Verst\u00e4rkung mit CTech-LLC<sup>\u00ae<\/sup>\u00a0 GFK die beste Methode, die wirklich helfen kann.<\/span><\/li>\n<li><span style=\"font-size: 14.4px;\">CTech-LLC<sup>\u00ae<\/sup>\u00a0 PGW\u2122 und UGW\u2122 sind geeignete Materialien f\u00fcr die Herstellung von Sportger\u00e4ten wie Sportwagen und Booten.<\/span><\/li>\n<li><span style=\"font-size: 14.4px;\">Heute werden CTech-LLC<sup>\u00ae<\/sup>\u00a0 Glasfasern in der Autoindustrie h\u00e4ufig eingesetzt. PGWTM und UGWTM werden zur Herstellung einiger Autokomponenten verwendet.<\/span><\/li>\n<li><span style=\"font-size: 14.4px;\">CTech-LLC<sup>\u00ae<\/sup>\u00a0 Glasfaser sind hervorragende Materialien f\u00fcr die Verwendung in verkehrsinfrastruktur wie Bushaltestellen und Laufbahnen.<\/span><\/li>\n<li><span style=\"font-size: 14.4px;\">In den letzten Jahren wurden viele Br\u00fccken mit PGW\u2122 und UGW\u2122 erstellt. Br\u00fccken sollten stark und langlebig sein, daher k\u00f6nnen CTech-LLC<sup>\u00ae\u00a0\u00a0<\/sup>GFRPs aufgrund ihrer guten mechanischen Eigenschaften eine gute Wahl sein.<\/span><\/li>\n<li><span style=\"font-size: 14.4px;\">CTech-LLC<sup>\u00ae<\/sup>\u00a0 GFK spielen eine wichtige Rolle bei der Herstellung von Komponenten f\u00fcr die Luft und Raumfahrt, da diese Verbundwerkstoffe fest , steif und leicht sind. Mittlerweile gibt es viele Milit\u00e4rflugzeuge aus Glasfasern.<\/span><\/li>\n<li><span style=\"font-size: 14.4px;\">Prominente Vorteile von PGW\u2122 und UGW\u2122 sind wie folgt aufgef\u00fchrt:<\/span><\/li>\n<li><span style=\"font-size: 14.4px;\">Im Vergleich zu anderen traditionellen Materialien sind CTech-LLC<sup>\u00ae<\/sup> GFKs leichter und st\u00e4rker. Sie sind auch steifer als Stahl.<\/span><\/li>\n<li><span style=\"font-size: 14.4px;\">Die Verwendung von CTech-LLC<sup>\u00ae<\/sup>\u00a0 PGW\u2122 und UGW\u2122 ist eine sehr kosteng\u00fcnstige Methode.<\/span><\/li>\n<li><span style=\"font-size: 14.4px;\">PGW\u2122 und UGW\u2122 sind einfach zu installieren.<\/span><\/li>\n<li><span style=\"font-size: 14.4px;\">GFKs sind korrosionsbest\u00e4ndig, sodass sie die Lebensdauer verschiedener Strukturen verl\u00e4ngern k\u00f6nnen.<\/span><\/li>\n<li><span style=\"font-size: 14.4px;\">CTech-LLC<sup>\u00ae<\/sup>\u00a0 PGW\u2122 und UGW\u2122 erf\u00fcllen verschiedene Materialien und Standardklebstoffe.<\/span><\/li>\n<li><span style=\"font-size: 14.4px;\">CTech-LLC<sup>\u00ae<\/sup>\u00a0 Glasfasern sind in verschiedenen Formen genug flexibel.<\/span><\/li>\n<li><span style=\"font-size: 14.4px;\">PGW\u2122 und UGW\u2122 bieten eine ausgezeichnete elektrische und thermische Isolierung, sodass sie als geeignetes Material in elektrischen Ger\u00e4ten verwendet werden k\u00f6nnen.<\/span><\/li>\n<li><span style=\"font-size: 14.4px;\">CTech-LLC<sup>\u00ae<\/sup>\u00a0 PGW\u2122 und UGW\u2122 sind in verschiedenen Typen erh\u00e4ltlich, und der Kunde kann jeden Typ verwenden, abh\u00e4ngig von den Anforderungen seiner Branche. Beispielsweise wird S-Glas verwendet, wenn die st\u00e4rke wichtig ist und E-Glas bei der elektrischen Anwendungen.<\/span><\/li>\n<li><span style=\"font-size: 14.4px;\">CTech-LLC<sup>\u00ae<\/sup>\u00a0 GFKs erf\u00fcllen alle neuen Versionen.<\/span><\/li>\n<\/ul>\n<div style=\"display: none;\"\n    class=\"kk-star-ratings kksr-valign-bottom kksr-align-right kksr-disabled\"\n    data-id=\"476\"\n    data-slug=\"\">\n    <div class=\"kksr-stars\">\n    <div class=\"kksr-stars-inactive\">\n            <div class=\"kksr-star\" data-star=\"1\">\n            <div class=\"kksr-icon\" style=\"width: px; height: px;\"><\/div>\n        <\/div>\n            <div class=\"kksr-star\" data-star=\"2\">\n            <div class=\"kksr-icon\" style=\"width: px; height: px;\"><\/div>\n        <\/div>\n            <div class=\"kksr-star\" data-star=\"3\">\n            <div class=\"kksr-icon\" style=\"width: px; height: px;\"><\/div>\n        <\/div>\n            <div class=\"kksr-star\" data-star=\"4\">\n            <div class=\"kksr-icon\" style=\"width: px; height: px;\"><\/div>\n        <\/div>\n            <div class=\"kksr-star\" data-star=\"5\">\n            <div class=\"kksr-icon\" style=\"width: px; height: px;\"><\/div>\n        <\/div>\n    <\/div>\n    <div class=\"kksr-stars-active\" style=\"width: 0px;\">\n            <div class=\"kksr-star\">\n            <div class=\"kksr-icon\" style=\"width: px; height: px;\"><\/div>\n        <\/div>\n            <div class=\"kksr-star\">\n            <div class=\"kksr-icon\" style=\"width: px; height: px;\"><\/div>\n        <\/div>\n            <div class=\"kksr-star\">\n            <div class=\"kksr-icon\" style=\"width: px; height: px;\"><\/div>\n        <\/div>\n            <div class=\"kksr-star\">\n            <div class=\"kksr-icon\" style=\"width: px; height: px;\"><\/div>\n        <\/div>\n            <div class=\"kksr-star\">\n            <div class=\"kksr-icon\" style=\"width: px; height: px;\"><\/div>\n        <\/div>\n    <\/div>\n<\/div>\n    <div class=\"kksr-legend\">\n            <strong class=\"kksr-score\">5<\/strong>\n        <span class=\"kksr-muted\">\/<\/span>\n        <strong>5<\/strong>\n        <span class=\"kksr-muted\">(<\/span>\n        <strong class=\"kksr-count\">1<\/strong>\n        <span class=\"kksr-muted\">\n            vote        <\/span>\n        <span class=\"kksr-muted\">)<\/span>\n    <\/div>\n<\/div>\n","protected":false},"excerpt":{"rendered":"<p>CTech-LLC<sup>\u00ae<\/sup> PGW\u2122 und UGW\u2122 sind bidirektionale und unidirektionale Glasfasergewebe. GFRP ist die Abk\u00fcrzungsform des Ausdrucks &#8222;Glasfaserverst\u00e4rktes Polymer&#8220;. Heutzutage werden GFK-Systeme aufgrund ihres geringen Gewichts und ihrer hohen Lebensdauer in gro\u00dfem Umfang f\u00fcr Konstruktions, Industrie, Forschungs und Entwicklungszwecke eingesetzt. Glasfasern k\u00f6nnten in verschiedenen Bereichen eingesetzt werden, z. B. im Bereich der strukturellen Verst\u00e4rkung, der Sportger\u00e4te und Automobilindustrie, der Herstellung von Booten und Sportwagen, von Br\u00fcckengeb\u00e4uden und k\u00f6nnen in den nachstehend beschriebenen Bereichen verwendet werden.<\/p>\n","protected":false},"featured_media":0,"comment_status":"open","ping_status":"closed","template":"","meta":[],"_links":{"self":[{"href":"https:\/\/ctech-llc.com\/de\/wp-json\/wp\/v2\/product\/476"}],"collection":[{"href":"https:\/\/ctech-llc.com\/de\/wp-json\/wp\/v2\/product"}],"about":[{"href":"https:\/\/ctech-llc.com\/de\/wp-json\/wp\/v2\/types\/product"}],"replies":[{"embeddable":true,"href":"https:\/\/ctech-llc.com\/de\/wp-json\/wp\/v2\/comments?post=476"}],"wp:attachment":[{"href":"https:\/\/ctech-llc.com\/de\/wp-json\/wp\/v2\/media?parent=476"}],"curies":[{"name":"wp","href":"https:\/\/api.w.org\/{rel}","templated":true}]}}