{"id":474,"date":"2019-02-04T11:22:03","date_gmt":"2019-02-04T10:22:03","guid":{"rendered":"https:\/\/ctech-llc.com\/de\/?post_type=product&#038;p=474"},"modified":"2020-12-06T07:33:33","modified_gmt":"2020-12-06T06:33:33","slug":"cfrp-wrap","status":"publish","type":"product","link":"https:\/\/ctech-llc.com\/de\/products\/composite-systems\/cfrp-wrap\/","title":{"rendered":"CFRP Gewebe &#8211; einseitig kohlefaser und Bidirektional kohlefaser"},"content":{"rendered":"<ul>\n<li>CTech-LLC<sup>\u00ae<\/sup> Kohlefasergewebe werden in der R\u00fcstungsindustrie h\u00e4ufig f\u00fcr milit\u00e4rische Zwecke eingesetzt und k\u00f6nnen aufgrund ihres geringen Gewichts in Flugzeugen, Hubschraubern oder anderen milit\u00e4rischen Anwendungen eingesetzt werden.<\/li>\n<li>PCW\u2122 und UCW\u2122 sind sehr n\u00fctzliche Materialien zur Verst\u00e4rkung von Beton, Stahl und Mauerwerkskonstruktionen.<\/li>\n<li>Bei \u00c4nderungen der Strukturnutzung, bei Strukturfehlern oder bei zus\u00e4tzlichen Belastungen f\u00fcr Strukturelemente kann CTech-LLC\u00ae\u00a0 mit Kohlefaserverst\u00e4rktes Polymer eine gute Wahl sein, um die Strukturen zu verst\u00e4rken.<\/li>\n<li>Heute werden PCW\u2122 und UCW\u2122\u00a0in der Autoindustrie h\u00e4ufig eingesetzt. Einige Autokomponenten werden aus diesen n\u00fctzlichen Stoffen hergestellt.<\/li>\n<li>CTech-LLC<sup>\u00ae\u00a0<\/sup> Kohlefasergewebe k\u00f6nnen in Sportger\u00e4ten verwendet werden. Einige der Sportartikel wie Tennisschl\u00e4ger, Hockeyschl\u00e4ger und Bogen sind aus faserverst\u00e4rktes Polymer hergestellt.<\/li>\n<li>CTech-LLC<sup>\u00ae\u00a0<\/sup> Kohlefasergewebe sind aufgrund ihres geringeren Gewichts und ihrer Langlebigkeit ausgezeichnete Materialien f\u00fcr die Luft und Raumfahrt.<\/li>\n<li>PCW\u2122 und UCW\u2122 k\u00f6nnen in der medizinischen Industrie verwendet werden, da sie strahlend transparent sind. Sie k\u00f6nnen auch zur Herstellung k\u00fcnstlicher Gliedma\u00dfen verwendet werden.<\/li>\n<\/ul>\n<p>PCW\u2122 und UCW\u2122 werden normalerweise durch Kleberharze an Elemente gebunden und k\u00f6nnen die Belastbarkeit wie Scheren, B\u00fccken und Druckfestigkeit in verschiedenen Strukturelementen erh\u00f6hen. Einige Vorteile der Verwendung von CTech-LLC<sup>\u00ae\u00a0<\/sup> Kohlenstofffasern sind folgende:<\/p>\n<ul>\n<li>CFRP Gewebe ist St\u00e4rker als andere traditionelle Materialien wie Stahl<\/li>\n<li>CFRP Gewebe\u00a0 hat\u00a0 Hohe Best\u00e4ndigkeit gegen Chemikalien und Korrosion<\/li>\n<li>Einsetzbar in verschiedenen flexiblen Oberfl\u00e4chen<\/li>\n<li>CFRP Gewebe ist leichter als Stahl 70%<\/li>\n<li>Kompatibel mit verschiedenen Materialien und Standardklebstoffen<\/li>\n<li>Erleichterte Installation<\/li>\n<li>CFRP Gewebe kann die Plastizit\u00e4t verschiedener Elemente erh\u00f6hen<\/li>\n<li>elektrische Leitf\u00e4higkeit<\/li>\n<\/ul>\n<div style=\"display: none;\"\n    class=\"kk-star-ratings kksr-valign-bottom kksr-align-right kksr-disabled\"\n    data-id=\"474\"\n    data-slug=\"\">\n    <div class=\"kksr-stars\">\n    <div class=\"kksr-stars-inactive\">\n            <div class=\"kksr-star\" data-star=\"1\">\n            <div class=\"kksr-icon\" style=\"width: px; height: px;\"><\/div>\n        <\/div>\n            <div class=\"kksr-star\" data-star=\"2\">\n            <div class=\"kksr-icon\" style=\"width: px; height: px;\"><\/div>\n        <\/div>\n            <div class=\"kksr-star\" data-star=\"3\">\n            <div class=\"kksr-icon\" style=\"width: px; height: px;\"><\/div>\n        <\/div>\n            <div class=\"kksr-star\" data-star=\"4\">\n            <div class=\"kksr-icon\" style=\"width: px; height: px;\"><\/div>\n        <\/div>\n            <div class=\"kksr-star\" data-star=\"5\">\n            <div class=\"kksr-icon\" style=\"width: px; height: px;\"><\/div>\n        <\/div>\n    <\/div>\n    <div class=\"kksr-stars-active\" style=\"width: 0px;\">\n            <div class=\"kksr-star\">\n            <div class=\"kksr-icon\" style=\"width: px; height: px;\"><\/div>\n        <\/div>\n            <div class=\"kksr-star\">\n            <div class=\"kksr-icon\" style=\"width: px; height: px;\"><\/div>\n        <\/div>\n            <div class=\"kksr-star\">\n            <div class=\"kksr-icon\" style=\"width: px; height: px;\"><\/div>\n        <\/div>\n            <div class=\"kksr-star\">\n            <div class=\"kksr-icon\" style=\"width: px; height: px;\"><\/div>\n        <\/div>\n            <div class=\"kksr-star\">\n            <div class=\"kksr-icon\" style=\"width: px; height: px;\"><\/div>\n        <\/div>\n    <\/div>\n<\/div>\n    <div class=\"kksr-legend\">\n            <strong class=\"kksr-score\">5<\/strong>\n        <span class=\"kksr-muted\">\/<\/span>\n        <strong>5<\/strong>\n        <span class=\"kksr-muted\">(<\/span>\n        <strong class=\"kksr-count\">1<\/strong>\n        <span class=\"kksr-muted\">\n            vote        <\/span>\n        <span class=\"kksr-muted\">)<\/span>\n    <\/div>\n<\/div>\n","protected":false},"excerpt":{"rendered":"<p>CTech-LLC<sup>\u00ae<\/sup> kohlefasergewebe oder \u00a0CFRP Gewebe besteht aus PCW\u2122 und UCW\u2122, bei denen es sich um bidirektionale und einseitige Kohlefasergewebe handelt. Kohlefasergewebe werden in einer wachsenden Anzahl von Bereichen verwendet, wie der R\u00fcstungsindustrie, der Autoindustrie und im Bauprozess verschiedener Strukturen. Einige Anwendungsfelder von PCW\u008f\u2122 und UCW\u2122 werden im Folgenden beschrieben<\/p>\n","protected":false},"featured_media":0,"comment_status":"open","ping_status":"closed","template":"","meta":[],"_links":{"self":[{"href":"https:\/\/ctech-llc.com\/de\/wp-json\/wp\/v2\/product\/474"}],"collection":[{"href":"https:\/\/ctech-llc.com\/de\/wp-json\/wp\/v2\/product"}],"about":[{"href":"https:\/\/ctech-llc.com\/de\/wp-json\/wp\/v2\/types\/product"}],"replies":[{"embeddable":true,"href":"https:\/\/ctech-llc.com\/de\/wp-json\/wp\/v2\/comments?post=474"}],"wp:attachment":[{"href":"https:\/\/ctech-llc.com\/de\/wp-json\/wp\/v2\/media?parent=474"}],"curies":[{"name":"wp","href":"https:\/\/api.w.org\/{rel}","templated":true}]}}