{"id":473,"date":"2019-02-04T11:20:34","date_gmt":"2019-02-04T10:20:34","guid":{"rendered":"https:\/\/ctech-llc.com\/de\/?post_type=product&#038;p=473"},"modified":"2020-12-06T07:33:33","modified_gmt":"2020-12-06T06:33:33","slug":"unidirectional-carbon-laminate","status":"publish","type":"product","link":"https:\/\/ctech-llc.com\/de\/products\/composite-systems\/unidirectional-carbon-laminate\/","title":{"rendered":"Einseitig kohlefaser laminat"},"content":{"rendered":"<p>Hervorragende Vorteile von CTech-LLC<sup>\u00ae<\/sup> einseitig kohlefaser laminat\u00a0(UCL\u2122) k\u00f6nnen wie folgt bezeichnet werden:<\/p>\n<ul>\n<li>Kohlefaser Laminat Wird zur Biege und Scherverst\u00e4rkung verwendet<\/li>\n<li>Ausgezeichnete Erm\u00fcdung, Chemikalien und\u00a0Korrosionsbest\u00e4ndigkeit<\/li>\n<li>Voll kompatibel mit verschiedenen Harzen<\/li>\n<li>Einfach zu installieren<\/li>\n<li>leicht zum \u00fcberlappt<\/li>\n<li>Die Inspektion ist nach dem Bau leicht durchzuf\u00fchren<\/li>\n<li>Kohlefaser Laminat hat Keine sch\u00e4dlichen Auswirkungen auf die Umwelt<\/li>\n<\/ul>\n<div style=\"display: none;\"\n    class=\"kk-star-ratings kksr-valign-bottom kksr-align-right kksr-disabled\"\n    data-id=\"473\"\n    data-slug=\"\">\n    <div class=\"kksr-stars\">\n    <div class=\"kksr-stars-inactive\">\n            <div class=\"kksr-star\" data-star=\"1\">\n            <div class=\"kksr-icon\" style=\"width: px; height: px;\"><\/div>\n        <\/div>\n            <div class=\"kksr-star\" data-star=\"2\">\n            <div class=\"kksr-icon\" style=\"width: px; height: px;\"><\/div>\n        <\/div>\n            <div class=\"kksr-star\" data-star=\"3\">\n            <div class=\"kksr-icon\" style=\"width: px; height: px;\"><\/div>\n        <\/div>\n            <div class=\"kksr-star\" data-star=\"4\">\n            <div class=\"kksr-icon\" style=\"width: px; height: px;\"><\/div>\n        <\/div>\n            <div class=\"kksr-star\" data-star=\"5\">\n            <div class=\"kksr-icon\" style=\"width: px; height: px;\"><\/div>\n        <\/div>\n    <\/div>\n    <div class=\"kksr-stars-active\" style=\"width: 0px;\">\n            <div class=\"kksr-star\">\n            <div class=\"kksr-icon\" style=\"width: px; height: px;\"><\/div>\n        <\/div>\n            <div class=\"kksr-star\">\n            <div class=\"kksr-icon\" style=\"width: px; height: px;\"><\/div>\n        <\/div>\n            <div class=\"kksr-star\">\n            <div class=\"kksr-icon\" style=\"width: px; height: px;\"><\/div>\n        <\/div>\n            <div class=\"kksr-star\">\n            <div class=\"kksr-icon\" style=\"width: px; height: px;\"><\/div>\n        <\/div>\n            <div class=\"kksr-star\">\n            <div class=\"kksr-icon\" style=\"width: px; height: px;\"><\/div>\n        <\/div>\n    <\/div>\n<\/div>\n    <div class=\"kksr-legend\">\n            <strong class=\"kksr-score\">5<\/strong>\n        <span class=\"kksr-muted\">\/<\/span>\n        <strong>5<\/strong>\n        <span class=\"kksr-muted\">(<\/span>\n        <strong class=\"kksr-count\">2<\/strong>\n        <span class=\"kksr-muted\">\n            votes        <\/span>\n        <span class=\"kksr-muted\">)<\/span>\n    <\/div>\n<\/div>\n","protected":false},"excerpt":{"rendered":"<p>CTech-LLC<sup>\u00ae<\/sup> einseitig kohlefaser laminat\u00a0(UCL\u2122) ist ein hochfestes einseitiges pultrudiertes Laminat, das aus Kohlefasern und Epoxiden aufgebaut ist. UCL\u2122 ist durch Ziehen geformt, hohe Zugfestigkeit und geringes Gewicht. CTech-LLC<sup>\u00ae<\/sup> UCL\u2122 Kohlefaser Laminat l\u00e4sst sich leicht formen, erh\u00e4lt eine hervorragende Oberfl\u00e4chenqualit\u00e4t und haftet mit g\u00e4ngigen Klebstoffsystemen. UCL\u2122 ist die beste Verst\u00e4rkungs und Nachr\u00fcstl\u00f6sung f\u00fcr verschiedene Arten von Strukturen, bei denen die Biege oder Scherfestigkeit fehlt. UCL\u2122 ist f\u00fcr die Verst\u00e4rkung von Beton, Stahl Timer und Mauerwerkskonstruktionen geeignet.<\/p>\n","protected":false},"featured_media":0,"comment_status":"open","ping_status":"closed","template":"","meta":[],"_links":{"self":[{"href":"https:\/\/ctech-llc.com\/de\/wp-json\/wp\/v2\/product\/473"}],"collection":[{"href":"https:\/\/ctech-llc.com\/de\/wp-json\/wp\/v2\/product"}],"about":[{"href":"https:\/\/ctech-llc.com\/de\/wp-json\/wp\/v2\/types\/product"}],"replies":[{"embeddable":true,"href":"https:\/\/ctech-llc.com\/de\/wp-json\/wp\/v2\/comments?post=473"}],"wp:attachment":[{"href":"https:\/\/ctech-llc.com\/de\/wp-json\/wp\/v2\/media?parent=473"}],"curies":[{"name":"wp","href":"https:\/\/api.w.org\/{rel}","templated":true}]}}