{"id":470,"date":"2019-02-04T10:45:26","date_gmt":"2019-02-04T09:45:26","guid":{"rendered":"https:\/\/ctech-llc.com\/de\/?post_type=product&#038;p=470"},"modified":"2020-12-06T07:33:33","modified_gmt":"2020-12-06T06:33:33","slug":"saturant-epoxy","status":"publish","type":"product","link":"https:\/\/ctech-llc.com\/de\/products\/resins-and-coatings\/saturant-epoxy\/","title":{"rendered":"Epxidharz s\u00e4ttigungsmittel"},"content":{"rendered":"<ul>\n<li>ERS\u2122 200 und ERS\u2122 400 Epoxidharz-S\u00e4ttigungsmittel sind in der Luftfahrtindustrie weit verbreitet. Mit diesen leistungsstarken Kunststoffen k\u00f6nnen wir Innen- und Au\u00dfenkomponenten von Flugzeugen zusammenbauen oder reparieren.<\/li>\n<li>ERS\u2122 200 und ERS\u2122\u00a0400 k\u00f6nnen in der Schiffsindustrie n\u00fctzlich sein. Sie sind ideale Materialien f\u00fcr die Reparatur verschiedener Teile von Schiffen wie Unterwasserrumpf, Ballast, Tanks, Ladetanks und Aufbauten.<\/li>\n<li>CTech-LLC<sup>\u00ae<\/sup> Epoxidharz-S\u00e4ttigungsmittel ist Hochleistungsklebstoffe, die h\u00e4ufig zum Verfestigen und Nachr\u00fcsten verschiedener Strukturen verwendet werden.<\/li>\n<li>ERS\u2122 200 und ERS\u2122 400 sind elektrische Isolatoren und werden daher in der Elektroindustrie h\u00e4ufig eingesetzt. CTech-LLC<sup>\u00ae<\/sup>-Epoxidharze k\u00f6nnen zur Herstellung vieler elektrischer Komponenten wie Motoren und Generatoren verwendet werden.<\/li>\n<li>Heutzutage ist die Verwendung von Epoxidharzen eine effektive Methode zum Kleben verschiedener Komponenten von Automobilen. Daher k\u00f6nnen wir sie bei der Montage verschiedener Teile wie Sonnend\u00e4cher, Seitenspiegel, Spoiler und \u00c4hnlichem einsetzen.<\/li>\n<li>Die meisten Rotorbl\u00e4tter der Windkraftanlagen bestehen aus Epoxidharzen. Epoxide k\u00f6nnen aufgrund ihrer starken Haftung und Haltbarkeit geeignete Materialien f\u00fcr Turbinenschaufeln sein.<\/li>\n<\/ul>\n<p>Einige Vorteile der Verwendung von CTech-LLC<sup>\u00ae<\/sup> Epoxidharz-S\u00e4ttigungsmittel, einschlie\u00dflich ERS\u2122 200 und ERS\u2122 400 beim Verst\u00e4rken und Nachr\u00fcsten von Konstruktionen, k\u00f6nnen wie folgt betrachtet werden:<\/p>\n<ul>\n<li>Epoxidharz-S\u00e4ttigungsmittel hat eine h\u00f6here Festigkeit im Vergleich zu anderen Materialien<\/li>\n<li>Extrem haltbar und temperatur und feuchtigkeitsbest\u00e4ndig<\/li>\n<li>Hohe Dauerfestigkeit<\/li>\n<li>Hohe mechanische und chemische Best\u00e4ndigkeit<\/li>\n<li>Hohe Haftfestigkeit<\/li>\n<li>Einsetzbar zum Verkleben einer breiten Palette von Elementen und Materialien, einschlie\u00dflich Kohlenstoff und Glasfasern,Metallelementen, Kunststoffen<\/li>\n<li>Einfach zu verwenden<\/li>\n<li>Ein umweltfreundliches Produkt.<\/li>\n<li>Hohe dielektrische Leistung und best\u00e4ndig gegen Elektrizit\u00e4t<\/li>\n<li>Schnelle Antwort auf Heilung<\/li>\n<li>kosteneffizient<\/li>\n<li>Vertr\u00e4glich f\u00fcr die Verarbeitung von \u00d6l auf dem Substrat<\/li>\n<li>Zufriedenstellende Haftfestigkeit.<\/li>\n<\/ul>\n<div style=\"display: none;\"\n    class=\"kk-star-ratings kksr-valign-bottom kksr-align-right kksr-disabled\"\n    data-id=\"470\"\n    data-slug=\"\">\n    <div class=\"kksr-stars\">\n    <div class=\"kksr-stars-inactive\">\n            <div class=\"kksr-star\" data-star=\"1\">\n            <div class=\"kksr-icon\" style=\"width: px; height: px;\"><\/div>\n        <\/div>\n            <div class=\"kksr-star\" data-star=\"2\">\n            <div class=\"kksr-icon\" style=\"width: px; height: px;\"><\/div>\n        <\/div>\n            <div class=\"kksr-star\" data-star=\"3\">\n            <div class=\"kksr-icon\" style=\"width: px; height: px;\"><\/div>\n        <\/div>\n            <div class=\"kksr-star\" data-star=\"4\">\n            <div class=\"kksr-icon\" style=\"width: px; height: px;\"><\/div>\n        <\/div>\n            <div class=\"kksr-star\" data-star=\"5\">\n            <div class=\"kksr-icon\" style=\"width: px; height: px;\"><\/div>\n        <\/div>\n    <\/div>\n    <div class=\"kksr-stars-active\" style=\"width: 0px;\">\n            <div class=\"kksr-star\">\n            <div class=\"kksr-icon\" style=\"width: px; height: px;\"><\/div>\n        <\/div>\n            <div class=\"kksr-star\">\n            <div class=\"kksr-icon\" style=\"width: px; height: px;\"><\/div>\n        <\/div>\n            <div class=\"kksr-star\">\n            <div class=\"kksr-icon\" style=\"width: px; height: px;\"><\/div>\n        <\/div>\n            <div class=\"kksr-star\">\n            <div class=\"kksr-icon\" style=\"width: px; height: px;\"><\/div>\n        <\/div>\n            <div class=\"kksr-star\">\n            <div class=\"kksr-icon\" style=\"width: px; height: px;\"><\/div>\n        <\/div>\n    <\/div>\n<\/div>\n    <div class=\"kksr-legend\">\n            <strong class=\"kksr-score\">5<\/strong>\n        <span class=\"kksr-muted\">\/<\/span>\n        <strong>5<\/strong>\n        <span class=\"kksr-muted\">(<\/span>\n        <strong class=\"kksr-count\">1<\/strong>\n        <span class=\"kksr-muted\">\n            vote        <\/span>\n        <span class=\"kksr-muted\">)<\/span>\n    <\/div>\n<\/div>\n","protected":false},"excerpt":{"rendered":"<p>CTech-LLC<sup>\u00ae<\/sup>\u00a0 ERS\u2122 200 und ERS\u2122 400 Epoxidharz-S\u00e4ttigungsmittel sind Epoxidmatrizen f\u00fcr die S\u00e4ttigung von Verbundfasern und Bonding-Anwendungen. Sie sind jeweils in Form von Fl\u00fcssigkeit und Gel erh\u00e4ltlich. Die Reaktion von Epoxidharz-S\u00e4ttigungsmittel mit H\u00e4rter f\u00fchrt zu einem hervorragenden dauerhaften Material, das eine geeignete Matrix f\u00fcr alle strukturellen Verfestigungsarbeiten darstellt. CTech-LLC<sup>\u00ae<\/sup>\u00a0 Epoxidharz-S\u00e4ttigungsmittel bieten ein breites Spektrum befriedigender mechanischer Eigenschaften wie hervorragende Best\u00e4ndigkeit und starke Haftung. CTech-LLC<sup>\u00ae<\/sup>\u00a0 Epoxidharze k\u00f6nnen in verschiedenen Bereichen eingesetzt werden, beispielsweise bei der Herstellung von Bauteilen f\u00fcr Kraftfahrzeuge, beim Verst\u00e4rken und Nachr\u00fcsten von Bauteilen, bei der Herstellung von Industriewerkzeugen und vielen anderen wichtigen Bereichen. Dieses Produkt ist in folgenden Bereichen anwendbar:<\/p>\n","protected":false},"featured_media":0,"comment_status":"open","ping_status":"closed","template":"","meta":[],"_links":{"self":[{"href":"https:\/\/ctech-llc.com\/de\/wp-json\/wp\/v2\/product\/470"}],"collection":[{"href":"https:\/\/ctech-llc.com\/de\/wp-json\/wp\/v2\/product"}],"about":[{"href":"https:\/\/ctech-llc.com\/de\/wp-json\/wp\/v2\/types\/product"}],"replies":[{"embeddable":true,"href":"https:\/\/ctech-llc.com\/de\/wp-json\/wp\/v2\/comments?post=470"}],"wp:attachment":[{"href":"https:\/\/ctech-llc.com\/de\/wp-json\/wp\/v2\/media?parent=470"}],"curies":[{"name":"wp","href":"https:\/\/api.w.org\/{rel}","templated":true}]}}