{"id":461,"date":"2019-02-04T08:18:05","date_gmt":"2019-02-04T07:18:05","guid":{"rendered":"https:\/\/ctech-llc.com\/de\/?post_type=product&#038;p=461"},"modified":"2020-12-06T07:33:33","modified_gmt":"2020-12-06T06:33:33","slug":"vacuum-epoxy-sleeve","status":"publish","type":"product","link":"https:\/\/ctech-llc.com\/de\/products\/resins-and-coatings\/vacuum-epoxy-sleeve\/","title":{"rendered":"Vakuum-Epoxid Rohr H\u00fclse"},"content":{"rendered":"<ul>\n<li>Klebstoffperfusion durch Unterdruck im Vacuum Epoxid Rohr H\u00fclse &#8211; stabilere Installationsleistung<\/li>\n<li>Extrem widerstandsf\u00e4hig gegen Temperatur und Feuchtigkeit<\/li>\n<li>hohe Dauerfestigkeit<\/li>\n<li>Spannungsverteilung bis zu 50%, Biegemomente bis zu 85%<\/li>\n<li>Zuverl\u00e4ssigere Reparatur<\/li>\n<li>Teilen Vacuum Epoxid Rohr H\u00fclsen 50% der Belastung der Pipeline, wenn der Betriebsdruck 2 MPA erreicht. Vermeiden Sie einen Ausfall oder eine Verl\u00e4ngerung der vorhandenen Defekte<\/li>\n<li>Hohe mechanische und chemische Best\u00e4ndigkeit<\/li>\n<li>Einfach zu verwenden<\/li>\n<li>Ein umweltfreundliches Produkt<\/li>\n<li>Stabilere Installationsleistung<\/li>\n<li>Sehr kosteng\u00fcnstige Methode<\/li>\n<\/ul>\n<div style=\"display: none;\"\n    class=\"kk-star-ratings kksr-valign-bottom kksr-align-right kksr-disabled\"\n    data-id=\"461\"\n    data-slug=\"\">\n    <div class=\"kksr-stars\">\n    <div class=\"kksr-stars-inactive\">\n            <div class=\"kksr-star\" data-star=\"1\">\n            <div class=\"kksr-icon\" style=\"width: px; height: px;\"><\/div>\n        <\/div>\n            <div class=\"kksr-star\" data-star=\"2\">\n            <div class=\"kksr-icon\" style=\"width: px; height: px;\"><\/div>\n        <\/div>\n            <div class=\"kksr-star\" data-star=\"3\">\n            <div class=\"kksr-icon\" style=\"width: px; height: px;\"><\/div>\n        <\/div>\n            <div class=\"kksr-star\" data-star=\"4\">\n            <div class=\"kksr-icon\" style=\"width: px; height: px;\"><\/div>\n        <\/div>\n            <div class=\"kksr-star\" data-star=\"5\">\n            <div class=\"kksr-icon\" style=\"width: px; height: px;\"><\/div>\n        <\/div>\n    <\/div>\n    <div class=\"kksr-stars-active\" style=\"width: 0px;\">\n            <div class=\"kksr-star\">\n            <div class=\"kksr-icon\" style=\"width: px; height: px;\"><\/div>\n        <\/div>\n            <div class=\"kksr-star\">\n            <div class=\"kksr-icon\" style=\"width: px; height: px;\"><\/div>\n        <\/div>\n            <div class=\"kksr-star\">\n            <div class=\"kksr-icon\" style=\"width: px; height: px;\"><\/div>\n        <\/div>\n            <div class=\"kksr-star\">\n            <div class=\"kksr-icon\" style=\"width: px; height: px;\"><\/div>\n        <\/div>\n            <div class=\"kksr-star\">\n            <div class=\"kksr-icon\" style=\"width: px; height: px;\"><\/div>\n        <\/div>\n    <\/div>\n<\/div>\n    <div class=\"kksr-legend\">\n            <strong class=\"kksr-score\">5<\/strong>\n        <span class=\"kksr-muted\">\/<\/span>\n        <strong>5<\/strong>\n        <span class=\"kksr-muted\">(<\/span>\n        <strong class=\"kksr-count\">1<\/strong>\n        <span class=\"kksr-muted\">\n            vote        <\/span>\n        <span class=\"kksr-muted\">)<\/span>\n    <\/div>\n<\/div>\n","protected":false},"excerpt":{"rendered":"<p>CTech-LLC<sup>\u00ae<\/sup> Vacuum Epoxid Rohr H\u00fclse (VES\u2122) verwendet eine optimalere Vakuum-Epoxid Rohr H\u00fclse und was noch wichtiger ist, wird es als patentierte Prozess-Vakuum-Klebstoffperfusion vor Ort betrachtet.<\/p>\n<p>Das Verfahren nutzt den durch Vacuum Epoxid Rohr H\u00fclse erzeugten Unterdruck, um den Klebstoff zu perfundieren, anstatt den traditionellen Perfusionsprozess zu verwenden, bei dem der Klebstoff mit \u00dcberdruck eingespritzt wird. Diese Verbesserung verleiht dem System eine wesentlich stabilere Leistung. Auf dem Feld m\u00fcssen die Bediener lediglich die Vakuumpumpe verwenden, um den gleichm\u00e4\u00dfig gemischten hochfesten Klebstoff anzusaugen und ihn in den Spalt zwischen den W\u00e4nden der Rohrleitung und der Stahlh\u00fclse zu perfundieren. Unter dem Einfluss von Vakuum-Unterdruck kann der Klebstoff in winzige L\u00fccken eindringen und keinen Hohlraum hinterlassen. Der durchgef\u00fcllte Klebstoff bietet eine gute Haftung und Druckfestigkeit. Sobald es ausgeh\u00e4rtet ist, werden die Rohrleitungen und die Muffe zu einer einzigen einst\u00fcckigen Struktur, und die Belastung der Rohrleitungen wird effektiv geteilt, so dass eine zuverl\u00e4ssige Verst\u00e4rkungsleistung garantiert wird.<\/p>\n","protected":false},"featured_media":0,"comment_status":"open","ping_status":"closed","template":"","meta":[],"_links":{"self":[{"href":"https:\/\/ctech-llc.com\/de\/wp-json\/wp\/v2\/product\/461"}],"collection":[{"href":"https:\/\/ctech-llc.com\/de\/wp-json\/wp\/v2\/product"}],"about":[{"href":"https:\/\/ctech-llc.com\/de\/wp-json\/wp\/v2\/types\/product"}],"replies":[{"embeddable":true,"href":"https:\/\/ctech-llc.com\/de\/wp-json\/wp\/v2\/comments?post=461"}],"wp:attachment":[{"href":"https:\/\/ctech-llc.com\/de\/wp-json\/wp\/v2\/media?parent=461"}],"curies":[{"name":"wp","href":"https:\/\/api.w.org\/{rel}","templated":true}]}}