{"id":460,"date":"2019-02-04T08:16:36","date_gmt":"2019-02-04T07:16:36","guid":{"rendered":"https:\/\/ctech-llc.com\/de\/?post_type=product&#038;p=460"},"modified":"2020-12-06T07:33:33","modified_gmt":"2020-12-06T06:33:33","slug":"underwater-epoxy","status":"publish","type":"product","link":"https:\/\/ctech-llc.com\/de\/products\/resins-and-coatings\/underwater-epoxy\/","title":{"rendered":"Unterwasser Epoxid"},"content":{"rendered":"<ul>\n<li>Hoher Festigkeits, Modul und Strukturklebstoff<\/li>\n<li>Voll kompatibel und ausgezeichnete Haftung<\/li>\n<li>Extrem haltbar und temperatur- und feuchtigkeitsbest\u00e4ndig<\/li>\n<li>Hohe Dauerfestigkeit<\/li>\n<li>Hohe mechanische und chemische Best\u00e4ndigkeit<\/li>\n<li>Toleranz gegen\u00fcber Salzen in Beton und Grundwasser<\/li>\n<li>Paste Konsistenz ideal f\u00fcr Unterwasseranwendungen<\/li>\n<li>100% l\u00f6sungsmittelfrei<\/li>\n<li>12 Stunden volle Heilung<\/li>\n<li>Einfach zu installieren<\/li>\n<li>Wasserdichte Konstruktionsfugen erstellen<\/li>\n<li>L\u00f6sen von Detailproblemen<\/li>\n<li>Hohe Druckfestigkeit<\/li>\n<\/ul>\n<div style=\"display: none;\"\n    class=\"kk-star-ratings kksr-valign-bottom kksr-align-right kksr-disabled\"\n    data-id=\"460\"\n    data-slug=\"\">\n    <div class=\"kksr-stars\">\n    <div class=\"kksr-stars-inactive\">\n            <div class=\"kksr-star\" data-star=\"1\">\n            <div class=\"kksr-icon\" style=\"width: px; height: px;\"><\/div>\n        <\/div>\n            <div class=\"kksr-star\" data-star=\"2\">\n            <div class=\"kksr-icon\" style=\"width: px; height: px;\"><\/div>\n        <\/div>\n            <div class=\"kksr-star\" data-star=\"3\">\n            <div class=\"kksr-icon\" style=\"width: px; height: px;\"><\/div>\n        <\/div>\n            <div class=\"kksr-star\" data-star=\"4\">\n            <div class=\"kksr-icon\" style=\"width: px; height: px;\"><\/div>\n        <\/div>\n            <div class=\"kksr-star\" data-star=\"5\">\n            <div class=\"kksr-icon\" style=\"width: px; height: px;\"><\/div>\n        <\/div>\n    <\/div>\n    <div class=\"kksr-stars-active\" style=\"width: 0px;\">\n            <div class=\"kksr-star\">\n            <div class=\"kksr-icon\" style=\"width: px; height: px;\"><\/div>\n        <\/div>\n            <div class=\"kksr-star\">\n            <div class=\"kksr-icon\" style=\"width: px; height: px;\"><\/div>\n        <\/div>\n            <div class=\"kksr-star\">\n            <div class=\"kksr-icon\" style=\"width: px; height: px;\"><\/div>\n        <\/div>\n            <div class=\"kksr-star\">\n            <div class=\"kksr-icon\" style=\"width: px; height: px;\"><\/div>\n        <\/div>\n            <div class=\"kksr-star\">\n            <div class=\"kksr-icon\" style=\"width: px; height: px;\"><\/div>\n        <\/div>\n    <\/div>\n<\/div>\n    <div class=\"kksr-legend\">\n            <strong class=\"kksr-score\">5<\/strong>\n        <span class=\"kksr-muted\">\/<\/span>\n        <strong>5<\/strong>\n        <span class=\"kksr-muted\">(<\/span>\n        <strong class=\"kksr-count\">2<\/strong>\n        <span class=\"kksr-muted\">\n            votes        <\/span>\n        <span class=\"kksr-muted\">)<\/span>\n    <\/div>\n<\/div>\n","protected":false},"excerpt":{"rendered":"<p>CTech-LLC<sup>\u00ae<\/sup> Unterwasser-Epoxid (UWE\u2122) ist ein hochfester Zweikomponenten- Unterwasser-Epoxid aus Epoxidharzen und H\u00e4rtern f\u00fcr Unterwasseranwendungen. Es ist eine Formulierung mit 100% Feststoffen, die w\u00e4hrend der Aush\u00e4rtung weniger toxisch und geruchsarm ist, und bietet eine einzigartige 12-st\u00fcndige Wendezeit, die ohne Kraftanwendung oder Spezialausr\u00fcstung gewartet werden muss. UWE\u2122 kann auch zum Beschichten oder Reparieren von Beton und Stahlmaterialien in Unterwasser verwendet werden, um Schutz vor Korrosion, Erosion und Alterung durch Salz oder S\u00fc\u00dfwasser zu bieten.<\/p>\n","protected":false},"featured_media":0,"comment_status":"open","ping_status":"closed","template":"","meta":[],"_links":{"self":[{"href":"https:\/\/ctech-llc.com\/de\/wp-json\/wp\/v2\/product\/460"}],"collection":[{"href":"https:\/\/ctech-llc.com\/de\/wp-json\/wp\/v2\/product"}],"about":[{"href":"https:\/\/ctech-llc.com\/de\/wp-json\/wp\/v2\/types\/product"}],"replies":[{"embeddable":true,"href":"https:\/\/ctech-llc.com\/de\/wp-json\/wp\/v2\/comments?post=460"}],"wp:attachment":[{"href":"https:\/\/ctech-llc.com\/de\/wp-json\/wp\/v2\/media?parent=460"}],"curies":[{"name":"wp","href":"https:\/\/api.w.org\/{rel}","templated":true}]}}