{"id":456,"date":"2019-02-04T08:11:22","date_gmt":"2019-02-04T07:11:22","guid":{"rendered":"https:\/\/ctech-llc.com\/de\/?post_type=product&#038;p=456"},"modified":"2020-12-06T07:33:33","modified_gmt":"2020-12-06T06:33:33","slug":"epoxy-primer","status":"publish","type":"product","link":"https:\/\/ctech-llc.com\/de\/products\/resins-and-coatings\/epoxy-primer\/","title":{"rendered":"Epoxidprimer"},"content":{"rendered":"<ul>\n<li>Epoxidprimer hat Viel weniger Viskosit\u00e4t<\/li>\n<li>Epoxidprimer hat auch Hervorragende Haftung auf schlecht<\/li>\n<li>vorbereiteten Untergr\u00fcnden und vielen Untergr\u00fcnden<\/li>\n<li>Gute Feuchtigkeits- und Korrosionsbest\u00e4ndigkeit<\/li>\n<li>Verbesserung der chemischen Best\u00e4ndigkeit des Substrats<\/li>\n<li>Schnelle Antwort auf Heilung<\/li>\n<li>Tief eindringend, um das Abstauben von Beton zu vermeiden<\/li>\n<li>wirksamer Schutz gegen das Eindringen von zerst\u00f6rerischen Salzen, \u00d6len, L\u00f6sungsmitteln und Benzin<\/li>\n<\/ul>\n<div style=\"display: none;\"\n    class=\"kk-star-ratings kksr-valign-bottom kksr-align-right kksr-disabled\"\n    data-id=\"456\"\n    data-slug=\"\">\n    <div class=\"kksr-stars\">\n    <div class=\"kksr-stars-inactive\">\n            <div class=\"kksr-star\" data-star=\"1\">\n            <div class=\"kksr-icon\" style=\"width: px; height: px;\"><\/div>\n        <\/div>\n            <div class=\"kksr-star\" data-star=\"2\">\n            <div class=\"kksr-icon\" style=\"width: px; height: px;\"><\/div>\n        <\/div>\n            <div class=\"kksr-star\" data-star=\"3\">\n            <div class=\"kksr-icon\" style=\"width: px; height: px;\"><\/div>\n        <\/div>\n            <div class=\"kksr-star\" data-star=\"4\">\n            <div class=\"kksr-icon\" style=\"width: px; height: px;\"><\/div>\n        <\/div>\n            <div class=\"kksr-star\" data-star=\"5\">\n            <div class=\"kksr-icon\" style=\"width: px; height: px;\"><\/div>\n        <\/div>\n    <\/div>\n    <div class=\"kksr-stars-active\" style=\"width: 0px;\">\n            <div class=\"kksr-star\">\n            <div class=\"kksr-icon\" style=\"width: px; height: px;\"><\/div>\n        <\/div>\n            <div class=\"kksr-star\">\n            <div class=\"kksr-icon\" style=\"width: px; height: px;\"><\/div>\n        <\/div>\n            <div class=\"kksr-star\">\n            <div class=\"kksr-icon\" style=\"width: px; height: px;\"><\/div>\n        <\/div>\n            <div class=\"kksr-star\">\n            <div class=\"kksr-icon\" style=\"width: px; height: px;\"><\/div>\n        <\/div>\n            <div class=\"kksr-star\">\n            <div class=\"kksr-icon\" style=\"width: px; height: px;\"><\/div>\n        <\/div>\n    <\/div>\n<\/div>\n    <div class=\"kksr-legend\">\n            <strong class=\"kksr-score\">5<\/strong>\n        <span class=\"kksr-muted\">\/<\/span>\n        <strong>5<\/strong>\n        <span class=\"kksr-muted\">(<\/span>\n        <strong class=\"kksr-count\">1<\/strong>\n        <span class=\"kksr-muted\">\n            vote        <\/span>\n        <span class=\"kksr-muted\">)<\/span>\n    <\/div>\n<\/div>\n","protected":false},"excerpt":{"rendered":"<p>CTech-LLC<sup>\u00ae<\/sup> Wet Epoxidprimer (WEP\u2122 200) ist ein feuchtigkeitsvertr\u00e4gliches Epoxidharzsystem, das die Grundierung speziell f\u00fcr feuchte oder feuchte Untergr\u00fcnde erm\u00f6glicht. WEP\u2122 200 Epoxidprimer ist eine klare, niedrigviskose Formulierung mit 100% Feststoffen mit ausgezeichnetem Verlauf, guter Anwendung und hervorragenden Hafteigenschaften. Die niedrige Viskosit\u00e4t benetzt die Oberfl\u00e4che schnell und dringt in kleinere Risse und Oberfl\u00e4chenfehler ein. Epoxidprimer ist eine einfach zu verwendende volumetrische 2:1 Mischung und h\u00e4rtet schnell und geruchsarm aus. WEP\u2122 200 kann in verschiedenen Bereichen eingesetzt werden, z. B. beim Verst\u00e4rken und Nachr\u00fcsten von Strukture, und Epoxidgrundierung verhindert wirksam das Eindringen von Schmutz, \u00d6l, L\u00f6sungsmitteln und Benzin. WEP\u2122 200 Epoxidprimer wird aufgrund der folgenden Vorteile dringend empfohlen:<\/p>\n","protected":false},"featured_media":0,"comment_status":"open","ping_status":"closed","template":"","meta":[],"_links":{"self":[{"href":"https:\/\/ctech-llc.com\/de\/wp-json\/wp\/v2\/product\/456"}],"collection":[{"href":"https:\/\/ctech-llc.com\/de\/wp-json\/wp\/v2\/product"}],"about":[{"href":"https:\/\/ctech-llc.com\/de\/wp-json\/wp\/v2\/types\/product"}],"replies":[{"embeddable":true,"href":"https:\/\/ctech-llc.com\/de\/wp-json\/wp\/v2\/comments?post=456"}],"wp:attachment":[{"href":"https:\/\/ctech-llc.com\/de\/wp-json\/wp\/v2\/media?parent=456"}],"curies":[{"name":"wp","href":"https:\/\/api.w.org\/{rel}","templated":true}]}}