{"id":407,"date":"2019-02-03T08:59:36","date_gmt":"2019-02-03T07:59:36","guid":{"rendered":"https:\/\/ctech-llc.com\/de\/?post_type=product&#038;p=407"},"modified":"2020-12-06T07:33:33","modified_gmt":"2020-12-06T06:33:33","slug":"epoxy-adhesive","status":"publish","type":"product","link":"https:\/\/ctech-llc.com\/de\/products\/resins-and-coatings\/epoxy-adhesive\/","title":{"rendered":"Epoxidharz"},"content":{"rendered":"<ul>\n<li>Au\u00dfergew\u00f6hnliche Hafteigenschaften<\/li>\n<li>Gute Hoch- und Tieftemperatureigenschaften<\/li>\n<li>Hohe Festigkeit<\/li>\n<li>Feuchtigkeit unempfindlich<\/li>\n<li>Ambient-Kur<\/li>\n<li>Gleichm\u00e4\u00dfige Spannungsverteilung<\/li>\n<li>Einfach anzuwenden<\/li>\n<li>Langfristige Haltbarkeit<\/li>\n<li>L\u00fcckenf\u00fclleigenschaft<\/li>\n<li>Best\u00e4ndig gegen extreme St\u00f6\u00dfe, Vibrationen und Biegung<\/li>\n<li>Hohe Dauerfestigkeit<\/li>\n<li>Geruchsarm<\/li>\n<\/ul>\n<div style=\"display: none;\"\n    class=\"kk-star-ratings kksr-valign-bottom kksr-align-right kksr-disabled\"\n    data-id=\"407\"\n    data-slug=\"\">\n    <div class=\"kksr-stars\">\n    <div class=\"kksr-stars-inactive\">\n            <div class=\"kksr-star\" data-star=\"1\">\n            <div class=\"kksr-icon\" style=\"width: px; height: px;\"><\/div>\n        <\/div>\n            <div class=\"kksr-star\" data-star=\"2\">\n            <div class=\"kksr-icon\" style=\"width: px; height: px;\"><\/div>\n        <\/div>\n            <div class=\"kksr-star\" data-star=\"3\">\n            <div class=\"kksr-icon\" style=\"width: px; height: px;\"><\/div>\n        <\/div>\n            <div class=\"kksr-star\" data-star=\"4\">\n            <div class=\"kksr-icon\" style=\"width: px; height: px;\"><\/div>\n        <\/div>\n            <div class=\"kksr-star\" data-star=\"5\">\n            <div class=\"kksr-icon\" style=\"width: px; height: px;\"><\/div>\n        <\/div>\n    <\/div>\n    <div class=\"kksr-stars-active\" style=\"width: 0px;\">\n            <div class=\"kksr-star\">\n            <div class=\"kksr-icon\" style=\"width: px; height: px;\"><\/div>\n        <\/div>\n            <div class=\"kksr-star\">\n            <div class=\"kksr-icon\" style=\"width: px; height: px;\"><\/div>\n        <\/div>\n            <div class=\"kksr-star\">\n            <div class=\"kksr-icon\" style=\"width: px; height: px;\"><\/div>\n        <\/div>\n            <div class=\"kksr-star\">\n            <div class=\"kksr-icon\" style=\"width: px; height: px;\"><\/div>\n        <\/div>\n            <div class=\"kksr-star\">\n            <div class=\"kksr-icon\" style=\"width: px; height: px;\"><\/div>\n        <\/div>\n    <\/div>\n<\/div>\n    <div class=\"kksr-legend\">\n            <strong class=\"kksr-score\">5<\/strong>\n        <span class=\"kksr-muted\">\/<\/span>\n        <strong>5<\/strong>\n        <span class=\"kksr-muted\">(<\/span>\n        <strong class=\"kksr-count\">2<\/strong>\n        <span class=\"kksr-muted\">\n            votes        <\/span>\n        <span class=\"kksr-muted\">)<\/span>\n    <\/div>\n<\/div>\n","protected":false},"excerpt":{"rendered":"<p>CTech-LLC<sup>\u00ae<\/sup> Epoxidharz (ERA\u2122 200) ist ein zweikomponentiger, l\u00f6sungsmittelfreier Hochleistungsklebstoff-Epoxidmatrixmaterial sowie ein feuchtigkeitsunempfindliches Epoxidharz mit einer Nicht-Durchhang-Konsistenz. Diese Systeme bestehen aus einem Harz und einem H\u00e4rter, die so formuliert werden k\u00f6nnen, dass sie ein breites Spektrum an mechanischen, thermischen, optischen und elektrischen Eigenschaften bieten. ERA\u2122 kann auch verwendet werden, um die Verbindung zwischen aufeinanderfolgenden Schichten des CTech-LLC<sup>\u00ae<\/sup> Systems und der Deckeldichtung f\u00fcr die injektion und die Reparatur von Betonfehlern zu verbessern. Einige Vorteile dieses Produkts sind wie folgt.<\/p>\n","protected":false},"featured_media":408,"comment_status":"open","ping_status":"closed","template":"","meta":[],"_links":{"self":[{"href":"https:\/\/ctech-llc.com\/de\/wp-json\/wp\/v2\/product\/407"}],"collection":[{"href":"https:\/\/ctech-llc.com\/de\/wp-json\/wp\/v2\/product"}],"about":[{"href":"https:\/\/ctech-llc.com\/de\/wp-json\/wp\/v2\/types\/product"}],"replies":[{"embeddable":true,"href":"https:\/\/ctech-llc.com\/de\/wp-json\/wp\/v2\/comments?post=407"}],"wp:featuredmedia":[{"embeddable":true,"href":"https:\/\/ctech-llc.com\/de\/wp-json\/wp\/v2\/media\/408"}],"wp:attachment":[{"href":"https:\/\/ctech-llc.com\/de\/wp-json\/wp\/v2\/media?parent=407"}],"curies":[{"name":"wp","href":"https:\/\/api.w.org\/{rel}","templated":true}]}}