{"id":402,"date":"2019-02-02T14:15:23","date_gmt":"2019-02-02T13:15:23","guid":{"rendered":"https:\/\/ctech-llc.com\/de\/?page_id=402"},"modified":"2019-02-12T08:23:36","modified_gmt":"2019-02-12T07:23:36","slug":"ctech-worldwide","status":"publish","type":"page","link":"https:\/\/ctech-llc.com\/de\/about-ctech-llc\/ctech-worldwide\/","title":{"rendered":"ctech worldwide"},"content":{"rendered":"\n<div id=\"metaslider-id-343\" style=\"max-width: 840px;\" class=\"ml-slider-3-19-1 metaslider metaslider-flex metaslider-343 ml-slider\">\n    <div id=\"metaslider_container_343\">\n        <div id=\"metaslider_343\">\n            <ul aria-live=\"polite\" class=\"slides\">\n                <li style=\"display: block; width: 100%;\" class=\"slide-347 ms-image\"><img src=\"https:\/\/ctech-llc.com\/de\/wp-content\/uploads\/2019\/02\/1.jpg\" height=\"220\" width=\"840\" alt=\"\" class=\"slider-343 slide-347\" title=\"1\" \/><\/li>\n                <li style=\"display: none; width: 100%;\" class=\"slide-348 ms-image\"><img src=\"https:\/\/ctech-llc.com\/de\/wp-content\/uploads\/2019\/02\/2.jpg\" height=\"220\" width=\"840\" alt=\"\" class=\"slider-343 slide-348\" title=\"2\" \/><\/li>\n                <li style=\"display: none; width: 100%;\" class=\"slide-349 ms-image\"><img src=\"https:\/\/ctech-llc.com\/de\/wp-content\/uploads\/2019\/02\/3.jpg\" height=\"220\" width=\"840\" alt=\"\" class=\"slider-343 slide-349\" title=\"3\" \/><\/li>\n            <\/ul>\n        <\/div>\n        \n    <\/div>\n<\/div> <p>Wir haben ein breites Netzwerkverteilungssystem bereitgestellt, das die Art und Weise, wie unsere Kunden Gesch\u00e4fte machen, ver\u00e4ndert. Es vereinfacht auch die Lieferung der vom Kunden gew\u00fcnschten Ware aus entlegenen Winkeln der Welt. Um sich \u00fcber unseren n\u00e4chstgelegenen H\u00e4ndler zu informieren, m\u00fcssen Sie Ihren Standort bestimmen.<\/p>\n\n<div style=\"display: none;\"\n    class=\"kk-star-ratings kksr-valign-bottom kksr-align-right kksr-disabled\"\n    data-id=\"402\"\n    data-slug=\"\">\n    <div class=\"kksr-stars\">\n    <div class=\"kksr-stars-inactive\">\n            <div class=\"kksr-star\" data-star=\"1\">\n            <div class=\"kksr-icon\" style=\"width: px; height: px;\"><\/div>\n        <\/div>\n            <div class=\"kksr-star\" data-star=\"2\">\n            <div class=\"kksr-icon\" style=\"width: px; height: px;\"><\/div>\n        <\/div>\n            <div class=\"kksr-star\" data-star=\"3\">\n            <div class=\"kksr-icon\" style=\"width: px; height: px;\"><\/div>\n        <\/div>\n            <div class=\"kksr-star\" data-star=\"4\">\n            <div class=\"kksr-icon\" style=\"width: px; height: px;\"><\/div>\n        <\/div>\n            <div class=\"kksr-star\" data-star=\"5\">\n            <div class=\"kksr-icon\" style=\"width: px; height: px;\"><\/div>\n        <\/div>\n    <\/div>\n    <div class=\"kksr-stars-active\" style=\"width: 0px;\">\n            <div class=\"kksr-star\">\n            <div class=\"kksr-icon\" style=\"width: px; height: px;\"><\/div>\n        <\/div>\n            <div class=\"kksr-star\">\n            <div class=\"kksr-icon\" style=\"width: px; height: px;\"><\/div>\n        <\/div>\n            <div class=\"kksr-star\">\n            <div class=\"kksr-icon\" style=\"width: px; height: px;\"><\/div>\n        <\/div>\n            <div class=\"kksr-star\">\n            <div class=\"kksr-icon\" style=\"width: px; height: px;\"><\/div>\n        <\/div>\n            <div class=\"kksr-star\">\n            <div class=\"kksr-icon\" style=\"width: px; height: px;\"><\/div>\n        <\/div>\n    <\/div>\n<\/div>\n    <div class=\"kksr-legend\">\n            <strong class=\"kksr-score\">5<\/strong>\n        <span class=\"kksr-muted\">\/<\/span>\n        <strong>5<\/strong>\n        <span class=\"kksr-muted\">(<\/span>\n        <strong class=\"kksr-count\">1<\/strong>\n        <span class=\"kksr-muted\">\n            vote        <\/span>\n        <span class=\"kksr-muted\">)<\/span>\n    <\/div>\n<\/div>\n","protected":false},"excerpt":{"rendered":"<p>Wir haben ein breites Netzwerkverteilungssystem bereitgestellt, das die Art und Weise, wie unsere Kunden Gesch\u00e4fte machen, ver\u00e4ndert. Es vereinfacht auch die Lieferung der vom Kunden gew\u00fcnschten Ware aus entlegenen Winkeln der Welt. Um sich \u00fcber unseren n\u00e4chstgelegenen H\u00e4ndler zu informieren, m\u00fcssen Sie Ihren Standort bestimmen. 5 \/ 5 ( 1 vote )<\/p>\n","protected":false},"author":1,"featured_media":0,"parent":337,"menu_order":0,"comment_status":"closed","ping_status":"closed","template":"page-left-sidebar.php","meta":[],"_links":{"self":[{"href":"https:\/\/ctech-llc.com\/de\/wp-json\/wp\/v2\/pages\/402"}],"collection":[{"href":"https:\/\/ctech-llc.com\/de\/wp-json\/wp\/v2\/pages"}],"about":[{"href":"https:\/\/ctech-llc.com\/de\/wp-json\/wp\/v2\/types\/page"}],"author":[{"embeddable":true,"href":"https:\/\/ctech-llc.com\/de\/wp-json\/wp\/v2\/users\/1"}],"replies":[{"embeddable":true,"href":"https:\/\/ctech-llc.com\/de\/wp-json\/wp\/v2\/comments?post=402"}],"version-history":[{"count":4,"href":"https:\/\/ctech-llc.com\/de\/wp-json\/wp\/v2\/pages\/402\/revisions"}],"predecessor-version":[{"id":752,"href":"https:\/\/ctech-llc.com\/de\/wp-json\/wp\/v2\/pages\/402\/revisions\/752"}],"up":[{"embeddable":true,"href":"https:\/\/ctech-llc.com\/de\/wp-json\/wp\/v2\/pages\/337"}],"wp:attachment":[{"href":"https:\/\/ctech-llc.com\/de\/wp-json\/wp\/v2\/media?parent=402"}],"curies":[{"name":"wp","href":"https:\/\/api.w.org\/{rel}","templated":true}]}}