{"id":384,"date":"2019-02-02T13:32:44","date_gmt":"2019-02-02T12:32:44","guid":{"rendered":"https:\/\/ctech-llc.com\/de\/?page_id=384"},"modified":"2019-02-12T08:28:20","modified_gmt":"2019-02-12T07:28:20","slug":"employment","status":"publish","type":"page","link":"https:\/\/ctech-llc.com\/de\/about-ctech-llc\/employment\/","title":{"rendered":"Besch\u00e4ftigung"},"content":{"rendered":"\n<div id=\"metaslider-id-343\" style=\"max-width: 840px;\" class=\"ml-slider-3-19-1 metaslider metaslider-flex metaslider-343 ml-slider\">\n    <div id=\"metaslider_container_343\">\n        <div id=\"metaslider_343\">\n            <ul aria-live=\"polite\" class=\"slides\">\n                <li style=\"display: block; width: 100%;\" class=\"slide-347 ms-image\"><img src=\"https:\/\/ctech-llc.com\/de\/wp-content\/uploads\/2019\/02\/1.jpg\" height=\"220\" width=\"840\" alt=\"\" class=\"slider-343 slide-347\" title=\"1\" \/><\/li>\n                <li style=\"display: none; width: 100%;\" class=\"slide-348 ms-image\"><img src=\"https:\/\/ctech-llc.com\/de\/wp-content\/uploads\/2019\/02\/2.jpg\" height=\"220\" width=\"840\" alt=\"\" class=\"slider-343 slide-348\" title=\"2\" \/><\/li>\n                <li style=\"display: none; width: 100%;\" class=\"slide-349 ms-image\"><img src=\"https:\/\/ctech-llc.com\/de\/wp-content\/uploads\/2019\/02\/3.jpg\" height=\"220\" width=\"840\" alt=\"\" class=\"slider-343 slide-349\" title=\"3\" \/><\/li>\n            <\/ul>\n        <\/div>\n        \n    <\/div>\n<\/div>\n<p>Unser professionelles Mitarbeitern sind bestrebt, Composite Materialien zu entwickeln, die in verschiedenen Branchen eingesetzt werden k\u00f6nnen. Sie bem\u00fchen sich auch, ihr Bestes zu geben und technische Entscheidungen zu treffen, um fortschrittliche Produktl\u00f6sungen anbieten zu k\u00f6nnen. Ein Teil unseres Teams zu sein, kann im Arbeitsleben der Mitarbeiter eine Herausforderung darstellen. Die Vorteile der Arbeit bei CTech-LLC<sup>\u00ae<\/sup> sind nachfolgend aufgef\u00fchrt:<\/p>\n<ul>\n<li>Unsere Mitarbeiter haben die M\u00f6glichkeit, ihre F\u00e4higkeiten zu verbessern und an spezifischen Schulungen teilzunehmen.<\/li>\n<li>Unsere Mitarbeiter k\u00f6nnen flexible Arbeitszeiten genie\u00dfen.<\/li>\n<li>Wir haben eine sehr freundliche Atmosph\u00e4re geschafft, in der die Mitarbeitern freundliche handlungen miteinander haben.<\/li>\n<li>CTech-LLC<sup>\u00ae<\/sup> bietet wettbewerbsf\u00e4hige Belohnungen, um die professionellen Mitarbeiter zu binden.<\/li>\n<li>Bei CTech-LLC<sup>\u00ae<\/sup> arbeiten die Mitarbeitern in einem Team mit unterschiedlichen Ideen. Dies kann dazu beitragen, eine Kultur der Zusammenarbeit und Innovation zu schaffen.<\/li>\n<li>Wir bieten unseren Mitarbeitern eine dynamische Atmosph\u00e4re, um ihre Funktion zu verbessern.<\/li>\n<li>CTech-LLC<sup>\u00ae<\/sup> bietet eine Reihe von Vorteilen, um alle Anforderungen der Mitarbeiter zu erf\u00fcllen.<\/li>\n<li>Wir sorgen daf\u00fcr, dass alle Aspekte des Lebens unseren Mitarbeitern ber\u00fccksichtigt werden.<\/li>\n<li>Die Arbeit bei CTech-LLC<sup>\u00ae<\/sup> setzt die Leidenschaft der Mitarbeiter in die Tat um.<\/li>\n<li>Wir unterst\u00fctzen die Entwicklung unserer Mitarbeiter durch verschiedene Schulungsprogramme.<\/li>\n<li>CTech-LLC<sup>\u00ae<\/sup> hilft Kollegen, von Expertenerfahrungen zu lernen, damit sie ihr Wissen verbessern k\u00f6nnen.<\/li>\n<li>Da wir davon \u00fcberzeugt sind, dass die modernisierenden Unternehmen die besten halten, bieten wir unseren Mitarbeitern einen modernen Arbeitsplatz.<\/li>\n<\/ul>\n<p>Was wir von unseren Mitarbeitern erwarten sind :<br \/>engagiert, vertrauensw\u00fcrdig, treu, selbstbewusst und flexibel. Wir sind bereit, innovative Mitarbeiter einzustellen, und diejenigen, die es vorziehen, im Team zu arbeiten. Wenn Sie bei CTech-LLC<sup>\u00ae<\/sup> arbeiten m\u00f6chten, senden Sie uns bitte eine E-Mail mit Ihrem Lebenslauf.<\/p>\n<p>Responsible Person: Mrs. Petra&nbsp;K\u00e4fer<\/p>\n<p>job@ctech-llc.com<br \/>p.kaefer@ctech-llc.com<\/p>\n\n<div style=\"display: none;\"\n    class=\"kk-star-ratings kksr-valign-bottom kksr-align-right kksr-disabled\"\n    data-id=\"384\"\n    data-slug=\"\">\n    <div class=\"kksr-stars\">\n    <div class=\"kksr-stars-inactive\">\n            <div class=\"kksr-star\" data-star=\"1\">\n            <div class=\"kksr-icon\" style=\"width: px; height: px;\"><\/div>\n        <\/div>\n            <div class=\"kksr-star\" data-star=\"2\">\n            <div class=\"kksr-icon\" style=\"width: px; height: px;\"><\/div>\n        <\/div>\n            <div class=\"kksr-star\" data-star=\"3\">\n            <div class=\"kksr-icon\" style=\"width: px; height: px;\"><\/div>\n        <\/div>\n            <div class=\"kksr-star\" data-star=\"4\">\n            <div class=\"kksr-icon\" style=\"width: px; height: px;\"><\/div>\n        <\/div>\n            <div class=\"kksr-star\" data-star=\"5\">\n            <div class=\"kksr-icon\" style=\"width: px; height: px;\"><\/div>\n        <\/div>\n    <\/div>\n    <div class=\"kksr-stars-active\" style=\"width: 0px;\">\n            <div class=\"kksr-star\">\n            <div class=\"kksr-icon\" style=\"width: px; height: px;\"><\/div>\n        <\/div>\n            <div class=\"kksr-star\">\n            <div class=\"kksr-icon\" style=\"width: px; height: px;\"><\/div>\n        <\/div>\n            <div class=\"kksr-star\">\n            <div class=\"kksr-icon\" style=\"width: px; height: px;\"><\/div>\n        <\/div>\n            <div class=\"kksr-star\">\n            <div class=\"kksr-icon\" style=\"width: px; height: px;\"><\/div>\n        <\/div>\n            <div class=\"kksr-star\">\n            <div class=\"kksr-icon\" style=\"width: px; height: px;\"><\/div>\n        <\/div>\n    <\/div>\n<\/div>\n    <div class=\"kksr-legend\">\n            <strong class=\"kksr-score\">5<\/strong>\n        <span class=\"kksr-muted\">\/<\/span>\n        <strong>5<\/strong>\n        <span class=\"kksr-muted\">(<\/span>\n        <strong class=\"kksr-count\">2<\/strong>\n        <span class=\"kksr-muted\">\n            votes        <\/span>\n        <span class=\"kksr-muted\">)<\/span>\n    <\/div>\n<\/div>\n","protected":false},"excerpt":{"rendered":"<p>Unser professionelles Mitarbeitern sind bestrebt, Composite Materialien zu entwickeln, die in verschiedenen Branchen eingesetzt werden k\u00f6nnen. Sie bem\u00fchen sich auch, ihr Bestes zu geben und technische Entscheidungen zu treffen, um fortschrittliche Produktl\u00f6sungen anbieten zu k\u00f6nnen. Ein Teil unseres Teams zu sein, kann im Arbeitsleben der Mitarbeiter eine Herausforderung darstellen. Die Vorteile der Arbeit bei CTech-LLC\u00ae [&#8230;]\n","protected":false},"author":1,"featured_media":0,"parent":337,"menu_order":0,"comment_status":"closed","ping_status":"closed","template":"page-left-sidebar.php","meta":[],"_links":{"self":[{"href":"https:\/\/ctech-llc.com\/de\/wp-json\/wp\/v2\/pages\/384"}],"collection":[{"href":"https:\/\/ctech-llc.com\/de\/wp-json\/wp\/v2\/pages"}],"about":[{"href":"https:\/\/ctech-llc.com\/de\/wp-json\/wp\/v2\/types\/page"}],"author":[{"embeddable":true,"href":"https:\/\/ctech-llc.com\/de\/wp-json\/wp\/v2\/users\/1"}],"replies":[{"embeddable":true,"href":"https:\/\/ctech-llc.com\/de\/wp-json\/wp\/v2\/comments?post=384"}],"version-history":[{"count":8,"href":"https:\/\/ctech-llc.com\/de\/wp-json\/wp\/v2\/pages\/384\/revisions"}],"predecessor-version":[{"id":755,"href":"https:\/\/ctech-llc.com\/de\/wp-json\/wp\/v2\/pages\/384\/revisions\/755"}],"up":[{"embeddable":true,"href":"https:\/\/ctech-llc.com\/de\/wp-json\/wp\/v2\/pages\/337"}],"wp:attachment":[{"href":"https:\/\/ctech-llc.com\/de\/wp-json\/wp\/v2\/media?parent=384"}],"curies":[{"name":"wp","href":"https:\/\/api.w.org\/{rel}","templated":true}]}}