{"id":376,"date":"2019-02-02T13:21:28","date_gmt":"2019-02-02T12:21:28","guid":{"rendered":"https:\/\/ctech-llc.com\/de\/?page_id=376"},"modified":"2019-02-12T08:26:53","modified_gmt":"2019-02-12T07:26:53","slug":"mission-values-vision","status":"publish","type":"page","link":"https:\/\/ctech-llc.com\/de\/about-ctech-llc\/mission-values-vision\/","title":{"rendered":"Mission und Visionen"},"content":{"rendered":"\n<div id=\"metaslider-id-343\" style=\"max-width: 840px;\" class=\"ml-slider-3-19-1 metaslider metaslider-flex metaslider-343 ml-slider\">\n    <div id=\"metaslider_container_343\">\n        <div id=\"metaslider_343\">\n            <ul aria-live=\"polite\" class=\"slides\">\n                <li style=\"display: block; width: 100%;\" class=\"slide-347 ms-image\"><img src=\"https:\/\/ctech-llc.com\/de\/wp-content\/uploads\/2019\/02\/1.jpg\" height=\"220\" width=\"840\" alt=\"\" class=\"slider-343 slide-347\" title=\"1\" \/><\/li>\n                <li style=\"display: none; width: 100%;\" class=\"slide-348 ms-image\"><img src=\"https:\/\/ctech-llc.com\/de\/wp-content\/uploads\/2019\/02\/2.jpg\" height=\"220\" width=\"840\" alt=\"\" class=\"slider-343 slide-348\" title=\"2\" \/><\/li>\n                <li style=\"display: none; width: 100%;\" class=\"slide-349 ms-image\"><img src=\"https:\/\/ctech-llc.com\/de\/wp-content\/uploads\/2019\/02\/3.jpg\" height=\"220\" width=\"840\" alt=\"\" class=\"slider-343 slide-349\" title=\"3\" \/><\/li>\n            <\/ul>\n        <\/div>\n        \n    <\/div>\n<\/div>\n<p>Das CTech-LLC<sup>\u00ae<\/sup> Team ist bestrebt, seinen Beitrag zur weltweiten Nachfrage nach Verbundstoffen zu erh\u00f6hen. Wir haben also ein breites Netzwerkverteilungssystem bereitgestellt, das die Produktlieferung in kurzer Zeit vereinfacht. Unsere Produkte umfassen eine st\u00e4ndig wachsende Auswahl an Materialien, darunter Composite Materialien wie FRP Produkte (Faserverst\u00e4rktes Polymer) , (CFRP (Carbon Fiber &#8211; Reinforced Polymer) ((Englisch)) -( kohlefaser oder am beser gesagt Kohlefasergewebe) ((Deutsch)). ) Laminate und Platten aus Kohlefaser, Stoffe aus Glas, Carbon und Aramidfasern, verschiedene Arten von Harzen(Epoxidharz \u2013 FRP Harz) und viele andere n\u00fctzliche Verbundstoffe.<br \/>Unsere Mission:<br \/>CTech-LLC<sup>\u00ae<\/sup> hat kompetente Ingenieure zusammengestellt, um zufriedenstellende Produkte herzustellen und mit den besten Materialien der Welt zu konkurrieren. Unsere Mitarbeiter arbeiten hart daran, um unseren Kunden die besten Dienstleistungen und Produkte anzubieten. Wir versuchen auch, praktische L\u00f6sungen anzubieten, um die Probleme unserer Kunden zu l\u00f6sen. CTech-LLC<sup>\u00ae<\/sup> spricht die Kundenbed\u00fcrfnisse so an, dass eine langfristige Beziehung zu ihnen besteht.<br \/>Unsere Werte :<br \/>Sicherheit: Wir verpflichten uns, unseren Kunden und ihrer Umwelt Sicherheit und Gesundheit zu bieten.<br \/>Ehrlichkeit und Integrit\u00e4t: Unsere Mitarbeiter verhalten sich professionell. Sie m\u00fcssen immer ehrlich sein und mit Integrit\u00e4t handeln.<br \/>Exzellenz :<br \/>Unsere Mitarbeiter tun alles, um ein zufriedenstellendes Ende zu erreichen.<br \/>Qualit\u00e4t:<br \/>Wir bem\u00fchen uns, Produkte und Dienstleistungen von h\u00f6chster Qualit\u00e4t zu bieten.<br \/>Verbesserung:<br \/>Unsere Mitarbeiter sind auf dem neuesten Stand und suchen st\u00e4ndig nach M\u00f6glichkeiten, ihre Kompetenzen zu verbessern.<br \/>Team work :<br \/>Wir arbeiten alle zusammen, um unseren Anspruch in die Tat umzusetzen und unsere Ziele zu erreichen.<br \/>Verantwortung:<br \/>Jeder Mitarbeiter von CTech-LLC<sup>\u00ae<\/sup> ist f\u00fcr seine Entscheidungen und Funktionen voll verantwortlich.<br \/>Innovation:<br \/>Wir haben innovative und kreative Mitarbeiter gefunden.<br \/>Vertrauen und ethisches Verhalten:<br \/>Vertrauen und ethisches Verhalten sind die wichtigsten Priorit\u00e4ten unserer Teamarbeit. Wir setzen Vertrauen in den Kern unserer Arbeit und Beziehungen.<br \/>Unsere Vision:<br \/>CTech-LLC<sup>\u00ae<\/sup> hatte einen vielversprechenden Start in die innovative Art der Lieferung fortschrittlichen Composite Materialien und kosteng\u00fcnstiger L\u00f6sungen, die zu einem brillanten Erfolg f\u00fchrten. In den meisten L\u00e4ndern haben wir einen Durchbruch beim Ausbau unserer Aktivit\u00e4ten erzielt. Wir verpflichten uns, der zuverl\u00e4ssigste und kundenorientierteste Lieferant von chemischen und GFK-Verbundwerkstoffen zu sein. Das Team von CTech-LLC<sup>\u00ae<\/sup> arbeitet auch unerm\u00fcdlich daran, seinen hilfreichen Beitrag bei der Materialbereitstellung und der Bereitstellung fortschrittlicher L\u00f6sungen zu steigern .<\/p>\n\n<div style=\"display: none;\"\n    class=\"kk-star-ratings kksr-valign-bottom kksr-align-right kksr-disabled\"\n    data-id=\"376\"\n    data-slug=\"\">\n    <div class=\"kksr-stars\">\n    <div class=\"kksr-stars-inactive\">\n            <div class=\"kksr-star\" data-star=\"1\">\n            <div class=\"kksr-icon\" style=\"width: px; height: px;\"><\/div>\n        <\/div>\n            <div class=\"kksr-star\" data-star=\"2\">\n            <div class=\"kksr-icon\" style=\"width: px; height: px;\"><\/div>\n        <\/div>\n            <div class=\"kksr-star\" data-star=\"3\">\n            <div class=\"kksr-icon\" style=\"width: px; height: px;\"><\/div>\n        <\/div>\n            <div class=\"kksr-star\" data-star=\"4\">\n            <div class=\"kksr-icon\" style=\"width: px; height: px;\"><\/div>\n        <\/div>\n            <div class=\"kksr-star\" data-star=\"5\">\n            <div class=\"kksr-icon\" style=\"width: px; height: px;\"><\/div>\n        <\/div>\n    <\/div>\n    <div class=\"kksr-stars-active\" style=\"width: 0px;\">\n            <div class=\"kksr-star\">\n            <div class=\"kksr-icon\" style=\"width: px; height: px;\"><\/div>\n        <\/div>\n            <div class=\"kksr-star\">\n            <div class=\"kksr-icon\" style=\"width: px; height: px;\"><\/div>\n        <\/div>\n            <div class=\"kksr-star\">\n            <div class=\"kksr-icon\" style=\"width: px; height: px;\"><\/div>\n        <\/div>\n            <div class=\"kksr-star\">\n            <div class=\"kksr-icon\" style=\"width: px; height: px;\"><\/div>\n        <\/div>\n            <div class=\"kksr-star\">\n            <div class=\"kksr-icon\" style=\"width: px; height: px;\"><\/div>\n        <\/div>\n    <\/div>\n<\/div>\n    <div class=\"kksr-legend\">\n            <strong class=\"kksr-score\">5<\/strong>\n        <span class=\"kksr-muted\">\/<\/span>\n        <strong>5<\/strong>\n        <span class=\"kksr-muted\">(<\/span>\n        <strong class=\"kksr-count\">2<\/strong>\n        <span class=\"kksr-muted\">\n            votes        <\/span>\n        <span class=\"kksr-muted\">)<\/span>\n    <\/div>\n<\/div>\n","protected":false},"excerpt":{"rendered":"<p>Das CTech-LLC\u00ae Team ist bestrebt, seinen Beitrag zur weltweiten Nachfrage nach Verbundstoffen zu erh\u00f6hen. Wir haben also ein breites Netzwerkverteilungssystem bereitgestellt, das die Produktlieferung in kurzer Zeit vereinfacht. Unsere Produkte umfassen eine st\u00e4ndig wachsende Auswahl an Materialien, darunter Composite Materialien wie FRP Produkte (Faserverst\u00e4rktes Polymer) , (CFRP (Carbon Fiber &#8211; Reinforced Polymer) ((Englisch)) -( kohlefaser [&#8230;]\n","protected":false},"author":1,"featured_media":0,"parent":337,"menu_order":0,"comment_status":"closed","ping_status":"closed","template":"page-left-sidebar.php","meta":[],"_links":{"self":[{"href":"https:\/\/ctech-llc.com\/de\/wp-json\/wp\/v2\/pages\/376"}],"collection":[{"href":"https:\/\/ctech-llc.com\/de\/wp-json\/wp\/v2\/pages"}],"about":[{"href":"https:\/\/ctech-llc.com\/de\/wp-json\/wp\/v2\/types\/page"}],"author":[{"embeddable":true,"href":"https:\/\/ctech-llc.com\/de\/wp-json\/wp\/v2\/users\/1"}],"replies":[{"embeddable":true,"href":"https:\/\/ctech-llc.com\/de\/wp-json\/wp\/v2\/comments?post=376"}],"version-history":[{"count":8,"href":"https:\/\/ctech-llc.com\/de\/wp-json\/wp\/v2\/pages\/376\/revisions"}],"predecessor-version":[{"id":754,"href":"https:\/\/ctech-llc.com\/de\/wp-json\/wp\/v2\/pages\/376\/revisions\/754"}],"up":[{"embeddable":true,"href":"https:\/\/ctech-llc.com\/de\/wp-json\/wp\/v2\/pages\/337"}],"wp:attachment":[{"href":"https:\/\/ctech-llc.com\/de\/wp-json\/wp\/v2\/media?parent=376"}],"curies":[{"name":"wp","href":"https:\/\/api.w.org\/{rel}","templated":true}]}}