{"id":339,"date":"2019-02-02T10:02:55","date_gmt":"2019-02-02T09:02:55","guid":{"rendered":"https:\/\/ctech-llc.com\/de\/?page_id=339"},"modified":"2019-02-12T08:22:34","modified_gmt":"2019-02-12T07:22:34","slug":"company-information","status":"publish","type":"page","link":"https:\/\/ctech-llc.com\/de\/about-ctech-llc\/company-information\/","title":{"rendered":"Firma Information"},"content":{"rendered":"\n<div style=\"text-align: justify;\">\n<h1 style=\"font-size: 15px;\"><div id=\"metaslider-id-343\" style=\"max-width: 840px;\" class=\"ml-slider-3-19-1 metaslider metaslider-flex metaslider-343 ml-slider\">\n    <div id=\"metaslider_container_343\">\n        <div id=\"metaslider_343\">\n            <ul aria-live=\"polite\" class=\"slides\">\n                <li style=\"display: block; width: 100%;\" class=\"slide-347 ms-image\"><img src=\"https:\/\/ctech-llc.com\/de\/wp-content\/uploads\/2019\/02\/1.jpg\" height=\"220\" width=\"840\" alt=\"\" class=\"slider-343 slide-347\" title=\"1\" \/><\/li>\n                <li style=\"display: none; width: 100%;\" class=\"slide-348 ms-image\"><img src=\"https:\/\/ctech-llc.com\/de\/wp-content\/uploads\/2019\/02\/2.jpg\" height=\"220\" width=\"840\" alt=\"\" class=\"slider-343 slide-348\" title=\"2\" \/><\/li>\n                <li style=\"display: none; width: 100%;\" class=\"slide-349 ms-image\"><img src=\"https:\/\/ctech-llc.com\/de\/wp-content\/uploads\/2019\/02\/3.jpg\" height=\"220\" width=\"840\" alt=\"\" class=\"slider-343 slide-349\" title=\"3\" \/><\/li>\n            <\/ul>\n        <\/div>\n        \n    <\/div>\n<\/div><\/h1>\n<p>CTech-LLC<sup>\u00ae<\/sup> ist Anbieter von chemischen und Composite Materialien von Cytec und ist bestrebt, die W\u00fcnsche aller Kunden auf der ganzen Welt zu erf\u00fcllen.<br \/>Zu diesem Zweck haben wir ein breites Netzwerkverteilungssystem bereitgestellt, das die Art und Weise, wie unsere Kunden Gesch\u00e4fte machen, ver\u00e4ndert . <br \/>CTech-LLC<sup>\u00ae\u00a0<\/sup>entwickelt und vermarktet ein umfangreiches Sortiment an Composite Materialien wie FRP Produkte (Faserverst\u00e4rktes Polymer) , (CFRP (Carbon Fiber &#8211; Reinforced Polymer in Englisch)) -(kohlefaser oder am beser gesagt Kohlefasergewebe in Deutsch)) Laminate und Platten aus Kohlefaser, Glas und Aramid und verschiedene Arten von Epoxidharzen, zur strukturelle Nachr\u00fcstung , einschlie\u00dflich gewerblicher, industrieller, Wohn, Transport und anderer Anwendungen.<\/p>\n<p>CTech-LLC<sup>\u00ae<\/sup> integriert Produkte mit technischen Support-Services, um unseren Kunden in einer breiten Palette von M\u00e4rkten Mehrwertl\u00f6sungen zu bieten. Wir sind fest entschlossen, die Probleme unserer Kunden zu l\u00f6sen .<\/p>\n<p>CTech-LLC<sup>\u00ae<\/sup>\u00a0Composite Materialien erf\u00fcllen alle ordnungsgem\u00e4\u00dfen Bestimmungen, um die Qualit\u00e4tsanforderungen von Kunden und Arbeitgebern zu erf\u00fcllen. CTech-LLC<sup>\u00ae<\/sup>\u00a0Composite Materialien sind ein beispielloses Angebot an leistungsstarken und kosteng\u00fcnstigen Produktionen f\u00fcr verschiedene Zwecke, die es unseren Kunden erm\u00f6glichen, den von ihnen bedienten Branchen innovative L\u00f6sungen anzubieten.<\/p>\n<p>In der heutigen wettbewerbsorientierten Welt erf\u00fcllt CTech-LLC<sup>\u00ae<\/sup> eine wichtige Funktion f\u00fcr seine Kunden und erm\u00f6glicht ihnen den einfachen Zugang zu innovativen Composite Materialien. Man muss seine Produktionsanfrage senden, er wird in k\u00fcrzester Zeit vom n\u00e4chsten CTech-LLC<sup>\u00ae\u00a0<\/sup>Distributor angerufen.<\/p>\n<\/div>\n<p>\u00a0<\/p>\n\n<div style=\"display: none;\"\n    class=\"kk-star-ratings kksr-valign-bottom kksr-align-right kksr-disabled\"\n    data-id=\"339\"\n    data-slug=\"\">\n    <div class=\"kksr-stars\">\n    <div class=\"kksr-stars-inactive\">\n            <div class=\"kksr-star\" data-star=\"1\">\n            <div class=\"kksr-icon\" style=\"width: px; height: px;\"><\/div>\n        <\/div>\n            <div class=\"kksr-star\" data-star=\"2\">\n            <div class=\"kksr-icon\" style=\"width: px; height: px;\"><\/div>\n        <\/div>\n            <div class=\"kksr-star\" data-star=\"3\">\n            <div class=\"kksr-icon\" style=\"width: px; height: px;\"><\/div>\n        <\/div>\n            <div class=\"kksr-star\" data-star=\"4\">\n            <div class=\"kksr-icon\" style=\"width: px; height: px;\"><\/div>\n        <\/div>\n            <div class=\"kksr-star\" data-star=\"5\">\n            <div class=\"kksr-icon\" style=\"width: px; height: px;\"><\/div>\n        <\/div>\n    <\/div>\n    <div class=\"kksr-stars-active\" style=\"width: 0px;\">\n            <div class=\"kksr-star\">\n            <div class=\"kksr-icon\" style=\"width: px; height: px;\"><\/div>\n        <\/div>\n            <div class=\"kksr-star\">\n            <div class=\"kksr-icon\" style=\"width: px; height: px;\"><\/div>\n        <\/div>\n            <div class=\"kksr-star\">\n            <div class=\"kksr-icon\" style=\"width: px; height: px;\"><\/div>\n        <\/div>\n            <div class=\"kksr-star\">\n            <div class=\"kksr-icon\" style=\"width: px; height: px;\"><\/div>\n        <\/div>\n            <div class=\"kksr-star\">\n            <div class=\"kksr-icon\" style=\"width: px; height: px;\"><\/div>\n        <\/div>\n    <\/div>\n<\/div>\n    <div class=\"kksr-legend\">\n            <strong class=\"kksr-score\">5<\/strong>\n        <span class=\"kksr-muted\">\/<\/span>\n        <strong>5<\/strong>\n        <span class=\"kksr-muted\">(<\/span>\n        <strong class=\"kksr-count\">5<\/strong>\n        <span class=\"kksr-muted\">\n            votes        <\/span>\n        <span class=\"kksr-muted\">)<\/span>\n    <\/div>\n<\/div>\n","protected":false},"excerpt":{"rendered":"<p>CTech-LLC\u00ae ist Anbieter von chemischen und Composite Materialien von Cytec und ist bestrebt, die W\u00fcnsche aller Kunden auf der ganzen Welt zu erf\u00fcllen.Zu diesem Zweck haben wir ein breites Netzwerkverteilungssystem bereitgestellt, das die Art und Weise, wie unsere Kunden Gesch\u00e4fte machen, ver\u00e4ndert . CTech-LLC\u00ae\u00a0entwickelt und vermarktet ein umfangreiches Sortiment an Composite Materialien wie FRP Produkte [&#8230;]\n","protected":false},"author":1,"featured_media":0,"parent":337,"menu_order":0,"comment_status":"closed","ping_status":"closed","template":"page-left-sidebar.php","meta":[],"_links":{"self":[{"href":"https:\/\/ctech-llc.com\/de\/wp-json\/wp\/v2\/pages\/339"}],"collection":[{"href":"https:\/\/ctech-llc.com\/de\/wp-json\/wp\/v2\/pages"}],"about":[{"href":"https:\/\/ctech-llc.com\/de\/wp-json\/wp\/v2\/types\/page"}],"author":[{"embeddable":true,"href":"https:\/\/ctech-llc.com\/de\/wp-json\/wp\/v2\/users\/1"}],"replies":[{"embeddable":true,"href":"https:\/\/ctech-llc.com\/de\/wp-json\/wp\/v2\/comments?post=339"}],"version-history":[{"count":7,"href":"https:\/\/ctech-llc.com\/de\/wp-json\/wp\/v2\/pages\/339\/revisions"}],"predecessor-version":[{"id":751,"href":"https:\/\/ctech-llc.com\/de\/wp-json\/wp\/v2\/pages\/339\/revisions\/751"}],"up":[{"embeddable":true,"href":"https:\/\/ctech-llc.com\/de\/wp-json\/wp\/v2\/pages\/337"}],"wp:attachment":[{"href":"https:\/\/ctech-llc.com\/de\/wp-json\/wp\/v2\/media?parent=339"}],"curies":[{"name":"wp","href":"https:\/\/api.w.org\/{rel}","templated":true}]}}